{"id":27173,"date":"2024-10-18T13:10:15","date_gmt":"2024-10-18T12:10:15","guid":{"rendered":"https:\/\/vaporparalaindustria.com\/?post_type=product&#038;p=27173"},"modified":"2024-10-18T13:12:08","modified_gmt":"2024-10-18T12:12:08","slug":"ahorro-energetico-y-descarbonizacion-en-sistemas-de-vapor-industrial","status":"publish","type":"product","link":"https:\/\/vaporparalaindustria.com\/pt\/produto\/ahorro-energetico-y-descarbonizacion-en-sistemas-de-vapor-industrial\/","title":{"rendered":"Poupan\u00e7a de energia e descarboniza\u00e7\u00e3o em sistemas de vapor industriais"},"content":{"rendered":"","protected":false},"excerpt":{"rendered":"","protected":false},"featured_media":27171,"template":"","meta":{"_acf_changed":false,"_genesis_hide_title":false,"_genesis_hide_breadcrumbs":false,"_genesis_hide_singular_image":false,"_genesis_hide_footer_widgets":false,"_genesis_custom_body_class":"","_genesis_custom_post_class":"","_genesis_layout":"wide-content"},"product_brand":[],"product_cat":[110],"product_tag":[],"class_list":{"1":"product","2":"type-product","6":"product_cat-webinars","7":"entry","9":"first","10":"instock","11":"shipping-taxable","12":"product-type-external"},"yoast_head":"<!-- This site is optimized with the Yoast SEO plugin v27.3 - https:\/\/yoast.com\/product\/yoast-seo-wordpress\/ -->\n<title>Ahorro Energ\u00e9tico y Descarbonizaci\u00f3n en Sistemas de Vapor Industrial<\/title>\n<meta name=\"robots\" content=\"index, follow, max-snippet:-1, max-image-preview:large, max-video-preview:-1\" \/>\n<link rel=\"canonical\" href=\"https:\/\/vaporparalaindustria.com\/pt\/produto\/ahorro-energetico-y-descarbonizacion-en-sistemas-de-vapor-industrial\/\" \/>\n<meta property=\"og:locale\" content=\"pt_PT\" \/>\n<meta property=\"og:type\" content=\"article\" \/>\n<meta property=\"og:title\" content=\"Ahorro Energ\u00e9tico y Descarbonizaci\u00f3n en Sistemas de Vapor Industrial\" \/>\n<meta property=\"og:url\" content=\"https:\/\/vaporparalaindustria.com\/pt\/produto\/ahorro-energetico-y-descarbonizacion-en-sistemas-de-vapor-industrial\/\" \/>\n<meta property=\"og:site_name\" content=\"Vapor para la Industria\" \/>\n<meta property=\"article:modified_time\" content=\"2024-10-18T12:12:08+00:00\" \/>\n<meta property=\"og:image\" content=\"https:\/\/vaporparalaindustria.com\/wp-content\/uploads\/2024\/10\/Webinar-ahorro-energetico-y-descarbonizacion-1.jpg\" \/>\n\t<meta property=\"og:image:width\" content=\"1199\" \/>\n\t<meta property=\"og:image:height\" content=\"664\" \/>\n\t<meta property=\"og:image:type\" content=\"image\/jpeg\" \/>\n<meta name=\"twitter:card\" content=\"summary_large_image\" \/>\n<meta name=\"twitter:label1\" content=\"Tempo estimado de leitura\" \/>\n\t<meta name=\"twitter:data1\" content=\"1 minuto\" \/>\n<script type=\"application\/ld+json\" class=\"yoast-schema-graph\">{\"@context\":\"https:\\\/\\\/schema.org\",\"@graph\":[{\"@type\":\"WebPage\",\"@id\":\"https:\\\/\\\/vaporparalaindustria.com\\\/producto\\\/ahorro-energetico-y-descarbonizacion-en-sistemas-de-vapor-industrial\\\/\",\"url\":\"https:\\\/\\\/vaporparalaindustria.com\\\/producto\\\/ahorro-energetico-y-descarbonizacion-en-sistemas-de-vapor-industrial\\\/\",\"name\":\"Ahorro Energ\u00e9tico y Descarbonizaci\u00f3n en Sistemas de Vapor Industrial\",\"isPartOf\":{\"@id\":\"https:\\\/\\\/vaporparalaindustria.com\\\/#website\"},\"primaryImageOfPage\":{\"@id\":\"https:\\\/\\\/vaporparalaindustria.com\\\/producto\\\/ahorro-energetico-y-descarbonizacion-en-sistemas-de-vapor-industrial\\\/#primaryimage\"},\"image\":{\"@id\":\"https:\\\/\\\/vaporparalaindustria.com\\\/producto\\\/ahorro-energetico-y-descarbonizacion-en-sistemas-de-vapor-industrial\\\/#primaryimage\"},\"thumbnailUrl\":\"https:\\\/\\\/vaporparalaindustria.com\\\/wp-content\\\/uploads\\\/2024\\\/10\\\/Webinar-ahorro-energetico-y-descarbonizacion-1.jpg\",\"datePublished\":\"2024-10-18T12:10:15+00:00\",\"dateModified\":\"2024-10-18T12:12:08+00:00\",\"breadcrumb\":{\"@id\":\"https:\\\/\\\/vaporparalaindustria.com\\\/producto\\\/ahorro-energetico-y-descarbonizacion-en-sistemas-de-vapor-industrial\\\/#breadcrumb\"},\"inLanguage\":\"pt-PT\",\"potentialAction\":[{\"@type\":\"ReadAction\",\"target\":[\"https:\\\/\\\/vaporparalaindustria.com\\\/producto\\\/ahorro-energetico-y-descarbonizacion-en-sistemas-de-vapor-industrial\\\/\"]}]},{\"@type\":\"ImageObject\",\"inLanguage\":\"pt-PT\",\"@id\":\"https:\\\/\\\/vaporparalaindustria.com\\\/producto\\\/ahorro-energetico-y-descarbonizacion-en-sistemas-de-vapor-industrial\\\/#primaryimage\",\"url\":\"https:\\\/\\\/vaporparalaindustria.com\\\/wp-content\\\/uploads\\\/2024\\\/10\\\/Webinar-ahorro-energetico-y-descarbonizacion-1.jpg\",\"contentUrl\":\"https:\\\/\\\/vaporparalaindustria.com\\\/wp-content\\\/uploads\\\/2024\\\/10\\\/Webinar-ahorro-energetico-y-descarbonizacion-1.jpg\",\"width\":1199,\"height\":664},{\"@type\":\"BreadcrumbList\",\"@id\":\"https:\\\/\\\/vaporparalaindustria.com\\\/producto\\\/ahorro-energetico-y-descarbonizacion-en-sistemas-de-vapor-industrial\\\/#breadcrumb\",\"itemListElement\":[{\"@type\":\"ListItem\",\"position\":1,\"name\":\"Portada\",\"item\":\"https:\\\/\\\/vaporparalaindustria.com\\\/\"},{\"@type\":\"ListItem\",\"position\":2,\"name\":\"Tienda\",\"item\":\"https:\\\/\\\/vaporparalaindustria.com\\\/tienda\\\/\"},{\"@type\":\"ListItem\",\"position\":3,\"name\":\"Ahorro Energ\u00e9tico y Descarbonizaci\u00f3n en Sistemas de Vapor Industrial\"}]},{\"@type\":\"WebSite\",\"@id\":\"https:\\\/\\\/vaporparalaindustria.com\\\/#website\",\"url\":\"https:\\\/\\\/vaporparalaindustria.com\\\/\",\"name\":\"Vapor para la Industria\",\"description\":\"Gesti\u00f3n Eficiente de los Sistemas de Vapor\",\"publisher\":{\"@id\":\"https:\\\/\\\/vaporparalaindustria.com\\\/#organization\"},\"potentialAction\":[{\"@type\":\"SearchAction\",\"target\":{\"@type\":\"EntryPoint\",\"urlTemplate\":\"https:\\\/\\\/vaporparalaindustria.com\\\/?s={search_term_string}\"},\"query-input\":{\"@type\":\"PropertyValueSpecification\",\"valueRequired\":true,\"valueName\":\"search_term_string\"}}],\"inLanguage\":\"pt-PT\"},{\"@type\":\"Organization\",\"@id\":\"https:\\\/\\\/vaporparalaindustria.com\\\/#organization\",\"name\":\"Vapor para la Industria\",\"url\":\"https:\\\/\\\/vaporparalaindustria.com\\\/\",\"logo\":{\"@type\":\"ImageObject\",\"inLanguage\":\"pt-PT\",\"@id\":\"https:\\\/\\\/vaporparalaindustria.com\\\/#\\\/schema\\\/logo\\\/image\\\/\",\"url\":\"https:\\\/\\\/vaporparalaindustria.com\\\/wp-content\\\/uploads\\\/2017\\\/10\\\/LogoBlogBLANCO-FINAL_VAPOR-PARA-LA-INDUSTRIA-e1499957507814.png\",\"contentUrl\":\"https:\\\/\\\/vaporparalaindustria.com\\\/wp-content\\\/uploads\\\/2017\\\/10\\\/LogoBlogBLANCO-FINAL_VAPOR-PARA-LA-INDUSTRIA-e1499957507814.png\",\"width\":300,\"height\":117,\"caption\":\"Vapor para la Industria\"},\"image\":{\"@id\":\"https:\\\/\\\/vaporparalaindustria.com\\\/#\\\/schema\\\/logo\\\/image\\\/\"}}]}<\/script>\n<!-- \/ Yoast SEO plugin. -->","yoast_head_json":{"title":"Poupan\u00e7a de energia e descarboniza\u00e7\u00e3o em sistemas de vapor industriais","robots":{"index":"index","follow":"follow","max-snippet":"max-snippet:-1","max-image-preview":"max-image-preview:large","max-video-preview":"max-video-preview:-1"},"canonical":"https:\/\/vaporparalaindustria.com\/pt\/produto\/ahorro-energetico-y-descarbonizacion-en-sistemas-de-vapor-industrial\/","og_locale":"pt_PT","og_type":"article","og_title":"Ahorro Energ\u00e9tico y Descarbonizaci\u00f3n en Sistemas de Vapor Industrial","og_url":"https:\/\/vaporparalaindustria.com\/pt\/produto\/ahorro-energetico-y-descarbonizacion-en-sistemas-de-vapor-industrial\/","og_site_name":"Vapor para la Industria","article_modified_time":"2024-10-18T12:12:08+00:00","og_image":[{"width":1199,"height":664,"url":"https:\/\/vaporparalaindustria.com\/wp-content\/uploads\/2024\/10\/Webinar-ahorro-energetico-y-descarbonizacion-1.jpg","type":"image\/jpeg"}],"twitter_card":"summary_large_image","twitter_misc":{"Tempo estimado de leitura":"1 minuto"},"schema":{"@context":"https:\/\/schema.org","@graph":[{"@type":"WebPage","@id":"https:\/\/vaporparalaindustria.com\/producto\/ahorro-energetico-y-descarbonizacion-en-sistemas-de-vapor-industrial\/","url":"https:\/\/vaporparalaindustria.com\/producto\/ahorro-energetico-y-descarbonizacion-en-sistemas-de-vapor-industrial\/","name":"Poupan\u00e7a de energia e descarboniza\u00e7\u00e3o em sistemas de vapor industriais","isPartOf":{"@id":"https:\/\/vaporparalaindustria.com\/#website"},"primaryImageOfPage":{"@id":"https:\/\/vaporparalaindustria.com\/producto\/ahorro-energetico-y-descarbonizacion-en-sistemas-de-vapor-industrial\/#primaryimage"},"image":{"@id":"https:\/\/vaporparalaindustria.com\/producto\/ahorro-energetico-y-descarbonizacion-en-sistemas-de-vapor-industrial\/#primaryimage"},"thumbnailUrl":"https:\/\/vaporparalaindustria.com\/wp-content\/uploads\/2024\/10\/Webinar-ahorro-energetico-y-descarbonizacion-1.jpg","datePublished":"2024-10-18T12:10:15+00:00","dateModified":"2024-10-18T12:12:08+00:00","breadcrumb":{"@id":"https:\/\/vaporparalaindustria.com\/producto\/ahorro-energetico-y-descarbonizacion-en-sistemas-de-vapor-industrial\/#breadcrumb"},"inLanguage":"pt-PT","potentialAction":[{"@type":"ReadAction","target":["https:\/\/vaporparalaindustria.com\/producto\/ahorro-energetico-y-descarbonizacion-en-sistemas-de-vapor-industrial\/"]}]},{"@type":"ImageObject","inLanguage":"pt-PT","@id":"https:\/\/vaporparalaindustria.com\/producto\/ahorro-energetico-y-descarbonizacion-en-sistemas-de-vapor-industrial\/#primaryimage","url":"https:\/\/vaporparalaindustria.com\/wp-content\/uploads\/2024\/10\/Webinar-ahorro-energetico-y-descarbonizacion-1.jpg","contentUrl":"https:\/\/vaporparalaindustria.com\/wp-content\/uploads\/2024\/10\/Webinar-ahorro-energetico-y-descarbonizacion-1.jpg","width":1199,"height":664},{"@type":"BreadcrumbList","@id":"https:\/\/vaporparalaindustria.com\/producto\/ahorro-energetico-y-descarbonizacion-en-sistemas-de-vapor-industrial\/#breadcrumb","itemListElement":[{"@type":"ListItem","position":1,"name":"Portada","item":"https:\/\/vaporparalaindustria.com\/"},{"@type":"ListItem","position":2,"name":"Tienda","item":"https:\/\/vaporparalaindustria.com\/tienda\/"},{"@type":"ListItem","position":3,"name":"Ahorro Energ\u00e9tico y Descarbonizaci\u00f3n en Sistemas de Vapor Industrial"}]},{"@type":"WebSite","@id":"https:\/\/vaporparalaindustria.com\/#website","url":"https:\/\/vaporparalaindustria.com\/","name":"Vapor para a Ind\u00fastria","description":"Gest\u00e3o Eficiente de Sistemas a Vapor","publisher":{"@id":"https:\/\/vaporparalaindustria.com\/#organization"},"potentialAction":[{"@type":"SearchAction","target":{"@type":"EntryPoint","urlTemplate":"https:\/\/vaporparalaindustria.com\/?s={search_term_string}"},"query-input":{"@type":"PropertyValueSpecification","valueRequired":true,"valueName":"search_term_string"}}],"inLanguage":"pt-PT"},{"@type":"Organization","@id":"https:\/\/vaporparalaindustria.com\/#organization","name":"Vapor para a Ind\u00fastria","url":"https:\/\/vaporparalaindustria.com\/","logo":{"@type":"ImageObject","inLanguage":"pt-PT","@id":"https:\/\/vaporparalaindustria.com\/#\/schema\/logo\/image\/","url":"https:\/\/vaporparalaindustria.com\/wp-content\/uploads\/2017\/10\/LogoBlogBLANCO-FINAL_VAPOR-PARA-LA-INDUSTRIA-e1499957507814.png","contentUrl":"https:\/\/vaporparalaindustria.com\/wp-content\/uploads\/2017\/10\/LogoBlogBLANCO-FINAL_VAPOR-PARA-LA-INDUSTRIA-e1499957507814.png","width":300,"height":117,"caption":"Vapor para la Industria"},"image":{"@id":"https:\/\/vaporparalaindustria.com\/#\/schema\/logo\/image\/"}}]}},"acf":[],"_links":{"self":[{"href":"https:\/\/vaporparalaindustria.com\/pt\/wp-json\/wp\/v2\/product\/27173","targetHints":{"allow":["GET"]}}],"collection":[{"href":"https:\/\/vaporparalaindustria.com\/pt\/wp-json\/wp\/v2\/product"}],"about":[{"href":"https:\/\/vaporparalaindustria.com\/pt\/wp-json\/wp\/v2\/types\/product"}],"wp:featuredmedia":[{"embeddable":true,"href":"https:\/\/vaporparalaindustria.com\/pt\/wp-json\/wp\/v2\/media\/27171"}],"wp:attachment":[{"href":"https:\/\/vaporparalaindustria.com\/pt\/wp-json\/wp\/v2\/media?parent=27173"}],"wp:term":[{"taxonomy":"product_brand","embeddable":true,"href":"https:\/\/vaporparalaindustria.com\/pt\/wp-json\/wp\/v2\/product_brand?post=27173"},{"taxonomy":"product_cat","embeddable":true,"href":"https:\/\/vaporparalaindustria.com\/pt\/wp-json\/wp\/v2\/product_cat?post=27173"},{"taxonomy":"product_tag","embeddable":true,"href":"https:\/\/vaporparalaindustria.com\/pt\/wp-json\/wp\/v2\/product_tag?post=27173"}],"curies":[{"name":"wp","href":"https:\/\/api.w.org\/{rel}","templated":true}]}}