{"id":26614,"date":"2022-08-12T11:32:03","date_gmt":"2022-08-12T10:32:03","guid":{"rendered":"https:\/\/vaporparalaindustria.com\/?post_type=product&#038;p=26614"},"modified":"2022-08-12T11:33:41","modified_gmt":"2022-08-12T10:33:41","slug":"recuperacion-del-revaporizado-en-la-produccion-de-alimentos-y-bebidas","status":"publish","type":"product","link":"https:\/\/vaporparalaindustria.com\/pt\/produto\/recuperacion-del-revaporizado-en-la-produccion-de-alimentos-y-bebidas\/","title":{"rendered":"Recupera\u00e7\u00e3o do revaporate na produ\u00e7\u00e3o de alimentos e bebidas"},"content":{"rendered":"","protected":false},"excerpt":{"rendered":"<p>APRESENTADO POR:<\/p>\n<p class=\"XzvDs _208Ie _1atvN _2QAo- _25MYV _2WrB- _1atvN public-DraftStyleDefault-block-depth0 public-DraftStyleDefault-text-ltr\">Francisco Rodriguez, Eugeni Lopez, \u00c0urea Sol\u00e9 Carulla<br \/>\n09.06.2022<\/p>","protected":false},"featured_media":26606,"template":"","meta":{"_acf_changed":false,"_genesis_hide_title":false,"_genesis_hide_breadcrumbs":false,"_genesis_hide_singular_image":false,"_genesis_hide_footer_widgets":false,"_genesis_custom_body_class":"","_genesis_custom_post_class":"","_genesis_layout":"wide-content"},"product_brand":[],"product_cat":[108],"product_tag":[],"class_list":{"1":"product","2":"type-product","6":"product_cat-ebooks","7":"entry","9":"first","10":"instock","11":"shipping-taxable","12":"product-type-external"},"yoast_head":"<!-- This site is optimized with the Yoast SEO plugin v27.3 - https:\/\/yoast.com\/product\/yoast-seo-wordpress\/ -->\n<title>Recuperaci\u00f3n del revaporizado en la producci\u00f3n<\/title>\n<meta name=\"description\" content=\"En esta e-gu\u00eda, analizaremos la raz\u00f3n por la que vemos salir columnas de vapor en la mayor\u00eda de las f\u00e1bricas veremos qu\u00e9 se puede hacer para evitarlas\" \/>\n<meta name=\"robots\" content=\"index, follow, max-snippet:-1, max-image-preview:large, max-video-preview:-1\" \/>\n<link rel=\"canonical\" href=\"https:\/\/vaporparalaindustria.com\/pt\/produto\/recuperacion-del-revaporizado-en-la-produccion-de-alimentos-y-bebidas\/\" \/>\n<meta property=\"og:locale\" content=\"pt_PT\" \/>\n<meta property=\"og:type\" content=\"article\" \/>\n<meta property=\"og:title\" content=\"Recuperaci\u00f3n del revaporizado en la producci\u00f3n\" \/>\n<meta property=\"og:description\" content=\"En esta e-gu\u00eda, analizaremos la raz\u00f3n por la que vemos salir columnas de vapor en la mayor\u00eda de las f\u00e1bricas veremos qu\u00e9 se puede hacer para evitarlas\" \/>\n<meta property=\"og:url\" content=\"https:\/\/vaporparalaindustria.com\/pt\/produto\/recuperacion-del-revaporizado-en-la-produccion-de-alimentos-y-bebidas\/\" \/>\n<meta property=\"og:site_name\" content=\"Vapor para la Industria\" \/>\n<meta property=\"article:modified_time\" content=\"2022-08-12T10:33:41+00:00\" \/>\n<meta property=\"og:image\" content=\"https:\/\/vaporparalaindustria.com\/wp-content\/uploads\/2022\/08\/Recuperacion-del-revaporizado-en-la-produccion-de-alimentos-y-bebidas.png\" \/>\n\t<meta property=\"og:image:width\" content=\"803\" \/>\n\t<meta property=\"og:image:height\" content=\"643\" \/>\n\t<meta property=\"og:image:type\" content=\"image\/png\" \/>\n<meta name=\"twitter:card\" content=\"summary_large_image\" \/>\n<script type=\"application\/ld+json\" class=\"yoast-schema-graph\">{\"@context\":\"https:\\\/\\\/schema.org\",\"@graph\":[{\"@type\":\"WebPage\",\"@id\":\"https:\\\/\\\/vaporparalaindustria.com\\\/producto\\\/recuperacion-del-revaporizado-en-la-produccion-de-alimentos-y-bebidas\\\/\",\"url\":\"https:\\\/\\\/vaporparalaindustria.com\\\/producto\\\/recuperacion-del-revaporizado-en-la-produccion-de-alimentos-y-bebidas\\\/\",\"name\":\"Recuperaci\u00f3n del revaporizado en la producci\u00f3n\",\"isPartOf\":{\"@id\":\"https:\\\/\\\/vaporparalaindustria.com\\\/#website\"},\"primaryImageOfPage\":{\"@id\":\"https:\\\/\\\/vaporparalaindustria.com\\\/producto\\\/recuperacion-del-revaporizado-en-la-produccion-de-alimentos-y-bebidas\\\/#primaryimage\"},\"image\":{\"@id\":\"https:\\\/\\\/vaporparalaindustria.com\\\/producto\\\/recuperacion-del-revaporizado-en-la-produccion-de-alimentos-y-bebidas\\\/#primaryimage\"},\"thumbnailUrl\":\"https:\\\/\\\/vaporparalaindustria.com\\\/wp-content\\\/uploads\\\/2022\\\/08\\\/Recuperacion-del-revaporizado-en-la-produccion-de-alimentos-y-bebidas.png\",\"datePublished\":\"2022-08-12T10:32:03+00:00\",\"dateModified\":\"2022-08-12T10:33:41+00:00\",\"description\":\"En esta e-gu\u00eda, analizaremos la raz\u00f3n por la que vemos salir columnas de vapor en la mayor\u00eda de las f\u00e1bricas veremos qu\u00e9 se puede hacer para evitarlas\",\"breadcrumb\":{\"@id\":\"https:\\\/\\\/vaporparalaindustria.com\\\/producto\\\/recuperacion-del-revaporizado-en-la-produccion-de-alimentos-y-bebidas\\\/#breadcrumb\"},\"inLanguage\":\"pt-PT\",\"potentialAction\":[{\"@type\":\"ReadAction\",\"target\":[\"https:\\\/\\\/vaporparalaindustria.com\\\/producto\\\/recuperacion-del-revaporizado-en-la-produccion-de-alimentos-y-bebidas\\\/\"]}]},{\"@type\":\"ImageObject\",\"inLanguage\":\"pt-PT\",\"@id\":\"https:\\\/\\\/vaporparalaindustria.com\\\/producto\\\/recuperacion-del-revaporizado-en-la-produccion-de-alimentos-y-bebidas\\\/#primaryimage\",\"url\":\"https:\\\/\\\/vaporparalaindustria.com\\\/wp-content\\\/uploads\\\/2022\\\/08\\\/Recuperacion-del-revaporizado-en-la-produccion-de-alimentos-y-bebidas.png\",\"contentUrl\":\"https:\\\/\\\/vaporparalaindustria.com\\\/wp-content\\\/uploads\\\/2022\\\/08\\\/Recuperacion-del-revaporizado-en-la-produccion-de-alimentos-y-bebidas.png\",\"width\":803,\"height\":643},{\"@type\":\"BreadcrumbList\",\"@id\":\"https:\\\/\\\/vaporparalaindustria.com\\\/producto\\\/recuperacion-del-revaporizado-en-la-produccion-de-alimentos-y-bebidas\\\/#breadcrumb\",\"itemListElement\":[{\"@type\":\"ListItem\",\"position\":1,\"name\":\"Portada\",\"item\":\"https:\\\/\\\/vaporparalaindustria.com\\\/\"},{\"@type\":\"ListItem\",\"position\":2,\"name\":\"Tienda\",\"item\":\"https:\\\/\\\/vaporparalaindustria.com\\\/tienda\\\/\"},{\"@type\":\"ListItem\",\"position\":3,\"name\":\"Recuperaci\u00f3n del revaporizado en la producci\u00f3n de alimentos y bebidas\"}]},{\"@type\":\"WebSite\",\"@id\":\"https:\\\/\\\/vaporparalaindustria.com\\\/#website\",\"url\":\"https:\\\/\\\/vaporparalaindustria.com\\\/\",\"name\":\"Vapor para la Industria\",\"description\":\"Gesti\u00f3n Eficiente de los Sistemas de Vapor\",\"publisher\":{\"@id\":\"https:\\\/\\\/vaporparalaindustria.com\\\/#organization\"},\"potentialAction\":[{\"@type\":\"SearchAction\",\"target\":{\"@type\":\"EntryPoint\",\"urlTemplate\":\"https:\\\/\\\/vaporparalaindustria.com\\\/?s={search_term_string}\"},\"query-input\":{\"@type\":\"PropertyValueSpecification\",\"valueRequired\":true,\"valueName\":\"search_term_string\"}}],\"inLanguage\":\"pt-PT\"},{\"@type\":\"Organization\",\"@id\":\"https:\\\/\\\/vaporparalaindustria.com\\\/#organization\",\"name\":\"Vapor para la Industria\",\"url\":\"https:\\\/\\\/vaporparalaindustria.com\\\/\",\"logo\":{\"@type\":\"ImageObject\",\"inLanguage\":\"pt-PT\",\"@id\":\"https:\\\/\\\/vaporparalaindustria.com\\\/#\\\/schema\\\/logo\\\/image\\\/\",\"url\":\"https:\\\/\\\/vaporparalaindustria.com\\\/wp-content\\\/uploads\\\/2017\\\/10\\\/LogoBlogBLANCO-FINAL_VAPOR-PARA-LA-INDUSTRIA-e1499957507814.png\",\"contentUrl\":\"https:\\\/\\\/vaporparalaindustria.com\\\/wp-content\\\/uploads\\\/2017\\\/10\\\/LogoBlogBLANCO-FINAL_VAPOR-PARA-LA-INDUSTRIA-e1499957507814.png\",\"width\":300,\"height\":117,\"caption\":\"Vapor para la Industria\"},\"image\":{\"@id\":\"https:\\\/\\\/vaporparalaindustria.com\\\/#\\\/schema\\\/logo\\\/image\\\/\"}}]}<\/script>\n<!-- \/ Yoast SEO plugin. -->","yoast_head_json":{"title":"Recuperaci\u00f3n del revaporizado en la producci\u00f3n","description":"Neste guia electr\u00f3nico, veremos porque \u00e9 que vemos plumas de vapor a sair da maioria das f\u00e1bricas e o que pode ser feito para as evitar.","robots":{"index":"index","follow":"follow","max-snippet":"max-snippet:-1","max-image-preview":"max-image-preview:large","max-video-preview":"max-video-preview:-1"},"canonical":"https:\/\/vaporparalaindustria.com\/pt\/produto\/recuperacion-del-revaporizado-en-la-produccion-de-alimentos-y-bebidas\/","og_locale":"pt_PT","og_type":"article","og_title":"Recuperaci\u00f3n del revaporizado en la producci\u00f3n","og_description":"En esta e-gu\u00eda, analizaremos la raz\u00f3n por la que vemos salir columnas de vapor en la mayor\u00eda de las f\u00e1bricas veremos qu\u00e9 se puede hacer para evitarlas","og_url":"https:\/\/vaporparalaindustria.com\/pt\/produto\/recuperacion-del-revaporizado-en-la-produccion-de-alimentos-y-bebidas\/","og_site_name":"Vapor para la Industria","article_modified_time":"2022-08-12T10:33:41+00:00","og_image":[{"width":803,"height":643,"url":"https:\/\/vaporparalaindustria.com\/wp-content\/uploads\/2022\/08\/Recuperacion-del-revaporizado-en-la-produccion-de-alimentos-y-bebidas.png","type":"image\/png"}],"twitter_card":"summary_large_image","schema":{"@context":"https:\/\/schema.org","@graph":[{"@type":"WebPage","@id":"https:\/\/vaporparalaindustria.com\/producto\/recuperacion-del-revaporizado-en-la-produccion-de-alimentos-y-bebidas\/","url":"https:\/\/vaporparalaindustria.com\/producto\/recuperacion-del-revaporizado-en-la-produccion-de-alimentos-y-bebidas\/","name":"Recuperaci\u00f3n del revaporizado en la producci\u00f3n","isPartOf":{"@id":"https:\/\/vaporparalaindustria.com\/#website"},"primaryImageOfPage":{"@id":"https:\/\/vaporparalaindustria.com\/producto\/recuperacion-del-revaporizado-en-la-produccion-de-alimentos-y-bebidas\/#primaryimage"},"image":{"@id":"https:\/\/vaporparalaindustria.com\/producto\/recuperacion-del-revaporizado-en-la-produccion-de-alimentos-y-bebidas\/#primaryimage"},"thumbnailUrl":"https:\/\/vaporparalaindustria.com\/wp-content\/uploads\/2022\/08\/Recuperacion-del-revaporizado-en-la-produccion-de-alimentos-y-bebidas.png","datePublished":"2022-08-12T10:32:03+00:00","dateModified":"2022-08-12T10:33:41+00:00","description":"Neste guia electr\u00f3nico, veremos porque \u00e9 que vemos plumas de vapor a sair da maioria das f\u00e1bricas e o que pode ser feito para as evitar.","breadcrumb":{"@id":"https:\/\/vaporparalaindustria.com\/producto\/recuperacion-del-revaporizado-en-la-produccion-de-alimentos-y-bebidas\/#breadcrumb"},"inLanguage":"pt-PT","potentialAction":[{"@type":"ReadAction","target":["https:\/\/vaporparalaindustria.com\/producto\/recuperacion-del-revaporizado-en-la-produccion-de-alimentos-y-bebidas\/"]}]},{"@type":"ImageObject","inLanguage":"pt-PT","@id":"https:\/\/vaporparalaindustria.com\/producto\/recuperacion-del-revaporizado-en-la-produccion-de-alimentos-y-bebidas\/#primaryimage","url":"https:\/\/vaporparalaindustria.com\/wp-content\/uploads\/2022\/08\/Recuperacion-del-revaporizado-en-la-produccion-de-alimentos-y-bebidas.png","contentUrl":"https:\/\/vaporparalaindustria.com\/wp-content\/uploads\/2022\/08\/Recuperacion-del-revaporizado-en-la-produccion-de-alimentos-y-bebidas.png","width":803,"height":643},{"@type":"BreadcrumbList","@id":"https:\/\/vaporparalaindustria.com\/producto\/recuperacion-del-revaporizado-en-la-produccion-de-alimentos-y-bebidas\/#breadcrumb","itemListElement":[{"@type":"ListItem","position":1,"name":"Portada","item":"https:\/\/vaporparalaindustria.com\/"},{"@type":"ListItem","position":2,"name":"Tienda","item":"https:\/\/vaporparalaindustria.com\/tienda\/"},{"@type":"ListItem","position":3,"name":"Recuperaci\u00f3n del revaporizado en la producci\u00f3n de alimentos y bebidas"}]},{"@type":"WebSite","@id":"https:\/\/vaporparalaindustria.com\/#website","url":"https:\/\/vaporparalaindustria.com\/","name":"Vapor para a Ind\u00fastria","description":"Gest\u00e3o Eficiente de Sistemas a Vapor","publisher":{"@id":"https:\/\/vaporparalaindustria.com\/#organization"},"potentialAction":[{"@type":"SearchAction","target":{"@type":"EntryPoint","urlTemplate":"https:\/\/vaporparalaindustria.com\/?s={search_term_string}"},"query-input":{"@type":"PropertyValueSpecification","valueRequired":true,"valueName":"search_term_string"}}],"inLanguage":"pt-PT"},{"@type":"Organization","@id":"https:\/\/vaporparalaindustria.com\/#organization","name":"Vapor para a Ind\u00fastria","url":"https:\/\/vaporparalaindustria.com\/","logo":{"@type":"ImageObject","inLanguage":"pt-PT","@id":"https:\/\/vaporparalaindustria.com\/#\/schema\/logo\/image\/","url":"https:\/\/vaporparalaindustria.com\/wp-content\/uploads\/2017\/10\/LogoBlogBLANCO-FINAL_VAPOR-PARA-LA-INDUSTRIA-e1499957507814.png","contentUrl":"https:\/\/vaporparalaindustria.com\/wp-content\/uploads\/2017\/10\/LogoBlogBLANCO-FINAL_VAPOR-PARA-LA-INDUSTRIA-e1499957507814.png","width":300,"height":117,"caption":"Vapor para la Industria"},"image":{"@id":"https:\/\/vaporparalaindustria.com\/#\/schema\/logo\/image\/"}}]}},"acf":[],"_links":{"self":[{"href":"https:\/\/vaporparalaindustria.com\/pt\/wp-json\/wp\/v2\/product\/26614","targetHints":{"allow":["GET"]}}],"collection":[{"href":"https:\/\/vaporparalaindustria.com\/pt\/wp-json\/wp\/v2\/product"}],"about":[{"href":"https:\/\/vaporparalaindustria.com\/pt\/wp-json\/wp\/v2\/types\/product"}],"wp:featuredmedia":[{"embeddable":true,"href":"https:\/\/vaporparalaindustria.com\/pt\/wp-json\/wp\/v2\/media\/26606"}],"wp:attachment":[{"href":"https:\/\/vaporparalaindustria.com\/pt\/wp-json\/wp\/v2\/media?parent=26614"}],"wp:term":[{"taxonomy":"product_brand","embeddable":true,"href":"https:\/\/vaporparalaindustria.com\/pt\/wp-json\/wp\/v2\/product_brand?post=26614"},{"taxonomy":"product_cat","embeddable":true,"href":"https:\/\/vaporparalaindustria.com\/pt\/wp-json\/wp\/v2\/product_cat?post=26614"},{"taxonomy":"product_tag","embeddable":true,"href":"https:\/\/vaporparalaindustria.com\/pt\/wp-json\/wp\/v2\/product_tag?post=26614"}],"curies":[{"name":"wp","href":"https:\/\/api.w.org\/{rel}","templated":true}]}}