{"id":26609,"date":"2022-08-10T11:37:54","date_gmt":"2022-08-10T10:37:54","guid":{"rendered":"https:\/\/vaporparalaindustria.com\/?post_type=product&#038;p=26609"},"modified":"2022-08-12T11:34:44","modified_gmt":"2022-08-12T10:34:44","slug":"guia-para-la-descarbonizacion-de-sistemas-de-vapor","status":"publish","type":"product","link":"https:\/\/vaporparalaindustria.com\/pt\/produto\/guia-para-la-descarbonizacion-de-sistemas-de-vapor\/","title":{"rendered":"Orienta\u00e7\u00e3o para a descarboniza\u00e7\u00e3o de sistemas de vapor"},"content":{"rendered":"","protected":false},"excerpt":{"rendered":"<p>APRESENTADO POR:<\/p>\n<p class=\"XzvDs _208Ie _1atvN _2QAo- _25MYV _2WrB- _1atvN public-DraftStyleDefault-block-depth0 public-DraftStyleDefault-text-ltr\">Francisco Rodriguez, Eugeni Lopez, \u00c0urea Sol\u00e9 Carulla<br \/>\n09.06.2022<\/p>","protected":false},"featured_media":26610,"template":"","meta":{"_acf_changed":false,"_genesis_hide_title":false,"_genesis_hide_breadcrumbs":false,"_genesis_hide_singular_image":false,"_genesis_hide_footer_widgets":false,"_genesis_custom_body_class":"","_genesis_custom_post_class":"","_genesis_layout":"wide-content"},"product_brand":[],"product_cat":[108],"product_tag":[],"class_list":{"1":"product","2":"type-product","6":"product_cat-ebooks","7":"entry","9":"first","10":"instock","11":"shipping-taxable","12":"product-type-external"},"yoast_head":"<!-- This site is optimized with the Yoast SEO plugin v27.3 - https:\/\/yoast.com\/product\/yoast-seo-wordpress\/ -->\n<title>Gu\u00eda para la descarbonizaci\u00f3n de sistemas de vapor<\/title>\n<meta name=\"description\" content=\"Obt\u00e9n informaci\u00f3n sobre lo que se puede hacer hoy para optimizar su sistema de vapor\" \/>\n<meta name=\"robots\" content=\"index, follow, max-snippet:-1, max-image-preview:large, max-video-preview:-1\" \/>\n<link rel=\"canonical\" href=\"https:\/\/vaporparalaindustria.com\/pt\/produto\/guia-para-la-descarbonizacion-de-sistemas-de-vapor\/\" \/>\n<meta property=\"og:locale\" content=\"pt_PT\" \/>\n<meta property=\"og:type\" content=\"article\" \/>\n<meta property=\"og:title\" content=\"Gu\u00eda para la descarbonizaci\u00f3n de sistemas de vapor\" \/>\n<meta property=\"og:description\" content=\"Obt\u00e9n informaci\u00f3n sobre lo que se puede hacer hoy para optimizar su sistema de vapor\" \/>\n<meta property=\"og:url\" content=\"https:\/\/vaporparalaindustria.com\/pt\/produto\/guia-para-la-descarbonizacion-de-sistemas-de-vapor\/\" \/>\n<meta property=\"og:site_name\" content=\"Vapor para la Industria\" \/>\n<meta property=\"article:modified_time\" content=\"2022-08-12T10:34:44+00:00\" \/>\n<meta property=\"og:image\" content=\"https:\/\/vaporparalaindustria.com\/wp-content\/uploads\/2022\/08\/Gui__a_para_la_descarbonizacio__n_de_sistemas_de_vapor.png\" \/>\n\t<meta property=\"og:image:width\" content=\"616\" \/>\n\t<meta property=\"og:image:height\" content=\"466\" \/>\n\t<meta property=\"og:image:type\" content=\"image\/png\" \/>\n<meta name=\"twitter:card\" content=\"summary_large_image\" \/>\n<script type=\"application\/ld+json\" class=\"yoast-schema-graph\">{\"@context\":\"https:\\\/\\\/schema.org\",\"@graph\":[{\"@type\":\"WebPage\",\"@id\":\"https:\\\/\\\/vaporparalaindustria.com\\\/producto\\\/guia-para-la-descarbonizacion-de-sistemas-de-vapor\\\/\",\"url\":\"https:\\\/\\\/vaporparalaindustria.com\\\/producto\\\/guia-para-la-descarbonizacion-de-sistemas-de-vapor\\\/\",\"name\":\"Gu\u00eda para la descarbonizaci\u00f3n de sistemas de vapor\",\"isPartOf\":{\"@id\":\"https:\\\/\\\/vaporparalaindustria.com\\\/#website\"},\"primaryImageOfPage\":{\"@id\":\"https:\\\/\\\/vaporparalaindustria.com\\\/producto\\\/guia-para-la-descarbonizacion-de-sistemas-de-vapor\\\/#primaryimage\"},\"image\":{\"@id\":\"https:\\\/\\\/vaporparalaindustria.com\\\/producto\\\/guia-para-la-descarbonizacion-de-sistemas-de-vapor\\\/#primaryimage\"},\"thumbnailUrl\":\"https:\\\/\\\/vaporparalaindustria.com\\\/wp-content\\\/uploads\\\/2022\\\/08\\\/Gui__a_para_la_descarbonizacio__n_de_sistemas_de_vapor.png\",\"datePublished\":\"2022-08-10T10:37:54+00:00\",\"dateModified\":\"2022-08-12T10:34:44+00:00\",\"description\":\"Obt\u00e9n informaci\u00f3n sobre lo que se puede hacer hoy para optimizar su sistema de vapor\",\"breadcrumb\":{\"@id\":\"https:\\\/\\\/vaporparalaindustria.com\\\/producto\\\/guia-para-la-descarbonizacion-de-sistemas-de-vapor\\\/#breadcrumb\"},\"inLanguage\":\"pt-PT\",\"potentialAction\":[{\"@type\":\"ReadAction\",\"target\":[\"https:\\\/\\\/vaporparalaindustria.com\\\/producto\\\/guia-para-la-descarbonizacion-de-sistemas-de-vapor\\\/\"]}]},{\"@type\":\"ImageObject\",\"inLanguage\":\"pt-PT\",\"@id\":\"https:\\\/\\\/vaporparalaindustria.com\\\/producto\\\/guia-para-la-descarbonizacion-de-sistemas-de-vapor\\\/#primaryimage\",\"url\":\"https:\\\/\\\/vaporparalaindustria.com\\\/wp-content\\\/uploads\\\/2022\\\/08\\\/Gui__a_para_la_descarbonizacio__n_de_sistemas_de_vapor.png\",\"contentUrl\":\"https:\\\/\\\/vaporparalaindustria.com\\\/wp-content\\\/uploads\\\/2022\\\/08\\\/Gui__a_para_la_descarbonizacio__n_de_sistemas_de_vapor.png\",\"width\":616,\"height\":466},{\"@type\":\"BreadcrumbList\",\"@id\":\"https:\\\/\\\/vaporparalaindustria.com\\\/producto\\\/guia-para-la-descarbonizacion-de-sistemas-de-vapor\\\/#breadcrumb\",\"itemListElement\":[{\"@type\":\"ListItem\",\"position\":1,\"name\":\"Portada\",\"item\":\"https:\\\/\\\/vaporparalaindustria.com\\\/\"},{\"@type\":\"ListItem\",\"position\":2,\"name\":\"Tienda\",\"item\":\"https:\\\/\\\/vaporparalaindustria.com\\\/tienda\\\/\"},{\"@type\":\"ListItem\",\"position\":3,\"name\":\"Gu\u00eda para la descarbonizaci\u00f3n de sistemas de vapor\"}]},{\"@type\":\"WebSite\",\"@id\":\"https:\\\/\\\/vaporparalaindustria.com\\\/#website\",\"url\":\"https:\\\/\\\/vaporparalaindustria.com\\\/\",\"name\":\"Vapor para la Industria\",\"description\":\"Gesti\u00f3n Eficiente de los Sistemas de Vapor\",\"publisher\":{\"@id\":\"https:\\\/\\\/vaporparalaindustria.com\\\/#organization\"},\"potentialAction\":[{\"@type\":\"SearchAction\",\"target\":{\"@type\":\"EntryPoint\",\"urlTemplate\":\"https:\\\/\\\/vaporparalaindustria.com\\\/?s={search_term_string}\"},\"query-input\":{\"@type\":\"PropertyValueSpecification\",\"valueRequired\":true,\"valueName\":\"search_term_string\"}}],\"inLanguage\":\"pt-PT\"},{\"@type\":\"Organization\",\"@id\":\"https:\\\/\\\/vaporparalaindustria.com\\\/#organization\",\"name\":\"Vapor para la Industria\",\"url\":\"https:\\\/\\\/vaporparalaindustria.com\\\/\",\"logo\":{\"@type\":\"ImageObject\",\"inLanguage\":\"pt-PT\",\"@id\":\"https:\\\/\\\/vaporparalaindustria.com\\\/#\\\/schema\\\/logo\\\/image\\\/\",\"url\":\"https:\\\/\\\/vaporparalaindustria.com\\\/wp-content\\\/uploads\\\/2017\\\/10\\\/LogoBlogBLANCO-FINAL_VAPOR-PARA-LA-INDUSTRIA-e1499957507814.png\",\"contentUrl\":\"https:\\\/\\\/vaporparalaindustria.com\\\/wp-content\\\/uploads\\\/2017\\\/10\\\/LogoBlogBLANCO-FINAL_VAPOR-PARA-LA-INDUSTRIA-e1499957507814.png\",\"width\":300,\"height\":117,\"caption\":\"Vapor para la Industria\"},\"image\":{\"@id\":\"https:\\\/\\\/vaporparalaindustria.com\\\/#\\\/schema\\\/logo\\\/image\\\/\"}}]}<\/script>\n<!-- \/ Yoast SEO plugin. -->","yoast_head_json":{"title":"Orienta\u00e7\u00e3o para a descarboniza\u00e7\u00e3o de sistemas de vapor","description":"Obt\u00e9n informaci\u00f3n sobre lo que se puede hacer hoy para optimizar su sistema de vapor","robots":{"index":"index","follow":"follow","max-snippet":"max-snippet:-1","max-image-preview":"max-image-preview:large","max-video-preview":"max-video-preview:-1"},"canonical":"https:\/\/vaporparalaindustria.com\/pt\/produto\/guia-para-la-descarbonizacion-de-sistemas-de-vapor\/","og_locale":"pt_PT","og_type":"article","og_title":"Gu\u00eda para la descarbonizaci\u00f3n de sistemas de vapor","og_description":"Obt\u00e9n informaci\u00f3n sobre lo que se puede hacer hoy para optimizar su sistema de vapor","og_url":"https:\/\/vaporparalaindustria.com\/pt\/produto\/guia-para-la-descarbonizacion-de-sistemas-de-vapor\/","og_site_name":"Vapor para la Industria","article_modified_time":"2022-08-12T10:34:44+00:00","og_image":[{"width":616,"height":466,"url":"https:\/\/vaporparalaindustria.com\/wp-content\/uploads\/2022\/08\/Gui__a_para_la_descarbonizacio__n_de_sistemas_de_vapor.png","type":"image\/png"}],"twitter_card":"summary_large_image","schema":{"@context":"https:\/\/schema.org","@graph":[{"@type":"WebPage","@id":"https:\/\/vaporparalaindustria.com\/producto\/guia-para-la-descarbonizacion-de-sistemas-de-vapor\/","url":"https:\/\/vaporparalaindustria.com\/producto\/guia-para-la-descarbonizacion-de-sistemas-de-vapor\/","name":"Orienta\u00e7\u00e3o para a descarboniza\u00e7\u00e3o de sistemas de vapor","isPartOf":{"@id":"https:\/\/vaporparalaindustria.com\/#website"},"primaryImageOfPage":{"@id":"https:\/\/vaporparalaindustria.com\/producto\/guia-para-la-descarbonizacion-de-sistemas-de-vapor\/#primaryimage"},"image":{"@id":"https:\/\/vaporparalaindustria.com\/producto\/guia-para-la-descarbonizacion-de-sistemas-de-vapor\/#primaryimage"},"thumbnailUrl":"https:\/\/vaporparalaindustria.com\/wp-content\/uploads\/2022\/08\/Gui__a_para_la_descarbonizacio__n_de_sistemas_de_vapor.png","datePublished":"2022-08-10T10:37:54+00:00","dateModified":"2022-08-12T10:34:44+00:00","description":"Obt\u00e9n informaci\u00f3n sobre lo que se puede hacer hoy para optimizar su sistema de vapor","breadcrumb":{"@id":"https:\/\/vaporparalaindustria.com\/producto\/guia-para-la-descarbonizacion-de-sistemas-de-vapor\/#breadcrumb"},"inLanguage":"pt-PT","potentialAction":[{"@type":"ReadAction","target":["https:\/\/vaporparalaindustria.com\/producto\/guia-para-la-descarbonizacion-de-sistemas-de-vapor\/"]}]},{"@type":"ImageObject","inLanguage":"pt-PT","@id":"https:\/\/vaporparalaindustria.com\/producto\/guia-para-la-descarbonizacion-de-sistemas-de-vapor\/#primaryimage","url":"https:\/\/vaporparalaindustria.com\/wp-content\/uploads\/2022\/08\/Gui__a_para_la_descarbonizacio__n_de_sistemas_de_vapor.png","contentUrl":"https:\/\/vaporparalaindustria.com\/wp-content\/uploads\/2022\/08\/Gui__a_para_la_descarbonizacio__n_de_sistemas_de_vapor.png","width":616,"height":466},{"@type":"BreadcrumbList","@id":"https:\/\/vaporparalaindustria.com\/producto\/guia-para-la-descarbonizacion-de-sistemas-de-vapor\/#breadcrumb","itemListElement":[{"@type":"ListItem","position":1,"name":"Portada","item":"https:\/\/vaporparalaindustria.com\/"},{"@type":"ListItem","position":2,"name":"Tienda","item":"https:\/\/vaporparalaindustria.com\/tienda\/"},{"@type":"ListItem","position":3,"name":"Gu\u00eda para la descarbonizaci\u00f3n de sistemas de vapor"}]},{"@type":"WebSite","@id":"https:\/\/vaporparalaindustria.com\/#website","url":"https:\/\/vaporparalaindustria.com\/","name":"Vapor para a Ind\u00fastria","description":"Gest\u00e3o Eficiente de Sistemas a Vapor","publisher":{"@id":"https:\/\/vaporparalaindustria.com\/#organization"},"potentialAction":[{"@type":"SearchAction","target":{"@type":"EntryPoint","urlTemplate":"https:\/\/vaporparalaindustria.com\/?s={search_term_string}"},"query-input":{"@type":"PropertyValueSpecification","valueRequired":true,"valueName":"search_term_string"}}],"inLanguage":"pt-PT"},{"@type":"Organization","@id":"https:\/\/vaporparalaindustria.com\/#organization","name":"Vapor para a Ind\u00fastria","url":"https:\/\/vaporparalaindustria.com\/","logo":{"@type":"ImageObject","inLanguage":"pt-PT","@id":"https:\/\/vaporparalaindustria.com\/#\/schema\/logo\/image\/","url":"https:\/\/vaporparalaindustria.com\/wp-content\/uploads\/2017\/10\/LogoBlogBLANCO-FINAL_VAPOR-PARA-LA-INDUSTRIA-e1499957507814.png","contentUrl":"https:\/\/vaporparalaindustria.com\/wp-content\/uploads\/2017\/10\/LogoBlogBLANCO-FINAL_VAPOR-PARA-LA-INDUSTRIA-e1499957507814.png","width":300,"height":117,"caption":"Vapor para la Industria"},"image":{"@id":"https:\/\/vaporparalaindustria.com\/#\/schema\/logo\/image\/"}}]}},"acf":[],"_links":{"self":[{"href":"https:\/\/vaporparalaindustria.com\/pt\/wp-json\/wp\/v2\/product\/26609","targetHints":{"allow":["GET"]}}],"collection":[{"href":"https:\/\/vaporparalaindustria.com\/pt\/wp-json\/wp\/v2\/product"}],"about":[{"href":"https:\/\/vaporparalaindustria.com\/pt\/wp-json\/wp\/v2\/types\/product"}],"wp:featuredmedia":[{"embeddable":true,"href":"https:\/\/vaporparalaindustria.com\/pt\/wp-json\/wp\/v2\/media\/26610"}],"wp:attachment":[{"href":"https:\/\/vaporparalaindustria.com\/pt\/wp-json\/wp\/v2\/media?parent=26609"}],"wp:term":[{"taxonomy":"product_brand","embeddable":true,"href":"https:\/\/vaporparalaindustria.com\/pt\/wp-json\/wp\/v2\/product_brand?post=26609"},{"taxonomy":"product_cat","embeddable":true,"href":"https:\/\/vaporparalaindustria.com\/pt\/wp-json\/wp\/v2\/product_cat?post=26609"},{"taxonomy":"product_tag","embeddable":true,"href":"https:\/\/vaporparalaindustria.com\/pt\/wp-json\/wp\/v2\/product_tag?post=26609"}],"curies":[{"name":"wp","href":"https:\/\/api.w.org\/{rel}","templated":true}]}}