{"id":26526,"date":"2022-02-24T11:28:56","date_gmt":"2022-02-24T10:28:56","guid":{"rendered":"https:\/\/vaporparalaindustria.com\/?post_type=product&#038;p=26526"},"modified":"2023-10-24T17:45:40","modified_gmt":"2023-10-24T16:45:40","slug":"videoguia-importancia-de-disenar-el-sistema-de-calentamiento-en-conjunto","status":"publish","type":"product","link":"https:\/\/vaporparalaindustria.com\/pt\/produto\/videoguia-importancia-de-disenar-el-sistema-de-calentamiento-en-conjunto\/","title":{"rendered":"Videoguia: A import\u00e2ncia de projetar o sistema de aquecimento como um todo"},"content":{"rendered":"","protected":false},"excerpt":{"rendered":"","protected":false},"featured_media":26527,"template":"","meta":{"_acf_changed":false,"_genesis_hide_title":false,"_genesis_hide_breadcrumbs":false,"_genesis_hide_singular_image":false,"_genesis_hide_footer_widgets":false,"_genesis_custom_body_class":"","_genesis_custom_post_class":"","_genesis_layout":""},"product_brand":[],"product_cat":[109],"product_tag":[],"class_list":{"1":"product","2":"type-product","6":"product_cat-videoguias","7":"entry","9":"first","10":"instock","11":"shipping-taxable","12":"product-type-external"},"yoast_head":"<!-- This site is optimized with the Yoast SEO plugin v27.3 - https:\/\/yoast.com\/product\/yoast-seo-wordpress\/ -->\n<title>Videoguia: Importancia de dise\u00f1ar el sistema de calentamiento en conjunto<\/title>\n<meta name=\"description\" content=\"No conocer c\u00f3mo dise\u00f1ar el sistema de calentamiento con vapor en conjunto puede ser la causa de problemas de funcionamiento importantes.\" \/>\n<meta name=\"robots\" content=\"index, follow, max-snippet:-1, max-image-preview:large, max-video-preview:-1\" \/>\n<link rel=\"canonical\" href=\"https:\/\/vaporparalaindustria.com\/pt\/produto\/videoguia-importancia-de-disenar-el-sistema-de-calentamiento-en-conjunto\/\" \/>\n<meta property=\"og:locale\" content=\"pt_PT\" \/>\n<meta property=\"og:type\" content=\"article\" \/>\n<meta property=\"og:title\" content=\"Videoguia: Importancia de dise\u00f1ar el sistema de calentamiento en conjunto\" \/>\n<meta property=\"og:description\" content=\"No conocer c\u00f3mo dise\u00f1ar el sistema de calentamiento con vapor en conjunto puede ser la causa de problemas de funcionamiento importantes.\" \/>\n<meta property=\"og:url\" content=\"https:\/\/vaporparalaindustria.com\/pt\/produto\/videoguia-importancia-de-disenar-el-sistema-de-calentamiento-en-conjunto\/\" \/>\n<meta property=\"og:site_name\" content=\"Vapor para la Industria\" \/>\n<meta property=\"article:modified_time\" content=\"2023-10-24T16:45:40+00:00\" \/>\n<meta property=\"og:image\" content=\"https:\/\/vaporparalaindustria.com\/wp-content\/uploads\/2022\/02\/MOCKUP_VIDEOGUIA_SPIRAX_-_IMPORTANCIA_DE_DISEN__AR_EL_SISTEMA_DE_CALENTAMIENTO_EN_CONJUNTO.png\" \/>\n\t<meta property=\"og:image:width\" content=\"2400\" \/>\n\t<meta property=\"og:image:height\" content=\"2000\" \/>\n\t<meta property=\"og:image:type\" content=\"image\/png\" \/>\n<meta name=\"twitter:card\" content=\"summary_large_image\" \/>\n<script type=\"application\/ld+json\" class=\"yoast-schema-graph\">{\"@context\":\"https:\\\/\\\/schema.org\",\"@graph\":[{\"@type\":\"WebPage\",\"@id\":\"https:\\\/\\\/vaporparalaindustria.com\\\/producto\\\/videoguia-importancia-de-disenar-el-sistema-de-calentamiento-en-conjunto\\\/\",\"url\":\"https:\\\/\\\/vaporparalaindustria.com\\\/producto\\\/videoguia-importancia-de-disenar-el-sistema-de-calentamiento-en-conjunto\\\/\",\"name\":\"Videoguia: Importancia de dise\u00f1ar el sistema de calentamiento en conjunto\",\"isPartOf\":{\"@id\":\"https:\\\/\\\/vaporparalaindustria.com\\\/#website\"},\"primaryImageOfPage\":{\"@id\":\"https:\\\/\\\/vaporparalaindustria.com\\\/producto\\\/videoguia-importancia-de-disenar-el-sistema-de-calentamiento-en-conjunto\\\/#primaryimage\"},\"image\":{\"@id\":\"https:\\\/\\\/vaporparalaindustria.com\\\/producto\\\/videoguia-importancia-de-disenar-el-sistema-de-calentamiento-en-conjunto\\\/#primaryimage\"},\"thumbnailUrl\":\"https:\\\/\\\/vaporparalaindustria.com\\\/wp-content\\\/uploads\\\/2022\\\/02\\\/MOCKUP_VIDEOGUIA_SPIRAX_-_IMPORTANCIA_DE_DISEN__AR_EL_SISTEMA_DE_CALENTAMIENTO_EN_CONJUNTO.png\",\"datePublished\":\"2022-02-24T10:28:56+00:00\",\"dateModified\":\"2023-10-24T16:45:40+00:00\",\"description\":\"No conocer c\u00f3mo dise\u00f1ar el sistema de calentamiento con vapor en conjunto puede ser la causa de problemas de funcionamiento importantes.\",\"breadcrumb\":{\"@id\":\"https:\\\/\\\/vaporparalaindustria.com\\\/producto\\\/videoguia-importancia-de-disenar-el-sistema-de-calentamiento-en-conjunto\\\/#breadcrumb\"},\"inLanguage\":\"pt-PT\",\"potentialAction\":[{\"@type\":\"ReadAction\",\"target\":[\"https:\\\/\\\/vaporparalaindustria.com\\\/producto\\\/videoguia-importancia-de-disenar-el-sistema-de-calentamiento-en-conjunto\\\/\"]}]},{\"@type\":\"ImageObject\",\"inLanguage\":\"pt-PT\",\"@id\":\"https:\\\/\\\/vaporparalaindustria.com\\\/producto\\\/videoguia-importancia-de-disenar-el-sistema-de-calentamiento-en-conjunto\\\/#primaryimage\",\"url\":\"https:\\\/\\\/vaporparalaindustria.com\\\/wp-content\\\/uploads\\\/2022\\\/02\\\/MOCKUP_VIDEOGUIA_SPIRAX_-_IMPORTANCIA_DE_DISEN__AR_EL_SISTEMA_DE_CALENTAMIENTO_EN_CONJUNTO.png\",\"contentUrl\":\"https:\\\/\\\/vaporparalaindustria.com\\\/wp-content\\\/uploads\\\/2022\\\/02\\\/MOCKUP_VIDEOGUIA_SPIRAX_-_IMPORTANCIA_DE_DISEN__AR_EL_SISTEMA_DE_CALENTAMIENTO_EN_CONJUNTO.png\",\"width\":2400,\"height\":2000},{\"@type\":\"BreadcrumbList\",\"@id\":\"https:\\\/\\\/vaporparalaindustria.com\\\/producto\\\/videoguia-importancia-de-disenar-el-sistema-de-calentamiento-en-conjunto\\\/#breadcrumb\",\"itemListElement\":[{\"@type\":\"ListItem\",\"position\":1,\"name\":\"Portada\",\"item\":\"https:\\\/\\\/vaporparalaindustria.com\\\/\"},{\"@type\":\"ListItem\",\"position\":2,\"name\":\"Tienda\",\"item\":\"https:\\\/\\\/vaporparalaindustria.com\\\/tienda\\\/\"},{\"@type\":\"ListItem\",\"position\":3,\"name\":\"Videoguia: Importancia de dise\u00f1ar el sistema de calentamiento en conjunto\"}]},{\"@type\":\"WebSite\",\"@id\":\"https:\\\/\\\/vaporparalaindustria.com\\\/#website\",\"url\":\"https:\\\/\\\/vaporparalaindustria.com\\\/\",\"name\":\"Vapor para la Industria\",\"description\":\"Gesti\u00f3n Eficiente de los Sistemas de Vapor\",\"publisher\":{\"@id\":\"https:\\\/\\\/vaporparalaindustria.com\\\/#organization\"},\"potentialAction\":[{\"@type\":\"SearchAction\",\"target\":{\"@type\":\"EntryPoint\",\"urlTemplate\":\"https:\\\/\\\/vaporparalaindustria.com\\\/?s={search_term_string}\"},\"query-input\":{\"@type\":\"PropertyValueSpecification\",\"valueRequired\":true,\"valueName\":\"search_term_string\"}}],\"inLanguage\":\"pt-PT\"},{\"@type\":\"Organization\",\"@id\":\"https:\\\/\\\/vaporparalaindustria.com\\\/#organization\",\"name\":\"Vapor para la Industria\",\"url\":\"https:\\\/\\\/vaporparalaindustria.com\\\/\",\"logo\":{\"@type\":\"ImageObject\",\"inLanguage\":\"pt-PT\",\"@id\":\"https:\\\/\\\/vaporparalaindustria.com\\\/#\\\/schema\\\/logo\\\/image\\\/\",\"url\":\"https:\\\/\\\/vaporparalaindustria.com\\\/wp-content\\\/uploads\\\/2017\\\/10\\\/LogoBlogBLANCO-FINAL_VAPOR-PARA-LA-INDUSTRIA-e1499957507814.png\",\"contentUrl\":\"https:\\\/\\\/vaporparalaindustria.com\\\/wp-content\\\/uploads\\\/2017\\\/10\\\/LogoBlogBLANCO-FINAL_VAPOR-PARA-LA-INDUSTRIA-e1499957507814.png\",\"width\":300,\"height\":117,\"caption\":\"Vapor para la Industria\"},\"image\":{\"@id\":\"https:\\\/\\\/vaporparalaindustria.com\\\/#\\\/schema\\\/logo\\\/image\\\/\"}}]}<\/script>\n<!-- \/ Yoast SEO plugin. -->","yoast_head_json":{"title":"Videoguia: A import\u00e2ncia de projetar o sistema de aquecimento como um todo","description":"N\u00e3o saber projetar o sistema de aquecimento a vapor como um todo pode ser a causa de grandes problemas operacionais.","robots":{"index":"index","follow":"follow","max-snippet":"max-snippet:-1","max-image-preview":"max-image-preview:large","max-video-preview":"max-video-preview:-1"},"canonical":"https:\/\/vaporparalaindustria.com\/pt\/produto\/videoguia-importancia-de-disenar-el-sistema-de-calentamiento-en-conjunto\/","og_locale":"pt_PT","og_type":"article","og_title":"Videoguia: Importancia de dise\u00f1ar el sistema de calentamiento en conjunto","og_description":"No conocer c\u00f3mo dise\u00f1ar el sistema de calentamiento con vapor en conjunto puede ser la causa de problemas de funcionamiento importantes.","og_url":"https:\/\/vaporparalaindustria.com\/pt\/produto\/videoguia-importancia-de-disenar-el-sistema-de-calentamiento-en-conjunto\/","og_site_name":"Vapor para la Industria","article_modified_time":"2023-10-24T16:45:40+00:00","og_image":[{"width":2400,"height":2000,"url":"https:\/\/vaporparalaindustria.com\/wp-content\/uploads\/2022\/02\/MOCKUP_VIDEOGUIA_SPIRAX_-_IMPORTANCIA_DE_DISEN__AR_EL_SISTEMA_DE_CALENTAMIENTO_EN_CONJUNTO.png","type":"image\/png"}],"twitter_card":"summary_large_image","schema":{"@context":"https:\/\/schema.org","@graph":[{"@type":"WebPage","@id":"https:\/\/vaporparalaindustria.com\/producto\/videoguia-importancia-de-disenar-el-sistema-de-calentamiento-en-conjunto\/","url":"https:\/\/vaporparalaindustria.com\/producto\/videoguia-importancia-de-disenar-el-sistema-de-calentamiento-en-conjunto\/","name":"Videoguia: A import\u00e2ncia de projetar o sistema de aquecimento como um todo","isPartOf":{"@id":"https:\/\/vaporparalaindustria.com\/#website"},"primaryImageOfPage":{"@id":"https:\/\/vaporparalaindustria.com\/producto\/videoguia-importancia-de-disenar-el-sistema-de-calentamiento-en-conjunto\/#primaryimage"},"image":{"@id":"https:\/\/vaporparalaindustria.com\/producto\/videoguia-importancia-de-disenar-el-sistema-de-calentamiento-en-conjunto\/#primaryimage"},"thumbnailUrl":"https:\/\/vaporparalaindustria.com\/wp-content\/uploads\/2022\/02\/MOCKUP_VIDEOGUIA_SPIRAX_-_IMPORTANCIA_DE_DISEN__AR_EL_SISTEMA_DE_CALENTAMIENTO_EN_CONJUNTO.png","datePublished":"2022-02-24T10:28:56+00:00","dateModified":"2023-10-24T16:45:40+00:00","description":"N\u00e3o saber projetar o sistema de aquecimento a vapor como um todo pode ser a causa de grandes problemas operacionais.","breadcrumb":{"@id":"https:\/\/vaporparalaindustria.com\/producto\/videoguia-importancia-de-disenar-el-sistema-de-calentamiento-en-conjunto\/#breadcrumb"},"inLanguage":"pt-PT","potentialAction":[{"@type":"ReadAction","target":["https:\/\/vaporparalaindustria.com\/producto\/videoguia-importancia-de-disenar-el-sistema-de-calentamiento-en-conjunto\/"]}]},{"@type":"ImageObject","inLanguage":"pt-PT","@id":"https:\/\/vaporparalaindustria.com\/producto\/videoguia-importancia-de-disenar-el-sistema-de-calentamiento-en-conjunto\/#primaryimage","url":"https:\/\/vaporparalaindustria.com\/wp-content\/uploads\/2022\/02\/MOCKUP_VIDEOGUIA_SPIRAX_-_IMPORTANCIA_DE_DISEN__AR_EL_SISTEMA_DE_CALENTAMIENTO_EN_CONJUNTO.png","contentUrl":"https:\/\/vaporparalaindustria.com\/wp-content\/uploads\/2022\/02\/MOCKUP_VIDEOGUIA_SPIRAX_-_IMPORTANCIA_DE_DISEN__AR_EL_SISTEMA_DE_CALENTAMIENTO_EN_CONJUNTO.png","width":2400,"height":2000},{"@type":"BreadcrumbList","@id":"https:\/\/vaporparalaindustria.com\/producto\/videoguia-importancia-de-disenar-el-sistema-de-calentamiento-en-conjunto\/#breadcrumb","itemListElement":[{"@type":"ListItem","position":1,"name":"Portada","item":"https:\/\/vaporparalaindustria.com\/"},{"@type":"ListItem","position":2,"name":"Tienda","item":"https:\/\/vaporparalaindustria.com\/tienda\/"},{"@type":"ListItem","position":3,"name":"Videoguia: Importancia de dise\u00f1ar el sistema de calentamiento en conjunto"}]},{"@type":"WebSite","@id":"https:\/\/vaporparalaindustria.com\/#website","url":"https:\/\/vaporparalaindustria.com\/","name":"Vapor para a Ind\u00fastria","description":"Gest\u00e3o Eficiente de Sistemas a Vapor","publisher":{"@id":"https:\/\/vaporparalaindustria.com\/#organization"},"potentialAction":[{"@type":"SearchAction","target":{"@type":"EntryPoint","urlTemplate":"https:\/\/vaporparalaindustria.com\/?s={search_term_string}"},"query-input":{"@type":"PropertyValueSpecification","valueRequired":true,"valueName":"search_term_string"}}],"inLanguage":"pt-PT"},{"@type":"Organization","@id":"https:\/\/vaporparalaindustria.com\/#organization","name":"Vapor para a Ind\u00fastria","url":"https:\/\/vaporparalaindustria.com\/","logo":{"@type":"ImageObject","inLanguage":"pt-PT","@id":"https:\/\/vaporparalaindustria.com\/#\/schema\/logo\/image\/","url":"https:\/\/vaporparalaindustria.com\/wp-content\/uploads\/2017\/10\/LogoBlogBLANCO-FINAL_VAPOR-PARA-LA-INDUSTRIA-e1499957507814.png","contentUrl":"https:\/\/vaporparalaindustria.com\/wp-content\/uploads\/2017\/10\/LogoBlogBLANCO-FINAL_VAPOR-PARA-LA-INDUSTRIA-e1499957507814.png","width":300,"height":117,"caption":"Vapor para la Industria"},"image":{"@id":"https:\/\/vaporparalaindustria.com\/#\/schema\/logo\/image\/"}}]}},"acf":[],"_links":{"self":[{"href":"https:\/\/vaporparalaindustria.com\/pt\/wp-json\/wp\/v2\/product\/26526","targetHints":{"allow":["GET"]}}],"collection":[{"href":"https:\/\/vaporparalaindustria.com\/pt\/wp-json\/wp\/v2\/product"}],"about":[{"href":"https:\/\/vaporparalaindustria.com\/pt\/wp-json\/wp\/v2\/types\/product"}],"wp:featuredmedia":[{"embeddable":true,"href":"https:\/\/vaporparalaindustria.com\/pt\/wp-json\/wp\/v2\/media\/26527"}],"wp:attachment":[{"href":"https:\/\/vaporparalaindustria.com\/pt\/wp-json\/wp\/v2\/media?parent=26526"}],"wp:term":[{"taxonomy":"product_brand","embeddable":true,"href":"https:\/\/vaporparalaindustria.com\/pt\/wp-json\/wp\/v2\/product_brand?post=26526"},{"taxonomy":"product_cat","embeddable":true,"href":"https:\/\/vaporparalaindustria.com\/pt\/wp-json\/wp\/v2\/product_cat?post=26526"},{"taxonomy":"product_tag","embeddable":true,"href":"https:\/\/vaporparalaindustria.com\/pt\/wp-json\/wp\/v2\/product_tag?post=26526"}],"curies":[{"name":"wp","href":"https:\/\/api.w.org\/{rel}","templated":true}]}}