{"id":26480,"date":"2022-01-07T11:31:06","date_gmt":"2022-01-07T10:31:06","guid":{"rendered":"https:\/\/vaporparalaindustria.com\/?post_type=product&#038;p=26480"},"modified":"2026-02-03T16:09:48","modified_gmt":"2026-02-03T15:09:48","slug":"curso-presencial-mantenimiento-de-los-sistemas-de-vapor-y-condensado","status":"publish","type":"product","link":"https:\/\/vaporparalaindustria.com\/pt\/produto\/curso-presencial-mantenimiento-de-los-sistemas-de-vapor-y-condensado\/","title":{"rendered":"MSVC - Curso em sala de aula de Manuten\u00e7\u00e3o de Sistemas de Vapor e Condensados"},"content":{"rendered":"<div class=\"row\">\n<div class=\"col-md-3\"><img loading=\"lazy\" decoding=\"async\" class=\"fl-photo-img wp-image-26804 size-full\" title=\"Medidores de caudal de vapor da Spirax-Sarco\" src=\"https:\/\/vaporparalaindustria.com\/wp-content\/uploads\/2023\/01\/caudalimetros-de-vapor-de-Spirax-Sarco.jpg\" sizes=\"auto, (max-width: 500px) 100vw, 500px\" srcset=\"https:\/\/vaporparalaindustria.com\/wp-content\/uploads\/2023\/01\/caudalimetros-de-vapor-de-Spirax-Sarco-15x12.jpg 15w, https:\/\/vaporparalaindustria.com\/wp-content\/uploads\/2023\/01\/caudalimetros-de-vapor-de-Spirax-Sarco-150x120.jpg 150w, https:\/\/vaporparalaindustria.com\/wp-content\/uploads\/2023\/01\/caudalimetros-de-vapor-de-Spirax-Sarco-300x240.jpg 300w, https:\/\/vaporparalaindustria.com\/wp-content\/uploads\/2023\/01\/caudalimetros-de-vapor-de-Spirax-Sarco.jpg 500w\" alt=\"caudalimetros-de-vapor-de-Spirax-Sarco\" width=\"500\" height=\"400\" \/><\/div>\n<div class=\"col\">\n<h4>Objectivos do curso<\/h4>\n<p>Fornecer conhecimentos sobre os conceitos gerais de manuten\u00e7\u00e3o, vapor e condensados, e o seu comportamento nas instala\u00e7\u00f5es; bem como sobre os componentes da instala\u00e7\u00e3o (a fun\u00e7\u00e3o que desempenham, a sua designa\u00e7\u00e3o, montagem, funcionamento, avarias comuns, vistas explodidas e manuten\u00e7\u00e3o).<\/p>\n<\/div>\n<\/div>","protected":false},"excerpt":{"rendered":"<p>Fornecer conhecimentos sobre manuten\u00e7\u00e3o geral, conceitos de vapor e condensados<\/p>\n<h4>Datas<\/h4>\n<div id=\"popup\" class=\"d-none\">\n<div class=\"content-popup\">\n<div class=\"close\"><a id=\"close\" href=\"#\">\u00d7<\/a><\/div>\n<div>\n<h3 style=\"padding: 10px;\">PR\u00c9-REGISTO AQUI<\/h3>\n<p><script src=\"\/\/solutions.spiraxsarco.com\/js\/forms2\/js\/forms2.min.js\"><\/script> <\/p>\n<form id=\"mktoForm_3785\" action=\"\"><input type=\"hidden\" name=\"trp-form-language\" value=\"pt\"\/><\/form>\n<p> <script>MktoForms2.loadForm(\"\/\/solutions.spiraxsarco.com\", \"680-RYI-639\", 3785);<\/script><\/p>\n<div style=\"float: left; width: 100%;\"><\/div>\n<\/div>\n<\/div>\n<\/div>\n<div class=\"popup-overlay\"><\/div>","protected":false},"featured_media":26812,"template":"","meta":{"_acf_changed":false,"_genesis_hide_title":false,"_genesis_hide_breadcrumbs":false,"_genesis_hide_singular_image":false,"_genesis_hide_footer_widgets":false,"_genesis_custom_body_class":"","_genesis_custom_post_class":"","_genesis_layout":""},"product_brand":[],"product_cat":[134,129],"product_tag":[],"class_list":{"1":"product","2":"type-product","6":"product_cat-cursos","7":"product_cat-formacion-presencial","8":"entry","10":"first","11":"instock","12":"shipping-taxable","13":"product-type-external"},"yoast_head":"<!-- This site is optimized with the Yoast SEO plugin v27.3 - https:\/\/yoast.com\/product\/yoast-seo-wordpress\/ -->\n<title>MSVC | Curso Presencial Mantenimiento de los Sistemas de Vapor y Condensado - Vapor para la Industria<\/title>\n<meta name=\"robots\" content=\"index, follow, max-snippet:-1, max-image-preview:large, max-video-preview:-1\" \/>\n<link rel=\"canonical\" href=\"https:\/\/vaporparalaindustria.com\/pt\/produto\/curso-presencial-mantenimiento-de-los-sistemas-de-vapor-y-condensado\/\" \/>\n<meta property=\"og:locale\" content=\"pt_PT\" \/>\n<meta property=\"og:type\" content=\"article\" \/>\n<meta property=\"og:title\" content=\"MSVC | Curso Presencial Mantenimiento de los Sistemas de Vapor y Condensado - Vapor para la Industria\" \/>\n<meta property=\"og:description\" content=\"Proporcionar conocimiento de los conceptos generales de mantenimiento, del vapor y el condensado Fechas   \u00d7  PREINSCRIBASE AQU\u00cd\" \/>\n<meta property=\"og:url\" content=\"https:\/\/vaporparalaindustria.com\/pt\/produto\/curso-presencial-mantenimiento-de-los-sistemas-de-vapor-y-condensado\/\" \/>\n<meta property=\"og:site_name\" content=\"Vapor para la Industria\" \/>\n<meta property=\"article:modified_time\" content=\"2026-02-03T15:09:48+00:00\" \/>\n<meta property=\"og:image\" content=\"https:\/\/vaporparalaindustria.com\/wp-content\/uploads\/2022\/01\/Mantenimiento-de-los-Sistemas-de-Vapor-y-condensado.jpg\" \/>\n\t<meta property=\"og:image:width\" content=\"1260\" \/>\n\t<meta property=\"og:image:height\" content=\"1050\" \/>\n\t<meta property=\"og:image:type\" content=\"image\/jpeg\" \/>\n<meta name=\"twitter:card\" content=\"summary_large_image\" \/>\n<meta name=\"twitter:label1\" content=\"Tempo estimado de leitura\" \/>\n\t<meta name=\"twitter:data1\" content=\"1 minuto\" \/>\n<script type=\"application\/ld+json\" class=\"yoast-schema-graph\">{\"@context\":\"https:\\\/\\\/schema.org\",\"@graph\":[{\"@type\":\"WebPage\",\"@id\":\"https:\\\/\\\/vaporparalaindustria.com\\\/producto\\\/curso-presencial-mantenimiento-de-los-sistemas-de-vapor-y-condensado\\\/\",\"url\":\"https:\\\/\\\/vaporparalaindustria.com\\\/producto\\\/curso-presencial-mantenimiento-de-los-sistemas-de-vapor-y-condensado\\\/\",\"name\":\"MSVC | Curso Presencial Mantenimiento de los Sistemas de Vapor y Condensado - Vapor para la Industria\",\"isPartOf\":{\"@id\":\"https:\\\/\\\/vaporparalaindustria.com\\\/#website\"},\"primaryImageOfPage\":{\"@id\":\"https:\\\/\\\/vaporparalaindustria.com\\\/producto\\\/curso-presencial-mantenimiento-de-los-sistemas-de-vapor-y-condensado\\\/#primaryimage\"},\"image\":{\"@id\":\"https:\\\/\\\/vaporparalaindustria.com\\\/producto\\\/curso-presencial-mantenimiento-de-los-sistemas-de-vapor-y-condensado\\\/#primaryimage\"},\"thumbnailUrl\":\"https:\\\/\\\/vaporparalaindustria.com\\\/wp-content\\\/uploads\\\/2022\\\/01\\\/Mantenimiento-de-los-Sistemas-de-Vapor-y-condensado.jpg\",\"datePublished\":\"2022-01-07T10:31:06+00:00\",\"dateModified\":\"2026-02-03T15:09:48+00:00\",\"breadcrumb\":{\"@id\":\"https:\\\/\\\/vaporparalaindustria.com\\\/producto\\\/curso-presencial-mantenimiento-de-los-sistemas-de-vapor-y-condensado\\\/#breadcrumb\"},\"inLanguage\":\"pt-PT\",\"potentialAction\":[{\"@type\":\"ReadAction\",\"target\":[\"https:\\\/\\\/vaporparalaindustria.com\\\/producto\\\/curso-presencial-mantenimiento-de-los-sistemas-de-vapor-y-condensado\\\/\"]}]},{\"@type\":\"ImageObject\",\"inLanguage\":\"pt-PT\",\"@id\":\"https:\\\/\\\/vaporparalaindustria.com\\\/producto\\\/curso-presencial-mantenimiento-de-los-sistemas-de-vapor-y-condensado\\\/#primaryimage\",\"url\":\"https:\\\/\\\/vaporparalaindustria.com\\\/wp-content\\\/uploads\\\/2022\\\/01\\\/Mantenimiento-de-los-Sistemas-de-Vapor-y-condensado.jpg\",\"contentUrl\":\"https:\\\/\\\/vaporparalaindustria.com\\\/wp-content\\\/uploads\\\/2022\\\/01\\\/Mantenimiento-de-los-Sistemas-de-Vapor-y-condensado.jpg\",\"width\":1260,\"height\":1050},{\"@type\":\"BreadcrumbList\",\"@id\":\"https:\\\/\\\/vaporparalaindustria.com\\\/producto\\\/curso-presencial-mantenimiento-de-los-sistemas-de-vapor-y-condensado\\\/#breadcrumb\",\"itemListElement\":[{\"@type\":\"ListItem\",\"position\":1,\"name\":\"Portada\",\"item\":\"https:\\\/\\\/vaporparalaindustria.com\\\/\"},{\"@type\":\"ListItem\",\"position\":2,\"name\":\"Tienda\",\"item\":\"https:\\\/\\\/vaporparalaindustria.com\\\/tienda\\\/\"},{\"@type\":\"ListItem\",\"position\":3,\"name\":\"MSVC | Curso Presencial Mantenimiento de los Sistemas de Vapor y Condensado\"}]},{\"@type\":\"WebSite\",\"@id\":\"https:\\\/\\\/vaporparalaindustria.com\\\/#website\",\"url\":\"https:\\\/\\\/vaporparalaindustria.com\\\/\",\"name\":\"Vapor para la Industria\",\"description\":\"Gesti\u00f3n Eficiente de los Sistemas de Vapor\",\"publisher\":{\"@id\":\"https:\\\/\\\/vaporparalaindustria.com\\\/#organization\"},\"potentialAction\":[{\"@type\":\"SearchAction\",\"target\":{\"@type\":\"EntryPoint\",\"urlTemplate\":\"https:\\\/\\\/vaporparalaindustria.com\\\/?s={search_term_string}\"},\"query-input\":{\"@type\":\"PropertyValueSpecification\",\"valueRequired\":true,\"valueName\":\"search_term_string\"}}],\"inLanguage\":\"pt-PT\"},{\"@type\":\"Organization\",\"@id\":\"https:\\\/\\\/vaporparalaindustria.com\\\/#organization\",\"name\":\"Vapor para la Industria\",\"url\":\"https:\\\/\\\/vaporparalaindustria.com\\\/\",\"logo\":{\"@type\":\"ImageObject\",\"inLanguage\":\"pt-PT\",\"@id\":\"https:\\\/\\\/vaporparalaindustria.com\\\/#\\\/schema\\\/logo\\\/image\\\/\",\"url\":\"https:\\\/\\\/vaporparalaindustria.com\\\/wp-content\\\/uploads\\\/2017\\\/10\\\/LogoBlogBLANCO-FINAL_VAPOR-PARA-LA-INDUSTRIA-e1499957507814.png\",\"contentUrl\":\"https:\\\/\\\/vaporparalaindustria.com\\\/wp-content\\\/uploads\\\/2017\\\/10\\\/LogoBlogBLANCO-FINAL_VAPOR-PARA-LA-INDUSTRIA-e1499957507814.png\",\"width\":300,\"height\":117,\"caption\":\"Vapor para la Industria\"},\"image\":{\"@id\":\"https:\\\/\\\/vaporparalaindustria.com\\\/#\\\/schema\\\/logo\\\/image\\\/\"}}]}<\/script>\n<!-- \/ Yoast SEO plugin. -->","yoast_head_json":{"title":"MSVC | Curso Presencial Mantenimiento de los Sistemas de Vapor y Condensado - Vapor para la Industria","robots":{"index":"index","follow":"follow","max-snippet":"max-snippet:-1","max-image-preview":"max-image-preview:large","max-video-preview":"max-video-preview:-1"},"canonical":"https:\/\/vaporparalaindustria.com\/pt\/produto\/curso-presencial-mantenimiento-de-los-sistemas-de-vapor-y-condensado\/","og_locale":"pt_PT","og_type":"article","og_title":"MSVC | Curso Presencial Mantenimiento de los Sistemas de Vapor y Condensado - Vapor para la Industria","og_description":"Proporcionar conocimiento de los conceptos generales de mantenimiento, del vapor y el condensado Fechas   \u00d7  PREINSCRIBASE AQU\u00cd","og_url":"https:\/\/vaporparalaindustria.com\/pt\/produto\/curso-presencial-mantenimiento-de-los-sistemas-de-vapor-y-condensado\/","og_site_name":"Vapor para la Industria","article_modified_time":"2026-02-03T15:09:48+00:00","og_image":[{"width":1260,"height":1050,"url":"https:\/\/vaporparalaindustria.com\/wp-content\/uploads\/2022\/01\/Mantenimiento-de-los-Sistemas-de-Vapor-y-condensado.jpg","type":"image\/jpeg"}],"twitter_card":"summary_large_image","twitter_misc":{"Tempo estimado de leitura":"1 minuto"},"schema":{"@context":"https:\/\/schema.org","@graph":[{"@type":"WebPage","@id":"https:\/\/vaporparalaindustria.com\/producto\/curso-presencial-mantenimiento-de-los-sistemas-de-vapor-y-condensado\/","url":"https:\/\/vaporparalaindustria.com\/producto\/curso-presencial-mantenimiento-de-los-sistemas-de-vapor-y-condensado\/","name":"MSVC | Curso Presencial Mantenimiento de los Sistemas de Vapor y Condensado - Vapor para la Industria","isPartOf":{"@id":"https:\/\/vaporparalaindustria.com\/#website"},"primaryImageOfPage":{"@id":"https:\/\/vaporparalaindustria.com\/producto\/curso-presencial-mantenimiento-de-los-sistemas-de-vapor-y-condensado\/#primaryimage"},"image":{"@id":"https:\/\/vaporparalaindustria.com\/producto\/curso-presencial-mantenimiento-de-los-sistemas-de-vapor-y-condensado\/#primaryimage"},"thumbnailUrl":"https:\/\/vaporparalaindustria.com\/wp-content\/uploads\/2022\/01\/Mantenimiento-de-los-Sistemas-de-Vapor-y-condensado.jpg","datePublished":"2022-01-07T10:31:06+00:00","dateModified":"2026-02-03T15:09:48+00:00","breadcrumb":{"@id":"https:\/\/vaporparalaindustria.com\/producto\/curso-presencial-mantenimiento-de-los-sistemas-de-vapor-y-condensado\/#breadcrumb"},"inLanguage":"pt-PT","potentialAction":[{"@type":"ReadAction","target":["https:\/\/vaporparalaindustria.com\/producto\/curso-presencial-mantenimiento-de-los-sistemas-de-vapor-y-condensado\/"]}]},{"@type":"ImageObject","inLanguage":"pt-PT","@id":"https:\/\/vaporparalaindustria.com\/producto\/curso-presencial-mantenimiento-de-los-sistemas-de-vapor-y-condensado\/#primaryimage","url":"https:\/\/vaporparalaindustria.com\/wp-content\/uploads\/2022\/01\/Mantenimiento-de-los-Sistemas-de-Vapor-y-condensado.jpg","contentUrl":"https:\/\/vaporparalaindustria.com\/wp-content\/uploads\/2022\/01\/Mantenimiento-de-los-Sistemas-de-Vapor-y-condensado.jpg","width":1260,"height":1050},{"@type":"BreadcrumbList","@id":"https:\/\/vaporparalaindustria.com\/producto\/curso-presencial-mantenimiento-de-los-sistemas-de-vapor-y-condensado\/#breadcrumb","itemListElement":[{"@type":"ListItem","position":1,"name":"Portada","item":"https:\/\/vaporparalaindustria.com\/"},{"@type":"ListItem","position":2,"name":"Tienda","item":"https:\/\/vaporparalaindustria.com\/tienda\/"},{"@type":"ListItem","position":3,"name":"MSVC | Curso Presencial Mantenimiento de los Sistemas de Vapor y Condensado"}]},{"@type":"WebSite","@id":"https:\/\/vaporparalaindustria.com\/#website","url":"https:\/\/vaporparalaindustria.com\/","name":"Vapor para a Ind\u00fastria","description":"Gest\u00e3o Eficiente de Sistemas a Vapor","publisher":{"@id":"https:\/\/vaporparalaindustria.com\/#organization"},"potentialAction":[{"@type":"SearchAction","target":{"@type":"EntryPoint","urlTemplate":"https:\/\/vaporparalaindustria.com\/?s={search_term_string}"},"query-input":{"@type":"PropertyValueSpecification","valueRequired":true,"valueName":"search_term_string"}}],"inLanguage":"pt-PT"},{"@type":"Organization","@id":"https:\/\/vaporparalaindustria.com\/#organization","name":"Vapor para a Ind\u00fastria","url":"https:\/\/vaporparalaindustria.com\/","logo":{"@type":"ImageObject","inLanguage":"pt-PT","@id":"https:\/\/vaporparalaindustria.com\/#\/schema\/logo\/image\/","url":"https:\/\/vaporparalaindustria.com\/wp-content\/uploads\/2017\/10\/LogoBlogBLANCO-FINAL_VAPOR-PARA-LA-INDUSTRIA-e1499957507814.png","contentUrl":"https:\/\/vaporparalaindustria.com\/wp-content\/uploads\/2017\/10\/LogoBlogBLANCO-FINAL_VAPOR-PARA-LA-INDUSTRIA-e1499957507814.png","width":300,"height":117,"caption":"Vapor para la Industria"},"image":{"@id":"https:\/\/vaporparalaindustria.com\/#\/schema\/logo\/image\/"}}]}},"acf":[],"_links":{"self":[{"href":"https:\/\/vaporparalaindustria.com\/pt\/wp-json\/wp\/v2\/product\/26480","targetHints":{"allow":["GET"]}}],"collection":[{"href":"https:\/\/vaporparalaindustria.com\/pt\/wp-json\/wp\/v2\/product"}],"about":[{"href":"https:\/\/vaporparalaindustria.com\/pt\/wp-json\/wp\/v2\/types\/product"}],"wp:featuredmedia":[{"embeddable":true,"href":"https:\/\/vaporparalaindustria.com\/pt\/wp-json\/wp\/v2\/media\/26812"}],"wp:attachment":[{"href":"https:\/\/vaporparalaindustria.com\/pt\/wp-json\/wp\/v2\/media?parent=26480"}],"wp:term":[{"taxonomy":"product_brand","embeddable":true,"href":"https:\/\/vaporparalaindustria.com\/pt\/wp-json\/wp\/v2\/product_brand?post=26480"},{"taxonomy":"product_cat","embeddable":true,"href":"https:\/\/vaporparalaindustria.com\/pt\/wp-json\/wp\/v2\/product_cat?post=26480"},{"taxonomy":"product_tag","embeddable":true,"href":"https:\/\/vaporparalaindustria.com\/pt\/wp-json\/wp\/v2\/product_tag?post=26480"}],"curies":[{"name":"wp","href":"https:\/\/api.w.org\/{rel}","templated":true}]}}