{"id":26447,"date":"2021-11-18T10:49:54","date_gmt":"2021-11-18T09:49:54","guid":{"rendered":"https:\/\/vaporparalaindustria.com\/?post_type=product&#038;p=26447"},"modified":"2024-07-17T15:55:40","modified_gmt":"2024-07-17T14:55:40","slug":"calculador-riesgo-de-contaminacion-para-industria-alimentaria","status":"publish","type":"product","link":"https:\/\/vaporparalaindustria.com\/pt\/produto\/calculador-riesgo-de-contaminacion-para-industria-alimentaria\/","title":{"rendered":"CALCULADOR DE RISCO DE CONTAMINA\u00c7\u00c3O PARA A IND\u00daSTRIA ALIMENTAR"},"content":{"rendered":"","protected":false},"excerpt":{"rendered":"","protected":false},"featured_media":26448,"template":"","meta":{"_acf_changed":false,"_genesis_hide_title":false,"_genesis_hide_breadcrumbs":false,"_genesis_hide_singular_image":false,"_genesis_hide_footer_widgets":false,"_genesis_custom_body_class":"","_genesis_custom_post_class":"","_genesis_layout":""},"product_brand":[],"product_cat":[123],"product_tag":[],"class_list":{"1":"product","2":"type-product","6":"product_cat-calculador","7":"entry","9":"first","10":"instock","11":"shipping-taxable","12":"product-type-external"},"yoast_head":"<!-- This site is optimized with the Yoast SEO plugin v27.3 - https:\/\/yoast.com\/product\/yoast-seo-wordpress\/ -->\n<title>Calculador riesgo de contaminaci\u00f3n para la industria alimentaria<\/title>\n<meta name=\"description\" content=\"Nuestro calculador de riesgo de contaminaci\u00f3n le har\u00e1 14 preguntas para estimar su nivel de riesgo de contaminaci\u00f3n como ALTO, MEDIO o BAJO. Solo le tomar\u00e1 5 MINUTOS descubrir su calificaci\u00f3n de riesgo, \u00a1as\u00ed que comencemos!\" \/>\n<meta name=\"robots\" content=\"index, follow, max-snippet:-1, max-image-preview:large, max-video-preview:-1\" \/>\n<link rel=\"canonical\" href=\"https:\/\/vaporparalaindustria.com\/pt\/produto\/calculador-riesgo-de-contaminacion-para-industria-alimentaria\/\" \/>\n<meta property=\"og:locale\" content=\"pt_PT\" \/>\n<meta property=\"og:type\" content=\"article\" \/>\n<meta property=\"og:title\" content=\"Calculador riesgo de contaminaci\u00f3n para la industria alimentaria\" \/>\n<meta property=\"og:description\" content=\"Nuestro calculador de riesgo de contaminaci\u00f3n le har\u00e1 14 preguntas para estimar su nivel de riesgo de contaminaci\u00f3n como ALTO, MEDIO o BAJO. Solo le tomar\u00e1 5 MINUTOS descubrir su calificaci\u00f3n de riesgo, \u00a1as\u00ed que comencemos!\" \/>\n<meta property=\"og:url\" content=\"https:\/\/vaporparalaindustria.com\/pt\/produto\/calculador-riesgo-de-contaminacion-para-industria-alimentaria\/\" \/>\n<meta property=\"og:site_name\" content=\"Vapor para la Industria\" \/>\n<meta property=\"article:modified_time\" content=\"2024-07-17T14:55:40+00:00\" \/>\n<meta property=\"og:image\" content=\"https:\/\/vaporparalaindustria.com\/wp-content\/uploads\/2021\/11\/Calculadora-riesgo-de-contaminacio\u0301n-para-la-industria-alimentaria.jpg\" \/>\n\t<meta property=\"og:image:width\" content=\"1200\" \/>\n\t<meta property=\"og:image:height\" content=\"628\" \/>\n\t<meta property=\"og:image:type\" content=\"image\/jpeg\" \/>\n<meta name=\"twitter:card\" content=\"summary_large_image\" \/>\n<meta name=\"twitter:label1\" content=\"Tempo estimado de leitura\" \/>\n\t<meta name=\"twitter:data1\" content=\"1 minuto\" \/>\n<script type=\"application\/ld+json\" class=\"yoast-schema-graph\">{\"@context\":\"https:\\\/\\\/schema.org\",\"@graph\":[{\"@type\":\"WebPage\",\"@id\":\"https:\\\/\\\/vaporparalaindustria.com\\\/producto\\\/calculador-riesgo-de-contaminacion-para-industria-alimentaria\\\/\",\"url\":\"https:\\\/\\\/vaporparalaindustria.com\\\/producto\\\/calculador-riesgo-de-contaminacion-para-industria-alimentaria\\\/\",\"name\":\"Calculador riesgo de contaminaci\u00f3n para la industria alimentaria\",\"isPartOf\":{\"@id\":\"https:\\\/\\\/vaporparalaindustria.com\\\/#website\"},\"primaryImageOfPage\":{\"@id\":\"https:\\\/\\\/vaporparalaindustria.com\\\/producto\\\/calculador-riesgo-de-contaminacion-para-industria-alimentaria\\\/#primaryimage\"},\"image\":{\"@id\":\"https:\\\/\\\/vaporparalaindustria.com\\\/producto\\\/calculador-riesgo-de-contaminacion-para-industria-alimentaria\\\/#primaryimage\"},\"thumbnailUrl\":\"https:\\\/\\\/vaporparalaindustria.com\\\/wp-content\\\/uploads\\\/2021\\\/11\\\/Calculadora-riesgo-de-contaminacio\u0301n-para-la-industria-alimentaria.jpg\",\"datePublished\":\"2021-11-18T09:49:54+00:00\",\"dateModified\":\"2024-07-17T14:55:40+00:00\",\"description\":\"Nuestro calculador de riesgo de contaminaci\u00f3n le har\u00e1 14 preguntas para estimar su nivel de riesgo de contaminaci\u00f3n como ALTO, MEDIO o BAJO. Solo le tomar\u00e1 5 MINUTOS descubrir su calificaci\u00f3n de riesgo, \u00a1as\u00ed que comencemos!\",\"breadcrumb\":{\"@id\":\"https:\\\/\\\/vaporparalaindustria.com\\\/producto\\\/calculador-riesgo-de-contaminacion-para-industria-alimentaria\\\/#breadcrumb\"},\"inLanguage\":\"pt-PT\",\"potentialAction\":[{\"@type\":\"ReadAction\",\"target\":[\"https:\\\/\\\/vaporparalaindustria.com\\\/producto\\\/calculador-riesgo-de-contaminacion-para-industria-alimentaria\\\/\"]}]},{\"@type\":\"ImageObject\",\"inLanguage\":\"pt-PT\",\"@id\":\"https:\\\/\\\/vaporparalaindustria.com\\\/producto\\\/calculador-riesgo-de-contaminacion-para-industria-alimentaria\\\/#primaryimage\",\"url\":\"https:\\\/\\\/vaporparalaindustria.com\\\/wp-content\\\/uploads\\\/2021\\\/11\\\/Calculadora-riesgo-de-contaminacio\u0301n-para-la-industria-alimentaria.jpg\",\"contentUrl\":\"https:\\\/\\\/vaporparalaindustria.com\\\/wp-content\\\/uploads\\\/2021\\\/11\\\/Calculadora-riesgo-de-contaminacio\u0301n-para-la-industria-alimentaria.jpg\",\"width\":1200,\"height\":628},{\"@type\":\"BreadcrumbList\",\"@id\":\"https:\\\/\\\/vaporparalaindustria.com\\\/producto\\\/calculador-riesgo-de-contaminacion-para-industria-alimentaria\\\/#breadcrumb\",\"itemListElement\":[{\"@type\":\"ListItem\",\"position\":1,\"name\":\"Portada\",\"item\":\"https:\\\/\\\/vaporparalaindustria.com\\\/\"},{\"@type\":\"ListItem\",\"position\":2,\"name\":\"Tienda\",\"item\":\"https:\\\/\\\/vaporparalaindustria.com\\\/tienda\\\/\"},{\"@type\":\"ListItem\",\"position\":3,\"name\":\"CALCULADORA RIESGO DE CONTAMINACI\u00d3N PARA INDUSTRIA ALIMENTARIA\"}]},{\"@type\":\"WebSite\",\"@id\":\"https:\\\/\\\/vaporparalaindustria.com\\\/#website\",\"url\":\"https:\\\/\\\/vaporparalaindustria.com\\\/\",\"name\":\"Vapor para la Industria\",\"description\":\"Gesti\u00f3n Eficiente de los Sistemas de Vapor\",\"publisher\":{\"@id\":\"https:\\\/\\\/vaporparalaindustria.com\\\/#organization\"},\"potentialAction\":[{\"@type\":\"SearchAction\",\"target\":{\"@type\":\"EntryPoint\",\"urlTemplate\":\"https:\\\/\\\/vaporparalaindustria.com\\\/?s={search_term_string}\"},\"query-input\":{\"@type\":\"PropertyValueSpecification\",\"valueRequired\":true,\"valueName\":\"search_term_string\"}}],\"inLanguage\":\"pt-PT\"},{\"@type\":\"Organization\",\"@id\":\"https:\\\/\\\/vaporparalaindustria.com\\\/#organization\",\"name\":\"Vapor para la Industria\",\"url\":\"https:\\\/\\\/vaporparalaindustria.com\\\/\",\"logo\":{\"@type\":\"ImageObject\",\"inLanguage\":\"pt-PT\",\"@id\":\"https:\\\/\\\/vaporparalaindustria.com\\\/#\\\/schema\\\/logo\\\/image\\\/\",\"url\":\"https:\\\/\\\/vaporparalaindustria.com\\\/wp-content\\\/uploads\\\/2017\\\/10\\\/LogoBlogBLANCO-FINAL_VAPOR-PARA-LA-INDUSTRIA-e1499957507814.png\",\"contentUrl\":\"https:\\\/\\\/vaporparalaindustria.com\\\/wp-content\\\/uploads\\\/2017\\\/10\\\/LogoBlogBLANCO-FINAL_VAPOR-PARA-LA-INDUSTRIA-e1499957507814.png\",\"width\":300,\"height\":117,\"caption\":\"Vapor para la Industria\"},\"image\":{\"@id\":\"https:\\\/\\\/vaporparalaindustria.com\\\/#\\\/schema\\\/logo\\\/image\\\/\"}}]}<\/script>\n<!-- \/ Yoast SEO plugin. -->","yoast_head_json":{"title":"Calculador riesgo de contaminaci\u00f3n para la industria alimentaria","description":"Nuestro calculador de riesgo de contaminaci\u00f3n le har\u00e1 14 preguntas para estimar su nivel de riesgo de contaminaci\u00f3n como ALTO, MEDIO o BAJO. Solo le tomar\u00e1 5 MINUTOS descubrir su calificaci\u00f3n de riesgo, \u00a1as\u00ed que comencemos!","robots":{"index":"index","follow":"follow","max-snippet":"max-snippet:-1","max-image-preview":"max-image-preview:large","max-video-preview":"max-video-preview:-1"},"canonical":"https:\/\/vaporparalaindustria.com\/pt\/produto\/calculador-riesgo-de-contaminacion-para-industria-alimentaria\/","og_locale":"pt_PT","og_type":"article","og_title":"Calculador riesgo de contaminaci\u00f3n para la industria alimentaria","og_description":"Nuestro calculador de riesgo de contaminaci\u00f3n le har\u00e1 14 preguntas para estimar su nivel de riesgo de contaminaci\u00f3n como ALTO, MEDIO o BAJO. Solo le tomar\u00e1 5 MINUTOS descubrir su calificaci\u00f3n de riesgo, \u00a1as\u00ed que comencemos!","og_url":"https:\/\/vaporparalaindustria.com\/pt\/produto\/calculador-riesgo-de-contaminacion-para-industria-alimentaria\/","og_site_name":"Vapor para la Industria","article_modified_time":"2024-07-17T14:55:40+00:00","og_image":[{"width":1200,"height":628,"url":"https:\/\/vaporparalaindustria.com\/wp-content\/uploads\/2021\/11\/Calculadora-riesgo-de-contaminacio\u0301n-para-la-industria-alimentaria.jpg","type":"image\/jpeg"}],"twitter_card":"summary_large_image","twitter_misc":{"Tempo estimado de leitura":"1 minuto"},"schema":{"@context":"https:\/\/schema.org","@graph":[{"@type":"WebPage","@id":"https:\/\/vaporparalaindustria.com\/producto\/calculador-riesgo-de-contaminacion-para-industria-alimentaria\/","url":"https:\/\/vaporparalaindustria.com\/producto\/calculador-riesgo-de-contaminacion-para-industria-alimentaria\/","name":"Calculador riesgo de contaminaci\u00f3n para la industria alimentaria","isPartOf":{"@id":"https:\/\/vaporparalaindustria.com\/#website"},"primaryImageOfPage":{"@id":"https:\/\/vaporparalaindustria.com\/producto\/calculador-riesgo-de-contaminacion-para-industria-alimentaria\/#primaryimage"},"image":{"@id":"https:\/\/vaporparalaindustria.com\/producto\/calculador-riesgo-de-contaminacion-para-industria-alimentaria\/#primaryimage"},"thumbnailUrl":"https:\/\/vaporparalaindustria.com\/wp-content\/uploads\/2021\/11\/Calculadora-riesgo-de-contaminacio\u0301n-para-la-industria-alimentaria.jpg","datePublished":"2021-11-18T09:49:54+00:00","dateModified":"2024-07-17T14:55:40+00:00","description":"Nuestro calculador de riesgo de contaminaci\u00f3n le har\u00e1 14 preguntas para estimar su nivel de riesgo de contaminaci\u00f3n como ALTO, MEDIO o BAJO. Solo le tomar\u00e1 5 MINUTOS descubrir su calificaci\u00f3n de riesgo, \u00a1as\u00ed que comencemos!","breadcrumb":{"@id":"https:\/\/vaporparalaindustria.com\/producto\/calculador-riesgo-de-contaminacion-para-industria-alimentaria\/#breadcrumb"},"inLanguage":"pt-PT","potentialAction":[{"@type":"ReadAction","target":["https:\/\/vaporparalaindustria.com\/producto\/calculador-riesgo-de-contaminacion-para-industria-alimentaria\/"]}]},{"@type":"ImageObject","inLanguage":"pt-PT","@id":"https:\/\/vaporparalaindustria.com\/producto\/calculador-riesgo-de-contaminacion-para-industria-alimentaria\/#primaryimage","url":"https:\/\/vaporparalaindustria.com\/wp-content\/uploads\/2021\/11\/Calculadora-riesgo-de-contaminacio\u0301n-para-la-industria-alimentaria.jpg","contentUrl":"https:\/\/vaporparalaindustria.com\/wp-content\/uploads\/2021\/11\/Calculadora-riesgo-de-contaminacio\u0301n-para-la-industria-alimentaria.jpg","width":1200,"height":628},{"@type":"BreadcrumbList","@id":"https:\/\/vaporparalaindustria.com\/producto\/calculador-riesgo-de-contaminacion-para-industria-alimentaria\/#breadcrumb","itemListElement":[{"@type":"ListItem","position":1,"name":"Portada","item":"https:\/\/vaporparalaindustria.com\/"},{"@type":"ListItem","position":2,"name":"Tienda","item":"https:\/\/vaporparalaindustria.com\/tienda\/"},{"@type":"ListItem","position":3,"name":"CALCULADORA RIESGO DE CONTAMINACI\u00d3N PARA INDUSTRIA ALIMENTARIA"}]},{"@type":"WebSite","@id":"https:\/\/vaporparalaindustria.com\/#website","url":"https:\/\/vaporparalaindustria.com\/","name":"Vapor para a Ind\u00fastria","description":"Gest\u00e3o Eficiente de Sistemas a Vapor","publisher":{"@id":"https:\/\/vaporparalaindustria.com\/#organization"},"potentialAction":[{"@type":"SearchAction","target":{"@type":"EntryPoint","urlTemplate":"https:\/\/vaporparalaindustria.com\/?s={search_term_string}"},"query-input":{"@type":"PropertyValueSpecification","valueRequired":true,"valueName":"search_term_string"}}],"inLanguage":"pt-PT"},{"@type":"Organization","@id":"https:\/\/vaporparalaindustria.com\/#organization","name":"Vapor para a Ind\u00fastria","url":"https:\/\/vaporparalaindustria.com\/","logo":{"@type":"ImageObject","inLanguage":"pt-PT","@id":"https:\/\/vaporparalaindustria.com\/#\/schema\/logo\/image\/","url":"https:\/\/vaporparalaindustria.com\/wp-content\/uploads\/2017\/10\/LogoBlogBLANCO-FINAL_VAPOR-PARA-LA-INDUSTRIA-e1499957507814.png","contentUrl":"https:\/\/vaporparalaindustria.com\/wp-content\/uploads\/2017\/10\/LogoBlogBLANCO-FINAL_VAPOR-PARA-LA-INDUSTRIA-e1499957507814.png","width":300,"height":117,"caption":"Vapor para la Industria"},"image":{"@id":"https:\/\/vaporparalaindustria.com\/#\/schema\/logo\/image\/"}}]}},"acf":[],"_links":{"self":[{"href":"https:\/\/vaporparalaindustria.com\/pt\/wp-json\/wp\/v2\/product\/26447","targetHints":{"allow":["GET"]}}],"collection":[{"href":"https:\/\/vaporparalaindustria.com\/pt\/wp-json\/wp\/v2\/product"}],"about":[{"href":"https:\/\/vaporparalaindustria.com\/pt\/wp-json\/wp\/v2\/types\/product"}],"wp:featuredmedia":[{"embeddable":true,"href":"https:\/\/vaporparalaindustria.com\/pt\/wp-json\/wp\/v2\/media\/26448"}],"wp:attachment":[{"href":"https:\/\/vaporparalaindustria.com\/pt\/wp-json\/wp\/v2\/media?parent=26447"}],"wp:term":[{"taxonomy":"product_brand","embeddable":true,"href":"https:\/\/vaporparalaindustria.com\/pt\/wp-json\/wp\/v2\/product_brand?post=26447"},{"taxonomy":"product_cat","embeddable":true,"href":"https:\/\/vaporparalaindustria.com\/pt\/wp-json\/wp\/v2\/product_cat?post=26447"},{"taxonomy":"product_tag","embeddable":true,"href":"https:\/\/vaporparalaindustria.com\/pt\/wp-json\/wp\/v2\/product_tag?post=26447"}],"curies":[{"name":"wp","href":"https:\/\/api.w.org\/{rel}","templated":true}]}}