{"id":26263,"date":"2021-10-25T12:52:04","date_gmt":"2021-10-25T11:52:04","guid":{"rendered":"https:\/\/vaporparalaindustria.com\/?post_type=product&#038;p=26263"},"modified":"2023-10-25T10:56:26","modified_gmt":"2023-10-25T09:56:26","slug":"webinar-replay-valvulas-de-control-spira-trol","status":"publish","type":"product","link":"https:\/\/vaporparalaindustria.com\/pt\/produto\/webinar-replay-valvulas-de-control-spira-trol\/","title":{"rendered":"Replay Webinar V\u00e1lvulas de controle Spira-Trol com assento revers\u00edvel a vapor"},"content":{"rendered":"","protected":false},"excerpt":{"rendered":"<p>APRESENTADO POR:<\/p>\n<p class=\"XzvDs _208Ie _1atvN _2QAo- _25MYV _2WrB- _1atvN public-DraftStyleDefault-block-depth0 public-DraftStyleDefault-text-ltr\">Francisco J. Rodr\u00edguez<\/p>\n<p>08.07.2021<\/p>","protected":false},"featured_media":26264,"template":"","meta":{"_acf_changed":false,"_genesis_hide_title":false,"_genesis_hide_breadcrumbs":false,"_genesis_hide_singular_image":false,"_genesis_hide_footer_widgets":false,"_genesis_custom_body_class":"","_genesis_custom_post_class":"","_genesis_layout":"wide-content"},"product_brand":[],"product_cat":[110],"product_tag":[125],"class_list":{"1":"product","2":"type-product","6":"product_cat-webinars","7":"product_tag-seguridad","8":"entry","10":"first","11":"instock","12":"shipping-taxable","13":"product-type-external"},"yoast_head":"<!-- This site is optimized with the Yoast SEO plugin v27.3 - https:\/\/yoast.com\/product\/yoast-seo-wordpress\/ -->\n<title>Webinar Replay V\u00e1lvulas de Control Spira-Trol con asiento reversible &quot;Steam Tight&quot;<\/title>\n<meta name=\"description\" content=\"A trav\u00e9s de la grabaci\u00f3n de este webinar gratuito, podr\u00e1s conocer la nueva generaci\u00f3n de v\u00e1lvulas de control Spira-trol\u2122 Steam-Tight con asiento reversible de doble funci\u00f3n.\" \/>\n<meta name=\"robots\" content=\"index, follow, max-snippet:-1, max-image-preview:large, max-video-preview:-1\" \/>\n<link rel=\"canonical\" href=\"https:\/\/vaporparalaindustria.com\/pt\/produto\/webinar-replay-valvulas-de-control-spira-trol\/\" \/>\n<meta property=\"og:locale\" content=\"pt_PT\" \/>\n<meta property=\"og:type\" content=\"article\" \/>\n<meta property=\"og:title\" content=\"Webinar Replay V\u00e1lvulas de Control Spira-Trol con asiento reversible &quot;Steam Tight&quot;\" \/>\n<meta property=\"og:description\" content=\"A trav\u00e9s de la grabaci\u00f3n de este webinar gratuito, podr\u00e1s conocer la nueva generaci\u00f3n de v\u00e1lvulas de control Spira-trol\u2122 Steam-Tight con asiento reversible de doble funci\u00f3n.\" \/>\n<meta property=\"og:url\" content=\"https:\/\/vaporparalaindustria.com\/pt\/produto\/webinar-replay-valvulas-de-control-spira-trol\/\" \/>\n<meta property=\"og:site_name\" content=\"Vapor para la Industria\" \/>\n<meta property=\"article:modified_time\" content=\"2023-10-25T09:56:26+00:00\" \/>\n<meta property=\"og:image\" content=\"https:\/\/vaporparalaindustria.com\/wp-content\/uploads\/2021\/10\/WEBINAR-REPLAY-VALVULA-DE-CONTROL-SPIRATROL-CON-ASIENTO-REVERSIBLE-STEAM-TIGHT-1024x541.png\" \/>\n\t<meta property=\"og:image:width\" content=\"1024\" \/>\n\t<meta property=\"og:image:height\" content=\"541\" \/>\n\t<meta property=\"og:image:type\" content=\"image\/png\" \/>\n<meta name=\"twitter:card\" content=\"summary_large_image\" \/>\n<script type=\"application\/ld+json\" class=\"yoast-schema-graph\">{\"@context\":\"https:\\\/\\\/schema.org\",\"@graph\":[{\"@type\":\"WebPage\",\"@id\":\"https:\\\/\\\/vaporparalaindustria.com\\\/producto\\\/webinar-replay-valvulas-de-control-spira-trol\\\/\",\"url\":\"https:\\\/\\\/vaporparalaindustria.com\\\/producto\\\/webinar-replay-valvulas-de-control-spira-trol\\\/\",\"name\":\"Webinar Replay V\u00e1lvulas de Control Spira-Trol con asiento reversible \\\"Steam Tight\\\"\",\"isPartOf\":{\"@id\":\"https:\\\/\\\/vaporparalaindustria.com\\\/#website\"},\"primaryImageOfPage\":{\"@id\":\"https:\\\/\\\/vaporparalaindustria.com\\\/producto\\\/webinar-replay-valvulas-de-control-spira-trol\\\/#primaryimage\"},\"image\":{\"@id\":\"https:\\\/\\\/vaporparalaindustria.com\\\/producto\\\/webinar-replay-valvulas-de-control-spira-trol\\\/#primaryimage\"},\"thumbnailUrl\":\"https:\\\/\\\/vaporparalaindustria.com\\\/wp-content\\\/uploads\\\/2021\\\/10\\\/WEBINAR-REPLAY-VALVULA-DE-CONTROL-SPIRATROL-CON-ASIENTO-REVERSIBLE-STEAM-TIGHT.png\",\"datePublished\":\"2021-10-25T11:52:04+00:00\",\"dateModified\":\"2023-10-25T09:56:26+00:00\",\"description\":\"A trav\u00e9s de la grabaci\u00f3n de este webinar gratuito, podr\u00e1s conocer la nueva generaci\u00f3n de v\u00e1lvulas de control Spira-trol\u2122 Steam-Tight con asiento reversible de doble funci\u00f3n.\",\"breadcrumb\":{\"@id\":\"https:\\\/\\\/vaporparalaindustria.com\\\/producto\\\/webinar-replay-valvulas-de-control-spira-trol\\\/#breadcrumb\"},\"inLanguage\":\"pt-PT\",\"potentialAction\":[{\"@type\":\"ReadAction\",\"target\":[\"https:\\\/\\\/vaporparalaindustria.com\\\/producto\\\/webinar-replay-valvulas-de-control-spira-trol\\\/\"]}]},{\"@type\":\"ImageObject\",\"inLanguage\":\"pt-PT\",\"@id\":\"https:\\\/\\\/vaporparalaindustria.com\\\/producto\\\/webinar-replay-valvulas-de-control-spira-trol\\\/#primaryimage\",\"url\":\"https:\\\/\\\/vaporparalaindustria.com\\\/wp-content\\\/uploads\\\/2021\\\/10\\\/WEBINAR-REPLAY-VALVULA-DE-CONTROL-SPIRATROL-CON-ASIENTO-REVERSIBLE-STEAM-TIGHT.png\",\"contentUrl\":\"https:\\\/\\\/vaporparalaindustria.com\\\/wp-content\\\/uploads\\\/2021\\\/10\\\/WEBINAR-REPLAY-VALVULA-DE-CONTROL-SPIRATROL-CON-ASIENTO-REVERSIBLE-STEAM-TIGHT.png\",\"width\":2440,\"height\":1288,\"caption\":\"WEBINAR REPLAY V\u00c1LVULA DE CONTROL SPIRA-TROL CON ASIENTO REVERSIBLE \\\"STEAM TIGHT\\\"\"},{\"@type\":\"BreadcrumbList\",\"@id\":\"https:\\\/\\\/vaporparalaindustria.com\\\/producto\\\/webinar-replay-valvulas-de-control-spira-trol\\\/#breadcrumb\",\"itemListElement\":[{\"@type\":\"ListItem\",\"position\":1,\"name\":\"Portada\",\"item\":\"https:\\\/\\\/vaporparalaindustria.com\\\/\"},{\"@type\":\"ListItem\",\"position\":2,\"name\":\"Tienda\",\"item\":\"https:\\\/\\\/vaporparalaindustria.com\\\/tienda\\\/\"},{\"@type\":\"ListItem\",\"position\":3,\"name\":\"Webinar Replay V\u00e1lvulas de Control Spira-Trol con asiento reversible \u00abSteam Tight\u00bb\"}]},{\"@type\":\"WebSite\",\"@id\":\"https:\\\/\\\/vaporparalaindustria.com\\\/#website\",\"url\":\"https:\\\/\\\/vaporparalaindustria.com\\\/\",\"name\":\"Vapor para la Industria\",\"description\":\"Gesti\u00f3n Eficiente de los Sistemas de Vapor\",\"publisher\":{\"@id\":\"https:\\\/\\\/vaporparalaindustria.com\\\/#organization\"},\"potentialAction\":[{\"@type\":\"SearchAction\",\"target\":{\"@type\":\"EntryPoint\",\"urlTemplate\":\"https:\\\/\\\/vaporparalaindustria.com\\\/?s={search_term_string}\"},\"query-input\":{\"@type\":\"PropertyValueSpecification\",\"valueRequired\":true,\"valueName\":\"search_term_string\"}}],\"inLanguage\":\"pt-PT\"},{\"@type\":\"Organization\",\"@id\":\"https:\\\/\\\/vaporparalaindustria.com\\\/#organization\",\"name\":\"Vapor para la Industria\",\"url\":\"https:\\\/\\\/vaporparalaindustria.com\\\/\",\"logo\":{\"@type\":\"ImageObject\",\"inLanguage\":\"pt-PT\",\"@id\":\"https:\\\/\\\/vaporparalaindustria.com\\\/#\\\/schema\\\/logo\\\/image\\\/\",\"url\":\"https:\\\/\\\/vaporparalaindustria.com\\\/wp-content\\\/uploads\\\/2017\\\/10\\\/LogoBlogBLANCO-FINAL_VAPOR-PARA-LA-INDUSTRIA-e1499957507814.png\",\"contentUrl\":\"https:\\\/\\\/vaporparalaindustria.com\\\/wp-content\\\/uploads\\\/2017\\\/10\\\/LogoBlogBLANCO-FINAL_VAPOR-PARA-LA-INDUSTRIA-e1499957507814.png\",\"width\":300,\"height\":117,\"caption\":\"Vapor para la Industria\"},\"image\":{\"@id\":\"https:\\\/\\\/vaporparalaindustria.com\\\/#\\\/schema\\\/logo\\\/image\\\/\"}}]}<\/script>\n<!-- \/ Yoast SEO plugin. -->","yoast_head_json":{"title":"Webinar Replay V\u00e1lvulas de Control Spira-Trol con asiento reversible \"Steam Tight\"","description":"Atrav\u00e9s da grava\u00e7\u00e3o deste webinar gratuito, ficar\u00e1 a saber mais sobre a nova gera\u00e7\u00e3o de v\u00e1lvulas de controlo Spira-trol\u2122 Steam-Tight com sede revers\u00edvel de dupla fun\u00e7\u00e3o.","robots":{"index":"index","follow":"follow","max-snippet":"max-snippet:-1","max-image-preview":"max-image-preview:large","max-video-preview":"max-video-preview:-1"},"canonical":"https:\/\/vaporparalaindustria.com\/pt\/produto\/webinar-replay-valvulas-de-control-spira-trol\/","og_locale":"pt_PT","og_type":"article","og_title":"Webinar Replay V\u00e1lvulas de Control Spira-Trol con asiento reversible \"Steam Tight\"","og_description":"A trav\u00e9s de la grabaci\u00f3n de este webinar gratuito, podr\u00e1s conocer la nueva generaci\u00f3n de v\u00e1lvulas de control Spira-trol\u2122 Steam-Tight con asiento reversible de doble funci\u00f3n.","og_url":"https:\/\/vaporparalaindustria.com\/pt\/produto\/webinar-replay-valvulas-de-control-spira-trol\/","og_site_name":"Vapor para la Industria","article_modified_time":"2023-10-25T09:56:26+00:00","og_image":[{"width":1024,"height":541,"url":"https:\/\/vaporparalaindustria.com\/wp-content\/uploads\/2021\/10\/WEBINAR-REPLAY-VALVULA-DE-CONTROL-SPIRATROL-CON-ASIENTO-REVERSIBLE-STEAM-TIGHT-1024x541.png","type":"image\/png"}],"twitter_card":"summary_large_image","schema":{"@context":"https:\/\/schema.org","@graph":[{"@type":"WebPage","@id":"https:\/\/vaporparalaindustria.com\/producto\/webinar-replay-valvulas-de-control-spira-trol\/","url":"https:\/\/vaporparalaindustria.com\/producto\/webinar-replay-valvulas-de-control-spira-trol\/","name":"Webinar Replay V\u00e1lvulas de Control Spira-Trol con asiento reversible \"Steam Tight\"","isPartOf":{"@id":"https:\/\/vaporparalaindustria.com\/#website"},"primaryImageOfPage":{"@id":"https:\/\/vaporparalaindustria.com\/producto\/webinar-replay-valvulas-de-control-spira-trol\/#primaryimage"},"image":{"@id":"https:\/\/vaporparalaindustria.com\/producto\/webinar-replay-valvulas-de-control-spira-trol\/#primaryimage"},"thumbnailUrl":"https:\/\/vaporparalaindustria.com\/wp-content\/uploads\/2021\/10\/WEBINAR-REPLAY-VALVULA-DE-CONTROL-SPIRATROL-CON-ASIENTO-REVERSIBLE-STEAM-TIGHT.png","datePublished":"2021-10-25T11:52:04+00:00","dateModified":"2023-10-25T09:56:26+00:00","description":"Atrav\u00e9s da grava\u00e7\u00e3o deste webinar gratuito, ficar\u00e1 a saber mais sobre a nova gera\u00e7\u00e3o de v\u00e1lvulas de controlo Spira-trol\u2122 Steam-Tight com sede revers\u00edvel de dupla fun\u00e7\u00e3o.","breadcrumb":{"@id":"https:\/\/vaporparalaindustria.com\/producto\/webinar-replay-valvulas-de-control-spira-trol\/#breadcrumb"},"inLanguage":"pt-PT","potentialAction":[{"@type":"ReadAction","target":["https:\/\/vaporparalaindustria.com\/producto\/webinar-replay-valvulas-de-control-spira-trol\/"]}]},{"@type":"ImageObject","inLanguage":"pt-PT","@id":"https:\/\/vaporparalaindustria.com\/producto\/webinar-replay-valvulas-de-control-spira-trol\/#primaryimage","url":"https:\/\/vaporparalaindustria.com\/wp-content\/uploads\/2021\/10\/WEBINAR-REPLAY-VALVULA-DE-CONTROL-SPIRATROL-CON-ASIENTO-REVERSIBLE-STEAM-TIGHT.png","contentUrl":"https:\/\/vaporparalaindustria.com\/wp-content\/uploads\/2021\/10\/WEBINAR-REPLAY-VALVULA-DE-CONTROL-SPIRATROL-CON-ASIENTO-REVERSIBLE-STEAM-TIGHT.png","width":2440,"height":1288,"caption":"WEBINAR REPLAY V\u00c1LVULA DE CONTROL SPIRA-TROL CON ASIENTO REVERSIBLE \"STEAM TIGHT\""},{"@type":"BreadcrumbList","@id":"https:\/\/vaporparalaindustria.com\/producto\/webinar-replay-valvulas-de-control-spira-trol\/#breadcrumb","itemListElement":[{"@type":"ListItem","position":1,"name":"Portada","item":"https:\/\/vaporparalaindustria.com\/"},{"@type":"ListItem","position":2,"name":"Tienda","item":"https:\/\/vaporparalaindustria.com\/tienda\/"},{"@type":"ListItem","position":3,"name":"Webinar Replay V\u00e1lvulas de Control Spira-Trol con asiento reversible \u00abSteam Tight\u00bb"}]},{"@type":"WebSite","@id":"https:\/\/vaporparalaindustria.com\/#website","url":"https:\/\/vaporparalaindustria.com\/","name":"Vapor para a Ind\u00fastria","description":"Gest\u00e3o Eficiente de Sistemas a Vapor","publisher":{"@id":"https:\/\/vaporparalaindustria.com\/#organization"},"potentialAction":[{"@type":"SearchAction","target":{"@type":"EntryPoint","urlTemplate":"https:\/\/vaporparalaindustria.com\/?s={search_term_string}"},"query-input":{"@type":"PropertyValueSpecification","valueRequired":true,"valueName":"search_term_string"}}],"inLanguage":"pt-PT"},{"@type":"Organization","@id":"https:\/\/vaporparalaindustria.com\/#organization","name":"Vapor para a Ind\u00fastria","url":"https:\/\/vaporparalaindustria.com\/","logo":{"@type":"ImageObject","inLanguage":"pt-PT","@id":"https:\/\/vaporparalaindustria.com\/#\/schema\/logo\/image\/","url":"https:\/\/vaporparalaindustria.com\/wp-content\/uploads\/2017\/10\/LogoBlogBLANCO-FINAL_VAPOR-PARA-LA-INDUSTRIA-e1499957507814.png","contentUrl":"https:\/\/vaporparalaindustria.com\/wp-content\/uploads\/2017\/10\/LogoBlogBLANCO-FINAL_VAPOR-PARA-LA-INDUSTRIA-e1499957507814.png","width":300,"height":117,"caption":"Vapor para la Industria"},"image":{"@id":"https:\/\/vaporparalaindustria.com\/#\/schema\/logo\/image\/"}}]}},"acf":[],"_links":{"self":[{"href":"https:\/\/vaporparalaindustria.com\/pt\/wp-json\/wp\/v2\/product\/26263","targetHints":{"allow":["GET"]}}],"collection":[{"href":"https:\/\/vaporparalaindustria.com\/pt\/wp-json\/wp\/v2\/product"}],"about":[{"href":"https:\/\/vaporparalaindustria.com\/pt\/wp-json\/wp\/v2\/types\/product"}],"wp:featuredmedia":[{"embeddable":true,"href":"https:\/\/vaporparalaindustria.com\/pt\/wp-json\/wp\/v2\/media\/26264"}],"wp:attachment":[{"href":"https:\/\/vaporparalaindustria.com\/pt\/wp-json\/wp\/v2\/media?parent=26263"}],"wp:term":[{"taxonomy":"product_brand","embeddable":true,"href":"https:\/\/vaporparalaindustria.com\/pt\/wp-json\/wp\/v2\/product_brand?post=26263"},{"taxonomy":"product_cat","embeddable":true,"href":"https:\/\/vaporparalaindustria.com\/pt\/wp-json\/wp\/v2\/product_cat?post=26263"},{"taxonomy":"product_tag","embeddable":true,"href":"https:\/\/vaporparalaindustria.com\/pt\/wp-json\/wp\/v2\/product_tag?post=26263"}],"curies":[{"name":"wp","href":"https:\/\/api.w.org\/{rel}","templated":true}]}}