{"id":26232,"date":"2021-09-08T13:41:15","date_gmt":"2021-09-08T12:41:15","guid":{"rendered":"https:\/\/vaporparalaindustria.com\/?post_type=product&#038;p=26232"},"modified":"2021-09-08T13:45:33","modified_gmt":"2021-09-08T12:45:33","slug":"webinar-replay-valvulas-de-seguridad","status":"publish","type":"product","link":"https:\/\/vaporparalaindustria.com\/pt\/produto\/webinar-replay-valvulas-de-seguridad\/","title":{"rendered":"Webinar Replay V\u00e1lvulas de Seguran\u00e7a"},"content":{"rendered":"","protected":false},"excerpt":{"rendered":"<p>APRESENTADO POR:<\/p>\n<p class=\"XzvDs _208Ie _1atvN _2QAo- _25MYV _2WrB- _1atvN public-DraftStyleDefault-block-depth0 public-DraftStyleDefault-text-ltr\">Hern\u00e1n Silva<\/p>\n<p>11.06.2021<\/p>\n<p><span style=\"color: #800000;\"><strong><a style=\"color: #800000;\" href=\"https:\/\/koi-3QNKZ0D2AO.marketingautomation.services\/net\/m?md=Ag0vZzxOlWq5MsW6MtNro8zZrG67Vh8j\" target=\"_blank\" rel=\"noopener\">Baixe a apresenta\u00e7\u00e3o em PDF aqui<\/a><\/strong><\/span><\/p>","protected":false},"featured_media":26233,"template":"","meta":{"_acf_changed":false,"_genesis_hide_title":false,"_genesis_hide_breadcrumbs":false,"_genesis_hide_singular_image":false,"_genesis_hide_footer_widgets":false,"_genesis_custom_body_class":"","_genesis_custom_post_class":"","_genesis_layout":"wide-content"},"product_brand":[],"product_cat":[110],"product_tag":[125],"class_list":{"1":"product","2":"type-product","6":"product_cat-webinars","7":"product_tag-seguridad","8":"entry","10":"first","11":"instock","12":"shipping-taxable","13":"product-type-external"},"yoast_head":"<!-- This site is optimized with the Yoast SEO plugin v27.3 - https:\/\/yoast.com\/product\/yoast-seo-wordpress\/ -->\n<title>Webinar Replay V\u00e1lvulas de Seguridad<\/title>\n<meta name=\"description\" content=\"Webinar Replay V\u00e1lvulas de Seguridad\" \/>\n<meta name=\"robots\" content=\"index, follow, max-snippet:-1, max-image-preview:large, max-video-preview:-1\" \/>\n<link rel=\"canonical\" href=\"https:\/\/vaporparalaindustria.com\/pt\/produto\/webinar-replay-valvulas-de-seguridad\/\" \/>\n<meta property=\"og:locale\" content=\"pt_PT\" \/>\n<meta property=\"og:type\" content=\"article\" \/>\n<meta property=\"og:title\" content=\"Webinar Replay V\u00e1lvulas de Seguridad\" \/>\n<meta property=\"og:description\" content=\"Webinar Replay V\u00e1lvulas de Seguridad\" \/>\n<meta property=\"og:url\" content=\"https:\/\/vaporparalaindustria.com\/pt\/produto\/webinar-replay-valvulas-de-seguridad\/\" \/>\n<meta property=\"og:site_name\" content=\"Vapor para la Industria\" \/>\n<meta property=\"article:modified_time\" content=\"2021-09-08T12:45:33+00:00\" \/>\n<meta property=\"og:image\" content=\"https:\/\/vaporparalaindustria.com\/wp-content\/uploads\/2021\/09\/Webinar-Replay-Va\u0301lvulas-de-Seguridad.png\" \/>\n\t<meta property=\"og:image:width\" content=\"1918\" \/>\n\t<meta property=\"og:image:height\" content=\"1438\" \/>\n\t<meta property=\"og:image:type\" content=\"image\/png\" \/>\n<meta name=\"twitter:card\" content=\"summary_large_image\" \/>\n<script type=\"application\/ld+json\" class=\"yoast-schema-graph\">{\"@context\":\"https:\\\/\\\/schema.org\",\"@graph\":[{\"@type\":\"WebPage\",\"@id\":\"https:\\\/\\\/vaporparalaindustria.com\\\/producto\\\/webinar-replay-valvulas-de-seguridad\\\/\",\"url\":\"https:\\\/\\\/vaporparalaindustria.com\\\/producto\\\/webinar-replay-valvulas-de-seguridad\\\/\",\"name\":\"Webinar Replay V\u00e1lvulas de Seguridad\",\"isPartOf\":{\"@id\":\"https:\\\/\\\/vaporparalaindustria.com\\\/#website\"},\"primaryImageOfPage\":{\"@id\":\"https:\\\/\\\/vaporparalaindustria.com\\\/producto\\\/webinar-replay-valvulas-de-seguridad\\\/#primaryimage\"},\"image\":{\"@id\":\"https:\\\/\\\/vaporparalaindustria.com\\\/producto\\\/webinar-replay-valvulas-de-seguridad\\\/#primaryimage\"},\"thumbnailUrl\":\"https:\\\/\\\/vaporparalaindustria.com\\\/wp-content\\\/uploads\\\/2021\\\/09\\\/Webinar-Replay-Va\u0301lvulas-de-Seguridad.png\",\"datePublished\":\"2021-09-08T12:41:15+00:00\",\"dateModified\":\"2021-09-08T12:45:33+00:00\",\"description\":\"Webinar Replay V\u00e1lvulas de Seguridad\",\"breadcrumb\":{\"@id\":\"https:\\\/\\\/vaporparalaindustria.com\\\/producto\\\/webinar-replay-valvulas-de-seguridad\\\/#breadcrumb\"},\"inLanguage\":\"pt-PT\",\"potentialAction\":[{\"@type\":\"ReadAction\",\"target\":[\"https:\\\/\\\/vaporparalaindustria.com\\\/producto\\\/webinar-replay-valvulas-de-seguridad\\\/\"]}]},{\"@type\":\"ImageObject\",\"inLanguage\":\"pt-PT\",\"@id\":\"https:\\\/\\\/vaporparalaindustria.com\\\/producto\\\/webinar-replay-valvulas-de-seguridad\\\/#primaryimage\",\"url\":\"https:\\\/\\\/vaporparalaindustria.com\\\/wp-content\\\/uploads\\\/2021\\\/09\\\/Webinar-Replay-Va\u0301lvulas-de-Seguridad.png\",\"contentUrl\":\"https:\\\/\\\/vaporparalaindustria.com\\\/wp-content\\\/uploads\\\/2021\\\/09\\\/Webinar-Replay-Va\u0301lvulas-de-Seguridad.png\",\"width\":1918,\"height\":1438,\"caption\":\"Webinar Replay V\u00e1lvulas de Seguridad\"},{\"@type\":\"BreadcrumbList\",\"@id\":\"https:\\\/\\\/vaporparalaindustria.com\\\/producto\\\/webinar-replay-valvulas-de-seguridad\\\/#breadcrumb\",\"itemListElement\":[{\"@type\":\"ListItem\",\"position\":1,\"name\":\"Portada\",\"item\":\"https:\\\/\\\/vaporparalaindustria.com\\\/\"},{\"@type\":\"ListItem\",\"position\":2,\"name\":\"Tienda\",\"item\":\"https:\\\/\\\/vaporparalaindustria.com\\\/tienda\\\/\"},{\"@type\":\"ListItem\",\"position\":3,\"name\":\"Webinar Replay V\u00e1lvulas de Seguridad\"}]},{\"@type\":\"WebSite\",\"@id\":\"https:\\\/\\\/vaporparalaindustria.com\\\/#website\",\"url\":\"https:\\\/\\\/vaporparalaindustria.com\\\/\",\"name\":\"Vapor para la Industria\",\"description\":\"Gesti\u00f3n Eficiente de los Sistemas de Vapor\",\"publisher\":{\"@id\":\"https:\\\/\\\/vaporparalaindustria.com\\\/#organization\"},\"potentialAction\":[{\"@type\":\"SearchAction\",\"target\":{\"@type\":\"EntryPoint\",\"urlTemplate\":\"https:\\\/\\\/vaporparalaindustria.com\\\/?s={search_term_string}\"},\"query-input\":{\"@type\":\"PropertyValueSpecification\",\"valueRequired\":true,\"valueName\":\"search_term_string\"}}],\"inLanguage\":\"pt-PT\"},{\"@type\":\"Organization\",\"@id\":\"https:\\\/\\\/vaporparalaindustria.com\\\/#organization\",\"name\":\"Vapor para la Industria\",\"url\":\"https:\\\/\\\/vaporparalaindustria.com\\\/\",\"logo\":{\"@type\":\"ImageObject\",\"inLanguage\":\"pt-PT\",\"@id\":\"https:\\\/\\\/vaporparalaindustria.com\\\/#\\\/schema\\\/logo\\\/image\\\/\",\"url\":\"https:\\\/\\\/vaporparalaindustria.com\\\/wp-content\\\/uploads\\\/2017\\\/10\\\/LogoBlogBLANCO-FINAL_VAPOR-PARA-LA-INDUSTRIA-e1499957507814.png\",\"contentUrl\":\"https:\\\/\\\/vaporparalaindustria.com\\\/wp-content\\\/uploads\\\/2017\\\/10\\\/LogoBlogBLANCO-FINAL_VAPOR-PARA-LA-INDUSTRIA-e1499957507814.png\",\"width\":300,\"height\":117,\"caption\":\"Vapor para la Industria\"},\"image\":{\"@id\":\"https:\\\/\\\/vaporparalaindustria.com\\\/#\\\/schema\\\/logo\\\/image\\\/\"}}]}<\/script>\n<!-- \/ Yoast SEO plugin. -->","yoast_head_json":{"title":"Webinar Replay V\u00e1lvulas de Seguran\u00e7a","description":"Webinar Replay V\u00e1lvulas de Seguran\u00e7a","robots":{"index":"index","follow":"follow","max-snippet":"max-snippet:-1","max-image-preview":"max-image-preview:large","max-video-preview":"max-video-preview:-1"},"canonical":"https:\/\/vaporparalaindustria.com\/pt\/produto\/webinar-replay-valvulas-de-seguridad\/","og_locale":"pt_PT","og_type":"article","og_title":"Webinar Replay V\u00e1lvulas de Seguridad","og_description":"Webinar Replay V\u00e1lvulas de Seguridad","og_url":"https:\/\/vaporparalaindustria.com\/pt\/produto\/webinar-replay-valvulas-de-seguridad\/","og_site_name":"Vapor para la Industria","article_modified_time":"2021-09-08T12:45:33+00:00","og_image":[{"width":1918,"height":1438,"url":"https:\/\/vaporparalaindustria.com\/wp-content\/uploads\/2021\/09\/Webinar-Replay-Va\u0301lvulas-de-Seguridad.png","type":"image\/png"}],"twitter_card":"summary_large_image","schema":{"@context":"https:\/\/schema.org","@graph":[{"@type":"WebPage","@id":"https:\/\/vaporparalaindustria.com\/producto\/webinar-replay-valvulas-de-seguridad\/","url":"https:\/\/vaporparalaindustria.com\/producto\/webinar-replay-valvulas-de-seguridad\/","name":"Webinar Replay V\u00e1lvulas de Seguran\u00e7a","isPartOf":{"@id":"https:\/\/vaporparalaindustria.com\/#website"},"primaryImageOfPage":{"@id":"https:\/\/vaporparalaindustria.com\/producto\/webinar-replay-valvulas-de-seguridad\/#primaryimage"},"image":{"@id":"https:\/\/vaporparalaindustria.com\/producto\/webinar-replay-valvulas-de-seguridad\/#primaryimage"},"thumbnailUrl":"https:\/\/vaporparalaindustria.com\/wp-content\/uploads\/2021\/09\/Webinar-Replay-Va\u0301lvulas-de-Seguridad.png","datePublished":"2021-09-08T12:41:15+00:00","dateModified":"2021-09-08T12:45:33+00:00","description":"Webinar Replay V\u00e1lvulas de Seguran\u00e7a","breadcrumb":{"@id":"https:\/\/vaporparalaindustria.com\/producto\/webinar-replay-valvulas-de-seguridad\/#breadcrumb"},"inLanguage":"pt-PT","potentialAction":[{"@type":"ReadAction","target":["https:\/\/vaporparalaindustria.com\/producto\/webinar-replay-valvulas-de-seguridad\/"]}]},{"@type":"ImageObject","inLanguage":"pt-PT","@id":"https:\/\/vaporparalaindustria.com\/producto\/webinar-replay-valvulas-de-seguridad\/#primaryimage","url":"https:\/\/vaporparalaindustria.com\/wp-content\/uploads\/2021\/09\/Webinar-Replay-Va\u0301lvulas-de-Seguridad.png","contentUrl":"https:\/\/vaporparalaindustria.com\/wp-content\/uploads\/2021\/09\/Webinar-Replay-Va\u0301lvulas-de-Seguridad.png","width":1918,"height":1438,"caption":"Webinar Replay V\u00e1lvulas de Seguridad"},{"@type":"BreadcrumbList","@id":"https:\/\/vaporparalaindustria.com\/producto\/webinar-replay-valvulas-de-seguridad\/#breadcrumb","itemListElement":[{"@type":"ListItem","position":1,"name":"Portada","item":"https:\/\/vaporparalaindustria.com\/"},{"@type":"ListItem","position":2,"name":"Tienda","item":"https:\/\/vaporparalaindustria.com\/tienda\/"},{"@type":"ListItem","position":3,"name":"Webinar Replay V\u00e1lvulas de Seguridad"}]},{"@type":"WebSite","@id":"https:\/\/vaporparalaindustria.com\/#website","url":"https:\/\/vaporparalaindustria.com\/","name":"Vapor para a Ind\u00fastria","description":"Gest\u00e3o Eficiente de Sistemas a Vapor","publisher":{"@id":"https:\/\/vaporparalaindustria.com\/#organization"},"potentialAction":[{"@type":"SearchAction","target":{"@type":"EntryPoint","urlTemplate":"https:\/\/vaporparalaindustria.com\/?s={search_term_string}"},"query-input":{"@type":"PropertyValueSpecification","valueRequired":true,"valueName":"search_term_string"}}],"inLanguage":"pt-PT"},{"@type":"Organization","@id":"https:\/\/vaporparalaindustria.com\/#organization","name":"Vapor para a Ind\u00fastria","url":"https:\/\/vaporparalaindustria.com\/","logo":{"@type":"ImageObject","inLanguage":"pt-PT","@id":"https:\/\/vaporparalaindustria.com\/#\/schema\/logo\/image\/","url":"https:\/\/vaporparalaindustria.com\/wp-content\/uploads\/2017\/10\/LogoBlogBLANCO-FINAL_VAPOR-PARA-LA-INDUSTRIA-e1499957507814.png","contentUrl":"https:\/\/vaporparalaindustria.com\/wp-content\/uploads\/2017\/10\/LogoBlogBLANCO-FINAL_VAPOR-PARA-LA-INDUSTRIA-e1499957507814.png","width":300,"height":117,"caption":"Vapor para la Industria"},"image":{"@id":"https:\/\/vaporparalaindustria.com\/#\/schema\/logo\/image\/"}}]}},"acf":[],"_links":{"self":[{"href":"https:\/\/vaporparalaindustria.com\/pt\/wp-json\/wp\/v2\/product\/26232","targetHints":{"allow":["GET"]}}],"collection":[{"href":"https:\/\/vaporparalaindustria.com\/pt\/wp-json\/wp\/v2\/product"}],"about":[{"href":"https:\/\/vaporparalaindustria.com\/pt\/wp-json\/wp\/v2\/types\/product"}],"wp:featuredmedia":[{"embeddable":true,"href":"https:\/\/vaporparalaindustria.com\/pt\/wp-json\/wp\/v2\/media\/26233"}],"wp:attachment":[{"href":"https:\/\/vaporparalaindustria.com\/pt\/wp-json\/wp\/v2\/media?parent=26232"}],"wp:term":[{"taxonomy":"product_brand","embeddable":true,"href":"https:\/\/vaporparalaindustria.com\/pt\/wp-json\/wp\/v2\/product_brand?post=26232"},{"taxonomy":"product_cat","embeddable":true,"href":"https:\/\/vaporparalaindustria.com\/pt\/wp-json\/wp\/v2\/product_cat?post=26232"},{"taxonomy":"product_tag","embeddable":true,"href":"https:\/\/vaporparalaindustria.com\/pt\/wp-json\/wp\/v2\/product_tag?post=26232"}],"curies":[{"name":"wp","href":"https:\/\/api.w.org\/{rel}","templated":true}]}}