{"id":26190,"date":"2021-08-30T13:31:35","date_gmt":"2021-08-30T12:31:35","guid":{"rendered":"https:\/\/vaporparalaindustria.com\/?post_type=product&#038;p=26190"},"modified":"2026-04-14T10:25:56","modified_gmt":"2026-04-14T09:25:56","slug":"cursos-control-de-sistemas-de-vapor","status":"publish","type":"product","link":"https:\/\/vaporparalaindustria.com\/pt\/produto\/cursos-control-de-sistemas-de-vapor\/","title":{"rendered":"CSV | Curso Online de Controlo do Sistema de Vapor"},"content":{"rendered":"<div class=\"row\">\n<div class=\"col-md-3\"><img loading=\"lazy\" decoding=\"async\" class=\"fl-photo-img wp-image-26804 size-full\" title=\"Medidores de caudal de vapor da Spirax-Sarco\" src=\"https:\/\/vaporparalaindustria.com\/wp-content\/uploads\/2023\/01\/caudalimetros-de-vapor-de-Spirax-Sarco.jpg\" sizes=\"auto, (max-width: 500px) 100vw, 500px\" srcset=\"https:\/\/vaporparalaindustria.com\/wp-content\/uploads\/2023\/01\/caudalimetros-de-vapor-de-Spirax-Sarco-15x12.jpg 15w, https:\/\/vaporparalaindustria.com\/wp-content\/uploads\/2023\/01\/caudalimetros-de-vapor-de-Spirax-Sarco-150x120.jpg 150w, https:\/\/vaporparalaindustria.com\/wp-content\/uploads\/2023\/01\/caudalimetros-de-vapor-de-Spirax-Sarco-300x240.jpg 300w, https:\/\/vaporparalaindustria.com\/wp-content\/uploads\/2023\/01\/caudalimetros-de-vapor-de-Spirax-Sarco.jpg 500w\" alt=\"caudalimetros-de-vapor-de-Spirax-Sarco\" width=\"500\" height=\"400\" \/><\/div>\n<div class=\"col\">\n<h4>Objectivos do curso<\/h4>\n<p>Proporcionar conhecimentos sobre a teoria e a pr\u00e1tica do controlo autom\u00e1tico para que os utilizadores disponham de mais ferramentas para conceber, otimizar e manter o funcionamento correto das malhas de controlo. Ser capaz de selecionar o modo de controlo e a malha de controlo mais adequados para a aplica\u00e7\u00e3o. Calcular e dimensionar v\u00e1lvulas de controlo. Conhecer e adaptar os par\u00e2metros de controlo PID e conhecer os controladores e sensores. Expandir o conhecimento do controlo auto-actuado de press\u00e3o e temperatura.<\/p>\n<\/div>\n<\/div>","protected":false},"excerpt":{"rendered":"<p>Fornecer conhecimentos sobre a teoria e a pr\u00e1tica do controlo autom\u00e1tico para que os utilizadores disponham de mais ferramentas para conceber, otimizar e manter o funcionamento correto dos circuitos de controlo.<\/p>\n<h4>Datas online<\/h4>\n<div id=\"popup\" class=\"d-none\">\n<div class=\"content-popup\">\n<div class=\"close\"><a id=\"close\" href=\"#\">\u00d7<\/a><\/div>\n<div>\n<h3 style=\"padding: 10px;\">PR\u00c9-REGISTO AQUI<\/h3>\n<p><script src=\"\/\/solutions.spiraxsarco.com\/js\/forms2\/js\/forms2.min.js\"><\/script> <\/p>\n<form id=\"mktoForm_2068\" action=\"\"><input type=\"hidden\" name=\"trp-form-language\" value=\"pt\"\/><\/form>\n<p> <script>MktoForms2.loadForm(\"\/\/solutions.spiraxsarco.com\", \"680-RYI-639\", 2068);<\/script><\/p>\n<div style=\"float: left; width: 100%;\"><\/div>\n<\/div>\n<\/div>\n<\/div>\n<div class=\"popup-overlay\"><\/div>","protected":false},"featured_media":26823,"template":"","meta":{"_acf_changed":false,"_genesis_hide_title":false,"_genesis_hide_breadcrumbs":false,"_genesis_hide_singular_image":false,"_genesis_hide_footer_widgets":false,"_genesis_custom_body_class":"","_genesis_custom_post_class":"","_genesis_layout":""},"product_brand":[],"product_cat":[134,105],"product_tag":[],"class_list":{"1":"product","2":"type-product","6":"product_cat-cursos","7":"product_cat-formacion-online","8":"entry","10":"first","11":"instock","12":"shipping-taxable","13":"product-type-external"},"yoast_head":"<!-- This site is optimized with the Yoast SEO plugin v27.3 - https:\/\/yoast.com\/product\/yoast-seo-wordpress\/ -->\n<title>CSV | Curso Online Control de Sistemas de Vapor - Vapor para la Industria<\/title>\n<meta name=\"robots\" content=\"index, follow, max-snippet:-1, max-image-preview:large, max-video-preview:-1\" \/>\n<link rel=\"canonical\" href=\"https:\/\/vaporparalaindustria.com\/pt\/produto\/cursos-control-de-sistemas-de-vapor\/\" \/>\n<meta property=\"og:locale\" content=\"pt_PT\" \/>\n<meta property=\"og:type\" content=\"article\" \/>\n<meta property=\"og:title\" content=\"CSV | Curso Online Control de Sistemas de Vapor - Vapor para la Industria\" \/>\n<meta property=\"og:description\" content=\"Proporcionar conocimiento de la teor\u00eda y la pr\u00e1ctica del control autom\u00e1tico para que los usuarios tengan m\u00e1s herramientas para dise\u00f1ar, optimizar y mantener el funcionamiento correcto de los lazos de control. Fechas Online   \u00d7  PREINSCRIBASE AQU\u00cd\" \/>\n<meta property=\"og:url\" content=\"https:\/\/vaporparalaindustria.com\/pt\/produto\/cursos-control-de-sistemas-de-vapor\/\" \/>\n<meta property=\"og:site_name\" content=\"Vapor para la Industria\" \/>\n<meta property=\"article:modified_time\" content=\"2026-04-14T09:25:56+00:00\" \/>\n<meta property=\"og:image\" content=\"https:\/\/vaporparalaindustria.com\/wp-content\/uploads\/2021\/08\/Curso-Online-Control-de-Sistemas-de-Vapor.jpg\" \/>\n\t<meta property=\"og:image:width\" content=\"1260\" \/>\n\t<meta property=\"og:image:height\" content=\"1050\" \/>\n\t<meta property=\"og:image:type\" content=\"image\/jpeg\" \/>\n<meta name=\"twitter:card\" content=\"summary_large_image\" \/>\n<meta name=\"twitter:label1\" content=\"Tempo estimado de leitura\" \/>\n\t<meta name=\"twitter:data1\" content=\"1 minuto\" \/>\n<script type=\"application\/ld+json\" class=\"yoast-schema-graph\">{\"@context\":\"https:\\\/\\\/schema.org\",\"@graph\":[{\"@type\":\"WebPage\",\"@id\":\"https:\\\/\\\/vaporparalaindustria.com\\\/producto\\\/cursos-control-de-sistemas-de-vapor\\\/\",\"url\":\"https:\\\/\\\/vaporparalaindustria.com\\\/producto\\\/cursos-control-de-sistemas-de-vapor\\\/\",\"name\":\"CSV | Curso Online Control de Sistemas de Vapor - Vapor para la Industria\",\"isPartOf\":{\"@id\":\"https:\\\/\\\/vaporparalaindustria.com\\\/#website\"},\"primaryImageOfPage\":{\"@id\":\"https:\\\/\\\/vaporparalaindustria.com\\\/producto\\\/cursos-control-de-sistemas-de-vapor\\\/#primaryimage\"},\"image\":{\"@id\":\"https:\\\/\\\/vaporparalaindustria.com\\\/producto\\\/cursos-control-de-sistemas-de-vapor\\\/#primaryimage\"},\"thumbnailUrl\":\"https:\\\/\\\/vaporparalaindustria.com\\\/wp-content\\\/uploads\\\/2021\\\/08\\\/Curso-Online-Control-de-Sistemas-de-Vapor.jpg\",\"datePublished\":\"2021-08-30T12:31:35+00:00\",\"dateModified\":\"2026-04-14T09:25:56+00:00\",\"breadcrumb\":{\"@id\":\"https:\\\/\\\/vaporparalaindustria.com\\\/producto\\\/cursos-control-de-sistemas-de-vapor\\\/#breadcrumb\"},\"inLanguage\":\"pt-PT\",\"potentialAction\":[{\"@type\":\"ReadAction\",\"target\":[\"https:\\\/\\\/vaporparalaindustria.com\\\/producto\\\/cursos-control-de-sistemas-de-vapor\\\/\"]}]},{\"@type\":\"ImageObject\",\"inLanguage\":\"pt-PT\",\"@id\":\"https:\\\/\\\/vaporparalaindustria.com\\\/producto\\\/cursos-control-de-sistemas-de-vapor\\\/#primaryimage\",\"url\":\"https:\\\/\\\/vaporparalaindustria.com\\\/wp-content\\\/uploads\\\/2021\\\/08\\\/Curso-Online-Control-de-Sistemas-de-Vapor.jpg\",\"contentUrl\":\"https:\\\/\\\/vaporparalaindustria.com\\\/wp-content\\\/uploads\\\/2021\\\/08\\\/Curso-Online-Control-de-Sistemas-de-Vapor.jpg\",\"width\":1260,\"height\":1050},{\"@type\":\"BreadcrumbList\",\"@id\":\"https:\\\/\\\/vaporparalaindustria.com\\\/producto\\\/cursos-control-de-sistemas-de-vapor\\\/#breadcrumb\",\"itemListElement\":[{\"@type\":\"ListItem\",\"position\":1,\"name\":\"Portada\",\"item\":\"https:\\\/\\\/vaporparalaindustria.com\\\/\"},{\"@type\":\"ListItem\",\"position\":2,\"name\":\"Tienda\",\"item\":\"https:\\\/\\\/vaporparalaindustria.com\\\/tienda\\\/\"},{\"@type\":\"ListItem\",\"position\":3,\"name\":\"CSV | Curso Online Control de Sistemas de Vapor\"}]},{\"@type\":\"WebSite\",\"@id\":\"https:\\\/\\\/vaporparalaindustria.com\\\/#website\",\"url\":\"https:\\\/\\\/vaporparalaindustria.com\\\/\",\"name\":\"Vapor para la Industria\",\"description\":\"Gesti\u00f3n Eficiente de los Sistemas de Vapor\",\"publisher\":{\"@id\":\"https:\\\/\\\/vaporparalaindustria.com\\\/#organization\"},\"potentialAction\":[{\"@type\":\"SearchAction\",\"target\":{\"@type\":\"EntryPoint\",\"urlTemplate\":\"https:\\\/\\\/vaporparalaindustria.com\\\/?s={search_term_string}\"},\"query-input\":{\"@type\":\"PropertyValueSpecification\",\"valueRequired\":true,\"valueName\":\"search_term_string\"}}],\"inLanguage\":\"pt-PT\"},{\"@type\":\"Organization\",\"@id\":\"https:\\\/\\\/vaporparalaindustria.com\\\/#organization\",\"name\":\"Vapor para la Industria\",\"url\":\"https:\\\/\\\/vaporparalaindustria.com\\\/\",\"logo\":{\"@type\":\"ImageObject\",\"inLanguage\":\"pt-PT\",\"@id\":\"https:\\\/\\\/vaporparalaindustria.com\\\/#\\\/schema\\\/logo\\\/image\\\/\",\"url\":\"https:\\\/\\\/vaporparalaindustria.com\\\/wp-content\\\/uploads\\\/2017\\\/10\\\/LogoBlogBLANCO-FINAL_VAPOR-PARA-LA-INDUSTRIA-e1499957507814.png\",\"contentUrl\":\"https:\\\/\\\/vaporparalaindustria.com\\\/wp-content\\\/uploads\\\/2017\\\/10\\\/LogoBlogBLANCO-FINAL_VAPOR-PARA-LA-INDUSTRIA-e1499957507814.png\",\"width\":300,\"height\":117,\"caption\":\"Vapor para la Industria\"},\"image\":{\"@id\":\"https:\\\/\\\/vaporparalaindustria.com\\\/#\\\/schema\\\/logo\\\/image\\\/\"}}]}<\/script>\n<!-- \/ Yoast SEO plugin. -->","yoast_head_json":{"title":"CSV | Curso Online Control de Sistemas de Vapor - Vapor para la Industria","robots":{"index":"index","follow":"follow","max-snippet":"max-snippet:-1","max-image-preview":"max-image-preview:large","max-video-preview":"max-video-preview:-1"},"canonical":"https:\/\/vaporparalaindustria.com\/pt\/produto\/cursos-control-de-sistemas-de-vapor\/","og_locale":"pt_PT","og_type":"article","og_title":"CSV | Curso Online Control de Sistemas de Vapor - Vapor para la Industria","og_description":"Proporcionar conocimiento de la teor\u00eda y la pr\u00e1ctica del control autom\u00e1tico para que los usuarios tengan m\u00e1s herramientas para dise\u00f1ar, optimizar y mantener el funcionamiento correcto de los lazos de control. Fechas Online   \u00d7  PREINSCRIBASE AQU\u00cd","og_url":"https:\/\/vaporparalaindustria.com\/pt\/produto\/cursos-control-de-sistemas-de-vapor\/","og_site_name":"Vapor para la Industria","article_modified_time":"2026-04-14T09:25:56+00:00","og_image":[{"width":1260,"height":1050,"url":"https:\/\/vaporparalaindustria.com\/wp-content\/uploads\/2021\/08\/Curso-Online-Control-de-Sistemas-de-Vapor.jpg","type":"image\/jpeg"}],"twitter_card":"summary_large_image","twitter_misc":{"Tempo estimado de leitura":"1 minuto"},"schema":{"@context":"https:\/\/schema.org","@graph":[{"@type":"WebPage","@id":"https:\/\/vaporparalaindustria.com\/producto\/cursos-control-de-sistemas-de-vapor\/","url":"https:\/\/vaporparalaindustria.com\/producto\/cursos-control-de-sistemas-de-vapor\/","name":"CSV | Curso Online Control de Sistemas de Vapor - Vapor para la Industria","isPartOf":{"@id":"https:\/\/vaporparalaindustria.com\/#website"},"primaryImageOfPage":{"@id":"https:\/\/vaporparalaindustria.com\/producto\/cursos-control-de-sistemas-de-vapor\/#primaryimage"},"image":{"@id":"https:\/\/vaporparalaindustria.com\/producto\/cursos-control-de-sistemas-de-vapor\/#primaryimage"},"thumbnailUrl":"https:\/\/vaporparalaindustria.com\/wp-content\/uploads\/2021\/08\/Curso-Online-Control-de-Sistemas-de-Vapor.jpg","datePublished":"2021-08-30T12:31:35+00:00","dateModified":"2026-04-14T09:25:56+00:00","breadcrumb":{"@id":"https:\/\/vaporparalaindustria.com\/producto\/cursos-control-de-sistemas-de-vapor\/#breadcrumb"},"inLanguage":"pt-PT","potentialAction":[{"@type":"ReadAction","target":["https:\/\/vaporparalaindustria.com\/producto\/cursos-control-de-sistemas-de-vapor\/"]}]},{"@type":"ImageObject","inLanguage":"pt-PT","@id":"https:\/\/vaporparalaindustria.com\/producto\/cursos-control-de-sistemas-de-vapor\/#primaryimage","url":"https:\/\/vaporparalaindustria.com\/wp-content\/uploads\/2021\/08\/Curso-Online-Control-de-Sistemas-de-Vapor.jpg","contentUrl":"https:\/\/vaporparalaindustria.com\/wp-content\/uploads\/2021\/08\/Curso-Online-Control-de-Sistemas-de-Vapor.jpg","width":1260,"height":1050},{"@type":"BreadcrumbList","@id":"https:\/\/vaporparalaindustria.com\/producto\/cursos-control-de-sistemas-de-vapor\/#breadcrumb","itemListElement":[{"@type":"ListItem","position":1,"name":"Portada","item":"https:\/\/vaporparalaindustria.com\/"},{"@type":"ListItem","position":2,"name":"Tienda","item":"https:\/\/vaporparalaindustria.com\/tienda\/"},{"@type":"ListItem","position":3,"name":"CSV | Curso Online Control de Sistemas de Vapor"}]},{"@type":"WebSite","@id":"https:\/\/vaporparalaindustria.com\/#website","url":"https:\/\/vaporparalaindustria.com\/","name":"Vapor para a Ind\u00fastria","description":"Gest\u00e3o Eficiente de Sistemas a Vapor","publisher":{"@id":"https:\/\/vaporparalaindustria.com\/#organization"},"potentialAction":[{"@type":"SearchAction","target":{"@type":"EntryPoint","urlTemplate":"https:\/\/vaporparalaindustria.com\/?s={search_term_string}"},"query-input":{"@type":"PropertyValueSpecification","valueRequired":true,"valueName":"search_term_string"}}],"inLanguage":"pt-PT"},{"@type":"Organization","@id":"https:\/\/vaporparalaindustria.com\/#organization","name":"Vapor para a Ind\u00fastria","url":"https:\/\/vaporparalaindustria.com\/","logo":{"@type":"ImageObject","inLanguage":"pt-PT","@id":"https:\/\/vaporparalaindustria.com\/#\/schema\/logo\/image\/","url":"https:\/\/vaporparalaindustria.com\/wp-content\/uploads\/2017\/10\/LogoBlogBLANCO-FINAL_VAPOR-PARA-LA-INDUSTRIA-e1499957507814.png","contentUrl":"https:\/\/vaporparalaindustria.com\/wp-content\/uploads\/2017\/10\/LogoBlogBLANCO-FINAL_VAPOR-PARA-LA-INDUSTRIA-e1499957507814.png","width":300,"height":117,"caption":"Vapor para la Industria"},"image":{"@id":"https:\/\/vaporparalaindustria.com\/#\/schema\/logo\/image\/"}}]}},"acf":[],"_links":{"self":[{"href":"https:\/\/vaporparalaindustria.com\/pt\/wp-json\/wp\/v2\/product\/26190","targetHints":{"allow":["GET"]}}],"collection":[{"href":"https:\/\/vaporparalaindustria.com\/pt\/wp-json\/wp\/v2\/product"}],"about":[{"href":"https:\/\/vaporparalaindustria.com\/pt\/wp-json\/wp\/v2\/types\/product"}],"wp:featuredmedia":[{"embeddable":true,"href":"https:\/\/vaporparalaindustria.com\/pt\/wp-json\/wp\/v2\/media\/26823"}],"wp:attachment":[{"href":"https:\/\/vaporparalaindustria.com\/pt\/wp-json\/wp\/v2\/media?parent=26190"}],"wp:term":[{"taxonomy":"product_brand","embeddable":true,"href":"https:\/\/vaporparalaindustria.com\/pt\/wp-json\/wp\/v2\/product_brand?post=26190"},{"taxonomy":"product_cat","embeddable":true,"href":"https:\/\/vaporparalaindustria.com\/pt\/wp-json\/wp\/v2\/product_cat?post=26190"},{"taxonomy":"product_tag","embeddable":true,"href":"https:\/\/vaporparalaindustria.com\/pt\/wp-json\/wp\/v2\/product_tag?post=26190"}],"curies":[{"name":"wp","href":"https:\/\/api.w.org\/{rel}","templated":true}]}}