{"id":9197,"date":"2020-01-30T12:47:08","date_gmt":"2020-01-30T11:47:08","guid":{"rendered":"https:\/\/vaporparalaindustria.com\/?page_id=9197"},"modified":"2020-02-04T17:55:26","modified_gmt":"2020-02-04T16:55:26","slug":"pt-vapor-na-esterilizacao-e-autoclaves","status":"publish","type":"page","link":"https:\/\/vaporparalaindustria.com\/pt\/pt-vapor-na-esterilizacao-e-autoclaves\/","title":{"rendered":"PT. Vapor em Esteriliza\u00e7\u00e3o e Autoclaves"},"content":{"rendered":"<p><span style=\"width: 100%;\"><a href=\"\/\/www.spiraxsarco.com\/global\/es\/\" rel=\"noopener noreferrer\" target=\"_blank\"><img loading=\"lazy\" decoding=\"async\" alt=\"\" width=\"206\" height=\"45\" title=\"log\u00f3tipo SPIRAX\" data-id=\"7717\" src=\"\/\/vaporparalaindustria.com\/wp-content\/uploads\/2018\/10\/logo-SPIRAX.png\" style=\"width: 100%;\"><\/a><\/span><\/p>\n<h1 style=\"text-align: center;\"><em><strong>Vapor em Esteriliza\u00e7\u00e3o e Autoclaves (EST)<\/strong><\/em><\/h1>\n<ul>\n<li><span><strong>Quem deve comparecer?<\/strong> Gerentes, usu\u00e1rios, projetistas, instaladores e t\u00e9cnicos de manuten\u00e7\u00e3o de autoclaves e sistemas de esteriliza\u00e7\u00e3o a vapor. Especial \u00eanfase na Ind\u00fastria Hospitalar e Farmac\u00eautica. Auditores e Inspectores que desejem melhorar os seus conhecimentos espec\u00edficos sobre o Vapor. Gestores de Qualidade e Valida\u00e7\u00e3o que desejam compreender os diferentes tipos de vapor, as peculiaridades da sua produ\u00e7\u00e3o, distribui\u00e7\u00e3o e utiliza\u00e7\u00e3o e as suas implica\u00e7\u00f5es no processo de esteriliza\u00e7\u00e3o.<\/span><\/li>\n<li><span><strong>Objetivo.<\/strong> Explicar e aprofundar conhecimentos sobre vapor industrial, filtrado, limpo e puro, transmitir conhecimentos sobre a influ\u00eancia do tratamento da \u00e1gua, produ\u00e7\u00e3o e distribui\u00e7\u00e3o de vapor nos resultados da esteriliza\u00e7\u00e3o, enquadramento legal, requisitos da legisla\u00e7\u00e3o em vigor e aplicabilidade.<\/span><\/li>\n<li><span><strong>Calend\u00e1rio.&nbsp;<\/strong>A dura\u00e7\u00e3o \u00e9 de 6 horas, come\u00e7ando \u00e0s 9:00 e terminando \u00e0s 16:30. Inclui almo\u00e7o.<\/span><\/li>\n<li><span><a href=\"\/\/vaporparalaindustria.com\/wp-content\/uploads\/2020\/01\/Vapor-na-Esterilizac\u0327a\u0303o-e-Autoclaves-EST.pdf\" target=\"_blank\" rel=\"noopener noreferrer\"><strong>Baixe o programa do curso<\/strong><\/a><\/span><\/li>\n<\/ul>\n<p style=\"text-align: center;\">Solicite mais informa\u00e7\u00f5es<\/p>\n<p style=\"text-align: center;\">Copyright 2019 Spirax Sarco Portugal - Todos os direitos reservados I &nbsp;<u><a href=\"\/\/vaporparalaindustria.com\/pt\/aviso-legal\/\" target=\"_blank\" rel=\"noopener noreferrer\">Aviso Legal<\/a><\/u>&nbsp;I &nbsp;<u><a href=\"\/\/www.spiraxsarco.com\/global\/es\/Pages\/Privacy-Policy.aspx\" target=\"_blank\" rel=\"noopener noreferrer\">Pol\u00edtica de Privacidade<\/a><\/u><\/p>","protected":false},"excerpt":{"rendered":"<p>Vapor em Esteriliza\u00e7\u00e3o e Autoclaves (EST) Quem deve comparecer? Gestores, Utilizadores, Designers, Instaladores e T\u00e9cnicos de Manuten\u00e7\u00e3o de Sistemas de Autoclave e Esteriliza\u00e7\u00e3o a Vapor. Especial \u00eanfase na Ind\u00fastria Hospitalar e Farmac\u00eautica. Auditores e Inspectores que desejem melhorar os seus conhecimentos espec\u00edficos sobre o Vapor. Gestores de Qualidade e Valida\u00e7\u00e3o que desejam compreender os diferentes tipos de esteriliza\u00e7\u00e3o a vapor ...<\/p>","protected":false},"author":1,"featured_media":0,"parent":0,"menu_order":0,"comment_status":"closed","ping_status":"closed","template":"","meta":{"_acf_changed":false,"_genesis_hide_title":false,"_genesis_hide_breadcrumbs":false,"_genesis_hide_singular_image":false,"_genesis_hide_footer_widgets":false,"_genesis_custom_body_class":"","_genesis_custom_post_class":"","_genesis_layout":"","footnotes":""},"class_list":{"1":"page","2":"type-page","5":"entry"},"yoast_head":"<!-- This site is optimized with the Yoast SEO plugin v27.3 - https:\/\/yoast.com\/product\/yoast-seo-wordpress\/ -->\n<title>PT. Vapor na Esteriliza\u00e7\u00e3o e Autoclaves - Vapor para la Industria<\/title>\n<meta name=\"robots\" content=\"index, follow, max-snippet:-1, max-image-preview:large, max-video-preview:-1\" \/>\n<link rel=\"canonical\" href=\"https:\/\/vaporparalaindustria.com\/pt\/pt-vapor-na-esterilizacao-e-autoclaves\/\" \/>\n<meta property=\"og:locale\" content=\"pt_PT\" \/>\n<meta property=\"og:type\" content=\"article\" \/>\n<meta property=\"og:title\" content=\"PT. Vapor na Esteriliza\u00e7\u00e3o e Autoclaves - Vapor para la Industria\" \/>\n<meta property=\"og:description\" content=\"Vapor na Esteriliza\u00e7\u00e3o e Autoclaves (EST) Quem deve assistir? Respons\u00e1veis, Utilizadores, Projetistas, Instaladores e T\u00e9cnicos de Manuten\u00e7\u00e3o de sistemas de Autoclaves e Esteriliza\u00e7\u00e3o por Vapor. Destaque especial para Industria Hospitalar e Farmac\u00eautica.Auditores e Inspetores que desejem melhorar os seus conhecimentos espec\u00edficos sobre Vapor. Respons\u00e1veis de Qualidade e Valida\u00e7\u00e3o que desejem entender os diversos tipos de &hellip;\" \/>\n<meta property=\"og:url\" content=\"https:\/\/vaporparalaindustria.com\/pt\/pt-vapor-na-esterilizacao-e-autoclaves\/\" \/>\n<meta property=\"og:site_name\" content=\"Vapor para la Industria\" \/>\n<meta property=\"article:modified_time\" content=\"2020-02-04T16:55:26+00:00\" \/>\n<meta property=\"og:image\" content=\"\/\/vaporparalaindustria.com\/wp-content\/uploads\/2018\/10\/logo-SPIRAX.png\" \/>\n<meta name=\"twitter:card\" content=\"summary_large_image\" \/>\n<meta name=\"twitter:label1\" content=\"Tempo estimado de leitura\" \/>\n\t<meta name=\"twitter:data1\" content=\"1 minuto\" \/>\n<script type=\"application\/ld+json\" class=\"yoast-schema-graph\">{\"@context\":\"https:\\\/\\\/schema.org\",\"@graph\":[{\"@type\":\"WebPage\",\"@id\":\"https:\\\/\\\/vaporparalaindustria.com\\\/pt-vapor-na-esterilizacao-e-autoclaves\\\/\",\"url\":\"https:\\\/\\\/vaporparalaindustria.com\\\/pt-vapor-na-esterilizacao-e-autoclaves\\\/\",\"name\":\"PT. Vapor na Esteriliza\u00e7\u00e3o e Autoclaves - Vapor para la Industria\",\"isPartOf\":{\"@id\":\"https:\\\/\\\/vaporparalaindustria.com\\\/#website\"},\"datePublished\":\"2020-01-30T11:47:08+00:00\",\"dateModified\":\"2020-02-04T16:55:26+00:00\",\"breadcrumb\":{\"@id\":\"https:\\\/\\\/vaporparalaindustria.com\\\/pt-vapor-na-esterilizacao-e-autoclaves\\\/#breadcrumb\"},\"inLanguage\":\"pt-PT\",\"potentialAction\":[{\"@type\":\"ReadAction\",\"target\":[\"https:\\\/\\\/vaporparalaindustria.com\\\/pt-vapor-na-esterilizacao-e-autoclaves\\\/\"]}]},{\"@type\":\"BreadcrumbList\",\"@id\":\"https:\\\/\\\/vaporparalaindustria.com\\\/pt-vapor-na-esterilizacao-e-autoclaves\\\/#breadcrumb\",\"itemListElement\":[{\"@type\":\"ListItem\",\"position\":1,\"name\":\"Portada\",\"item\":\"https:\\\/\\\/vaporparalaindustria.com\\\/\"},{\"@type\":\"ListItem\",\"position\":2,\"name\":\"PT. Vapor na Esteriliza\u00e7\u00e3o e Autoclaves\"}]},{\"@type\":\"WebSite\",\"@id\":\"https:\\\/\\\/vaporparalaindustria.com\\\/#website\",\"url\":\"https:\\\/\\\/vaporparalaindustria.com\\\/\",\"name\":\"Vapor para la Industria\",\"description\":\"Gesti\u00f3n Eficiente de los Sistemas de Vapor\",\"publisher\":{\"@id\":\"https:\\\/\\\/vaporparalaindustria.com\\\/#organization\"},\"potentialAction\":[{\"@type\":\"SearchAction\",\"target\":{\"@type\":\"EntryPoint\",\"urlTemplate\":\"https:\\\/\\\/vaporparalaindustria.com\\\/?s={search_term_string}\"},\"query-input\":{\"@type\":\"PropertyValueSpecification\",\"valueRequired\":true,\"valueName\":\"search_term_string\"}}],\"inLanguage\":\"pt-PT\"},{\"@type\":\"Organization\",\"@id\":\"https:\\\/\\\/vaporparalaindustria.com\\\/#organization\",\"name\":\"Vapor para la Industria\",\"url\":\"https:\\\/\\\/vaporparalaindustria.com\\\/\",\"logo\":{\"@type\":\"ImageObject\",\"inLanguage\":\"pt-PT\",\"@id\":\"https:\\\/\\\/vaporparalaindustria.com\\\/#\\\/schema\\\/logo\\\/image\\\/\",\"url\":\"https:\\\/\\\/vaporparalaindustria.com\\\/wp-content\\\/uploads\\\/2017\\\/10\\\/LogoBlogBLANCO-FINAL_VAPOR-PARA-LA-INDUSTRIA-e1499957507814.png\",\"contentUrl\":\"https:\\\/\\\/vaporparalaindustria.com\\\/wp-content\\\/uploads\\\/2017\\\/10\\\/LogoBlogBLANCO-FINAL_VAPOR-PARA-LA-INDUSTRIA-e1499957507814.png\",\"width\":300,\"height\":117,\"caption\":\"Vapor para la Industria\"},\"image\":{\"@id\":\"https:\\\/\\\/vaporparalaindustria.com\\\/#\\\/schema\\\/logo\\\/image\\\/\"}}]}<\/script>\n<!-- \/ Yoast SEO plugin. -->","yoast_head_json":{"title":"PT. Vapor na Esteriliza\u00e7\u00e3o e Autoclaves - Vapor para la Industria","robots":{"index":"index","follow":"follow","max-snippet":"max-snippet:-1","max-image-preview":"max-image-preview:large","max-video-preview":"max-video-preview:-1"},"canonical":"https:\/\/vaporparalaindustria.com\/pt\/pt-vapor-na-esterilizacao-e-autoclaves\/","og_locale":"pt_PT","og_type":"article","og_title":"PT. Vapor na Esteriliza\u00e7\u00e3o e Autoclaves - Vapor para la Industria","og_description":"Vapor na Esteriliza\u00e7\u00e3o e Autoclaves (EST) Quem deve assistir? Respons\u00e1veis, Utilizadores, Projetistas, Instaladores e T\u00e9cnicos de Manuten\u00e7\u00e3o de sistemas de Autoclaves e Esteriliza\u00e7\u00e3o por Vapor. Destaque especial para Industria Hospitalar e Farmac\u00eautica.Auditores e Inspetores que desejem melhorar os seus conhecimentos espec\u00edficos sobre Vapor. Respons\u00e1veis de Qualidade e Valida\u00e7\u00e3o que desejem entender os diversos tipos de &hellip;","og_url":"https:\/\/vaporparalaindustria.com\/pt\/pt-vapor-na-esterilizacao-e-autoclaves\/","og_site_name":"Vapor para la Industria","article_modified_time":"2020-02-04T16:55:26+00:00","og_image":[{"url":"\/\/vaporparalaindustria.com\/wp-content\/uploads\/2018\/10\/logo-SPIRAX.png","type":"","width":"","height":""}],"twitter_card":"summary_large_image","twitter_misc":{"Tempo estimado de leitura":"1 minuto"},"schema":{"@context":"https:\/\/schema.org","@graph":[{"@type":"WebPage","@id":"https:\/\/vaporparalaindustria.com\/pt-vapor-na-esterilizacao-e-autoclaves\/","url":"https:\/\/vaporparalaindustria.com\/pt-vapor-na-esterilizacao-e-autoclaves\/","name":"PT. Vapor na Esteriliza\u00e7\u00e3o e Autoclaves - Vapor para la Industria","isPartOf":{"@id":"https:\/\/vaporparalaindustria.com\/#website"},"datePublished":"2020-01-30T11:47:08+00:00","dateModified":"2020-02-04T16:55:26+00:00","breadcrumb":{"@id":"https:\/\/vaporparalaindustria.com\/pt-vapor-na-esterilizacao-e-autoclaves\/#breadcrumb"},"inLanguage":"pt-PT","potentialAction":[{"@type":"ReadAction","target":["https:\/\/vaporparalaindustria.com\/pt-vapor-na-esterilizacao-e-autoclaves\/"]}]},{"@type":"BreadcrumbList","@id":"https:\/\/vaporparalaindustria.com\/pt-vapor-na-esterilizacao-e-autoclaves\/#breadcrumb","itemListElement":[{"@type":"ListItem","position":1,"name":"Portada","item":"https:\/\/vaporparalaindustria.com\/"},{"@type":"ListItem","position":2,"name":"PT. Vapor na Esteriliza\u00e7\u00e3o e Autoclaves"}]},{"@type":"WebSite","@id":"https:\/\/vaporparalaindustria.com\/#website","url":"https:\/\/vaporparalaindustria.com\/","name":"Vapor para a Ind\u00fastria","description":"Gest\u00e3o Eficiente de Sistemas a Vapor","publisher":{"@id":"https:\/\/vaporparalaindustria.com\/#organization"},"potentialAction":[{"@type":"SearchAction","target":{"@type":"EntryPoint","urlTemplate":"https:\/\/vaporparalaindustria.com\/?s={search_term_string}"},"query-input":{"@type":"PropertyValueSpecification","valueRequired":true,"valueName":"search_term_string"}}],"inLanguage":"pt-PT"},{"@type":"Organization","@id":"https:\/\/vaporparalaindustria.com\/#organization","name":"Vapor para a Ind\u00fastria","url":"https:\/\/vaporparalaindustria.com\/","logo":{"@type":"ImageObject","inLanguage":"pt-PT","@id":"https:\/\/vaporparalaindustria.com\/#\/schema\/logo\/image\/","url":"https:\/\/vaporparalaindustria.com\/wp-content\/uploads\/2017\/10\/LogoBlogBLANCO-FINAL_VAPOR-PARA-LA-INDUSTRIA-e1499957507814.png","contentUrl":"https:\/\/vaporparalaindustria.com\/wp-content\/uploads\/2017\/10\/LogoBlogBLANCO-FINAL_VAPOR-PARA-LA-INDUSTRIA-e1499957507814.png","width":300,"height":117,"caption":"Vapor para la Industria"},"image":{"@id":"https:\/\/vaporparalaindustria.com\/#\/schema\/logo\/image\/"}}]}},"acf":[],"_links":{"self":[{"href":"https:\/\/vaporparalaindustria.com\/pt\/wp-json\/wp\/v2\/pages\/9197","targetHints":{"allow":["GET"]}}],"collection":[{"href":"https:\/\/vaporparalaindustria.com\/pt\/wp-json\/wp\/v2\/pages"}],"about":[{"href":"https:\/\/vaporparalaindustria.com\/pt\/wp-json\/wp\/v2\/types\/page"}],"author":[{"embeddable":true,"href":"https:\/\/vaporparalaindustria.com\/pt\/wp-json\/wp\/v2\/users\/1"}],"replies":[{"embeddable":true,"href":"https:\/\/vaporparalaindustria.com\/pt\/wp-json\/wp\/v2\/comments?post=9197"}],"version-history":[{"count":0,"href":"https:\/\/vaporparalaindustria.com\/pt\/wp-json\/wp\/v2\/pages\/9197\/revisions"}],"wp:attachment":[{"href":"https:\/\/vaporparalaindustria.com\/pt\/wp-json\/wp\/v2\/media?parent=9197"}],"curies":[{"name":"wp","href":"https:\/\/api.w.org\/{rel}","templated":true}]}}