{"id":8955,"date":"2019-10-09T18:17:02","date_gmt":"2019-10-09T17:17:02","guid":{"rendered":"https:\/\/vaporparalaindustria.com\/?page_id=8955"},"modified":"2019-10-09T18:17:02","modified_gmt":"2019-10-09T17:17:02","slug":"gracias-eficiencia-energetica","status":"publish","type":"page","link":"https:\/\/vaporparalaindustria.com\/pt\/gracias-eficiencia-energetica\/","title":{"rendered":"Obrigado Efici\u00eancia Energ\u00e9tica"},"content":{"rendered":"<p>[tcb-script type=\u00bbtext\/javascript\u00bb]var formData = function() { var query_string = (location.search) ? ((location.search.indexOf(&#8216;#&#8217;) != -1) ? location.search.substring(1, location.search.indexOf(&#8216;#&#8217;)) : location.search.substring(1)) : \u00bb;var elements = [];if(query_string) {var pairs = query_string.split(\u00ab&amp;\u00bb);for(i in pairs) {if (typeof pairs[i] == &#8216;string&#8217;) {var tmp = pairs[i].split(\u00ab=\u00bb);var queryKey = unescape(tmp[0]);queryKey = (queryKey.charAt(0) == &#8216;c&#8217;) ? queryKey.replace(\/s\/g, \u00ab_\u00bb) : queryKey;elements[queryKey] = unescape(tmp[1]);}}}return {display: function(key) {if(elements[key]) {document.write(elements[key]);}else {document.write(\u00ab&lt;!&#8211;If desired, replace everything between these quotes with a default in case there is no data in the query string.&#8211;&gt;\u00bb);}}}}(); [\/tcb-script]<a href=\"\/\/vaporparalaindustria.com\/wp-content\/uploads\/2018\/10\/logo-SPIRAX.png\" rel=\"\"><img loading=\"lazy\" decoding=\"async\" title=\"logo SPIRAX\" src=\"\/\/vaporparalaindustria.com\/wp-content\/uploads\/2018\/10\/logo-SPIRAX.png\" alt=\"\" width=\"206\" height=\"45\" data-id=\"7717\" \/><\/a><\/p>\n<h1 style=\"text-align: center;\"><span style=\"font-family: Lato; font-weight: 400; font-size: 48px; color: #000000;\">Recebemos seus dados corretamente!<\/span><\/h1>\n<p style=\"text-align: center;\"><span style=\"font-size: 18px;\">Entraremos em contato em breve para confirmar <\/span><\/p>\n<p style=\"text-align: center;\"><span style=\"font-size: 18px;\">seu lugar nas confer\u00eancias t\u00e9cnicas.<\/span><\/p>\n<p style=\"text-align: center;\">Convidamos voc\u00ea a visitar nossa p\u00e1gina de recursos para download, onde voc\u00ea pode encontrar informa\u00e7\u00f5es e recursos t\u00e9cnicos \u00fateis sobre gerenciamento eficiente de sistemas de vapor, manuten\u00e7\u00e3o de instala\u00e7\u00f5es de vapor, recupera\u00e7\u00e3o de condensados, aplica\u00e7\u00f5es pr\u00e1ticas de vapor na ind\u00fastria, efici\u00eancia energ\u00e9tica, economia em custos e muito mais &#8230;<\/p>\n<p style=\"text-align: center;\"><span style=\"color: #898989; font-size: 14px; font-family: Lato; font-weight: 400;\">Copyright \u00a9 {tcb_current_year} &#8211; Gestionado por Spirax Sarco Portugal &#8211; Todos los Derechos Reservados<\/span><\/p>\n","protected":false},"excerpt":{"rendered":"<p>[tcb-script type=\u00bbtext\/javascript\u00bb]var formData = function() { var query_string = (location.search) ? ((location.search.indexOf(&#8216;#&#8217;) != -1) ? location.search.substring(1, location.search.indexOf(&#8216;#&#8217;)) : location.search.substring(1)) : \u00bb;var elements = [];if(query_string) {var pairs = query_string.split(\u00ab&amp;\u00bb);for(i in pairs) {if (typeof pairs[i] == &#8216;string&#8217;) {var tmp = pairs[i].split(\u00ab=\u00bb);var queryKey = unescape(tmp[0]);queryKey = (queryKey.charAt(0) == &#8216;c&#8217;) ? queryKey.replace(\/s\/g, \u00ab_\u00bb) : queryKey;elements[queryKey] = unescape(tmp[1]);}}}return {display: function(key) &hellip;<\/p>\n","protected":false},"author":1,"featured_media":0,"parent":0,"menu_order":0,"comment_status":"closed","ping_status":"closed","template":"","meta":{"_acf_changed":false,"_genesis_hide_title":false,"_genesis_hide_breadcrumbs":false,"_genesis_hide_singular_image":false,"_genesis_hide_footer_widgets":false,"_genesis_custom_body_class":"","_genesis_custom_post_class":"","_genesis_layout":"","footnotes":""},"class_list":{"1":"page","2":"type-page","5":"entry"},"yoast_head":"<!-- This site is optimized with the Yoast SEO plugin v27.3 - https:\/\/yoast.com\/product\/yoast-seo-wordpress\/ -->\n<title>Gracias Efici\u00eancia Energ\u00e9tica - Vapor para la Industria<\/title>\n<meta name=\"robots\" content=\"index, follow, max-snippet:-1, max-image-preview:large, max-video-preview:-1\" \/>\n<link rel=\"canonical\" href=\"https:\/\/vaporparalaindustria.com\/pt\/gracias-eficiencia-energetica\/\" \/>\n<meta property=\"og:locale\" content=\"pt_PT\" \/>\n<meta property=\"og:type\" content=\"article\" \/>\n<meta property=\"og:title\" content=\"Gracias Efici\u00eancia Energ\u00e9tica - Vapor para la Industria\" \/>\n<meta property=\"og:description\" content=\"[tcb-script type=\u00bbtext\/javascript\u00bb]var formData = function() { var query_string = (location.search) ? ((location.search.indexOf(&#8216;#&#8217;) != -1) ? location.search.substring(1, location.search.indexOf(&#8216;#&#8217;)) : location.search.substring(1)) : \u00bb;var elements = [];if(query_string) {var pairs = query_string.split(\u00ab&amp;\u00bb);for(i in pairs) {if (typeof pairs[i] == &#8216;string&#8217;) {var tmp = pairs[i].split(\u00ab=\u00bb);var queryKey = unescape(tmp[0]);queryKey = (queryKey.charAt(0) == &#8216;c&#8217;) ? queryKey.replace(\/s\/g, \u00ab_\u00bb) : queryKey;elements[queryKey] = unescape(tmp[1]);}}}return {display: function(key) &hellip;\" \/>\n<meta property=\"og:url\" content=\"https:\/\/vaporparalaindustria.com\/pt\/gracias-eficiencia-energetica\/\" \/>\n<meta property=\"og:site_name\" content=\"Vapor para la Industria\" \/>\n<meta property=\"og:image\" content=\"\/\/vaporparalaindustria.com\/wp-content\/uploads\/2018\/10\/logo-SPIRAX.png\" \/>\n<meta name=\"twitter:card\" content=\"summary_large_image\" \/>\n<meta name=\"twitter:label1\" content=\"Tempo estimado de leitura\" \/>\n\t<meta name=\"twitter:data1\" content=\"1 minuto\" \/>\n<script type=\"application\/ld+json\" class=\"yoast-schema-graph\">{\"@context\":\"https:\\\/\\\/schema.org\",\"@graph\":[{\"@type\":\"WebPage\",\"@id\":\"https:\\\/\\\/vaporparalaindustria.com\\\/gracias-eficiencia-energetica\\\/\",\"url\":\"https:\\\/\\\/vaporparalaindustria.com\\\/gracias-eficiencia-energetica\\\/\",\"name\":\"Gracias Efici\u00eancia Energ\u00e9tica - Vapor para la Industria\",\"isPartOf\":{\"@id\":\"https:\\\/\\\/vaporparalaindustria.com\\\/#website\"},\"datePublished\":\"2019-10-09T17:17:02+00:00\",\"breadcrumb\":{\"@id\":\"https:\\\/\\\/vaporparalaindustria.com\\\/gracias-eficiencia-energetica\\\/#breadcrumb\"},\"inLanguage\":\"pt-PT\",\"potentialAction\":[{\"@type\":\"ReadAction\",\"target\":[\"https:\\\/\\\/vaporparalaindustria.com\\\/gracias-eficiencia-energetica\\\/\"]}]},{\"@type\":\"BreadcrumbList\",\"@id\":\"https:\\\/\\\/vaporparalaindustria.com\\\/gracias-eficiencia-energetica\\\/#breadcrumb\",\"itemListElement\":[{\"@type\":\"ListItem\",\"position\":1,\"name\":\"Portada\",\"item\":\"https:\\\/\\\/vaporparalaindustria.com\\\/\"},{\"@type\":\"ListItem\",\"position\":2,\"name\":\"Gracias Efici\u00eancia Energ\u00e9tica\"}]},{\"@type\":\"WebSite\",\"@id\":\"https:\\\/\\\/vaporparalaindustria.com\\\/#website\",\"url\":\"https:\\\/\\\/vaporparalaindustria.com\\\/\",\"name\":\"Vapor para la Industria\",\"description\":\"Gesti\u00f3n Eficiente de los Sistemas de Vapor\",\"publisher\":{\"@id\":\"https:\\\/\\\/vaporparalaindustria.com\\\/#organization\"},\"potentialAction\":[{\"@type\":\"SearchAction\",\"target\":{\"@type\":\"EntryPoint\",\"urlTemplate\":\"https:\\\/\\\/vaporparalaindustria.com\\\/?s={search_term_string}\"},\"query-input\":{\"@type\":\"PropertyValueSpecification\",\"valueRequired\":true,\"valueName\":\"search_term_string\"}}],\"inLanguage\":\"pt-PT\"},{\"@type\":\"Organization\",\"@id\":\"https:\\\/\\\/vaporparalaindustria.com\\\/#organization\",\"name\":\"Vapor para la Industria\",\"url\":\"https:\\\/\\\/vaporparalaindustria.com\\\/\",\"logo\":{\"@type\":\"ImageObject\",\"inLanguage\":\"pt-PT\",\"@id\":\"https:\\\/\\\/vaporparalaindustria.com\\\/#\\\/schema\\\/logo\\\/image\\\/\",\"url\":\"https:\\\/\\\/vaporparalaindustria.com\\\/wp-content\\\/uploads\\\/2017\\\/10\\\/LogoBlogBLANCO-FINAL_VAPOR-PARA-LA-INDUSTRIA-e1499957507814.png\",\"contentUrl\":\"https:\\\/\\\/vaporparalaindustria.com\\\/wp-content\\\/uploads\\\/2017\\\/10\\\/LogoBlogBLANCO-FINAL_VAPOR-PARA-LA-INDUSTRIA-e1499957507814.png\",\"width\":300,\"height\":117,\"caption\":\"Vapor para la Industria\"},\"image\":{\"@id\":\"https:\\\/\\\/vaporparalaindustria.com\\\/#\\\/schema\\\/logo\\\/image\\\/\"}}]}<\/script>\n<!-- \/ Yoast SEO plugin. -->","yoast_head_json":{"title":"Gracias Efici\u00eancia Energ\u00e9tica - Vapor para la Industria","robots":{"index":"index","follow":"follow","max-snippet":"max-snippet:-1","max-image-preview":"max-image-preview:large","max-video-preview":"max-video-preview:-1"},"canonical":"https:\/\/vaporparalaindustria.com\/pt\/gracias-eficiencia-energetica\/","og_locale":"pt_PT","og_type":"article","og_title":"Gracias Efici\u00eancia Energ\u00e9tica - Vapor para la Industria","og_description":"[tcb-script type=\u00bbtext\/javascript\u00bb]var formData = function() { var query_string = (location.search) ? ((location.search.indexOf(&#8216;#&#8217;) != -1) ? location.search.substring(1, location.search.indexOf(&#8216;#&#8217;)) : location.search.substring(1)) : \u00bb;var elements = [];if(query_string) {var pairs = query_string.split(\u00ab&amp;\u00bb);for(i in pairs) {if (typeof pairs[i] == &#8216;string&#8217;) {var tmp = pairs[i].split(\u00ab=\u00bb);var queryKey = unescape(tmp[0]);queryKey = (queryKey.charAt(0) == &#8216;c&#8217;) ? queryKey.replace(\/s\/g, \u00ab_\u00bb) : queryKey;elements[queryKey] = unescape(tmp[1]);}}}return {display: function(key) &hellip;","og_url":"https:\/\/vaporparalaindustria.com\/pt\/gracias-eficiencia-energetica\/","og_site_name":"Vapor para la Industria","og_image":[{"url":"\/\/vaporparalaindustria.com\/wp-content\/uploads\/2018\/10\/logo-SPIRAX.png","type":"","width":"","height":""}],"twitter_card":"summary_large_image","twitter_misc":{"Tempo estimado de leitura":"1 minuto"},"schema":{"@context":"https:\/\/schema.org","@graph":[{"@type":"WebPage","@id":"https:\/\/vaporparalaindustria.com\/gracias-eficiencia-energetica\/","url":"https:\/\/vaporparalaindustria.com\/gracias-eficiencia-energetica\/","name":"Gracias Efici\u00eancia Energ\u00e9tica - Vapor para la Industria","isPartOf":{"@id":"https:\/\/vaporparalaindustria.com\/#website"},"datePublished":"2019-10-09T17:17:02+00:00","breadcrumb":{"@id":"https:\/\/vaporparalaindustria.com\/gracias-eficiencia-energetica\/#breadcrumb"},"inLanguage":"pt-PT","potentialAction":[{"@type":"ReadAction","target":["https:\/\/vaporparalaindustria.com\/gracias-eficiencia-energetica\/"]}]},{"@type":"BreadcrumbList","@id":"https:\/\/vaporparalaindustria.com\/gracias-eficiencia-energetica\/#breadcrumb","itemListElement":[{"@type":"ListItem","position":1,"name":"Portada","item":"https:\/\/vaporparalaindustria.com\/"},{"@type":"ListItem","position":2,"name":"Gracias Efici\u00eancia Energ\u00e9tica"}]},{"@type":"WebSite","@id":"https:\/\/vaporparalaindustria.com\/#website","url":"https:\/\/vaporparalaindustria.com\/","name":"Vapor para a Ind\u00fastria","description":"Gest\u00e3o Eficiente de Sistemas a Vapor","publisher":{"@id":"https:\/\/vaporparalaindustria.com\/#organization"},"potentialAction":[{"@type":"SearchAction","target":{"@type":"EntryPoint","urlTemplate":"https:\/\/vaporparalaindustria.com\/?s={search_term_string}"},"query-input":{"@type":"PropertyValueSpecification","valueRequired":true,"valueName":"search_term_string"}}],"inLanguage":"pt-PT"},{"@type":"Organization","@id":"https:\/\/vaporparalaindustria.com\/#organization","name":"Vapor para a Ind\u00fastria","url":"https:\/\/vaporparalaindustria.com\/","logo":{"@type":"ImageObject","inLanguage":"pt-PT","@id":"https:\/\/vaporparalaindustria.com\/#\/schema\/logo\/image\/","url":"https:\/\/vaporparalaindustria.com\/wp-content\/uploads\/2017\/10\/LogoBlogBLANCO-FINAL_VAPOR-PARA-LA-INDUSTRIA-e1499957507814.png","contentUrl":"https:\/\/vaporparalaindustria.com\/wp-content\/uploads\/2017\/10\/LogoBlogBLANCO-FINAL_VAPOR-PARA-LA-INDUSTRIA-e1499957507814.png","width":300,"height":117,"caption":"Vapor para la Industria"},"image":{"@id":"https:\/\/vaporparalaindustria.com\/#\/schema\/logo\/image\/"}}]}},"acf":[],"_links":{"self":[{"href":"https:\/\/vaporparalaindustria.com\/pt\/wp-json\/wp\/v2\/pages\/8955","targetHints":{"allow":["GET"]}}],"collection":[{"href":"https:\/\/vaporparalaindustria.com\/pt\/wp-json\/wp\/v2\/pages"}],"about":[{"href":"https:\/\/vaporparalaindustria.com\/pt\/wp-json\/wp\/v2\/types\/page"}],"author":[{"embeddable":true,"href":"https:\/\/vaporparalaindustria.com\/pt\/wp-json\/wp\/v2\/users\/1"}],"replies":[{"embeddable":true,"href":"https:\/\/vaporparalaindustria.com\/pt\/wp-json\/wp\/v2\/comments?post=8955"}],"version-history":[{"count":0,"href":"https:\/\/vaporparalaindustria.com\/pt\/wp-json\/wp\/v2\/pages\/8955\/revisions"}],"wp:attachment":[{"href":"https:\/\/vaporparalaindustria.com\/pt\/wp-json\/wp\/v2\/media?parent=8955"}],"curies":[{"name":"wp","href":"https:\/\/api.w.org\/{rel}","templated":true}]}}