{"id":8598,"date":"2019-05-29T16:13:49","date_gmt":"2019-05-29T15:13:49","guid":{"rendered":"https:\/\/vaporparalaindustria.com\/?page_id=8598"},"modified":"2019-05-29T16:13:49","modified_gmt":"2019-05-29T15:13:49","slug":"gracias-cursos","status":"publish","type":"page","link":"https:\/\/vaporparalaindustria.com\/pt\/gracias-cursos\/","title":{"rendered":"cursos de agradecimento"},"content":{"rendered":"<p><span style=\"width: 100%;\"><a><img loading=\"lazy\" decoding=\"async\" style=\"width: 100%;\" title=\"vapor de log\u00f3tipo para a ind\u00fastria 2x\" src=\"\/\/vaporparalaindustria.com\/wp-content\/uploads\/2017\/10\/logo-vapor-para-la-industria-2x.png\" alt=\"logo vapor para la industria\" width=\"398\" height=\"155\" data-attachment-id=\"6182\" data-id=\"7006\" \/><\/a><\/span><\/p>\n<h1>Recebemos os seus dados correctamente!<\/h1>\n<h5 style=\"color: #494949; font-size: 18px; margin-top: 0; margin-bottom: 10px;\">Por favor, siga os passos abaixo:<\/h5>\n<p>1<\/p>\n<p style=\"color: #161616; font-size: 20px; margin-top: 0; margin-bottom: 20px;\">V\u00e1 para a sua caixa de entrada de e-mail<\/p>\n<p style=\"color: #494949; font-size: 14px; margin-top: 0; margin-bottom: 20px;\">Acesse sua caixa de entrada a partir do endere\u00e7o de e-mail que voc\u00ea usou para se registrar.<\/p>\n<p>2<\/p>\n<p style=\"color: #161616; font-size: 20px; margin-top: 0; margin-bottom: 20px;\">Mensagem aberta com Ebook para download<\/p>\n<p style=\"color: #494949; font-size: 14px; margin-top: 0; margin-bottom: 0;\">Encontre o e-mail enviado por n\u00f3s. A linha de assunto come\u00e7a com \"Here's your Ebook...\" e \u00e9 enviada pelo remetente do e-mail soporte@vaporparalaindustria.com<\/p>\n<p>3<\/p>\n<p style=\"color: #161616; font-size: 20px; margin-top: 0; margin-bottom: 20px;\">Entrega Atrasada<\/p>\n<p style=\"color: #494949; font-size: 14px; margin-top: 0; margin-bottom: 0;\"><span style=\"color: #ffffff;\">Se ap\u00f3s 24 horas n\u00e3o tiver recebido o e-mail com o download do livro electr\u00f3nico, verifique a sua pasta Spam, se ainda n\u00e3o a tiver recebido, envie uma mensagem para\u00a0<span style=\"font-size: 12px;\">soporte@vaporparalaindustria.com<\/span>,<\/span><\/p>\n<p style=\"color: #494949; font-size: 14px; margin-top: 0; margin-bottom: 0;\"><span style=\"color: #ffffff;\">solicitando novamente o Ebook\/Guia de interesse.<\/span><\/p>\n<p><a href=\"\/\/vaporparalaindustria.com\/pt\/\" target=\"_blank\" rel=\"noopener noreferrer\">VOLTAR PARA O BLOG<\/a><\/p>\n<p style=\"margin: 0; padding: 0; color: #494949; font-size: 12px;\">Copyright {tcb_current_year} by Steam for Industry I Todos os direitos reservados<\/p>","protected":false},"excerpt":{"rendered":"<p>Recebemos os seus dados correctamente! Por favor, siga os passos abaixo: 1 Ir para a caixa de entrada do seu correio electr\u00f3nico Aceder \u00e0 sua caixa de entrada a partir do endere\u00e7o de correio electr\u00f3nico que utilizou para se registar. 2 Abrir a mensagem com o Ebook descarreg\u00e1vel Encontrar o e-mail enviado por n\u00f3s. A linha de assunto ...<\/p>","protected":false},"author":1,"featured_media":0,"parent":0,"menu_order":0,"comment_status":"closed","ping_status":"closed","template":"","meta":{"_acf_changed":false,"_genesis_hide_title":false,"_genesis_hide_breadcrumbs":false,"_genesis_hide_singular_image":false,"_genesis_hide_footer_widgets":false,"_genesis_custom_body_class":"","_genesis_custom_post_class":"","_genesis_layout":"","footnotes":""},"class_list":{"1":"page","2":"type-page","5":"entry"},"yoast_head":"<!-- This site is optimized with the Yoast SEO plugin v27.3 - https:\/\/yoast.com\/product\/yoast-seo-wordpress\/ -->\n<title>gracias cursos - Vapor para la Industria<\/title>\n<meta name=\"robots\" content=\"index, follow, max-snippet:-1, max-image-preview:large, max-video-preview:-1\" \/>\n<link rel=\"canonical\" href=\"https:\/\/vaporparalaindustria.com\/pt\/gracias-cursos\/\" \/>\n<meta property=\"og:locale\" content=\"pt_PT\" \/>\n<meta property=\"og:type\" content=\"article\" \/>\n<meta property=\"og:title\" content=\"gracias cursos - Vapor para la Industria\" \/>\n<meta property=\"og:description\" content=\"\u00a1Hemos recibido sus datos\u00a0correctamente! Por favor siga los siguientes pasos: 1 Vaya a la Bandeja de Entrada de su email Accede a su bandeja de entrada de la direcci\u00f3n de correo electr\u00f3nico que utiliz\u00f3 para registrarte. 2 Abra el Mensaje con el Ebook Descargable Encuentra el correo electr\u00f3nico enviado por nosotros. La l\u00ednea de asunto &hellip;\" \/>\n<meta property=\"og:url\" content=\"https:\/\/vaporparalaindustria.com\/pt\/gracias-cursos\/\" \/>\n<meta property=\"og:site_name\" content=\"Vapor para la Industria\" \/>\n<meta property=\"og:image\" content=\"\/\/vaporparalaindustria.com\/wp-content\/uploads\/2017\/10\/logo-vapor-para-la-industria-2x.png\" \/>\n<meta name=\"twitter:card\" content=\"summary_large_image\" \/>\n<meta name=\"twitter:label1\" content=\"Tempo estimado de leitura\" \/>\n\t<meta name=\"twitter:data1\" content=\"1 minuto\" \/>\n<script type=\"application\/ld+json\" class=\"yoast-schema-graph\">{\"@context\":\"https:\\\/\\\/schema.org\",\"@graph\":[{\"@type\":\"WebPage\",\"@id\":\"https:\\\/\\\/vaporparalaindustria.com\\\/gracias-cursos\\\/\",\"url\":\"https:\\\/\\\/vaporparalaindustria.com\\\/gracias-cursos\\\/\",\"name\":\"gracias cursos - Vapor para la Industria\",\"isPartOf\":{\"@id\":\"https:\\\/\\\/vaporparalaindustria.com\\\/#website\"},\"datePublished\":\"2019-05-29T15:13:49+00:00\",\"breadcrumb\":{\"@id\":\"https:\\\/\\\/vaporparalaindustria.com\\\/gracias-cursos\\\/#breadcrumb\"},\"inLanguage\":\"pt-PT\",\"potentialAction\":[{\"@type\":\"ReadAction\",\"target\":[\"https:\\\/\\\/vaporparalaindustria.com\\\/gracias-cursos\\\/\"]}]},{\"@type\":\"BreadcrumbList\",\"@id\":\"https:\\\/\\\/vaporparalaindustria.com\\\/gracias-cursos\\\/#breadcrumb\",\"itemListElement\":[{\"@type\":\"ListItem\",\"position\":1,\"name\":\"Portada\",\"item\":\"https:\\\/\\\/vaporparalaindustria.com\\\/\"},{\"@type\":\"ListItem\",\"position\":2,\"name\":\"gracias cursos\"}]},{\"@type\":\"WebSite\",\"@id\":\"https:\\\/\\\/vaporparalaindustria.com\\\/#website\",\"url\":\"https:\\\/\\\/vaporparalaindustria.com\\\/\",\"name\":\"Vapor para la Industria\",\"description\":\"Gesti\u00f3n Eficiente de los Sistemas de Vapor\",\"publisher\":{\"@id\":\"https:\\\/\\\/vaporparalaindustria.com\\\/#organization\"},\"potentialAction\":[{\"@type\":\"SearchAction\",\"target\":{\"@type\":\"EntryPoint\",\"urlTemplate\":\"https:\\\/\\\/vaporparalaindustria.com\\\/?s={search_term_string}\"},\"query-input\":{\"@type\":\"PropertyValueSpecification\",\"valueRequired\":true,\"valueName\":\"search_term_string\"}}],\"inLanguage\":\"pt-PT\"},{\"@type\":\"Organization\",\"@id\":\"https:\\\/\\\/vaporparalaindustria.com\\\/#organization\",\"name\":\"Vapor para la Industria\",\"url\":\"https:\\\/\\\/vaporparalaindustria.com\\\/\",\"logo\":{\"@type\":\"ImageObject\",\"inLanguage\":\"pt-PT\",\"@id\":\"https:\\\/\\\/vaporparalaindustria.com\\\/#\\\/schema\\\/logo\\\/image\\\/\",\"url\":\"https:\\\/\\\/vaporparalaindustria.com\\\/wp-content\\\/uploads\\\/2017\\\/10\\\/LogoBlogBLANCO-FINAL_VAPOR-PARA-LA-INDUSTRIA-e1499957507814.png\",\"contentUrl\":\"https:\\\/\\\/vaporparalaindustria.com\\\/wp-content\\\/uploads\\\/2017\\\/10\\\/LogoBlogBLANCO-FINAL_VAPOR-PARA-LA-INDUSTRIA-e1499957507814.png\",\"width\":300,\"height\":117,\"caption\":\"Vapor para la Industria\"},\"image\":{\"@id\":\"https:\\\/\\\/vaporparalaindustria.com\\\/#\\\/schema\\\/logo\\\/image\\\/\"}}]}<\/script>\n<!-- \/ Yoast SEO plugin. -->","yoast_head_json":{"title":"gracias cursos - Vapor para la Industria","robots":{"index":"index","follow":"follow","max-snippet":"max-snippet:-1","max-image-preview":"max-image-preview:large","max-video-preview":"max-video-preview:-1"},"canonical":"https:\/\/vaporparalaindustria.com\/pt\/gracias-cursos\/","og_locale":"pt_PT","og_type":"article","og_title":"gracias cursos - Vapor para la Industria","og_description":"\u00a1Hemos recibido sus datos\u00a0correctamente! Por favor siga los siguientes pasos: 1 Vaya a la Bandeja de Entrada de su email Accede a su bandeja de entrada de la direcci\u00f3n de correo electr\u00f3nico que utiliz\u00f3 para registrarte. 2 Abra el Mensaje con el Ebook Descargable Encuentra el correo electr\u00f3nico enviado por nosotros. La l\u00ednea de asunto &hellip;","og_url":"https:\/\/vaporparalaindustria.com\/pt\/gracias-cursos\/","og_site_name":"Vapor para la Industria","og_image":[{"url":"\/\/vaporparalaindustria.com\/wp-content\/uploads\/2017\/10\/logo-vapor-para-la-industria-2x.png","type":"","width":"","height":""}],"twitter_card":"summary_large_image","twitter_misc":{"Tempo estimado de leitura":"1 minuto"},"schema":{"@context":"https:\/\/schema.org","@graph":[{"@type":"WebPage","@id":"https:\/\/vaporparalaindustria.com\/gracias-cursos\/","url":"https:\/\/vaporparalaindustria.com\/gracias-cursos\/","name":"gracias cursos - Vapor para la Industria","isPartOf":{"@id":"https:\/\/vaporparalaindustria.com\/#website"},"datePublished":"2019-05-29T15:13:49+00:00","breadcrumb":{"@id":"https:\/\/vaporparalaindustria.com\/gracias-cursos\/#breadcrumb"},"inLanguage":"pt-PT","potentialAction":[{"@type":"ReadAction","target":["https:\/\/vaporparalaindustria.com\/gracias-cursos\/"]}]},{"@type":"BreadcrumbList","@id":"https:\/\/vaporparalaindustria.com\/gracias-cursos\/#breadcrumb","itemListElement":[{"@type":"ListItem","position":1,"name":"Portada","item":"https:\/\/vaporparalaindustria.com\/"},{"@type":"ListItem","position":2,"name":"gracias cursos"}]},{"@type":"WebSite","@id":"https:\/\/vaporparalaindustria.com\/#website","url":"https:\/\/vaporparalaindustria.com\/","name":"Vapor para a Ind\u00fastria","description":"Gest\u00e3o Eficiente de Sistemas a Vapor","publisher":{"@id":"https:\/\/vaporparalaindustria.com\/#organization"},"potentialAction":[{"@type":"SearchAction","target":{"@type":"EntryPoint","urlTemplate":"https:\/\/vaporparalaindustria.com\/?s={search_term_string}"},"query-input":{"@type":"PropertyValueSpecification","valueRequired":true,"valueName":"search_term_string"}}],"inLanguage":"pt-PT"},{"@type":"Organization","@id":"https:\/\/vaporparalaindustria.com\/#organization","name":"Vapor para a Ind\u00fastria","url":"https:\/\/vaporparalaindustria.com\/","logo":{"@type":"ImageObject","inLanguage":"pt-PT","@id":"https:\/\/vaporparalaindustria.com\/#\/schema\/logo\/image\/","url":"https:\/\/vaporparalaindustria.com\/wp-content\/uploads\/2017\/10\/LogoBlogBLANCO-FINAL_VAPOR-PARA-LA-INDUSTRIA-e1499957507814.png","contentUrl":"https:\/\/vaporparalaindustria.com\/wp-content\/uploads\/2017\/10\/LogoBlogBLANCO-FINAL_VAPOR-PARA-LA-INDUSTRIA-e1499957507814.png","width":300,"height":117,"caption":"Vapor para la Industria"},"image":{"@id":"https:\/\/vaporparalaindustria.com\/#\/schema\/logo\/image\/"}}]}},"acf":[],"_links":{"self":[{"href":"https:\/\/vaporparalaindustria.com\/pt\/wp-json\/wp\/v2\/pages\/8598","targetHints":{"allow":["GET"]}}],"collection":[{"href":"https:\/\/vaporparalaindustria.com\/pt\/wp-json\/wp\/v2\/pages"}],"about":[{"href":"https:\/\/vaporparalaindustria.com\/pt\/wp-json\/wp\/v2\/types\/page"}],"author":[{"embeddable":true,"href":"https:\/\/vaporparalaindustria.com\/pt\/wp-json\/wp\/v2\/users\/1"}],"replies":[{"embeddable":true,"href":"https:\/\/vaporparalaindustria.com\/pt\/wp-json\/wp\/v2\/comments?post=8598"}],"version-history":[{"count":0,"href":"https:\/\/vaporparalaindustria.com\/pt\/wp-json\/wp\/v2\/pages\/8598\/revisions"}],"wp:attachment":[{"href":"https:\/\/vaporparalaindustria.com\/pt\/wp-json\/wp\/v2\/media?parent=8598"}],"curies":[{"name":"wp","href":"https:\/\/api.w.org\/{rel}","templated":true}]}}