{"id":8345,"date":"2019-04-04T15:19:59","date_gmt":"2019-04-04T14:19:59","guid":{"rendered":"https:\/\/vaporparalaindustria.com\/?page_id=8345"},"modified":"2019-07-25T17:12:18","modified_gmt":"2019-07-25T16:12:18","slug":"eventos-pt","status":"publish","type":"page","link":"https:\/\/vaporparalaindustria.com\/pt\/eventos-pt\/","title":{"rendered":"PT. Eventos"},"content":{"rendered":"<p><span style=\"width: 100%;\"><a href=\"\/\/vaporparalaindustria.com\/wp-content\/uploads\/2017\/10\/LogoBlogBLANCO-FINAL_VAPOR-PARA-LA-INDUSTRIA-e1499957507814.png\" rel=\"\"><img loading=\"lazy\" decoding=\"async\" alt=\"\" width=\"300\" height=\"118\" title=\"LogoBlogBLANCO-FINAL_VAPOR-PARA-LA-INDUSTRIA-e1499957507814\" data-id=\"7069\" src=\"\/\/vaporparalaindustria.com\/wp-content\/uploads\/2017\/10\/LogoBlogBLANCO-FINAL_VAPOR-PARA-LA-INDUSTRIA-e1499957507814.png\" style=\"width: 100%;\"><\/a><\/span><\/p>\n<h1 style=\"text-align: center;\">Eventos <strong>especializado em sistemas de vapor<\/strong> para uma ind\u00fastria<\/h1>\n<p style=\"text-align: center;\"><span style=\"color: rgb(255, 255, 255);\">Os eventos oferecidos pela Spirax Sarco Portugal e seus parceiros oferecem uma variedade de op\u00e7\u00f5es para engenheiros, t\u00e9cnicos e gestores de instala\u00e7\u00f5es e opera\u00e7\u00f5es de produ\u00e7\u00e3o, permitindo-lhes desenvolver um plano de forma\u00e7\u00e3o adaptado da melhor forma \u00e0s suas necessidades, seja para aprender novas compet\u00eancias ou para melhorar as suas capacidades existentes ...<em>\"Obter a melhor forma\u00e7\u00e3o dispon\u00edvel dos mais prestigiados especialistas do mundo\".<\/em><\/span><\/p>\n<p><span style=\"width: 100%;\"><a href=\"\/\/vaporparalaindustria.com\/wp-content\/uploads\/2019\/01\/TEV-Tecnicas-Uso-Eficiente-Vapor.jpg\" rel=\"\"><img loading=\"lazy\" decoding=\"async\" alt=\"CSV-Control-Sistemas-Vapor\" width=\"800\" height=\"533\" title=\"CSV-Control-Systems-Steam\" data-id=\"7885\" src=\"\/\/vaporparalaindustria.com\/wp-content\/uploads\/2019\/01\/CSV-Control-Sistemas-Vapor.jpg\" style=\"width: 100%;\"><\/a><\/span><\/p>\n<h2><strong><span style=\"color: rgb(45, 52, 69);\">Controle de sistemas de vapor<\/span><\/strong><span>&nbsp;(CSV)<\/span><\/h2>\n<p><strong>LISBOA<\/strong><\/p>\n<p><span style=\"width: 100%;\"><a href=\"\/\/vaporparalaindustria.com\/wp-content\/uploads\/2019\/01\/TE\u0301CNICAS-PARA-EL-USO-EFICIENTE-DEL-VAPOR-CURSOS-SPIRAX-SARCO.png\" rel=\"\"><img loading=\"lazy\" decoding=\"async\" alt=\"CONTROL DE SISTEMAS DE VAPOR - CURSOS SPIRAX SARCO\" width=\"77\" height=\"65\" title=\"CONTROLE DE SISTEMAS DE VAPOR - SPIRAX SARCO CURSOS\" data-id=\"7899\" src=\"\/\/vaporparalaindustria.com\/wp-content\/uploads\/2019\/01\/CONTROL-DE-SISTEMAS-DE-VAPOR-CURSOS-SPIRAX-SARCO.png\" style=\"width: 100%;\"><\/a><\/span><\/p>\n<p><strong>QUANDO:<\/strong>&nbsp;<strong><span style=\"color: rgb(55, 149, 183);\"><strong><span>18 Setembro 2019<\/span><\/strong><\/span><\/strong><\/p>\n<p><strong>A QUEM POSSA INTERESSAR:<\/strong> Qualquer pessoa que deseje iniciar ou melhorar seus conhecimentos sobre sistemas de controle autom\u00e1tico de vapor, incluindo projetistas de sistemas de controle, instaladores, t\u00e9cnicos de processo e t\u00e9cnicos de manuten\u00e7\u00e3o.<\/p>\n<\/p>\n<p><strong>ORDEM DO DIA:<\/strong> A dura\u00e7\u00e3o ser\u00e1 de 5 horas por dia, come\u00e7ando \u00e0s 9:00h e terminando \u00e0s 15:00h.<\/p>\n<p><span style=\"width: 100%;\"><a href=\"\/\/vaporparalaindustria.com\/wp-content\/uploads\/2019\/01\/TEV-Tecnicas-Uso-Eficiente-Vapor.jpg\" rel=\"\"><img loading=\"lazy\" decoding=\"async\" alt=\"T\u00e9cnicas para el Uso Eficiente del Vapor (TEV) spirax sarco\" width=\"800\" height=\"533\" title=\"T\u00e9cnicas para o Uso Eficiente do Vapor (TEV) spirax sarco\" data-id=\"7883\" src=\"\/\/vaporparalaindustria.com\/wp-content\/uploads\/2019\/01\/TEV-Tecnicas-Uso-Eficiente-Vapor.jpg\" style=\"width: 100%;\"><\/a><\/span><\/p>\n<h2><strong><span style=\"color: rgb(45, 52, 69);\">T<\/span><\/strong><strong><span>T\u00e9cnicas para o Uso Eficiente do Vapor<\/span><\/strong><span>&nbsp;(TEV)<\/span><\/h2>\n<p><strong>PORTO<\/strong><\/p>\n<p><span style=\"width: 100%;\"><a href=\"\/\/vaporparalaindustria.com\/wp-content\/uploads\/2019\/01\/TE\u0301CNICAS-PARA-EL-USO-EFICIENTE-DEL-VAPOR-CURSOS-SPIRAX-SARCO.png\" rel=\"\"><img loading=\"lazy\" decoding=\"async\" alt=\"TE\u0301CNICAS PARA EL USO EFICIENTE DEL VAPOR - CURSOS SPIRAX SARCO\" width=\"77\" height=\"65\" title=\"T\u00c9CNICAS DE EFICI\u00caNCIA DE VAPOR - CURSOS SPIRAX SARCO\" data-id=\"7903\" src=\"\/\/vaporparalaindustria.com\/wp-content\/uploads\/2019\/01\/TE\u0301CNICAS-PARA-EL-USO-EFICIENTE-DEL-VAPOR-CURSOS-SPIRAX-SARCO.png\" style=\"width: 100%;\"><\/a><\/span><\/p>\n<p><strong>QUANDO:<\/strong><strong><span style=\"color: rgb(55, 149, 183);\"><strong><span>24, 25 e 26 de Setembro de 2019<\/span><\/strong><\/span><\/strong><\/p>\n<p><strong>A QUEM POSSA INTERESSAR:<\/strong> Gerentes, Diretores, Engenheiros e T\u00e9cnicos que desenvolvem sua atividade em instala\u00e7\u00f5es a vapor e desejam melhorar seus conhecimentos sobre quest\u00f5es relacionadas ao desenvolvimento da instala\u00e7\u00e3o, especifica\u00e7\u00e3o de equipamentos e economia de energia.<\/p>\n<\/p>\n<p><strong>ORDEM DO DIA:<\/strong> A dura\u00e7\u00e3o ser\u00e1 de 5 horas por dia, come\u00e7ando \u00e0s 9:00 e terminando \u00e0s 14:00.<\/p>\n<h2><span style=\"color: rgb(45, 52, 69);\"><strong>Sistemas de vapor e condensado&nbsp;<\/strong>(SVC)<\/span><\/h2>\n<p><strong>LISBOA<\/strong><\/p>\n<p><span style=\"width: 100%;\"><a href=\"\/\/vaporparalaindustria.com\/wp-content\/uploads\/2019\/01\/SISTEMAS-DE-VAPOR-Y-CONDENSADO-SPIRAX-SARCO_1.png\" rel=\"\"><img loading=\"lazy\" decoding=\"async\" alt=\"SISTEMAS DE VAPOR Y CONDENSADO - SPIRAX SARCO_1\" width=\"77\" height=\"66\" title=\"SISTEMAS DE VAPOR E CONDENSADO - SPIRAX SARCO_1\" data-id=\"8011\" src=\"\/\/vaporparalaindustria.com\/wp-content\/uploads\/2019\/01\/SISTEMAS-DE-VAPOR-Y-CONDENSADO-SPIRAX-SARCO_1.png\" style=\"width: 100%;\"><\/a><\/span><\/p>\n<p><strong>QUANDO:<\/strong><strong><span style=\"color: rgb(55, 149, 183);\">22 e 23 de Outubro de 2019<\/span><\/strong><\/p>\n<p><strong>A QUEM POSSA INTERESSAR:<\/strong>&nbsp;Qualquer pessoa que deseje iniciar ou melhorar seus conhecimentos sobre o vapor e seu uso, incluindo instaladores, gerentes de projeto, energia e compras, t\u00e9cnicos de projeto, processo e manuten\u00e7\u00e3o.<\/p>\n<\/p>\n<p><strong>ORDEM DO DIA:<\/strong> A dura\u00e7\u00e3o ser\u00e1 de 5 horas por dia, come\u00e7ando \u00e0s 9:00 e terminando \u00e0s 14:00.<\/p>\n<p><span style=\"width: 100%;\"><a href=\"\/\/vaporparalaindustria.com\/wp-content\/uploads\/2019\/01\/SVC-Sistema-Vapor-Condensado.jpg\" rel=\"\"><img loading=\"lazy\" decoding=\"async\" alt=\"SVC-Sistema-Vapor-Condensado\" width=\"800\" height=\"543\" title=\"SVC-System-Steam-Condensing\" data-id=\"7881\" src=\"\/\/vaporparalaindustria.com\/wp-content\/uploads\/2019\/01\/SVC-Sistema-Vapor-Condensado.jpg\" style=\"width: 100%;\"><\/a><\/span><\/p>\n<h2><span style=\"color: rgb(45, 52, 69);\"><strong>Sistemas de vapor e condensado&nbsp;<\/strong>(SVC)<\/span><\/h2>\n<p><strong>PORTO<\/strong><\/p>\n<p><span style=\"width: 100%;\"><a href=\"\/\/vaporparalaindustria.com\/wp-content\/uploads\/2019\/01\/SISTEMAS-DE-VAPOR-Y-CONDENSADO-SPIRAX-SARCO_1.png\" rel=\"\"><img loading=\"lazy\" decoding=\"async\" alt=\"SISTEMAS DE VAPOR Y CONDENSADO - SPIRAX SARCO_1\" width=\"77\" height=\"66\" title=\"SISTEMAS DE VAPOR E CONDENSADO - SPIRAX SARCO_1\" data-id=\"8011\" src=\"\/\/vaporparalaindustria.com\/wp-content\/uploads\/2019\/01\/SISTEMAS-DE-VAPOR-Y-CONDENSADO-SPIRAX-SARCO_1.png\" style=\"width: 100%;\"><\/a><\/span><\/p>\n<p><strong>QUANDO:<\/strong><strong><span style=\"color: rgb(55, 149, 183);\">12 e 13 de Novembro de 2019<\/span><\/strong><\/p>\n<p><strong>A QUEM POSSA INTERESSAR:<\/strong>&nbsp;Qualquer pessoa que deseje iniciar ou melhorar seus conhecimentos sobre o vapor e seu uso, incluindo instaladores, gerentes de projeto, energia e compras, t\u00e9cnicos de projeto, processo e manuten\u00e7\u00e3o.<\/p>\n<\/p>\n<p><strong>ORDEM DO DIA:<\/strong> A dura\u00e7\u00e3o ser\u00e1 de 5 horas por dia, come\u00e7ando \u00e0s 9:00 e terminando \u00e0s 14:00.<\/p>\n<p><span style=\"width: 100%;\"><a href=\"\/\/vaporparalaindustria.com\/wp-content\/uploads\/2019\/01\/SVC-Sistema-Vapor-Condensado.jpg\" rel=\"\"><img loading=\"lazy\" decoding=\"async\" alt=\"SVC-Sistema-Vapor-Condensado\" width=\"800\" height=\"543\" title=\"SVC-System-Steam-Condensing\" data-id=\"7881\" src=\"\/\/vaporparalaindustria.com\/wp-content\/uploads\/2019\/01\/SVC-Sistema-Vapor-Condensado.jpg\" style=\"width: 100%;\"><\/a><\/span><span style=\"width: 100%;\"><a href=\"\/\/vaporparalaindustria.com\/wp-content\/uploads\/2019\/01\/TEV-Tecnicas-Uso-Eficiente-Vapor.jpg\" rel=\"\"><img loading=\"lazy\" decoding=\"async\" alt=\"CSV-Control-Sistemas-Vapor\" width=\"800\" height=\"533\" title=\"CSV-Control-Systems-Steam\" data-id=\"7885\" src=\"\/\/vaporparalaindustria.com\/wp-content\/uploads\/2019\/01\/CSV-Control-Sistemas-Vapor.jpg\" style=\"width: 100%;\"><\/a><\/span><\/p>\n<h2><strong><span style=\"color: rgb(45, 52, 69);\">Controle de sistemas de vapor<\/span><\/strong><span>&nbsp;(CSV)<\/span><\/h2>\n<p><strong>LISBOA<\/strong><\/p>\n<p><span style=\"width: 100%;\"><a href=\"\/\/vaporparalaindustria.com\/wp-content\/uploads\/2019\/01\/TE\u0301CNICAS-PARA-EL-USO-EFICIENTE-DEL-VAPOR-CURSOS-SPIRAX-SARCO.png\" rel=\"\"><img loading=\"lazy\" decoding=\"async\" alt=\"CONTROL DE SISTEMAS DE VAPOR - CURSOS SPIRAX SARCO\" width=\"77\" height=\"65\" title=\"CONTROLE DE SISTEMAS DE VAPOR - SPIRAX SARCO CURSOS\" data-id=\"7899\" src=\"\/\/vaporparalaindustria.com\/wp-content\/uploads\/2019\/01\/CONTROL-DE-SISTEMAS-DE-VAPOR-CURSOS-SPIRAX-SARCO.png\" style=\"width: 100%;\"><\/a><\/span><\/p>\n<p><strong>QUANDO:<\/strong>&nbsp;<strong><span style=\"color: rgb(55, 149, 183);\"><strong><span>20 Novembro 2019<\/span><\/strong><\/span><\/strong><\/p>\n<p><strong>A QUEM POSSA INTERESSAR:<\/strong> Qualquer pessoa que deseje iniciar ou melhorar seus conhecimentos sobre sistemas de controle autom\u00e1tico de vapor, incluindo projetistas de sistemas de controle, instaladores, t\u00e9cnicos de processo e t\u00e9cnicos de manuten\u00e7\u00e3o.<\/p>\n<\/p>\n<p><strong>ORDEM DO DIA:<\/strong> A dura\u00e7\u00e3o ser\u00e1 de 5 horas por dia, come\u00e7ando \u00e0s 9:00h e terminando \u00e0s 15:00h.<\/p>\n<h3 style=\"text-align: center;\"><strong>Recursos e conte\u00fado informativo<\/strong><\/h3>\n<p>Recursos t\u00e9cnicos \u00fateis no gerenciamento eficiente de sistemas de vapor, manuten\u00e7\u00e3o de instala\u00e7\u00f5es de vapor, recupera\u00e7\u00e3o de condensados, aplica\u00e7\u00f5es pr\u00e1ticas de vapor na ind\u00fastria, efici\u00eancia energ\u00e9tica, redu\u00e7\u00e3o de custos e muito mais ...<\/p>\n<p><span style=\"width: 100%;\"><a href=\"\/\/vaporparalaindustria.com\/wp-content\/uploads\/2017\/07\/sistemas-de-lazo-de-vapor-y-condensado.png\" rel=\"\"><img loading=\"lazy\" decoding=\"async\" alt=\"Ingenier\u00eda de Vapor: sistemas de lazo de vapor y condensado\" width=\"857\" height=\"1000\" title=\"sistemas de vapor e de condensados\" data-id=\"6830\" src=\"\/\/vaporparalaindustria.com\/wp-content\/uploads\/2017\/07\/sistemas-de-lazo-de-vapor-y-condensado.png\" style=\"width: 100%;\"><\/a><\/span><\/p>\n<p style=\"text-align: center;\"><span style=\"color: rgb(255, 255, 255); font-size: 22px;\">Um guia completo das melhores pr\u00e1ticas para a economia de energia e otimiza\u00e7\u00e3o do desempenho das plantas. Este livro cobre todos os aspectos dos sistemas de vapor e condensado.<em>\"Dispon\u00edvel em ingl\u00eas e espanhol\".<\/em><\/span><\/p>\n<p><span style=\"width: 100%;\"><a href=\"\/\/vaporparalaindustria.com\/wp-content\/uploads\/2018\/02\/Tecnologi\u0301a-para-Optimizar-el-Retorno-de-Condensado.png\" rel=\"\"><img loading=\"lazy\" decoding=\"async\" alt=\"Tecnologi\u0301a para Optimizar el Retorno de Condensado\" width=\"566\" height=\"470\" title=\"Tecnologia de Otimiza\u00e7\u00e3o de Retorno de Condensado\" data-id=\"7223\" src=\"\/\/vaporparalaindustria.com\/wp-content\/uploads\/2018\/02\/Tecnologi\u0301a-para-Optimizar-el-Retorno-de-Condensado.png\" style=\"width: 100%;\"><\/a><\/span><\/p>\n<p style=\"text-align: center;\"><span style=\"color: rgb(255, 255, 255); font-size: 22px;\">Recurso pr\u00e1tico constitu\u00eddo por tr\u00eas v\u00eddeos que explicam em profundidade a aplica\u00e7\u00e3o das tecnologias de Recupera\u00e7\u00e3o de Condensado em instala\u00e7\u00f5es de vapor industrial.<\/span><\/p>\n<p style=\"text-align: center;\"><span style=\"color: rgb(255, 255, 255); font-size: 22px;\"><em>\"Dispon\u00edvel em espanhol\".<\/em><\/span><\/p>\n<p style=\"text-align: center;\"><span style=\"color: rgb(153, 153, 153); font-size: 16px;\">{tcb_current_year} Steam for Industry. Todos os direitos reservados |&nbsp;<\/span><span style=\"color: rgb(248, 251, 253);\"><a href=\"\/\/vaporparalaindustria.com\/pt\/aviso-legal\/\" target=\"_blank\" rel=\"noopener noreferrer\">Aviso legal e pol\u00edtica de privacidade<\/a><\/span><\/p>","protected":false},"excerpt":{"rendered":"<p>Eventos especializados em sistemas de vapor para a ind\u00fastria Os eventos oferecidos pela Spirax Sarco Portugal e seus parceiros oferecem uma variedade de op\u00e7\u00f5es para engenheiros, t\u00e9cnicos e gestores de instala\u00e7\u00f5es e opera\u00e7\u00f5es de produ\u00e7\u00e3o, permitindo-lhes desenvolver um plano de forma\u00e7\u00e3o mais adequado \u00e0s suas necessidades, quer seja para aprender novas compet\u00eancias ou para desenvolver as suas ...<\/p>","protected":false},"author":1,"featured_media":0,"parent":0,"menu_order":0,"comment_status":"closed","ping_status":"closed","template":"","meta":{"_acf_changed":false,"_genesis_hide_title":false,"_genesis_hide_breadcrumbs":false,"_genesis_hide_singular_image":false,"_genesis_hide_footer_widgets":false,"_genesis_custom_body_class":"","_genesis_custom_post_class":"","_genesis_layout":"","footnotes":""},"class_list":{"1":"page","2":"type-page","5":"entry"},"yoast_head":"<!-- This site is optimized with the Yoast SEO plugin v27.3 - https:\/\/yoast.com\/product\/yoast-seo-wordpress\/ -->\n<title>PT. Eventos - Vapor para la Industria<\/title>\n<meta name=\"robots\" content=\"index, follow, max-snippet:-1, max-image-preview:large, max-video-preview:-1\" \/>\n<link rel=\"canonical\" href=\"https:\/\/vaporparalaindustria.com\/pt\/eventos-pt\/\" \/>\n<meta property=\"og:locale\" content=\"pt_PT\" \/>\n<meta property=\"og:type\" content=\"article\" \/>\n<meta property=\"og:title\" content=\"PT. Eventos - Vapor para la Industria\" \/>\n<meta property=\"og:description\" content=\"Eventos especializados em sistemas a vapor para a ind\u00fastria Os eventos oferecidos pela Spirax Sarco Portugal e seus colaboradores oferecem uma variedade de op\u00e7\u00f5es para engenheiros, t\u00e9cnicos e gerentes de plantas de produ\u00e7\u00e3o e opera\u00e7\u00f5es, que permitem desenvolver um plano de treinamento adaptado da melhor maneira \u00e0s suas necessidades, seja para aprender novas habilidades ou &hellip;\" \/>\n<meta property=\"og:url\" content=\"https:\/\/vaporparalaindustria.com\/pt\/eventos-pt\/\" \/>\n<meta property=\"og:site_name\" content=\"Vapor para la Industria\" \/>\n<meta property=\"article:modified_time\" content=\"2019-07-25T16:12:18+00:00\" \/>\n<meta property=\"og:image\" content=\"\/\/vaporparalaindustria.com\/wp-content\/uploads\/2017\/10\/LogoBlogBLANCO-FINAL_VAPOR-PARA-LA-INDUSTRIA-e1499957507814.png\" \/>\n<meta name=\"twitter:card\" content=\"summary_large_image\" \/>\n<meta name=\"twitter:label1\" content=\"Tempo estimado de leitura\" \/>\n\t<meta name=\"twitter:data1\" content=\"3 minutos\" \/>\n<script type=\"application\/ld+json\" class=\"yoast-schema-graph\">{\"@context\":\"https:\\\/\\\/schema.org\",\"@graph\":[{\"@type\":\"WebPage\",\"@id\":\"https:\\\/\\\/vaporparalaindustria.com\\\/eventos-pt\\\/\",\"url\":\"https:\\\/\\\/vaporparalaindustria.com\\\/eventos-pt\\\/\",\"name\":\"PT. Eventos - Vapor para la Industria\",\"isPartOf\":{\"@id\":\"https:\\\/\\\/vaporparalaindustria.com\\\/#website\"},\"datePublished\":\"2019-04-04T14:19:59+00:00\",\"dateModified\":\"2019-07-25T16:12:18+00:00\",\"breadcrumb\":{\"@id\":\"https:\\\/\\\/vaporparalaindustria.com\\\/eventos-pt\\\/#breadcrumb\"},\"inLanguage\":\"pt-PT\",\"potentialAction\":[{\"@type\":\"ReadAction\",\"target\":[\"https:\\\/\\\/vaporparalaindustria.com\\\/eventos-pt\\\/\"]}]},{\"@type\":\"BreadcrumbList\",\"@id\":\"https:\\\/\\\/vaporparalaindustria.com\\\/eventos-pt\\\/#breadcrumb\",\"itemListElement\":[{\"@type\":\"ListItem\",\"position\":1,\"name\":\"Portada\",\"item\":\"https:\\\/\\\/vaporparalaindustria.com\\\/\"},{\"@type\":\"ListItem\",\"position\":2,\"name\":\"PT. Eventos\"}]},{\"@type\":\"WebSite\",\"@id\":\"https:\\\/\\\/vaporparalaindustria.com\\\/#website\",\"url\":\"https:\\\/\\\/vaporparalaindustria.com\\\/\",\"name\":\"Vapor para la Industria\",\"description\":\"Gesti\u00f3n Eficiente de los Sistemas de Vapor\",\"publisher\":{\"@id\":\"https:\\\/\\\/vaporparalaindustria.com\\\/#organization\"},\"potentialAction\":[{\"@type\":\"SearchAction\",\"target\":{\"@type\":\"EntryPoint\",\"urlTemplate\":\"https:\\\/\\\/vaporparalaindustria.com\\\/?s={search_term_string}\"},\"query-input\":{\"@type\":\"PropertyValueSpecification\",\"valueRequired\":true,\"valueName\":\"search_term_string\"}}],\"inLanguage\":\"pt-PT\"},{\"@type\":\"Organization\",\"@id\":\"https:\\\/\\\/vaporparalaindustria.com\\\/#organization\",\"name\":\"Vapor para la Industria\",\"url\":\"https:\\\/\\\/vaporparalaindustria.com\\\/\",\"logo\":{\"@type\":\"ImageObject\",\"inLanguage\":\"pt-PT\",\"@id\":\"https:\\\/\\\/vaporparalaindustria.com\\\/#\\\/schema\\\/logo\\\/image\\\/\",\"url\":\"https:\\\/\\\/vaporparalaindustria.com\\\/wp-content\\\/uploads\\\/2017\\\/10\\\/LogoBlogBLANCO-FINAL_VAPOR-PARA-LA-INDUSTRIA-e1499957507814.png\",\"contentUrl\":\"https:\\\/\\\/vaporparalaindustria.com\\\/wp-content\\\/uploads\\\/2017\\\/10\\\/LogoBlogBLANCO-FINAL_VAPOR-PARA-LA-INDUSTRIA-e1499957507814.png\",\"width\":300,\"height\":117,\"caption\":\"Vapor para la Industria\"},\"image\":{\"@id\":\"https:\\\/\\\/vaporparalaindustria.com\\\/#\\\/schema\\\/logo\\\/image\\\/\"}}]}<\/script>\n<!-- \/ Yoast SEO plugin. -->","yoast_head_json":{"title":"PT. Eventos - Vapor para la Industria","robots":{"index":"index","follow":"follow","max-snippet":"max-snippet:-1","max-image-preview":"max-image-preview:large","max-video-preview":"max-video-preview:-1"},"canonical":"https:\/\/vaporparalaindustria.com\/pt\/eventos-pt\/","og_locale":"pt_PT","og_type":"article","og_title":"PT. Eventos - Vapor para la Industria","og_description":"Eventos especializados em sistemas a vapor para a ind\u00fastria Os eventos oferecidos pela Spirax Sarco Portugal e seus colaboradores oferecem uma variedade de op\u00e7\u00f5es para engenheiros, t\u00e9cnicos e gerentes de plantas de produ\u00e7\u00e3o e opera\u00e7\u00f5es, que permitem desenvolver um plano de treinamento adaptado da melhor maneira \u00e0s suas necessidades, seja para aprender novas habilidades ou &hellip;","og_url":"https:\/\/vaporparalaindustria.com\/pt\/eventos-pt\/","og_site_name":"Vapor para la Industria","article_modified_time":"2019-07-25T16:12:18+00:00","og_image":[{"url":"\/\/vaporparalaindustria.com\/wp-content\/uploads\/2017\/10\/LogoBlogBLANCO-FINAL_VAPOR-PARA-LA-INDUSTRIA-e1499957507814.png","type":"","width":"","height":""}],"twitter_card":"summary_large_image","twitter_misc":{"Tempo estimado de leitura":"3 minutos"},"schema":{"@context":"https:\/\/schema.org","@graph":[{"@type":"WebPage","@id":"https:\/\/vaporparalaindustria.com\/eventos-pt\/","url":"https:\/\/vaporparalaindustria.com\/eventos-pt\/","name":"PT. Eventos - Vapor para la Industria","isPartOf":{"@id":"https:\/\/vaporparalaindustria.com\/#website"},"datePublished":"2019-04-04T14:19:59+00:00","dateModified":"2019-07-25T16:12:18+00:00","breadcrumb":{"@id":"https:\/\/vaporparalaindustria.com\/eventos-pt\/#breadcrumb"},"inLanguage":"pt-PT","potentialAction":[{"@type":"ReadAction","target":["https:\/\/vaporparalaindustria.com\/eventos-pt\/"]}]},{"@type":"BreadcrumbList","@id":"https:\/\/vaporparalaindustria.com\/eventos-pt\/#breadcrumb","itemListElement":[{"@type":"ListItem","position":1,"name":"Portada","item":"https:\/\/vaporparalaindustria.com\/"},{"@type":"ListItem","position":2,"name":"PT. Eventos"}]},{"@type":"WebSite","@id":"https:\/\/vaporparalaindustria.com\/#website","url":"https:\/\/vaporparalaindustria.com\/","name":"Vapor para a Ind\u00fastria","description":"Gest\u00e3o Eficiente de Sistemas a Vapor","publisher":{"@id":"https:\/\/vaporparalaindustria.com\/#organization"},"potentialAction":[{"@type":"SearchAction","target":{"@type":"EntryPoint","urlTemplate":"https:\/\/vaporparalaindustria.com\/?s={search_term_string}"},"query-input":{"@type":"PropertyValueSpecification","valueRequired":true,"valueName":"search_term_string"}}],"inLanguage":"pt-PT"},{"@type":"Organization","@id":"https:\/\/vaporparalaindustria.com\/#organization","name":"Vapor para a Ind\u00fastria","url":"https:\/\/vaporparalaindustria.com\/","logo":{"@type":"ImageObject","inLanguage":"pt-PT","@id":"https:\/\/vaporparalaindustria.com\/#\/schema\/logo\/image\/","url":"https:\/\/vaporparalaindustria.com\/wp-content\/uploads\/2017\/10\/LogoBlogBLANCO-FINAL_VAPOR-PARA-LA-INDUSTRIA-e1499957507814.png","contentUrl":"https:\/\/vaporparalaindustria.com\/wp-content\/uploads\/2017\/10\/LogoBlogBLANCO-FINAL_VAPOR-PARA-LA-INDUSTRIA-e1499957507814.png","width":300,"height":117,"caption":"Vapor para la Industria"},"image":{"@id":"https:\/\/vaporparalaindustria.com\/#\/schema\/logo\/image\/"}}]}},"acf":[],"_links":{"self":[{"href":"https:\/\/vaporparalaindustria.com\/pt\/wp-json\/wp\/v2\/pages\/8345","targetHints":{"allow":["GET"]}}],"collection":[{"href":"https:\/\/vaporparalaindustria.com\/pt\/wp-json\/wp\/v2\/pages"}],"about":[{"href":"https:\/\/vaporparalaindustria.com\/pt\/wp-json\/wp\/v2\/types\/page"}],"author":[{"embeddable":true,"href":"https:\/\/vaporparalaindustria.com\/pt\/wp-json\/wp\/v2\/users\/1"}],"replies":[{"embeddable":true,"href":"https:\/\/vaporparalaindustria.com\/pt\/wp-json\/wp\/v2\/comments?post=8345"}],"version-history":[{"count":0,"href":"https:\/\/vaporparalaindustria.com\/pt\/wp-json\/wp\/v2\/pages\/8345\/revisions"}],"wp:attachment":[{"href":"https:\/\/vaporparalaindustria.com\/pt\/wp-json\/wp\/v2\/media?parent=8345"}],"curies":[{"name":"wp","href":"https:\/\/api.w.org\/{rel}","templated":true}]}}