{"id":8192,"date":"2019-03-18T12:00:33","date_gmt":"2019-03-18T11:00:33","guid":{"rendered":"http:\/\/160.153.133.164\/~z5xutwdok8md\/?page_id=8192"},"modified":"2019-04-04T15:27:48","modified_gmt":"2019-04-04T14:27:48","slug":"cursos-sistemas-de-vapor-limpio-e-puro","status":"publish","type":"page","link":"https:\/\/vaporparalaindustria.com\/pt\/cursos-sistemas-de-vapor-limpio-e-puro\/","title":{"rendered":"PT.Cursos Sistemas de Vapor Limpo e Puro"},"content":{"rendered":"<p><span style=\"width: 100%;\"><a href=\"\/\/www.spiraxsarco.com\/global\/es\/\" rel=\"noopener noreferrer\" target=\"_blank\"><img loading=\"lazy\" decoding=\"async\" alt=\"\" width=\"206\" height=\"45\" title=\"log\u00f3tipo SPIRAX\" data-id=\"7717\" src=\"\/\/vaporparalaindustria.com\/wp-content\/uploads\/2018\/10\/logo-SPIRAX.png\" style=\"width: 100%;\"><\/a><\/span><span style=\"width: 100%;\"><a href=\"\/\/vaporparalaindustria.com\/wp-content\/uploads\/2019\/01\/SISTEMAS-DE-VAPOR-LIMPIO-Y-PURO-CURSOS-SPIRAX-SARCO.png\" rel=\"\"><img loading=\"lazy\" decoding=\"async\" alt=\"\" width=\"77\" height=\"65\" title=\"SISTEMAS DE VAPOR LIMPO E PURO - SPIRAX SARCO CURSOS\" data-id=\"7901\" src=\"\/\/vaporparalaindustria.com\/wp-content\/uploads\/2019\/01\/SISTEMAS-DE-VAPOR-LIMPIO-Y-PURO-CURSOS-SPIRAX-SARCO.png\" style=\"width: 100%;\"><\/a><\/span><\/p>\n<h1 style=\"text-align: center;\"><em><strong>Sistemas de Vapor Limpo e Puro<\/strong><\/em><\/h1>\n<ul>\n<li><span><strong>Quem deve comparecer?<\/strong> Utilizadores de vapor limpo, engenheiros e instaladores respons\u00e1veis por projectos de vapor limpo, pessoal de manuten\u00e7\u00e3o, gestores de qualidade, inspectores e auditores que desejem iniciar ou melhorar os seus conhecimentos espec\u00edficos sobre vapor limpo.<\/span><\/li>\n<li><span><strong>Objetivo.<\/strong> Proporcionar uma compreens\u00e3o b\u00e1sica de vapor limpo e puro, a sua classifica\u00e7\u00e3o e gera\u00e7\u00e3o, bem como as principais normas e legisla\u00e7\u00e3o aplic\u00e1veis.<\/span><\/li>\n<li><span><strong>Calend\u00e1rio.&nbsp;<\/strong>A dura\u00e7\u00e3o ser\u00e1 de5 horas cada dia, iniciando-se \u00e0s 9.00 efinalizando \u00e0s 14:00<\/span><\/li>\n<li><span><a href=\"https:\/\/vaporparalaindustria.com\/wp-content\/uploads\/2019\/04\/Sistemas-de-Vapor-Limpio-e-Puro-SVLP.pdf\" target=\"_blank\" rel=\"noopener noreferrer\"><strong>Baixe o programa do curso<\/strong><\/a><\/span><\/li>\n<\/ul>\n<p style=\"text-align: center;\">Pe\u00e7a mais informa\u00e7\u00f5es:<\/p>\n<p style=\"text-align: center;\">Copyright 2019 Spirax Sarco Portugal - Todos os direitos reservados I&nbsp;<u><a href=\"https:\/\/vaporparalaindustria.com\/pt\/aviso-legal\/\" target=\"_blank\" rel=\"noopener noreferrer\">Aviso Legal<\/a><\/u>&nbsp;I &nbsp;<u><a href=\"https:\/\/www.spiraxsarco.com\/global\/es\/Pages\/Privacy-Policy.aspx\" target=\"_blank\" rel=\"noopener noreferrer\">Pol\u00edtica de Privacidade<\/a><\/u><\/p>","protected":false},"excerpt":{"rendered":"<p>Sistemas de Vapor Limpo e Puro Quem deve participar? Utilizadores de vapor limpo, engenheiros e instaladores respons\u00e1veis por projectos de vapor limpo, pessoal de manuten\u00e7\u00e3o, gestores de qualidade, inspectores e auditores que desejem iniciar ou melhorar os seus conhecimentos espec\u00edficos sobre vapor limpo. Objectivo. Proporcionar um conhecimento b\u00e1sico de vapor limpo e puro, a sua classifica\u00e7\u00e3o e gera\u00e7\u00e3o, bem como a sua ...<\/p>","protected":false},"author":1,"featured_media":0,"parent":0,"menu_order":0,"comment_status":"closed","ping_status":"closed","template":"","meta":{"_acf_changed":false,"_genesis_hide_title":false,"_genesis_hide_breadcrumbs":false,"_genesis_hide_singular_image":false,"_genesis_hide_footer_widgets":false,"_genesis_custom_body_class":"","_genesis_custom_post_class":"","_genesis_layout":"","footnotes":""},"class_list":{"1":"page","2":"type-page","5":"entry"},"yoast_head":"<!-- This site is optimized with the Yoast SEO plugin v27.3 - https:\/\/yoast.com\/product\/yoast-seo-wordpress\/ -->\n<title>Cursos sobre Sistemas de Vapor y Condensado<\/title>\n<meta name=\"description\" content=\"Cursos que le proporciona conocimientos b\u00e1sicos en Sistemas de Vapor y Condensado, su utilizaci\u00f3n y componentes de la instalaci\u00f3n, para que los responsables del dise\u00f1o, montaje, operaci\u00f3n y mantenimiento puedan obtener mejoras en la producci\u00f3n, seguridad y eficiencia energ\u00e9tica.\" \/>\n<meta name=\"robots\" content=\"index, follow, max-snippet:-1, max-image-preview:large, max-video-preview:-1\" \/>\n<link rel=\"canonical\" href=\"https:\/\/vaporparalaindustria.com\/pt\/cursos-sistemas-de-vapor-limpio-e-puro\/\" \/>\n<meta property=\"og:locale\" content=\"pt_PT\" \/>\n<meta property=\"og:type\" content=\"article\" \/>\n<meta property=\"og:title\" content=\"Cursos sobre Sistemas de Vapor y Condensado\" \/>\n<meta property=\"og:description\" content=\"Cursos que le proporciona conocimientos b\u00e1sicos en Sistemas de Vapor y Condensado, su utilizaci\u00f3n y componentes de la instalaci\u00f3n, para que los responsables del dise\u00f1o, montaje, operaci\u00f3n y mantenimiento puedan obtener mejoras en la producci\u00f3n, seguridad y eficiencia energ\u00e9tica.\" \/>\n<meta property=\"og:url\" content=\"https:\/\/vaporparalaindustria.com\/pt\/cursos-sistemas-de-vapor-limpio-e-puro\/\" \/>\n<meta property=\"og:site_name\" content=\"Vapor para la Industria\" \/>\n<meta property=\"article:modified_time\" content=\"2019-04-04T14:27:48+00:00\" \/>\n<meta property=\"og:image\" content=\"\/\/vaporparalaindustria.com\/wp-content\/uploads\/2018\/10\/logo-SPIRAX.png\" \/>\n<meta name=\"twitter:card\" content=\"summary_large_image\" \/>\n<meta name=\"twitter:label1\" content=\"Tempo estimado de leitura\" \/>\n\t<meta name=\"twitter:data1\" content=\"1 minuto\" \/>\n<script type=\"application\/ld+json\" class=\"yoast-schema-graph\">{\"@context\":\"https:\\\/\\\/schema.org\",\"@graph\":[{\"@type\":\"WebPage\",\"@id\":\"https:\\\/\\\/vaporparalaindustria.com\\\/cursos-sistemas-de-vapor-limpio-e-puro\\\/\",\"url\":\"https:\\\/\\\/vaporparalaindustria.com\\\/cursos-sistemas-de-vapor-limpio-e-puro\\\/\",\"name\":\"Cursos sobre Sistemas de Vapor y Condensado\",\"isPartOf\":{\"@id\":\"https:\\\/\\\/vaporparalaindustria.com\\\/#website\"},\"datePublished\":\"2019-03-18T11:00:33+00:00\",\"dateModified\":\"2019-04-04T14:27:48+00:00\",\"description\":\"Cursos que le proporciona conocimientos b\u00e1sicos en Sistemas de Vapor y Condensado, su utilizaci\u00f3n y componentes de la instalaci\u00f3n, para que los responsables del dise\u00f1o, montaje, operaci\u00f3n y mantenimiento puedan obtener mejoras en la producci\u00f3n, seguridad y eficiencia energ\u00e9tica.\",\"breadcrumb\":{\"@id\":\"https:\\\/\\\/vaporparalaindustria.com\\\/cursos-sistemas-de-vapor-limpio-e-puro\\\/#breadcrumb\"},\"inLanguage\":\"pt-PT\",\"potentialAction\":[{\"@type\":\"ReadAction\",\"target\":[\"https:\\\/\\\/vaporparalaindustria.com\\\/cursos-sistemas-de-vapor-limpio-e-puro\\\/\"]}]},{\"@type\":\"BreadcrumbList\",\"@id\":\"https:\\\/\\\/vaporparalaindustria.com\\\/cursos-sistemas-de-vapor-limpio-e-puro\\\/#breadcrumb\",\"itemListElement\":[{\"@type\":\"ListItem\",\"position\":1,\"name\":\"Portada\",\"item\":\"https:\\\/\\\/vaporparalaindustria.com\\\/\"},{\"@type\":\"ListItem\",\"position\":2,\"name\":\"PT.Cursos Sistemas de Vapor Limpio e Puro\"}]},{\"@type\":\"WebSite\",\"@id\":\"https:\\\/\\\/vaporparalaindustria.com\\\/#website\",\"url\":\"https:\\\/\\\/vaporparalaindustria.com\\\/\",\"name\":\"Vapor para la Industria\",\"description\":\"Gesti\u00f3n Eficiente de los Sistemas de Vapor\",\"publisher\":{\"@id\":\"https:\\\/\\\/vaporparalaindustria.com\\\/#organization\"},\"potentialAction\":[{\"@type\":\"SearchAction\",\"target\":{\"@type\":\"EntryPoint\",\"urlTemplate\":\"https:\\\/\\\/vaporparalaindustria.com\\\/?s={search_term_string}\"},\"query-input\":{\"@type\":\"PropertyValueSpecification\",\"valueRequired\":true,\"valueName\":\"search_term_string\"}}],\"inLanguage\":\"pt-PT\"},{\"@type\":\"Organization\",\"@id\":\"https:\\\/\\\/vaporparalaindustria.com\\\/#organization\",\"name\":\"Vapor para la Industria\",\"url\":\"https:\\\/\\\/vaporparalaindustria.com\\\/\",\"logo\":{\"@type\":\"ImageObject\",\"inLanguage\":\"pt-PT\",\"@id\":\"https:\\\/\\\/vaporparalaindustria.com\\\/#\\\/schema\\\/logo\\\/image\\\/\",\"url\":\"https:\\\/\\\/vaporparalaindustria.com\\\/wp-content\\\/uploads\\\/2017\\\/10\\\/LogoBlogBLANCO-FINAL_VAPOR-PARA-LA-INDUSTRIA-e1499957507814.png\",\"contentUrl\":\"https:\\\/\\\/vaporparalaindustria.com\\\/wp-content\\\/uploads\\\/2017\\\/10\\\/LogoBlogBLANCO-FINAL_VAPOR-PARA-LA-INDUSTRIA-e1499957507814.png\",\"width\":300,\"height\":117,\"caption\":\"Vapor para la Industria\"},\"image\":{\"@id\":\"https:\\\/\\\/vaporparalaindustria.com\\\/#\\\/schema\\\/logo\\\/image\\\/\"}}]}<\/script>\n<!-- \/ Yoast SEO plugin. -->","yoast_head_json":{"title":"Cursos sobre Sistemas de Vapor y Condensado","description":"Cursos que le proporciona conocimientos b\u00e1sicos en Sistemas de Vapor y Condensado, su utilizaci\u00f3n y componentes de la instalaci\u00f3n, para que los responsables del dise\u00f1o, montaje, operaci\u00f3n y mantenimiento puedan obtener mejoras en la producci\u00f3n, seguridad y eficiencia energ\u00e9tica.","robots":{"index":"index","follow":"follow","max-snippet":"max-snippet:-1","max-image-preview":"max-image-preview:large","max-video-preview":"max-video-preview:-1"},"canonical":"https:\/\/vaporparalaindustria.com\/pt\/cursos-sistemas-de-vapor-limpio-e-puro\/","og_locale":"pt_PT","og_type":"article","og_title":"Cursos sobre Sistemas de Vapor y Condensado","og_description":"Cursos que le proporciona conocimientos b\u00e1sicos en Sistemas de Vapor y Condensado, su utilizaci\u00f3n y componentes de la instalaci\u00f3n, para que los responsables del dise\u00f1o, montaje, operaci\u00f3n y mantenimiento puedan obtener mejoras en la producci\u00f3n, seguridad y eficiencia energ\u00e9tica.","og_url":"https:\/\/vaporparalaindustria.com\/pt\/cursos-sistemas-de-vapor-limpio-e-puro\/","og_site_name":"Vapor para la Industria","article_modified_time":"2019-04-04T14:27:48+00:00","og_image":[{"url":"\/\/vaporparalaindustria.com\/wp-content\/uploads\/2018\/10\/logo-SPIRAX.png","type":"","width":"","height":""}],"twitter_card":"summary_large_image","twitter_misc":{"Tempo estimado de leitura":"1 minuto"},"schema":{"@context":"https:\/\/schema.org","@graph":[{"@type":"WebPage","@id":"https:\/\/vaporparalaindustria.com\/cursos-sistemas-de-vapor-limpio-e-puro\/","url":"https:\/\/vaporparalaindustria.com\/cursos-sistemas-de-vapor-limpio-e-puro\/","name":"Cursos sobre Sistemas de Vapor y Condensado","isPartOf":{"@id":"https:\/\/vaporparalaindustria.com\/#website"},"datePublished":"2019-03-18T11:00:33+00:00","dateModified":"2019-04-04T14:27:48+00:00","description":"Cursos que le proporciona conocimientos b\u00e1sicos en Sistemas de Vapor y Condensado, su utilizaci\u00f3n y componentes de la instalaci\u00f3n, para que los responsables del dise\u00f1o, montaje, operaci\u00f3n y mantenimiento puedan obtener mejoras en la producci\u00f3n, seguridad y eficiencia energ\u00e9tica.","breadcrumb":{"@id":"https:\/\/vaporparalaindustria.com\/cursos-sistemas-de-vapor-limpio-e-puro\/#breadcrumb"},"inLanguage":"pt-PT","potentialAction":[{"@type":"ReadAction","target":["https:\/\/vaporparalaindustria.com\/cursos-sistemas-de-vapor-limpio-e-puro\/"]}]},{"@type":"BreadcrumbList","@id":"https:\/\/vaporparalaindustria.com\/cursos-sistemas-de-vapor-limpio-e-puro\/#breadcrumb","itemListElement":[{"@type":"ListItem","position":1,"name":"Portada","item":"https:\/\/vaporparalaindustria.com\/"},{"@type":"ListItem","position":2,"name":"PT.Cursos Sistemas de Vapor Limpio e Puro"}]},{"@type":"WebSite","@id":"https:\/\/vaporparalaindustria.com\/#website","url":"https:\/\/vaporparalaindustria.com\/","name":"Vapor para a Ind\u00fastria","description":"Gest\u00e3o Eficiente de Sistemas a Vapor","publisher":{"@id":"https:\/\/vaporparalaindustria.com\/#organization"},"potentialAction":[{"@type":"SearchAction","target":{"@type":"EntryPoint","urlTemplate":"https:\/\/vaporparalaindustria.com\/?s={search_term_string}"},"query-input":{"@type":"PropertyValueSpecification","valueRequired":true,"valueName":"search_term_string"}}],"inLanguage":"pt-PT"},{"@type":"Organization","@id":"https:\/\/vaporparalaindustria.com\/#organization","name":"Vapor para a Ind\u00fastria","url":"https:\/\/vaporparalaindustria.com\/","logo":{"@type":"ImageObject","inLanguage":"pt-PT","@id":"https:\/\/vaporparalaindustria.com\/#\/schema\/logo\/image\/","url":"https:\/\/vaporparalaindustria.com\/wp-content\/uploads\/2017\/10\/LogoBlogBLANCO-FINAL_VAPOR-PARA-LA-INDUSTRIA-e1499957507814.png","contentUrl":"https:\/\/vaporparalaindustria.com\/wp-content\/uploads\/2017\/10\/LogoBlogBLANCO-FINAL_VAPOR-PARA-LA-INDUSTRIA-e1499957507814.png","width":300,"height":117,"caption":"Vapor para la Industria"},"image":{"@id":"https:\/\/vaporparalaindustria.com\/#\/schema\/logo\/image\/"}}]}},"acf":[],"_links":{"self":[{"href":"https:\/\/vaporparalaindustria.com\/pt\/wp-json\/wp\/v2\/pages\/8192","targetHints":{"allow":["GET"]}}],"collection":[{"href":"https:\/\/vaporparalaindustria.com\/pt\/wp-json\/wp\/v2\/pages"}],"about":[{"href":"https:\/\/vaporparalaindustria.com\/pt\/wp-json\/wp\/v2\/types\/page"}],"author":[{"embeddable":true,"href":"https:\/\/vaporparalaindustria.com\/pt\/wp-json\/wp\/v2\/users\/1"}],"replies":[{"embeddable":true,"href":"https:\/\/vaporparalaindustria.com\/pt\/wp-json\/wp\/v2\/comments?post=8192"}],"version-history":[{"count":0,"href":"https:\/\/vaporparalaindustria.com\/pt\/wp-json\/wp\/v2\/pages\/8192\/revisions"}],"wp:attachment":[{"href":"https:\/\/vaporparalaindustria.com\/pt\/wp-json\/wp\/v2\/media?parent=8192"}],"curies":[{"name":"wp","href":"https:\/\/api.w.org\/{rel}","templated":true}]}}