{"id":7914,"date":"2019-01-16T10:33:55","date_gmt":"2019-01-16T09:33:55","guid":{"rendered":"https:\/\/vaporparalaindustria.com\/?page_id=7914"},"modified":"2020-02-04T11:30:37","modified_gmt":"2020-02-04T10:30:37","slug":"cursos-control-de-sistemas-de-vapor","status":"publish","type":"page","link":"https:\/\/vaporparalaindustria.com\/pt\/cursos-control-de-sistemas-de-vapor\/","title":{"rendered":"Cursos de Controle de Sistemas de Vapor"},"content":{"rendered":"<p><span style=\"width: 100%;\"><a href=\"\/\/www.spiraxsarco.com\/global\/es\/\" rel=\"noopener noreferrer\" target=\"_blank\"><img loading=\"lazy\" decoding=\"async\" alt=\"\" width=\"206\" height=\"45\" title=\"log\u00f3tipo SPIRAX\" data-id=\"7717\" src=\"\/\/vaporparalaindustria.com\/wp-content\/uploads\/2018\/10\/logo-SPIRAX.png\" style=\"width: 100%;\"><\/a><\/span><span style=\"width: 100%;\"><a href=\"\/\/vaporparalaindustria.com\/wp-content\/uploads\/2019\/01\/CONTROL-DE-SISTEMAS-DE-VAPOR-CURSOS-SPIRAX-SARCO.png\" rel=\"\"><img loading=\"lazy\" decoding=\"async\" alt=\"CONTROL DE SISTEMAS DE VAPOR - CURSOS SPIRAX SARCO\" width=\"77\" height=\"65\" title=\"CONTROLE DE SISTEMAS DE VAPOR - SPIRAX SARCO CURSOS\" data-id=\"7899\" src=\"\/\/vaporparalaindustria.com\/wp-content\/uploads\/2019\/01\/CONTROL-DE-SISTEMAS-DE-VAPOR-CURSOS-SPIRAX-SARCO.png\" style=\"width: 100%;\"><\/a><\/span><\/p>\n<h1 style=\"text-align: center;\"><em><strong>Controle de Sistemas de Vapor<\/strong><\/em><\/h1>\n<ul>\n<li><span><strong>Quem deve comparecer?<\/strong> Qualquer pessoa que deseje iniciar ou melhorar os seus conhecimentos sobre sistemas de controlo autom\u00e1tico de vapor, incluindo desenhadores de sistemas de controlo, instaladores, t\u00e9cnicos de processo e t\u00e9cnicos de manuten\u00e7\u00e3o.&nbsp;<\/span><\/li>\n<li><span><strong>Objetivo.<\/strong> Proporcionar conhecimentos sobre sistemas de controlo autom\u00e1tico (loops de controlo), os antecedentes te\u00f3ricos, componentes do sistema, v\u00e1lvulas de controlo, os seus actuadores, controlo auto-actuado e diferentes aplica\u00e7\u00f5es de controlo de vapor. Assim, ser capaz de calcular, instalar, operar e optimizar aplica\u00e7\u00f5es de controlo de processos.&nbsp;<\/span><\/li>\n<li><span><strong>Calend\u00e1rio. <\/strong>A dura\u00e7\u00e3o ser\u00e1 de 6 horas por dia, come\u00e7ando \u00e0s 9:00 e terminando \u00e0s 15:00.<\/span><\/li>\n<li><span><a href=\"https:\/\/vaporparalaindustria.com\/wp-content\/uploads\/2020\/02\/Ca\u0301ta\u0301logo-cursos-de-vapor-2020-Spirax-Sarco-arrastrado-4.pdf\" target=\"_blank\" rel=\"noopener noreferrer\"><strong>Fa\u00e7a o download do programa do curso aqui.<\/strong><\/a><\/span><\/li>\n<\/ul>\n<p style=\"text-align: center;\">Pe\u00e7a mais informa\u00e7\u00f5es:<\/p>\n<p style=\"text-align: center;\">Copyright 2019 Spirax Sarco Espa\u00f1a - Todos os direitos reservados I &nbsp;<u><a href=\"\/\/vaporparalaindustria.com\/pt\/aviso-legal\/\" target=\"_blank\" rel=\"noopener noreferrer\">Aviso Legal<\/a><\/u>&nbsp;I &nbsp;<u><a href=\"\/\/www.spiraxsarco.com\/global\/es\/Pages\/Privacy-Policy.aspx\" target=\"_blank\" rel=\"noopener noreferrer\">Pol\u00edtica de Privacidade<\/a><\/u><\/p>","protected":false},"excerpt":{"rendered":"<p>Controlo de Sistemas de Vapor Quem deve participar? Qualquer pessoa que deseje iniciar ou melhorar os conhecimentos de sistemas de controlo autom\u00e1tico de vapor, incluindo desenhadores de sistemas de controlo, instaladores, t\u00e9cnicos de processo e t\u00e9cnicos de manuten\u00e7\u00e3o.  Objectivo. Para fornecer conhecimentos sobre sistemas de controlo autom\u00e1tico (loops de controlo), os antecedentes te\u00f3ricos, os componentes do sistema de controlo, os ...<\/p>","protected":false},"author":1,"featured_media":0,"parent":0,"menu_order":0,"comment_status":"closed","ping_status":"closed","template":"","meta":{"_acf_changed":false,"_genesis_hide_title":false,"_genesis_hide_breadcrumbs":false,"_genesis_hide_singular_image":false,"_genesis_hide_footer_widgets":false,"_genesis_custom_body_class":"","_genesis_custom_post_class":"","_genesis_layout":"","footnotes":""},"class_list":{"1":"page","2":"type-page","5":"entry"},"yoast_head":"<!-- This site is optimized with the Yoast SEO plugin v27.3 - https:\/\/yoast.com\/product\/yoast-seo-wordpress\/ -->\n<title>Cursos Control de Sistemas de Vapor<\/title>\n<meta name=\"description\" content=\"Proporcionar el conocimiento de los sistemas de control autom\u00e1tico (lazos de control), el fundamento te\u00f3rico, los componentes del sistema, las v\u00e1lvulas de control, sus actuadores, el control autoaccionado y las diferentes aplicaciones de control en vapor.\" \/>\n<meta name=\"robots\" content=\"index, follow, max-snippet:-1, max-image-preview:large, max-video-preview:-1\" \/>\n<link rel=\"canonical\" href=\"https:\/\/vaporparalaindustria.com\/pt\/cursos-control-de-sistemas-de-vapor\/\" \/>\n<meta property=\"og:locale\" content=\"pt_PT\" \/>\n<meta property=\"og:type\" content=\"article\" \/>\n<meta property=\"og:title\" content=\"Cursos Control de Sistemas de Vapor\" \/>\n<meta property=\"og:description\" content=\"Proporcionar el conocimiento de los sistemas de control autom\u00e1tico (lazos de control), el fundamento te\u00f3rico, los componentes del sistema, las v\u00e1lvulas de control, sus actuadores, el control autoaccionado y las diferentes aplicaciones de control en vapor.\" \/>\n<meta property=\"og:url\" content=\"https:\/\/vaporparalaindustria.com\/pt\/cursos-control-de-sistemas-de-vapor\/\" \/>\n<meta property=\"og:site_name\" content=\"Vapor para la Industria\" \/>\n<meta property=\"article:modified_time\" content=\"2020-02-04T10:30:37+00:00\" \/>\n<meta property=\"og:image\" content=\"\/\/vaporparalaindustria.com\/wp-content\/uploads\/2018\/10\/logo-SPIRAX.png\" \/>\n<meta name=\"twitter:card\" content=\"summary_large_image\" \/>\n<meta name=\"twitter:label1\" content=\"Tempo estimado de leitura\" \/>\n\t<meta name=\"twitter:data1\" content=\"1 minuto\" \/>\n<script type=\"application\/ld+json\" class=\"yoast-schema-graph\">{\"@context\":\"https:\\\/\\\/schema.org\",\"@graph\":[{\"@type\":\"WebPage\",\"@id\":\"https:\\\/\\\/vaporparalaindustria.com\\\/cursos-control-de-sistemas-de-vapor\\\/\",\"url\":\"https:\\\/\\\/vaporparalaindustria.com\\\/cursos-control-de-sistemas-de-vapor\\\/\",\"name\":\"Cursos Control de Sistemas de Vapor\",\"isPartOf\":{\"@id\":\"https:\\\/\\\/vaporparalaindustria.com\\\/#website\"},\"datePublished\":\"2019-01-16T09:33:55+00:00\",\"dateModified\":\"2020-02-04T10:30:37+00:00\",\"description\":\"Proporcionar el conocimiento de los sistemas de control autom\u00e1tico (lazos de control), el fundamento te\u00f3rico, los componentes del sistema, las v\u00e1lvulas de control, sus actuadores, el control autoaccionado y las diferentes aplicaciones de control en vapor.\",\"breadcrumb\":{\"@id\":\"https:\\\/\\\/vaporparalaindustria.com\\\/cursos-control-de-sistemas-de-vapor\\\/#breadcrumb\"},\"inLanguage\":\"pt-PT\",\"potentialAction\":[{\"@type\":\"ReadAction\",\"target\":[\"https:\\\/\\\/vaporparalaindustria.com\\\/cursos-control-de-sistemas-de-vapor\\\/\"]}]},{\"@type\":\"BreadcrumbList\",\"@id\":\"https:\\\/\\\/vaporparalaindustria.com\\\/cursos-control-de-sistemas-de-vapor\\\/#breadcrumb\",\"itemListElement\":[{\"@type\":\"ListItem\",\"position\":1,\"name\":\"Portada\",\"item\":\"https:\\\/\\\/vaporparalaindustria.com\\\/\"},{\"@type\":\"ListItem\",\"position\":2,\"name\":\"Cursos Control de Sistemas de Vapor\"}]},{\"@type\":\"WebSite\",\"@id\":\"https:\\\/\\\/vaporparalaindustria.com\\\/#website\",\"url\":\"https:\\\/\\\/vaporparalaindustria.com\\\/\",\"name\":\"Vapor para la Industria\",\"description\":\"Gesti\u00f3n Eficiente de los Sistemas de Vapor\",\"publisher\":{\"@id\":\"https:\\\/\\\/vaporparalaindustria.com\\\/#organization\"},\"potentialAction\":[{\"@type\":\"SearchAction\",\"target\":{\"@type\":\"EntryPoint\",\"urlTemplate\":\"https:\\\/\\\/vaporparalaindustria.com\\\/?s={search_term_string}\"},\"query-input\":{\"@type\":\"PropertyValueSpecification\",\"valueRequired\":true,\"valueName\":\"search_term_string\"}}],\"inLanguage\":\"pt-PT\"},{\"@type\":\"Organization\",\"@id\":\"https:\\\/\\\/vaporparalaindustria.com\\\/#organization\",\"name\":\"Vapor para la Industria\",\"url\":\"https:\\\/\\\/vaporparalaindustria.com\\\/\",\"logo\":{\"@type\":\"ImageObject\",\"inLanguage\":\"pt-PT\",\"@id\":\"https:\\\/\\\/vaporparalaindustria.com\\\/#\\\/schema\\\/logo\\\/image\\\/\",\"url\":\"https:\\\/\\\/vaporparalaindustria.com\\\/wp-content\\\/uploads\\\/2017\\\/10\\\/LogoBlogBLANCO-FINAL_VAPOR-PARA-LA-INDUSTRIA-e1499957507814.png\",\"contentUrl\":\"https:\\\/\\\/vaporparalaindustria.com\\\/wp-content\\\/uploads\\\/2017\\\/10\\\/LogoBlogBLANCO-FINAL_VAPOR-PARA-LA-INDUSTRIA-e1499957507814.png\",\"width\":300,\"height\":117,\"caption\":\"Vapor para la Industria\"},\"image\":{\"@id\":\"https:\\\/\\\/vaporparalaindustria.com\\\/#\\\/schema\\\/logo\\\/image\\\/\"}}]}<\/script>\n<!-- \/ Yoast SEO plugin. -->","yoast_head_json":{"title":"Cursos de Controle de Sistemas de Vapor","description":"Proporcionar el conocimiento de los sistemas de control autom\u00e1tico (lazos de control), el fundamento te\u00f3rico, los componentes del sistema, las v\u00e1lvulas de control, sus actuadores, el control autoaccionado y las diferentes aplicaciones de control en vapor.","robots":{"index":"index","follow":"follow","max-snippet":"max-snippet:-1","max-image-preview":"max-image-preview:large","max-video-preview":"max-video-preview:-1"},"canonical":"https:\/\/vaporparalaindustria.com\/pt\/cursos-control-de-sistemas-de-vapor\/","og_locale":"pt_PT","og_type":"article","og_title":"Cursos Control de Sistemas de Vapor","og_description":"Proporcionar el conocimiento de los sistemas de control autom\u00e1tico (lazos de control), el fundamento te\u00f3rico, los componentes del sistema, las v\u00e1lvulas de control, sus actuadores, el control autoaccionado y las diferentes aplicaciones de control en vapor.","og_url":"https:\/\/vaporparalaindustria.com\/pt\/cursos-control-de-sistemas-de-vapor\/","og_site_name":"Vapor para la Industria","article_modified_time":"2020-02-04T10:30:37+00:00","og_image":[{"url":"\/\/vaporparalaindustria.com\/wp-content\/uploads\/2018\/10\/logo-SPIRAX.png","type":"","width":"","height":""}],"twitter_card":"summary_large_image","twitter_misc":{"Tempo estimado de leitura":"1 minuto"},"schema":{"@context":"https:\/\/schema.org","@graph":[{"@type":"WebPage","@id":"https:\/\/vaporparalaindustria.com\/cursos-control-de-sistemas-de-vapor\/","url":"https:\/\/vaporparalaindustria.com\/cursos-control-de-sistemas-de-vapor\/","name":"Cursos de Controle de Sistemas de Vapor","isPartOf":{"@id":"https:\/\/vaporparalaindustria.com\/#website"},"datePublished":"2019-01-16T09:33:55+00:00","dateModified":"2020-02-04T10:30:37+00:00","description":"Proporcionar el conocimiento de los sistemas de control autom\u00e1tico (lazos de control), el fundamento te\u00f3rico, los componentes del sistema, las v\u00e1lvulas de control, sus actuadores, el control autoaccionado y las diferentes aplicaciones de control en vapor.","breadcrumb":{"@id":"https:\/\/vaporparalaindustria.com\/cursos-control-de-sistemas-de-vapor\/#breadcrumb"},"inLanguage":"pt-PT","potentialAction":[{"@type":"ReadAction","target":["https:\/\/vaporparalaindustria.com\/cursos-control-de-sistemas-de-vapor\/"]}]},{"@type":"BreadcrumbList","@id":"https:\/\/vaporparalaindustria.com\/cursos-control-de-sistemas-de-vapor\/#breadcrumb","itemListElement":[{"@type":"ListItem","position":1,"name":"Portada","item":"https:\/\/vaporparalaindustria.com\/"},{"@type":"ListItem","position":2,"name":"Cursos Control de Sistemas de Vapor"}]},{"@type":"WebSite","@id":"https:\/\/vaporparalaindustria.com\/#website","url":"https:\/\/vaporparalaindustria.com\/","name":"Vapor para a Ind\u00fastria","description":"Gest\u00e3o Eficiente de Sistemas a Vapor","publisher":{"@id":"https:\/\/vaporparalaindustria.com\/#organization"},"potentialAction":[{"@type":"SearchAction","target":{"@type":"EntryPoint","urlTemplate":"https:\/\/vaporparalaindustria.com\/?s={search_term_string}"},"query-input":{"@type":"PropertyValueSpecification","valueRequired":true,"valueName":"search_term_string"}}],"inLanguage":"pt-PT"},{"@type":"Organization","@id":"https:\/\/vaporparalaindustria.com\/#organization","name":"Vapor para a Ind\u00fastria","url":"https:\/\/vaporparalaindustria.com\/","logo":{"@type":"ImageObject","inLanguage":"pt-PT","@id":"https:\/\/vaporparalaindustria.com\/#\/schema\/logo\/image\/","url":"https:\/\/vaporparalaindustria.com\/wp-content\/uploads\/2017\/10\/LogoBlogBLANCO-FINAL_VAPOR-PARA-LA-INDUSTRIA-e1499957507814.png","contentUrl":"https:\/\/vaporparalaindustria.com\/wp-content\/uploads\/2017\/10\/LogoBlogBLANCO-FINAL_VAPOR-PARA-LA-INDUSTRIA-e1499957507814.png","width":300,"height":117,"caption":"Vapor para la Industria"},"image":{"@id":"https:\/\/vaporparalaindustria.com\/#\/schema\/logo\/image\/"}}]}},"acf":[],"_links":{"self":[{"href":"https:\/\/vaporparalaindustria.com\/pt\/wp-json\/wp\/v2\/pages\/7914","targetHints":{"allow":["GET"]}}],"collection":[{"href":"https:\/\/vaporparalaindustria.com\/pt\/wp-json\/wp\/v2\/pages"}],"about":[{"href":"https:\/\/vaporparalaindustria.com\/pt\/wp-json\/wp\/v2\/types\/page"}],"author":[{"embeddable":true,"href":"https:\/\/vaporparalaindustria.com\/pt\/wp-json\/wp\/v2\/users\/1"}],"replies":[{"embeddable":true,"href":"https:\/\/vaporparalaindustria.com\/pt\/wp-json\/wp\/v2\/comments?post=7914"}],"version-history":[{"count":0,"href":"https:\/\/vaporparalaindustria.com\/pt\/wp-json\/wp\/v2\/pages\/7914\/revisions"}],"wp:attachment":[{"href":"https:\/\/vaporparalaindustria.com\/pt\/wp-json\/wp\/v2\/media?parent=7914"}],"curies":[{"name":"wp","href":"https:\/\/api.w.org\/{rel}","templated":true}]}}