{"id":7863,"date":"2018-12-20T12:27:02","date_gmt":"2018-12-20T11:27:02","guid":{"rendered":"https:\/\/vaporparalaindustria.com\/?page_id=7863"},"modified":"2018-12-20T12:27:02","modified_gmt":"2018-12-20T11:27:02","slug":"solicitud-inscripcion-cursos-2019","status":"publish","type":"page","link":"https:\/\/vaporparalaindustria.com\/pt\/solicitud-inscripcion-cursos-2019\/","title":{"rendered":"Formul\u00e1rio de candidatura ao curso 2019"},"content":{"rendered":"<p>\t\t\t\t<span class=\"tve_image_frame\" style=\"width: 100%;\"><a href=\"https:\/\/vaporparalaindustria.com\/wp-content\/uploads\/2017\/10\/LogoBlogBLANCO-FINAL_VAPOR-PARA-LA-INDUSTRIA-e1499957507814.png\" rel=\"\"><img loading=\"lazy\" decoding=\"async\" class=\"tve_image wp-image-7069\" alt=\"\" style=\"width: 100%;\" src=\"\/\/vaporparalaindustria.com\/wp-content\/uploads\/2017\/10\/LogoBlogBLANCO-FINAL_VAPOR-PARA-LA-INDUSTRIA-e1499957507814.png\" width=\"300\" height=\"118\" data-attachment-id=\"6444\" title=\"LogoBlogBLANCO-FINAL_VAPOR-PARA-LA-INDUSTRIA-e1499957507814\" data-id=\"7069\" srcset=\"https:\/\/vaporparalaindustria.com\/wp-content\/uploads\/2017\/10\/LogoBlogBLANCO-FINAL_VAPOR-PARA-LA-INDUSTRIA-e1499957507814-150x59.png 150w, https:\/\/vaporparalaindustria.com\/wp-content\/uploads\/2017\/10\/LogoBlogBLANCO-FINAL_VAPOR-PARA-LA-INDUSTRIA-e1499957507814.png 300w\" sizes=\"auto, (max-width: 300px) 100vw, 300px\" \/><\/a><\/span><\/p>\n<h1 class=\"tve_p_center rft\" data-unit=\"px\" style=\"color: rgb(30, 65, 114); font-size: 40px; margin-top: 0px; margin-bottom: 10px; line-height: 30px;\"><span class=\"tve_custom_font_size  rft\" style=\"font-size: 30px;\">&nbsp;Formul\u00e1rio de inscri\u00e7\u00e3o do curso 2019<\/span><\/h1>\n<p style=\"color: rgb(30, 65, 114); margin-left: 0px !important; margin-right: 0px !important; margin-bottom: 0px !important;\">Pode agora candidatar-se aos cursos Spirax Sarco 2019, tudo o que precisa de saber sobre Gest\u00e3o Eficiente de Sistemas de Vapor, aprendizagem:<\/p>\n<ul class=\"tve_ul tve_ul1 tve_blue\">\n<li class=\"\">Melhores pr\u00e1ticas para a redu\u00e7\u00e3o de custos<\/li>\n<li class=\"\">Manuten\u00e7\u00e3o de instala\u00e7\u00f5es de vapor<\/li>\n<li class=\"\">Recupera\u00e7\u00e3o de Condensado<\/li>\n<li class=\"\" style=\"color: rgb(30, 65, 114);\">Efici\u00eancia e melhorias de produtividade<\/li>\n<li class=\"\" style=\"color: rgb(30, 65, 114);\">E muito mais conte\u00fado...<\/li>\n<\/ul>\n<p class=\"tve_p_center\" style=\"color: rgb(30, 65, 114);\"><span class=\"tve_custom_font_size\" style=\"font-size: 15px;\">N\u00f3s respeitamos a sua privacidade. N\u00f3s n\u00e3o lhe enviaremos Spam<\/span><\/p>\n<p style=\"color: #959595; font-size: 13px;margin-top: 30px;margin-bottom: 30px;\" class=\"tve_p_center\">Copyright \u00a9 {tcb_current_year} - Vaporparalaindustria.com I &nbsp;<u><a href=\"https:\/\/vaporparalaindustria.com\/pt\/aviso-legal\/\" target=\"_blank\" class=\"\" rel=\"noopener noreferrer\">AVISO LEGAL<\/a><\/u><\/p>","protected":false},"excerpt":{"rendered":"<p>&nbsp;Formul\u00e1rio de Candidatura ao Curso 2019 Pode agora candidatar-se aos cursos Spirax Sarco 2019, tudo o que precisa de saber sobre Gest\u00e3o Eficiente de Sistemas de Vapor, aprendizagem: Melhores pr\u00e1ticas para poupan\u00e7a de custos Manuten\u00e7\u00e3o de instala\u00e7\u00f5es de vapor Recupera\u00e7\u00e3o de Condensados Melhoramentos na efici\u00eancia e produtividade E muito mais conte\u00fado... Respeitamos a sua Privacidade. ...<\/p>","protected":false},"author":1,"featured_media":0,"parent":0,"menu_order":0,"comment_status":"closed","ping_status":"closed","template":"","meta":{"_acf_changed":false,"_genesis_hide_title":false,"_genesis_hide_breadcrumbs":false,"_genesis_hide_singular_image":false,"_genesis_hide_footer_widgets":false,"_genesis_custom_body_class":"","_genesis_custom_post_class":"","_genesis_layout":"","footnotes":""},"class_list":{"1":"page","2":"type-page","5":"entry"},"yoast_head":"<!-- This site is optimized with the Yoast SEO plugin v27.3 - https:\/\/yoast.com\/product\/yoast-seo-wordpress\/ -->\n<title>Solicitud Inscripci\u00f3n Cursos 2019 - Vapor para la Industria<\/title>\n<meta name=\"robots\" content=\"index, follow, max-snippet:-1, max-image-preview:large, max-video-preview:-1\" \/>\n<link rel=\"canonical\" href=\"https:\/\/vaporparalaindustria.com\/pt\/solicitud-inscripcion-cursos-2019\/\" \/>\n<meta property=\"og:locale\" content=\"pt_PT\" \/>\n<meta property=\"og:type\" content=\"article\" \/>\n<meta property=\"og:title\" content=\"Solicitud Inscripci\u00f3n Cursos 2019 - Vapor para la Industria\" \/>\n<meta property=\"og:description\" content=\"&nbsp;Solicitud Inscripci\u00f3n cursos 2019 Ya puede realizar su solicitud para los cursos Spirax Sarco 2019, todo lo que necesita conocer sobre la Gesti\u00f3n Eficiente de Sistemas de Vapor, aprendiendo: Mejores pr\u00e1cticas para ahorra en costes Mantenimiento de instalaciones de vapor Recuperaci\u00f3n de Condensado Mejoras en eficiencia y productividad Y mucho m\u00e1s contenido&#8230; Respetamos su Privacidad. &hellip;\" \/>\n<meta property=\"og:url\" content=\"https:\/\/vaporparalaindustria.com\/pt\/solicitud-inscripcion-cursos-2019\/\" \/>\n<meta property=\"og:site_name\" content=\"Vapor para la Industria\" \/>\n<meta property=\"og:image\" content=\"\/\/vaporparalaindustria.com\/wp-content\/uploads\/2017\/10\/LogoBlogBLANCO-FINAL_VAPOR-PARA-LA-INDUSTRIA-e1499957507814.png\" \/>\n<meta name=\"twitter:card\" content=\"summary_large_image\" \/>\n<script type=\"application\/ld+json\" class=\"yoast-schema-graph\">{\"@context\":\"https:\\\/\\\/schema.org\",\"@graph\":[{\"@type\":\"WebPage\",\"@id\":\"https:\\\/\\\/vaporparalaindustria.com\\\/solicitud-inscripcion-cursos-2019\\\/\",\"url\":\"https:\\\/\\\/vaporparalaindustria.com\\\/solicitud-inscripcion-cursos-2019\\\/\",\"name\":\"Solicitud Inscripci\u00f3n Cursos 2019 - Vapor para la Industria\",\"isPartOf\":{\"@id\":\"https:\\\/\\\/vaporparalaindustria.com\\\/#website\"},\"datePublished\":\"2018-12-20T11:27:02+00:00\",\"breadcrumb\":{\"@id\":\"https:\\\/\\\/vaporparalaindustria.com\\\/solicitud-inscripcion-cursos-2019\\\/#breadcrumb\"},\"inLanguage\":\"pt-PT\",\"potentialAction\":[{\"@type\":\"ReadAction\",\"target\":[\"https:\\\/\\\/vaporparalaindustria.com\\\/solicitud-inscripcion-cursos-2019\\\/\"]}]},{\"@type\":\"BreadcrumbList\",\"@id\":\"https:\\\/\\\/vaporparalaindustria.com\\\/solicitud-inscripcion-cursos-2019\\\/#breadcrumb\",\"itemListElement\":[{\"@type\":\"ListItem\",\"position\":1,\"name\":\"Portada\",\"item\":\"https:\\\/\\\/vaporparalaindustria.com\\\/\"},{\"@type\":\"ListItem\",\"position\":2,\"name\":\"Solicitud Inscripci\u00f3n Cursos 2019\"}]},{\"@type\":\"WebSite\",\"@id\":\"https:\\\/\\\/vaporparalaindustria.com\\\/#website\",\"url\":\"https:\\\/\\\/vaporparalaindustria.com\\\/\",\"name\":\"Vapor para la Industria\",\"description\":\"Gesti\u00f3n Eficiente de los Sistemas de Vapor\",\"publisher\":{\"@id\":\"https:\\\/\\\/vaporparalaindustria.com\\\/#organization\"},\"potentialAction\":[{\"@type\":\"SearchAction\",\"target\":{\"@type\":\"EntryPoint\",\"urlTemplate\":\"https:\\\/\\\/vaporparalaindustria.com\\\/?s={search_term_string}\"},\"query-input\":{\"@type\":\"PropertyValueSpecification\",\"valueRequired\":true,\"valueName\":\"search_term_string\"}}],\"inLanguage\":\"pt-PT\"},{\"@type\":\"Organization\",\"@id\":\"https:\\\/\\\/vaporparalaindustria.com\\\/#organization\",\"name\":\"Vapor para la Industria\",\"url\":\"https:\\\/\\\/vaporparalaindustria.com\\\/\",\"logo\":{\"@type\":\"ImageObject\",\"inLanguage\":\"pt-PT\",\"@id\":\"https:\\\/\\\/vaporparalaindustria.com\\\/#\\\/schema\\\/logo\\\/image\\\/\",\"url\":\"https:\\\/\\\/vaporparalaindustria.com\\\/wp-content\\\/uploads\\\/2017\\\/10\\\/LogoBlogBLANCO-FINAL_VAPOR-PARA-LA-INDUSTRIA-e1499957507814.png\",\"contentUrl\":\"https:\\\/\\\/vaporparalaindustria.com\\\/wp-content\\\/uploads\\\/2017\\\/10\\\/LogoBlogBLANCO-FINAL_VAPOR-PARA-LA-INDUSTRIA-e1499957507814.png\",\"width\":300,\"height\":117,\"caption\":\"Vapor para la Industria\"},\"image\":{\"@id\":\"https:\\\/\\\/vaporparalaindustria.com\\\/#\\\/schema\\\/logo\\\/image\\\/\"}}]}<\/script>\n<!-- \/ Yoast SEO plugin. -->","yoast_head_json":{"title":"Solicitud Inscripci\u00f3n Cursos 2019 - Vapor para la Industria","robots":{"index":"index","follow":"follow","max-snippet":"max-snippet:-1","max-image-preview":"max-image-preview:large","max-video-preview":"max-video-preview:-1"},"canonical":"https:\/\/vaporparalaindustria.com\/pt\/solicitud-inscripcion-cursos-2019\/","og_locale":"pt_PT","og_type":"article","og_title":"Solicitud Inscripci\u00f3n Cursos 2019 - Vapor para la Industria","og_description":"&nbsp;Solicitud Inscripci\u00f3n cursos 2019 Ya puede realizar su solicitud para los cursos Spirax Sarco 2019, todo lo que necesita conocer sobre la Gesti\u00f3n Eficiente de Sistemas de Vapor, aprendiendo: Mejores pr\u00e1cticas para ahorra en costes Mantenimiento de instalaciones de vapor Recuperaci\u00f3n de Condensado Mejoras en eficiencia y productividad Y mucho m\u00e1s contenido&#8230; Respetamos su Privacidad. &hellip;","og_url":"https:\/\/vaporparalaindustria.com\/pt\/solicitud-inscripcion-cursos-2019\/","og_site_name":"Vapor para la Industria","og_image":[{"url":"\/\/vaporparalaindustria.com\/wp-content\/uploads\/2017\/10\/LogoBlogBLANCO-FINAL_VAPOR-PARA-LA-INDUSTRIA-e1499957507814.png","type":"","width":"","height":""}],"twitter_card":"summary_large_image","schema":{"@context":"https:\/\/schema.org","@graph":[{"@type":"WebPage","@id":"https:\/\/vaporparalaindustria.com\/solicitud-inscripcion-cursos-2019\/","url":"https:\/\/vaporparalaindustria.com\/solicitud-inscripcion-cursos-2019\/","name":"Solicitud Inscripci\u00f3n Cursos 2019 - Vapor para la Industria","isPartOf":{"@id":"https:\/\/vaporparalaindustria.com\/#website"},"datePublished":"2018-12-20T11:27:02+00:00","breadcrumb":{"@id":"https:\/\/vaporparalaindustria.com\/solicitud-inscripcion-cursos-2019\/#breadcrumb"},"inLanguage":"pt-PT","potentialAction":[{"@type":"ReadAction","target":["https:\/\/vaporparalaindustria.com\/solicitud-inscripcion-cursos-2019\/"]}]},{"@type":"BreadcrumbList","@id":"https:\/\/vaporparalaindustria.com\/solicitud-inscripcion-cursos-2019\/#breadcrumb","itemListElement":[{"@type":"ListItem","position":1,"name":"Portada","item":"https:\/\/vaporparalaindustria.com\/"},{"@type":"ListItem","position":2,"name":"Solicitud Inscripci\u00f3n Cursos 2019"}]},{"@type":"WebSite","@id":"https:\/\/vaporparalaindustria.com\/#website","url":"https:\/\/vaporparalaindustria.com\/","name":"Vapor para a Ind\u00fastria","description":"Gest\u00e3o Eficiente de Sistemas a Vapor","publisher":{"@id":"https:\/\/vaporparalaindustria.com\/#organization"},"potentialAction":[{"@type":"SearchAction","target":{"@type":"EntryPoint","urlTemplate":"https:\/\/vaporparalaindustria.com\/?s={search_term_string}"},"query-input":{"@type":"PropertyValueSpecification","valueRequired":true,"valueName":"search_term_string"}}],"inLanguage":"pt-PT"},{"@type":"Organization","@id":"https:\/\/vaporparalaindustria.com\/#organization","name":"Vapor para a Ind\u00fastria","url":"https:\/\/vaporparalaindustria.com\/","logo":{"@type":"ImageObject","inLanguage":"pt-PT","@id":"https:\/\/vaporparalaindustria.com\/#\/schema\/logo\/image\/","url":"https:\/\/vaporparalaindustria.com\/wp-content\/uploads\/2017\/10\/LogoBlogBLANCO-FINAL_VAPOR-PARA-LA-INDUSTRIA-e1499957507814.png","contentUrl":"https:\/\/vaporparalaindustria.com\/wp-content\/uploads\/2017\/10\/LogoBlogBLANCO-FINAL_VAPOR-PARA-LA-INDUSTRIA-e1499957507814.png","width":300,"height":117,"caption":"Vapor para la Industria"},"image":{"@id":"https:\/\/vaporparalaindustria.com\/#\/schema\/logo\/image\/"}}]}},"acf":[],"_links":{"self":[{"href":"https:\/\/vaporparalaindustria.com\/pt\/wp-json\/wp\/v2\/pages\/7863","targetHints":{"allow":["GET"]}}],"collection":[{"href":"https:\/\/vaporparalaindustria.com\/pt\/wp-json\/wp\/v2\/pages"}],"about":[{"href":"https:\/\/vaporparalaindustria.com\/pt\/wp-json\/wp\/v2\/types\/page"}],"author":[{"embeddable":true,"href":"https:\/\/vaporparalaindustria.com\/pt\/wp-json\/wp\/v2\/users\/1"}],"replies":[{"embeddable":true,"href":"https:\/\/vaporparalaindustria.com\/pt\/wp-json\/wp\/v2\/comments?post=7863"}],"version-history":[{"count":0,"href":"https:\/\/vaporparalaindustria.com\/pt\/wp-json\/wp\/v2\/pages\/7863\/revisions"}],"wp:attachment":[{"href":"https:\/\/vaporparalaindustria.com\/pt\/wp-json\/wp\/v2\/media?parent=7863"}],"curies":[{"name":"wp","href":"https:\/\/api.w.org\/{rel}","templated":true}]}}