{"id":7166,"date":"2017-12-20T11:03:10","date_gmt":"2017-12-20T10:03:10","guid":{"rendered":"https:\/\/vaporparalaindustria.com\/?page_id=7166"},"modified":"2021-08-23T13:47:26","modified_gmt":"2021-08-23T12:47:26","slug":"videocurso-tecnologias-optimizar-retorno-condensado","status":"publish","type":"page","link":"https:\/\/vaporparalaindustria.com\/pt\/videocurso-tecnologias-optimizar-retorno-condensado\/","title":{"rendered":"Tecnologias de Otimiza\u00e7\u00e3o de Retorno de Condensados do Videocurso"},"content":{"rendered":"<img loading=\"lazy\" decoding=\"async\" src=\"https:\/\/vaporparalaindustria.com\/wp-content\/uploads\/2021\/08\/VAPOR-PARA-LA-INDUSTRIA-LOGO-BLANCO.png\" alt=\"VAPOR PARA LA INDUSTRIA - LOGO BLANCO\" itemprop=\"image\" height=\"70\" width=\"179\" title=\"VAPOR PARA A IND\u00daSTRIA - LOG\u00d3TIPO BRANCO\" onerror=\"this.style.display='none'\"  \/>\n<h2>\n\t\tCURSO DE V\u00cdDEO GRATUITO\n\t<\/h2>\n<h2>\n\t\tTECNOLOGIAS PARA OTIMIZAR O RETORNO DO CONDENSADO\n\t<\/h2>\n\t\t\t\t<img loading=\"lazy\" decoding=\"async\" src=\"https:\/\/vaporparalaindustria.com\/wp-content\/uploads\/2018\/02\/Tecnologi\u0301a-para-Optimizar-el-Retorno-de-Condensado-300x249.png\" alt=\"Tecnologi\u0301a para Optimizar el Retorno de Condensado\" itemprop=\"image\" height=\"249\" width=\"300\" title=\"Tecnologia de Otimiza\u00e7\u00e3o de Retorno de Condensado\" onerror=\"this.style.display='none'\"  \/>\n<h4>\n\t\tEste curso em v\u00eddeo consiste em tr\u00eas v\u00eddeos que explicam em profundidade a aplica\u00e7\u00e3o das tecnologias de Recupera\u00e7\u00e3o de Condensado em instala\u00e7\u00f5es de vapor industrial.\n\t<\/h4>\n<h3>\n\t\tCOM ESTE CURSO DE V\u00cdDEO VAIS APRENDER:\n\t<\/h3>\n\t\t\t<h3> Conhecimento da gest\u00e3o econ\u00f4mica e operacional em sistemas de vapor industrial.<\/h3>\t\t\n\t\t\t<h3> Conhecimento profundo do equipamento de recupera\u00e7\u00e3o de condensado: bombas de condensado e purgadores.<\/h3>\t\t\n\t\t\t<h3> Saber seleccionar o tipo de armadilha certa para cada tipo de instala\u00e7\u00e3o: termost\u00e1tica, mec\u00e2nica, termodin\u00e2mica.<\/h3>\t\t\n\t<p>Fa\u00e7a agora o download deste Curso em V\u00eddeo e aprenda sobre a aplica\u00e7\u00e3o pr\u00e1tica e operacional da recupera\u00e7\u00e3o de vapor na ind\u00fastria.<\/p>\n<!-- SharpSpring Form for VideoCurso Gratuito Tecnolog\u00eda para Optimizar el Retorno de Condensado  -->","protected":false},"excerpt":{"rendered":"<p>TECNOLOGIAS DE CURSO DE V\u00cdDEO GR\u00c1TIS PARA O OPTIMISMO DE DEVOLU\u00c7\u00c3O CONDENSADA Este curso em v\u00eddeo consiste em tr\u00eas v\u00eddeos que explicam em profundidade a aplica\u00e7\u00e3o de tecnologias para a Recupera\u00e7\u00e3o de Condensados em instala\u00e7\u00f5es de vapor industrial. COM ESTE V\u00cdDEO-CURSO VOC\u00ca APRENDA: Conhecer a gest\u00e3o econ\u00f3mica e operativa em sistemas de vapor industriais. Compreender em profundidade o equipamento ...<\/p>","protected":false},"author":1,"featured_media":8141,"parent":0,"menu_order":0,"comment_status":"closed","ping_status":"closed","template":"","meta":{"_acf_changed":false,"_genesis_hide_title":false,"_genesis_hide_breadcrumbs":false,"_genesis_hide_singular_image":false,"_genesis_hide_footer_widgets":false,"_genesis_custom_body_class":"","_genesis_custom_post_class":"","_genesis_layout":"wide-content","footnotes":""},"class_list":{"1":"page","2":"type-page","6":"entry"},"yoast_head":"<!-- This site is optimized with the Yoast SEO plugin v27.3 - https:\/\/yoast.com\/product\/yoast-seo-wordpress\/ -->\n<title>Videocurso Tecnolog\u00edas para Optimizar el Retorno de Condensado - Vapor para la Industria<\/title>\n<meta name=\"robots\" content=\"index, follow, max-snippet:-1, max-image-preview:large, max-video-preview:-1\" \/>\n<link rel=\"canonical\" href=\"https:\/\/vaporparalaindustria.com\/pt\/videocurso-tecnologias-optimizar-retorno-condensado\/\" \/>\n<meta property=\"og:locale\" content=\"pt_PT\" \/>\n<meta property=\"og:type\" content=\"article\" \/>\n<meta property=\"og:title\" content=\"Videocurso Tecnolog\u00edas para Optimizar el Retorno de Condensado - Vapor para la Industria\" \/>\n<meta property=\"og:description\" content=\"VIDEO-CURSO GRATUITO TECNOLOG\u00cdAS PARA OPTIMIZAR EL RETORNO DE CONDENSADO Este Video curso consta de tres videos que explican en profundidad la aplicaci\u00f3n de las tecnolog\u00edas para la Recuperaci\u00f3n de Condensado en plantas de vapor industrial. CON ESTE VIDEO-CURSO APRENDER\u00c1S: Conocer la gesti\u00f3n econ\u00f3mica y operativa en sistemas de vapor industrial. Entender en profundidad los equipos &hellip;\" \/>\n<meta property=\"og:url\" content=\"https:\/\/vaporparalaindustria.com\/pt\/videocurso-tecnologias-optimizar-retorno-condensado\/\" \/>\n<meta property=\"og:site_name\" content=\"Vapor para la Industria\" \/>\n<meta property=\"article:modified_time\" content=\"2021-08-23T12:47:26+00:00\" \/>\n<meta property=\"og:image\" content=\"https:\/\/vaporparalaindustria.com\/wp-content\/uploads\/2019\/03\/Videocurso-sistemas-de-vapor.jpeg\" \/>\n\t<meta property=\"og:image:width\" content=\"299\" \/>\n\t<meta property=\"og:image:height\" content=\"397\" \/>\n\t<meta property=\"og:image:type\" content=\"image\/jpeg\" \/>\n<meta name=\"twitter:card\" content=\"summary_large_image\" \/>\n<meta name=\"twitter:label1\" content=\"Tempo estimado de leitura\" \/>\n\t<meta name=\"twitter:data1\" content=\"1 minuto\" \/>\n<script type=\"application\/ld+json\" class=\"yoast-schema-graph\">{\"@context\":\"https:\\\/\\\/schema.org\",\"@graph\":[{\"@type\":\"WebPage\",\"@id\":\"https:\\\/\\\/vaporparalaindustria.com\\\/videocurso-tecnologias-optimizar-retorno-condensado\\\/\",\"url\":\"https:\\\/\\\/vaporparalaindustria.com\\\/videocurso-tecnologias-optimizar-retorno-condensado\\\/\",\"name\":\"Videocurso Tecnolog\u00edas para Optimizar el Retorno de Condensado - Vapor para la Industria\",\"isPartOf\":{\"@id\":\"https:\\\/\\\/vaporparalaindustria.com\\\/#website\"},\"primaryImageOfPage\":{\"@id\":\"https:\\\/\\\/vaporparalaindustria.com\\\/videocurso-tecnologias-optimizar-retorno-condensado\\\/#primaryimage\"},\"image\":{\"@id\":\"https:\\\/\\\/vaporparalaindustria.com\\\/videocurso-tecnologias-optimizar-retorno-condensado\\\/#primaryimage\"},\"thumbnailUrl\":\"https:\\\/\\\/vaporparalaindustria.com\\\/wp-content\\\/uploads\\\/2019\\\/03\\\/Videocurso-sistemas-de-vapor.jpeg\",\"datePublished\":\"2017-12-20T10:03:10+00:00\",\"dateModified\":\"2021-08-23T12:47:26+00:00\",\"breadcrumb\":{\"@id\":\"https:\\\/\\\/vaporparalaindustria.com\\\/videocurso-tecnologias-optimizar-retorno-condensado\\\/#breadcrumb\"},\"inLanguage\":\"pt-PT\",\"potentialAction\":[{\"@type\":\"ReadAction\",\"target\":[\"https:\\\/\\\/vaporparalaindustria.com\\\/videocurso-tecnologias-optimizar-retorno-condensado\\\/\"]}]},{\"@type\":\"ImageObject\",\"inLanguage\":\"pt-PT\",\"@id\":\"https:\\\/\\\/vaporparalaindustria.com\\\/videocurso-tecnologias-optimizar-retorno-condensado\\\/#primaryimage\",\"url\":\"https:\\\/\\\/vaporparalaindustria.com\\\/wp-content\\\/uploads\\\/2019\\\/03\\\/Videocurso-sistemas-de-vapor.jpeg\",\"contentUrl\":\"https:\\\/\\\/vaporparalaindustria.com\\\/wp-content\\\/uploads\\\/2019\\\/03\\\/Videocurso-sistemas-de-vapor.jpeg\",\"width\":299,\"height\":397},{\"@type\":\"BreadcrumbList\",\"@id\":\"https:\\\/\\\/vaporparalaindustria.com\\\/videocurso-tecnologias-optimizar-retorno-condensado\\\/#breadcrumb\",\"itemListElement\":[{\"@type\":\"ListItem\",\"position\":1,\"name\":\"Portada\",\"item\":\"https:\\\/\\\/vaporparalaindustria.com\\\/\"},{\"@type\":\"ListItem\",\"position\":2,\"name\":\"Videocurso Tecnolog\u00edas para Optimizar el Retorno de Condensado\"}]},{\"@type\":\"WebSite\",\"@id\":\"https:\\\/\\\/vaporparalaindustria.com\\\/#website\",\"url\":\"https:\\\/\\\/vaporparalaindustria.com\\\/\",\"name\":\"Vapor para la Industria\",\"description\":\"Gesti\u00f3n Eficiente de los Sistemas de Vapor\",\"publisher\":{\"@id\":\"https:\\\/\\\/vaporparalaindustria.com\\\/#organization\"},\"potentialAction\":[{\"@type\":\"SearchAction\",\"target\":{\"@type\":\"EntryPoint\",\"urlTemplate\":\"https:\\\/\\\/vaporparalaindustria.com\\\/?s={search_term_string}\"},\"query-input\":{\"@type\":\"PropertyValueSpecification\",\"valueRequired\":true,\"valueName\":\"search_term_string\"}}],\"inLanguage\":\"pt-PT\"},{\"@type\":\"Organization\",\"@id\":\"https:\\\/\\\/vaporparalaindustria.com\\\/#organization\",\"name\":\"Vapor para la Industria\",\"url\":\"https:\\\/\\\/vaporparalaindustria.com\\\/\",\"logo\":{\"@type\":\"ImageObject\",\"inLanguage\":\"pt-PT\",\"@id\":\"https:\\\/\\\/vaporparalaindustria.com\\\/#\\\/schema\\\/logo\\\/image\\\/\",\"url\":\"https:\\\/\\\/vaporparalaindustria.com\\\/wp-content\\\/uploads\\\/2017\\\/10\\\/LogoBlogBLANCO-FINAL_VAPOR-PARA-LA-INDUSTRIA-e1499957507814.png\",\"contentUrl\":\"https:\\\/\\\/vaporparalaindustria.com\\\/wp-content\\\/uploads\\\/2017\\\/10\\\/LogoBlogBLANCO-FINAL_VAPOR-PARA-LA-INDUSTRIA-e1499957507814.png\",\"width\":300,\"height\":117,\"caption\":\"Vapor para la Industria\"},\"image\":{\"@id\":\"https:\\\/\\\/vaporparalaindustria.com\\\/#\\\/schema\\\/logo\\\/image\\\/\"}}]}<\/script>\n<!-- \/ Yoast SEO plugin. -->","yoast_head_json":{"title":"Videocurso Tecnolog\u00edas para Optimizar el Retorno de Condensado - Vapor para la Industria","robots":{"index":"index","follow":"follow","max-snippet":"max-snippet:-1","max-image-preview":"max-image-preview:large","max-video-preview":"max-video-preview:-1"},"canonical":"https:\/\/vaporparalaindustria.com\/pt\/videocurso-tecnologias-optimizar-retorno-condensado\/","og_locale":"pt_PT","og_type":"article","og_title":"Videocurso Tecnolog\u00edas para Optimizar el Retorno de Condensado - Vapor para la Industria","og_description":"VIDEO-CURSO GRATUITO TECNOLOG\u00cdAS PARA OPTIMIZAR EL RETORNO DE CONDENSADO Este Video curso consta de tres videos que explican en profundidad la aplicaci\u00f3n de las tecnolog\u00edas para la Recuperaci\u00f3n de Condensado en plantas de vapor industrial. CON ESTE VIDEO-CURSO APRENDER\u00c1S: Conocer la gesti\u00f3n econ\u00f3mica y operativa en sistemas de vapor industrial. Entender en profundidad los equipos &hellip;","og_url":"https:\/\/vaporparalaindustria.com\/pt\/videocurso-tecnologias-optimizar-retorno-condensado\/","og_site_name":"Vapor para la Industria","article_modified_time":"2021-08-23T12:47:26+00:00","og_image":[{"width":299,"height":397,"url":"https:\/\/vaporparalaindustria.com\/wp-content\/uploads\/2019\/03\/Videocurso-sistemas-de-vapor.jpeg","type":"image\/jpeg"}],"twitter_card":"summary_large_image","twitter_misc":{"Tempo estimado de leitura":"1 minuto"},"schema":{"@context":"https:\/\/schema.org","@graph":[{"@type":"WebPage","@id":"https:\/\/vaporparalaindustria.com\/videocurso-tecnologias-optimizar-retorno-condensado\/","url":"https:\/\/vaporparalaindustria.com\/videocurso-tecnologias-optimizar-retorno-condensado\/","name":"Videocurso Tecnolog\u00edas para Optimizar el Retorno de Condensado - Vapor para la Industria","isPartOf":{"@id":"https:\/\/vaporparalaindustria.com\/#website"},"primaryImageOfPage":{"@id":"https:\/\/vaporparalaindustria.com\/videocurso-tecnologias-optimizar-retorno-condensado\/#primaryimage"},"image":{"@id":"https:\/\/vaporparalaindustria.com\/videocurso-tecnologias-optimizar-retorno-condensado\/#primaryimage"},"thumbnailUrl":"https:\/\/vaporparalaindustria.com\/wp-content\/uploads\/2019\/03\/Videocurso-sistemas-de-vapor.jpeg","datePublished":"2017-12-20T10:03:10+00:00","dateModified":"2021-08-23T12:47:26+00:00","breadcrumb":{"@id":"https:\/\/vaporparalaindustria.com\/videocurso-tecnologias-optimizar-retorno-condensado\/#breadcrumb"},"inLanguage":"pt-PT","potentialAction":[{"@type":"ReadAction","target":["https:\/\/vaporparalaindustria.com\/videocurso-tecnologias-optimizar-retorno-condensado\/"]}]},{"@type":"ImageObject","inLanguage":"pt-PT","@id":"https:\/\/vaporparalaindustria.com\/videocurso-tecnologias-optimizar-retorno-condensado\/#primaryimage","url":"https:\/\/vaporparalaindustria.com\/wp-content\/uploads\/2019\/03\/Videocurso-sistemas-de-vapor.jpeg","contentUrl":"https:\/\/vaporparalaindustria.com\/wp-content\/uploads\/2019\/03\/Videocurso-sistemas-de-vapor.jpeg","width":299,"height":397},{"@type":"BreadcrumbList","@id":"https:\/\/vaporparalaindustria.com\/videocurso-tecnologias-optimizar-retorno-condensado\/#breadcrumb","itemListElement":[{"@type":"ListItem","position":1,"name":"Portada","item":"https:\/\/vaporparalaindustria.com\/"},{"@type":"ListItem","position":2,"name":"Videocurso Tecnolog\u00edas para Optimizar el Retorno de Condensado"}]},{"@type":"WebSite","@id":"https:\/\/vaporparalaindustria.com\/#website","url":"https:\/\/vaporparalaindustria.com\/","name":"Vapor para a Ind\u00fastria","description":"Gest\u00e3o Eficiente de Sistemas a Vapor","publisher":{"@id":"https:\/\/vaporparalaindustria.com\/#organization"},"potentialAction":[{"@type":"SearchAction","target":{"@type":"EntryPoint","urlTemplate":"https:\/\/vaporparalaindustria.com\/?s={search_term_string}"},"query-input":{"@type":"PropertyValueSpecification","valueRequired":true,"valueName":"search_term_string"}}],"inLanguage":"pt-PT"},{"@type":"Organization","@id":"https:\/\/vaporparalaindustria.com\/#organization","name":"Vapor para a Ind\u00fastria","url":"https:\/\/vaporparalaindustria.com\/","logo":{"@type":"ImageObject","inLanguage":"pt-PT","@id":"https:\/\/vaporparalaindustria.com\/#\/schema\/logo\/image\/","url":"https:\/\/vaporparalaindustria.com\/wp-content\/uploads\/2017\/10\/LogoBlogBLANCO-FINAL_VAPOR-PARA-LA-INDUSTRIA-e1499957507814.png","contentUrl":"https:\/\/vaporparalaindustria.com\/wp-content\/uploads\/2017\/10\/LogoBlogBLANCO-FINAL_VAPOR-PARA-LA-INDUSTRIA-e1499957507814.png","width":300,"height":117,"caption":"Vapor para la Industria"},"image":{"@id":"https:\/\/vaporparalaindustria.com\/#\/schema\/logo\/image\/"}}]}},"acf":[],"_links":{"self":[{"href":"https:\/\/vaporparalaindustria.com\/pt\/wp-json\/wp\/v2\/pages\/7166","targetHints":{"allow":["GET"]}}],"collection":[{"href":"https:\/\/vaporparalaindustria.com\/pt\/wp-json\/wp\/v2\/pages"}],"about":[{"href":"https:\/\/vaporparalaindustria.com\/pt\/wp-json\/wp\/v2\/types\/page"}],"author":[{"embeddable":true,"href":"https:\/\/vaporparalaindustria.com\/pt\/wp-json\/wp\/v2\/users\/1"}],"replies":[{"embeddable":true,"href":"https:\/\/vaporparalaindustria.com\/pt\/wp-json\/wp\/v2\/comments?post=7166"}],"version-history":[{"count":0,"href":"https:\/\/vaporparalaindustria.com\/pt\/wp-json\/wp\/v2\/pages\/7166\/revisions"}],"wp:featuredmedia":[{"embeddable":true,"href":"https:\/\/vaporparalaindustria.com\/pt\/wp-json\/wp\/v2\/media\/8141"}],"wp:attachment":[{"href":"https:\/\/vaporparalaindustria.com\/pt\/wp-json\/wp\/v2\/media?parent=7166"}],"curies":[{"name":"wp","href":"https:\/\/api.w.org\/{rel}","templated":true}]}}