{"id":7090,"date":"2017-10-31T10:33:57","date_gmt":"2017-10-31T09:33:57","guid":{"rendered":"https:\/\/vaporparalaindustria.com\/?page_id=7090"},"modified":"2017-10-31T10:33:57","modified_gmt":"2017-10-31T09:33:57","slug":"calculador-excel","status":"publish","type":"page","link":"https:\/\/vaporparalaindustria.com\/pt\/calculador-excel\/","title":{"rendered":"Calculadora Excel"},"content":{"rendered":"<h1 style=\"text-align: center;\"><strong><span style=\"color: rgb(30, 65, 114);\">Calculadora Excel<\/span><\/strong> para determinar <strong><span style=\"color: rgb(112, 111, 111);\">Economia na recupera\u00e7\u00e3o do condensado<\/span><\/strong><\/h1>\n<p>cota\u00e7\u00e3o-esquerda<\/p>\n<p>\" <span style=\"\"><span style=\"\"><span>Saiba como avaliar corretamente a economia dos processos de vapor da sua planta e as melhorias que voc\u00ea pode fazer na sua infra-estrutura de gera\u00e7\u00e3o e distribui\u00e7\u00e3o.<\/span><\/span><\/span>\"<\/p>\n<p><span style=\"width: 100%;\"><a href=\"https:\/\/vaporparalaindustria.com\/wp-content\/uploads\/2017\/07\/Calculador-Excel-determinar-el-Ahorro-que-se-obtiene-de-Recuperar-el-Condensado.png\" rel=\"\"><img loading=\"lazy\" decoding=\"async\" alt=\"Calculador Excel determinar el Ahorro que se obtiene de Recuperar el Condensado\" width=\"1381\" height=\"1561\" title=\"Calculadora Excel para determinar a Poupan\u00e7a na Recupera\u00e7\u00e3o de Condensado\" data-id=\"6786\" src=\"\/\/vaporparalaindustria.com\/wp-content\/uploads\/2017\/07\/Calculador-Excel-determinar-el-Ahorro-que-se-obtiene-de-Recuperar-el-Condensado.png\" style=\"width: 100%;\"><\/a><\/span><\/p>\n<p data-unit=\"px\" style=\"font-size: 20px; line-height: 30px; margin-top: 50px !important;\">Em instala\u00e7\u00f5es industriais, o aquecimento de processo representa uma parte muito significativa dos custos operacionais control\u00e1veis pelos gerentes da planta. \u00c9 uma das poucas \u00e1reas de oportunidade onde os custos podem ser reduzidos e os lucros melhorados.<\/p>\n<p><a href=\"\"><span><span><span style=\"font-family: &quot;Open Sans&quot;; font-weight: 400; font-size: 22px;\"><strong>BAIXE EXCEL AQUI<\/strong><\/span><\/span><\/span><\/a><\/p>\n<h3 style=\"text-align: center;\"><span style=\"font-family: &quot;Open Sans&quot;; font-weight: 300; font-size: 36px;\"><strong><span style=\"color: rgb(112, 111, 111);\">Com a Calculadora<\/span><\/strong> voc\u00ea ser\u00e1 capaz de faz\u00ea-lo:<\/span><\/h3>\n<p style=\"color: #666; font-size: 17px;margin-top: 0;margin-bottom: 20px;\">Avaliar adequadamente a economia dos processos de vapor e a melhoria da capacidade.<span style=\"font-size: 17px;\"><\/span><\/p>\n<p style=\"color: #666; font-size: 17px;margin-top: 0;margin-bottom: 20px;\">Ter informa\u00e7\u00f5es que sirvam de base para otimizar o sistema de gera\u00e7\u00e3o de vapor e minimizar os custos.<\/p>\n<p><span data-name=\"users\"><\/span><\/p>\n<p style=\"color: #666; font-size: 17px;margin-top: 0;margin-bottom: 20px;\">Garantir negocia\u00e7\u00f5es mais eficazes com os fornecedores.<\/p>\n<p><span data-name=\"stats-dots\"><\/span><\/p>\n<p style=\"color: #666; font-size: 17px;margin-top: 0;margin-bottom: 20px;\">Avaliar adequadamente os projetos de melhoria da instala\u00e7\u00e3o de vapor.<\/p>\n<p data-unit=\"px\" style=\"line-height: 30px;\"><span style=\"font-size: 20px;\">Baixe este Excel agora e descubra o custo de n\u00e3o recuperar condensado de um determinado processo ou linha de vapor. Com esta calculadora voc\u00ea poder\u00e1 avaliar quanto tempo levar\u00e1 para amortizar uma melhoria em sua planta que envolve a recupera\u00e7\u00e3o do condensado que est\u00e1 atualmente drenado para um po\u00e7o.<\/span><\/p>\n<p><a href=\"\"><span><span><span style=\"font-family: &quot;Open Sans&quot;; font-weight: 400; font-size: 22px;\"><strong>BAIXE EXCEL AQUI<\/strong><\/span><\/span><\/span><\/a><\/p>\n<p><span style=\"color: rgb(110, 117, 124); font-family: &quot;Open Sans&quot;; font-weight: 300;\">\u00a9 {tcb_current_year} Por VaporparalaIndustria.com<\/span><\/p>\n<p style=\"text-align: right;\"><span style=\"color: rgb(110, 117, 124); font-family: &quot;Open Sans&quot;; font-weight: 300;\"><u>Todos os direitos reservados I <\/u><\/span><a href=\"https:\/\/vaporparalaindustria.com\/pt\/aviso-legal\/\" target=\"_blank\" rel=\"noopener noreferrer\"><span style=\"color: rgb(110, 117, 124); font-family: &quot;Open Sans&quot;; font-weight: 300;\"><u>Aviso Legal<\/u><\/span><\/a><\/p>","protected":false},"excerpt":{"rendered":"<p>Calculadora Excel para determinar a economia da recupera\u00e7\u00e3o de condensado \u00e0 esquerda \" Aprenda a avaliar corretamente a economia dos processos de vapor da sua planta e as melhorias que voc\u00ea pode fazer na sua infra-estrutura de gera\u00e7\u00e3o e distribui\u00e7\u00e3o\" Nas instala\u00e7\u00f5es industriais, o aquecimento dos processos de produ\u00e7\u00e3o representa uma parte importante da ...<\/p>","protected":false},"author":1,"featured_media":0,"parent":0,"menu_order":0,"comment_status":"closed","ping_status":"closed","template":"","meta":{"_acf_changed":false,"_genesis_hide_title":false,"_genesis_hide_breadcrumbs":false,"_genesis_hide_singular_image":false,"_genesis_hide_footer_widgets":false,"_genesis_custom_body_class":"","_genesis_custom_post_class":"","_genesis_layout":"","footnotes":""},"class_list":{"1":"page","2":"type-page","5":"entry"},"yoast_head":"<!-- This site is optimized with the Yoast SEO plugin v27.3 - https:\/\/yoast.com\/product\/yoast-seo-wordpress\/ -->\n<title>Calculador Excel - Vapor para la Industria<\/title>\n<meta name=\"robots\" content=\"index, follow, max-snippet:-1, max-image-preview:large, max-video-preview:-1\" \/>\n<link rel=\"canonical\" href=\"https:\/\/vaporparalaindustria.com\/pt\/calculador-excel\/\" \/>\n<meta property=\"og:locale\" content=\"pt_PT\" \/>\n<meta property=\"og:type\" content=\"article\" \/>\n<meta property=\"og:title\" content=\"Calculador Excel - Vapor para la Industria\" \/>\n<meta property=\"og:description\" content=\"Calculador Excel para determinar el Ahorro que se obtiene de Recuperar el Condensado quote-left \u201c Aprende evaluar adecuadamente los aspectos econ\u00f3micos de los procesos de su planta que usan vapor y de las mejoras que puede conseguir en su infraestructura de generaci\u00f3n y distribuci\u00f3n\u201d En instalaciones industriales, el proceso de calentamiento de procesos productivos representa &hellip;\" \/>\n<meta property=\"og:url\" content=\"https:\/\/vaporparalaindustria.com\/pt\/calculador-excel\/\" \/>\n<meta property=\"og:site_name\" content=\"Vapor para la Industria\" \/>\n<meta property=\"og:image\" content=\"\/\/vaporparalaindustria.com\/wp-content\/uploads\/2017\/07\/Calculador-Excel-determinar-el-Ahorro-que-se-obtiene-de-Recuperar-el-Condensado.png\" \/>\n<meta name=\"twitter:card\" content=\"summary_large_image\" \/>\n<meta name=\"twitter:label1\" content=\"Tempo estimado de leitura\" \/>\n\t<meta name=\"twitter:data1\" content=\"1 minuto\" \/>\n<script type=\"application\/ld+json\" class=\"yoast-schema-graph\">{\"@context\":\"https:\\\/\\\/schema.org\",\"@graph\":[{\"@type\":\"WebPage\",\"@id\":\"https:\\\/\\\/vaporparalaindustria.com\\\/calculador-excel\\\/\",\"url\":\"https:\\\/\\\/vaporparalaindustria.com\\\/calculador-excel\\\/\",\"name\":\"Calculador Excel - Vapor para la Industria\",\"isPartOf\":{\"@id\":\"https:\\\/\\\/vaporparalaindustria.com\\\/#website\"},\"datePublished\":\"2017-10-31T09:33:57+00:00\",\"breadcrumb\":{\"@id\":\"https:\\\/\\\/vaporparalaindustria.com\\\/calculador-excel\\\/#breadcrumb\"},\"inLanguage\":\"pt-PT\",\"potentialAction\":[{\"@type\":\"ReadAction\",\"target\":[\"https:\\\/\\\/vaporparalaindustria.com\\\/calculador-excel\\\/\"]}]},{\"@type\":\"BreadcrumbList\",\"@id\":\"https:\\\/\\\/vaporparalaindustria.com\\\/calculador-excel\\\/#breadcrumb\",\"itemListElement\":[{\"@type\":\"ListItem\",\"position\":1,\"name\":\"Portada\",\"item\":\"https:\\\/\\\/vaporparalaindustria.com\\\/\"},{\"@type\":\"ListItem\",\"position\":2,\"name\":\"Calculador Excel\"}]},{\"@type\":\"WebSite\",\"@id\":\"https:\\\/\\\/vaporparalaindustria.com\\\/#website\",\"url\":\"https:\\\/\\\/vaporparalaindustria.com\\\/\",\"name\":\"Vapor para la Industria\",\"description\":\"Gesti\u00f3n Eficiente de los Sistemas de Vapor\",\"publisher\":{\"@id\":\"https:\\\/\\\/vaporparalaindustria.com\\\/#organization\"},\"potentialAction\":[{\"@type\":\"SearchAction\",\"target\":{\"@type\":\"EntryPoint\",\"urlTemplate\":\"https:\\\/\\\/vaporparalaindustria.com\\\/?s={search_term_string}\"},\"query-input\":{\"@type\":\"PropertyValueSpecification\",\"valueRequired\":true,\"valueName\":\"search_term_string\"}}],\"inLanguage\":\"pt-PT\"},{\"@type\":\"Organization\",\"@id\":\"https:\\\/\\\/vaporparalaindustria.com\\\/#organization\",\"name\":\"Vapor para la Industria\",\"url\":\"https:\\\/\\\/vaporparalaindustria.com\\\/\",\"logo\":{\"@type\":\"ImageObject\",\"inLanguage\":\"pt-PT\",\"@id\":\"https:\\\/\\\/vaporparalaindustria.com\\\/#\\\/schema\\\/logo\\\/image\\\/\",\"url\":\"https:\\\/\\\/vaporparalaindustria.com\\\/wp-content\\\/uploads\\\/2017\\\/10\\\/LogoBlogBLANCO-FINAL_VAPOR-PARA-LA-INDUSTRIA-e1499957507814.png\",\"contentUrl\":\"https:\\\/\\\/vaporparalaindustria.com\\\/wp-content\\\/uploads\\\/2017\\\/10\\\/LogoBlogBLANCO-FINAL_VAPOR-PARA-LA-INDUSTRIA-e1499957507814.png\",\"width\":300,\"height\":117,\"caption\":\"Vapor para la Industria\"},\"image\":{\"@id\":\"https:\\\/\\\/vaporparalaindustria.com\\\/#\\\/schema\\\/logo\\\/image\\\/\"}}]}<\/script>\n<!-- \/ Yoast SEO plugin. -->","yoast_head_json":{"title":"Calculador Excel - Vapor para la Industria","robots":{"index":"index","follow":"follow","max-snippet":"max-snippet:-1","max-image-preview":"max-image-preview:large","max-video-preview":"max-video-preview:-1"},"canonical":"https:\/\/vaporparalaindustria.com\/pt\/calculador-excel\/","og_locale":"pt_PT","og_type":"article","og_title":"Calculador Excel - Vapor para la Industria","og_description":"Calculador Excel para determinar el Ahorro que se obtiene de Recuperar el Condensado quote-left \u201c Aprende evaluar adecuadamente los aspectos econ\u00f3micos de los procesos de su planta que usan vapor y de las mejoras que puede conseguir en su infraestructura de generaci\u00f3n y distribuci\u00f3n\u201d En instalaciones industriales, el proceso de calentamiento de procesos productivos representa &hellip;","og_url":"https:\/\/vaporparalaindustria.com\/pt\/calculador-excel\/","og_site_name":"Vapor para la Industria","og_image":[{"url":"\/\/vaporparalaindustria.com\/wp-content\/uploads\/2017\/07\/Calculador-Excel-determinar-el-Ahorro-que-se-obtiene-de-Recuperar-el-Condensado.png","type":"","width":"","height":""}],"twitter_card":"summary_large_image","twitter_misc":{"Tempo estimado de leitura":"1 minuto"},"schema":{"@context":"https:\/\/schema.org","@graph":[{"@type":"WebPage","@id":"https:\/\/vaporparalaindustria.com\/calculador-excel\/","url":"https:\/\/vaporparalaindustria.com\/calculador-excel\/","name":"Calculador Excel - Vapor para la Industria","isPartOf":{"@id":"https:\/\/vaporparalaindustria.com\/#website"},"datePublished":"2017-10-31T09:33:57+00:00","breadcrumb":{"@id":"https:\/\/vaporparalaindustria.com\/calculador-excel\/#breadcrumb"},"inLanguage":"pt-PT","potentialAction":[{"@type":"ReadAction","target":["https:\/\/vaporparalaindustria.com\/calculador-excel\/"]}]},{"@type":"BreadcrumbList","@id":"https:\/\/vaporparalaindustria.com\/calculador-excel\/#breadcrumb","itemListElement":[{"@type":"ListItem","position":1,"name":"Portada","item":"https:\/\/vaporparalaindustria.com\/"},{"@type":"ListItem","position":2,"name":"Calculador Excel"}]},{"@type":"WebSite","@id":"https:\/\/vaporparalaindustria.com\/#website","url":"https:\/\/vaporparalaindustria.com\/","name":"Vapor para a Ind\u00fastria","description":"Gest\u00e3o Eficiente de Sistemas a Vapor","publisher":{"@id":"https:\/\/vaporparalaindustria.com\/#organization"},"potentialAction":[{"@type":"SearchAction","target":{"@type":"EntryPoint","urlTemplate":"https:\/\/vaporparalaindustria.com\/?s={search_term_string}"},"query-input":{"@type":"PropertyValueSpecification","valueRequired":true,"valueName":"search_term_string"}}],"inLanguage":"pt-PT"},{"@type":"Organization","@id":"https:\/\/vaporparalaindustria.com\/#organization","name":"Vapor para a Ind\u00fastria","url":"https:\/\/vaporparalaindustria.com\/","logo":{"@type":"ImageObject","inLanguage":"pt-PT","@id":"https:\/\/vaporparalaindustria.com\/#\/schema\/logo\/image\/","url":"https:\/\/vaporparalaindustria.com\/wp-content\/uploads\/2017\/10\/LogoBlogBLANCO-FINAL_VAPOR-PARA-LA-INDUSTRIA-e1499957507814.png","contentUrl":"https:\/\/vaporparalaindustria.com\/wp-content\/uploads\/2017\/10\/LogoBlogBLANCO-FINAL_VAPOR-PARA-LA-INDUSTRIA-e1499957507814.png","width":300,"height":117,"caption":"Vapor para la Industria"},"image":{"@id":"https:\/\/vaporparalaindustria.com\/#\/schema\/logo\/image\/"}}]}},"acf":[],"_links":{"self":[{"href":"https:\/\/vaporparalaindustria.com\/pt\/wp-json\/wp\/v2\/pages\/7090","targetHints":{"allow":["GET"]}}],"collection":[{"href":"https:\/\/vaporparalaindustria.com\/pt\/wp-json\/wp\/v2\/pages"}],"about":[{"href":"https:\/\/vaporparalaindustria.com\/pt\/wp-json\/wp\/v2\/types\/page"}],"author":[{"embeddable":true,"href":"https:\/\/vaporparalaindustria.com\/pt\/wp-json\/wp\/v2\/users\/1"}],"replies":[{"embeddable":true,"href":"https:\/\/vaporparalaindustria.com\/pt\/wp-json\/wp\/v2\/comments?post=7090"}],"version-history":[{"count":0,"href":"https:\/\/vaporparalaindustria.com\/pt\/wp-json\/wp\/v2\/pages\/7090\/revisions"}],"wp:attachment":[{"href":"https:\/\/vaporparalaindustria.com\/pt\/wp-json\/wp\/v2\/media?parent=7090"}],"curies":[{"name":"wp","href":"https:\/\/api.w.org\/{rel}","templated":true}]}}