{"id":6791,"date":"2017-07-14T11:09:17","date_gmt":"2017-07-14T09:09:17","guid":{"rendered":"https:\/\/vaporparalaindustria.com\/?page_id=6791"},"modified":"2017-07-14T11:09:17","modified_gmt":"2017-07-14T09:09:17","slug":"typ-modulos-formativos","status":"publish","type":"page","link":"https:\/\/vaporparalaindustria.com\/pt\/typ-modulos-formativos\/","title":{"rendered":"Acesso aos M\u00f3dulos de Treinamento"},"content":{"rendered":"<h2>Parab\u00e9ns! Aqui est\u00e3o os m\u00f3dulos de treinamento dispon\u00edveis em ingl\u00eas<\/h2>\n<h3><\/h3>\n<h3>\u00cdndice Geral:<\/h3>\n<ul>\n<li><a href=\"https:\/\/drive.google.com\/file\/d\/0BwXI99jt-Hy_ZVZyd05FUjN2Tms\/view?usp=sharing\" target=\"_blank\" rel=\"noopener noreferrer\">Introdu\u00e7\u00e3o<\/a><\/li>\n<li><a href=\"https:\/\/drive.google.com\/file\/d\/0BwXI99jt-Hy_TDM0WVVFa2szbFE\/view?usp=sharing\" target=\"_blank\" rel=\"noopener noreferrer\">Princ\u00edpios de Engenharia de Vapor e Permutadores de Calor<\/a><\/li>\n<li><a href=\"https:\/\/drive.google.com\/file\/d\/0BwXI99jt-Hy_MlNMVzRXQVpPWnc\/view?usp=sharing\" target=\"_blank\" rel=\"noopener noreferrer\">Sala das Caldeiras<\/a><\/li>\n<li><a href=\"https:\/\/drive.google.com\/file\/d\/0BwXI99jt-Hy_Y3gwSmZBOFN3b2s\/view?usp=sharin\" target=\"_blank\" rel=\"noopener noreferrer\">Medi\u00e7\u00e3o do fluxo<\/a><\/li>\n<li><a href=\"https:\/\/drive.google.com\/file\/d\/0BwXI99jt-Hy_dURVamVCSkJOd3M\/view?usp=sharing\" target=\"_blank\" rel=\"noopener noreferrer\">Teoria B\u00e1sica de Controle<\/a><\/li>\n<li><a href=\"http:\/\/www.spiraxsarco.com\/Resources\/Pages\/Steam-Engineering-Tutorials\/control-hardware-el-pn-actuation.aspx\" target=\"_blank\" rel=\"noopener noreferrer\">Ferragens de Controlo: Pneum\u00e1ticas e El\u00e9ctricas<\/a><\/li>\n<li><a href=\"https:\/\/drive.google.com\/file\/d\/0BwXI99jt-Hy_Z0liU3JWZVh2T3M\/view?usp=sharing\" target=\"_blank\" rel=\"noopener noreferrer\">Hardware de Controlo: Auto-driven<\/a><\/li>\n<li><a href=\"https:\/\/drive.google.com\/file\/d\/0BwXI99jt-Hy_Sjd0WlFvcUZoZDg\/view?usp=sharing\" target=\"_blank\" rel=\"noopener noreferrer\">Aplica\u00e7\u00f5es de Controlo<\/a><\/li>\n<li><a href=\"http:\/\/www.spiraxsarco.com\/Resources\/Pages\/Steam-Engineering-Tutorials\/safety-valves.aspx\" target=\"_blank\" rel=\"noopener noreferrer\">V\u00e1lvulas de Seguran\u00e7a<\/a><\/li>\n<li><a href=\"https:\/\/drive.google.com\/file\/d\/1i1C72VolSeE0DXWgy6kWnplJ3hjiOzIM\/view?usp=sharing\" target=\"_blank\" rel=\"noopener noreferrer\">Distribui\u00e7\u00e3o de vapor<\/a><\/li>\n<li><a href=\"https:\/\/drive.google.com\/open?id=1MQIteezR6VK4PYsAuWDA5TOMfQ57n5Ib\" target=\"_blank\" rel=\"noopener noreferrer\">Armadilhas a vapor<\/a><\/li>\n<li><a href=\"https:\/\/drive.google.com\/open?id=1iKzPJEbXFkh172hDnfsxCQ0O5ClstUXe\" target=\"_blank\" rel=\"noopener noreferrer\">V\u00e1lvulas de isolamento - Movimento linear<\/a><\/li>\n<li><a href=\"http:\/\/www.spiraxsarco.com\/Resources\/Pages\/Steam-Engineering-Tutorials\/condensate-removal.aspx\" target=\"_blank\" rel=\"noopener noreferrer\">Download do condensado<\/a><\/li>\n<li><a href=\"http:\/\/www.spiraxsarco.com\/Resources\/Pages\/Steam-Engineering-Tutorials\/condensate-recovery.aspx\" target=\"_blank\" rel=\"noopener noreferrer\">Recupera\u00e7\u00e3o de Condensado<\/a><\/li>\n<li><a href=\"http:\/\/www.spiraxsarco.com\/Resources\/Pages\/Steam-Engineering-Tutorials\/desuperheating.aspx\" target=\"_blank\" rel=\"noopener noreferrer\">Temperamento<\/a><\/li>\n<\/ul>\n<p style=\"text-align: justify;\">Se voc\u00ea tiver alguma d\u00favida, pode nos escrever em <a class=\"validating\" href=\"mailto: soporte@vaporparalaindustria.com\" data-cke-saved-href=\"mailto: soporte@vaporparalaindustria.com\"><strong>soporte@vaporparalaindustria.com<\/strong><\/a> e entraremos em contacto consigo pessoalmente, pois estamos empenhados no seu sucesso profissional e valorizamos o servi\u00e7o ao cliente.<\/p>\n<h4>Tamb\u00e9m oferecemos cursos presenciais. Se voc\u00ea estiver interessado em participar de um de nossos cursos, por favor, inscreva-se em um de nossos cursos. <strong><a href=\"https:\/\/vaporparalaindustria.com\/pt\/cursos-sistemas-de-vapor\/\" target=\"_blank\" rel=\"noopener noreferrer\">Mais Informa\u00e7\u00f5es Aqui!<\/a><\/strong><\/h4>","protected":false},"excerpt":{"rendered":"<p>Parab\u00e9ns! Aqui est\u00e3o os m\u00f3dulos de treinamento dispon\u00edveis em Ingl\u00eas Conte\u00fado Geral: Introdu\u00e7\u00e3o Princ\u00edpios de Engenharia de Vapor e Troca de Caldeiras de Engenharia de Troca de Caldeiras Medi\u00e7\u00e3o de Vaz\u00e3o Teoria B\u00e1sica de Controle Hardware: Controle Pneum\u00e1tico e El\u00e9trico Hardware: Aplica\u00e7\u00f5es de Controle Automatizado V\u00e1lvulas de Seguran\u00e7a Purgadores de Vapor de Distribui\u00e7\u00e3o ...<\/p>","protected":false},"author":1,"featured_media":0,"parent":0,"menu_order":0,"comment_status":"closed","ping_status":"closed","template":"","meta":{"_acf_changed":false,"_genesis_hide_title":false,"_genesis_hide_breadcrumbs":false,"_genesis_hide_singular_image":false,"_genesis_hide_footer_widgets":false,"_genesis_custom_body_class":"","_genesis_custom_post_class":"","_genesis_layout":"","footnotes":""},"class_list":{"1":"page","2":"type-page","5":"entry"},"yoast_head":"<!-- This site is optimized with the Yoast SEO plugin v27.3 - https:\/\/yoast.com\/product\/yoast-seo-wordpress\/ -->\n<title>Acceso a los M\u00f3dulos Formativos - Vapor para la Industria<\/title>\n<meta name=\"robots\" content=\"index, follow, max-snippet:-1, max-image-preview:large, max-video-preview:-1\" \/>\n<link rel=\"canonical\" href=\"https:\/\/vaporparalaindustria.com\/pt\/typ-modulos-formativos\/\" \/>\n<meta property=\"og:locale\" content=\"pt_PT\" \/>\n<meta property=\"og:type\" content=\"article\" \/>\n<meta property=\"og:title\" content=\"Acceso a los M\u00f3dulos Formativos - Vapor para la Industria\" \/>\n<meta property=\"og:description\" content=\"\u00a1Enhorabuena! Aqu\u00ed tiene los m\u00f3dulos formativos disponibles en Espa\u00f1ol \u00cdndice General: Introducci\u00f3n Principios de Ingenier\u00eda de Vapor e Intercambio de Calor Sala de Calderas Medici\u00f3n de Caudal Teor\u00eda B\u00e1sica del Control Hardware de Control: Neum\u00e1tico y El\u00e9ctrico Hardware de Control: Autoaccionado Aplicaciones de Control V\u00e1lvulas de Seguridad (en ingles) Distribuci\u00f3n de Vapor Purgadores de vapor &hellip;\" \/>\n<meta property=\"og:url\" content=\"https:\/\/vaporparalaindustria.com\/pt\/typ-modulos-formativos\/\" \/>\n<meta property=\"og:site_name\" content=\"Vapor para la Industria\" \/>\n<meta name=\"twitter:card\" content=\"summary_large_image\" \/>\n<meta name=\"twitter:label1\" content=\"Tempo estimado de leitura\" \/>\n\t<meta name=\"twitter:data1\" content=\"1 minuto\" \/>\n<script type=\"application\/ld+json\" class=\"yoast-schema-graph\">{\"@context\":\"https:\\\/\\\/schema.org\",\"@graph\":[{\"@type\":\"WebPage\",\"@id\":\"https:\\\/\\\/vaporparalaindustria.com\\\/typ-modulos-formativos\\\/\",\"url\":\"https:\\\/\\\/vaporparalaindustria.com\\\/typ-modulos-formativos\\\/\",\"name\":\"Acceso a los M\u00f3dulos Formativos - Vapor para la Industria\",\"isPartOf\":{\"@id\":\"https:\\\/\\\/vaporparalaindustria.com\\\/#website\"},\"datePublished\":\"2017-07-14T09:09:17+00:00\",\"breadcrumb\":{\"@id\":\"https:\\\/\\\/vaporparalaindustria.com\\\/typ-modulos-formativos\\\/#breadcrumb\"},\"inLanguage\":\"pt-PT\",\"potentialAction\":[{\"@type\":\"ReadAction\",\"target\":[\"https:\\\/\\\/vaporparalaindustria.com\\\/typ-modulos-formativos\\\/\"]}]},{\"@type\":\"BreadcrumbList\",\"@id\":\"https:\\\/\\\/vaporparalaindustria.com\\\/typ-modulos-formativos\\\/#breadcrumb\",\"itemListElement\":[{\"@type\":\"ListItem\",\"position\":1,\"name\":\"Portada\",\"item\":\"https:\\\/\\\/vaporparalaindustria.com\\\/\"},{\"@type\":\"ListItem\",\"position\":2,\"name\":\"Acceso a los M\u00f3dulos Formativos\"}]},{\"@type\":\"WebSite\",\"@id\":\"https:\\\/\\\/vaporparalaindustria.com\\\/#website\",\"url\":\"https:\\\/\\\/vaporparalaindustria.com\\\/\",\"name\":\"Vapor para la Industria\",\"description\":\"Gesti\u00f3n Eficiente de los Sistemas de Vapor\",\"publisher\":{\"@id\":\"https:\\\/\\\/vaporparalaindustria.com\\\/#organization\"},\"potentialAction\":[{\"@type\":\"SearchAction\",\"target\":{\"@type\":\"EntryPoint\",\"urlTemplate\":\"https:\\\/\\\/vaporparalaindustria.com\\\/?s={search_term_string}\"},\"query-input\":{\"@type\":\"PropertyValueSpecification\",\"valueRequired\":true,\"valueName\":\"search_term_string\"}}],\"inLanguage\":\"pt-PT\"},{\"@type\":\"Organization\",\"@id\":\"https:\\\/\\\/vaporparalaindustria.com\\\/#organization\",\"name\":\"Vapor para la Industria\",\"url\":\"https:\\\/\\\/vaporparalaindustria.com\\\/\",\"logo\":{\"@type\":\"ImageObject\",\"inLanguage\":\"pt-PT\",\"@id\":\"https:\\\/\\\/vaporparalaindustria.com\\\/#\\\/schema\\\/logo\\\/image\\\/\",\"url\":\"https:\\\/\\\/vaporparalaindustria.com\\\/wp-content\\\/uploads\\\/2017\\\/10\\\/LogoBlogBLANCO-FINAL_VAPOR-PARA-LA-INDUSTRIA-e1499957507814.png\",\"contentUrl\":\"https:\\\/\\\/vaporparalaindustria.com\\\/wp-content\\\/uploads\\\/2017\\\/10\\\/LogoBlogBLANCO-FINAL_VAPOR-PARA-LA-INDUSTRIA-e1499957507814.png\",\"width\":300,\"height\":117,\"caption\":\"Vapor para la Industria\"},\"image\":{\"@id\":\"https:\\\/\\\/vaporparalaindustria.com\\\/#\\\/schema\\\/logo\\\/image\\\/\"}}]}<\/script>\n<!-- \/ Yoast SEO plugin. -->","yoast_head_json":{"title":"Acceso a los M\u00f3dulos Formativos - Vapor para la Industria","robots":{"index":"index","follow":"follow","max-snippet":"max-snippet:-1","max-image-preview":"max-image-preview:large","max-video-preview":"max-video-preview:-1"},"canonical":"https:\/\/vaporparalaindustria.com\/pt\/typ-modulos-formativos\/","og_locale":"pt_PT","og_type":"article","og_title":"Acceso a los M\u00f3dulos Formativos - Vapor para la Industria","og_description":"\u00a1Enhorabuena! Aqu\u00ed tiene los m\u00f3dulos formativos disponibles en Espa\u00f1ol \u00cdndice General: Introducci\u00f3n Principios de Ingenier\u00eda de Vapor e Intercambio de Calor Sala de Calderas Medici\u00f3n de Caudal Teor\u00eda B\u00e1sica del Control Hardware de Control: Neum\u00e1tico y El\u00e9ctrico Hardware de Control: Autoaccionado Aplicaciones de Control V\u00e1lvulas de Seguridad (en ingles) Distribuci\u00f3n de Vapor Purgadores de vapor &hellip;","og_url":"https:\/\/vaporparalaindustria.com\/pt\/typ-modulos-formativos\/","og_site_name":"Vapor para la Industria","twitter_card":"summary_large_image","twitter_misc":{"Tempo estimado de leitura":"1 minuto"},"schema":{"@context":"https:\/\/schema.org","@graph":[{"@type":"WebPage","@id":"https:\/\/vaporparalaindustria.com\/typ-modulos-formativos\/","url":"https:\/\/vaporparalaindustria.com\/typ-modulos-formativos\/","name":"Acceso a los M\u00f3dulos Formativos - Vapor para la Industria","isPartOf":{"@id":"https:\/\/vaporparalaindustria.com\/#website"},"datePublished":"2017-07-14T09:09:17+00:00","breadcrumb":{"@id":"https:\/\/vaporparalaindustria.com\/typ-modulos-formativos\/#breadcrumb"},"inLanguage":"pt-PT","potentialAction":[{"@type":"ReadAction","target":["https:\/\/vaporparalaindustria.com\/typ-modulos-formativos\/"]}]},{"@type":"BreadcrumbList","@id":"https:\/\/vaporparalaindustria.com\/typ-modulos-formativos\/#breadcrumb","itemListElement":[{"@type":"ListItem","position":1,"name":"Portada","item":"https:\/\/vaporparalaindustria.com\/"},{"@type":"ListItem","position":2,"name":"Acceso a los M\u00f3dulos Formativos"}]},{"@type":"WebSite","@id":"https:\/\/vaporparalaindustria.com\/#website","url":"https:\/\/vaporparalaindustria.com\/","name":"Vapor para a Ind\u00fastria","description":"Gest\u00e3o Eficiente de Sistemas a Vapor","publisher":{"@id":"https:\/\/vaporparalaindustria.com\/#organization"},"potentialAction":[{"@type":"SearchAction","target":{"@type":"EntryPoint","urlTemplate":"https:\/\/vaporparalaindustria.com\/?s={search_term_string}"},"query-input":{"@type":"PropertyValueSpecification","valueRequired":true,"valueName":"search_term_string"}}],"inLanguage":"pt-PT"},{"@type":"Organization","@id":"https:\/\/vaporparalaindustria.com\/#organization","name":"Vapor para a Ind\u00fastria","url":"https:\/\/vaporparalaindustria.com\/","logo":{"@type":"ImageObject","inLanguage":"pt-PT","@id":"https:\/\/vaporparalaindustria.com\/#\/schema\/logo\/image\/","url":"https:\/\/vaporparalaindustria.com\/wp-content\/uploads\/2017\/10\/LogoBlogBLANCO-FINAL_VAPOR-PARA-LA-INDUSTRIA-e1499957507814.png","contentUrl":"https:\/\/vaporparalaindustria.com\/wp-content\/uploads\/2017\/10\/LogoBlogBLANCO-FINAL_VAPOR-PARA-LA-INDUSTRIA-e1499957507814.png","width":300,"height":117,"caption":"Vapor para la Industria"},"image":{"@id":"https:\/\/vaporparalaindustria.com\/#\/schema\/logo\/image\/"}}]}},"acf":[],"_links":{"self":[{"href":"https:\/\/vaporparalaindustria.com\/pt\/wp-json\/wp\/v2\/pages\/6791","targetHints":{"allow":["GET"]}}],"collection":[{"href":"https:\/\/vaporparalaindustria.com\/pt\/wp-json\/wp\/v2\/pages"}],"about":[{"href":"https:\/\/vaporparalaindustria.com\/pt\/wp-json\/wp\/v2\/types\/page"}],"author":[{"embeddable":true,"href":"https:\/\/vaporparalaindustria.com\/pt\/wp-json\/wp\/v2\/users\/1"}],"replies":[{"embeddable":true,"href":"https:\/\/vaporparalaindustria.com\/pt\/wp-json\/wp\/v2\/comments?post=6791"}],"version-history":[{"count":0,"href":"https:\/\/vaporparalaindustria.com\/pt\/wp-json\/wp\/v2\/pages\/6791\/revisions"}],"wp:attachment":[{"href":"https:\/\/vaporparalaindustria.com\/pt\/wp-json\/wp\/v2\/media?parent=6791"}],"curies":[{"name":"wp","href":"https:\/\/api.w.org\/{rel}","templated":true}]}}