{"id":6599,"date":"2017-05-31T10:00:46","date_gmt":"2017-05-31T10:00:46","guid":{"rendered":"https:\/\/vaporparalaindustria.com\/?page_id=6599"},"modified":"2023-10-24T17:03:02","modified_gmt":"2023-10-24T16:03:02","slug":"ebook-gratuito-tecnologias-para-la-recuperacion-de-condensado","status":"publish","type":"page","link":"https:\/\/vaporparalaindustria.com\/pt\/ebook-gratuito-tecnologias-para-la-recuperacion-de-condensado\/","title":{"rendered":"Free Ebook: Tecnologias para Recupera\u00e7\u00e3o de Condensados em Sistemas de Vapor Industrial"},"content":{"rendered":"<img loading=\"lazy\" decoding=\"async\" src=\"https:\/\/vaporparalaindustria.com\/wp-content\/uploads\/2021\/08\/VAPOR-PARA-LA-INDUSTRIA-LOGO-BLANCO.png\" alt=\"VAPOR PARA LA INDUSTRIA - LOGO BLANCO\" itemprop=\"image\" height=\"70\" width=\"179\" title=\"VAPOR PARA A IND\u00daSTRIA - LOG\u00d3TIPO BRANCO\" onerror=\"this.style.display='none'\"  \/>\n<h2>\n\t\tEBOOOK GR\u00c1TIS\n\t<\/h2>\n<h2>\n\t\tTECNOLOGIAS PARA RECUPERA\u00c7\u00c3O DE CONDENSADOS EM SISTEMAS DE VAPOR INDUSTRIAIS\n\t<\/h2>\n\t\t\t\t<img loading=\"lazy\" decoding=\"async\" src=\"https:\/\/vaporparalaindustria.com\/wp-content\/uploads\/2017\/05\/Tecnologi\u0301as-para-la-Recuperacio\u0301n-de-Condensado-en-Sistemas-Industriales-de-Vapor-e1496326451506-257x300.png\" alt=\"Tecnolog\u00edas para la Recuperaci\u00f3n de Condensado en Sistemas Industriales de Vapor\" itemprop=\"image\" height=\"300\" width=\"257\" title=\"Tecnologias para Recupera\u00e7\u00e3o de Condensados em Sistemas de Vapor Industrial\" onerror=\"this.style.display='none'\"  \/>\n<h4>\n\t\tUm guia pr\u00e1tico para a aplica\u00e7\u00e3o de tecnologias de Recupera\u00e7\u00e3o de Condensado que o ajudar\u00e1 a poupar muito dinheiro nas suas instala\u00e7\u00f5es industriais.\n\t<\/h4>\n\t<p>O retorno do condensado ao tanque de alimenta\u00e7\u00e3o da caldeira \u00e9 reconhecido como a forma mais eficaz de melhorar a efici\u00eancia da planta de vapor. A recupera\u00e7\u00e3o de condensado poupa dinheiro, reduz os custos de combust\u00edvel, poupa energia, reduz o consumo de \u00e1gua e tratamento qu\u00edmico e elimina os custos dos aterros sanit\u00e1rios.<\/p>\n<p>Um sistema eficaz de recupera\u00e7\u00e3o de condensado pode pagar-se a si pr\u00f3prio muito rapidamente em compara\u00e7\u00e3o com um sistema em que todo o condensado \u00e9 enviado para o dreno.<\/p>\n<p><strong>COM ESTE EBOOK VAIS APRENDER:<\/strong><\/p>\n\t\t\t<h3> Como escolher os purgadores para a remo\u00e7\u00e3o de condensado em sistemas de vapor industriais<\/h3>\t\t\n\t\t\t<h3> Aplica\u00e7\u00f5es pr\u00e1ticas de sistemas de recupera\u00e7\u00e3o de condensado em v\u00e1rias ind\u00fastrias<\/h3>\t\t\n\t\t\t<h3> Recomenda\u00e7\u00f5es para garantir a pureza do vapor nos neg\u00f3cios de alimentos<\/h3>\t\t\n\t\t\t<h3> Implementar geradores de vapor limpo para a ind\u00fastria alimentar<\/h3>\t\t\n\t<p>Fa\u00e7a agora o download deste Ebook e aprenda sobre a aplica\u00e7\u00e3o pr\u00e1tica e operacional da recupera\u00e7\u00e3o de vapor na ind\u00fastria.<\/p>\n<h3>\n\t\tPreencha o Formul\u00e1rio para ter acesso ao livro electr\u00f3nico\n\t<\/h3>\n\t <form id=\"mktoForm_2051\" action=\"\"><input type=\"hidden\" name=\"trp-form-language\" value=\"pt\"\/><\/form>","protected":false},"excerpt":{"rendered":"<p>TECNOLOGIAS DE RECUPERA\u00c7\u00c3O DE CONDENSADO DE EBOOOK GR\u00c1TIS Um guia pr\u00e1tico para a aplica\u00e7\u00e3o de tecnologias de recupera\u00e7\u00e3o de condensado que o ajudar\u00e1 a poupar muito dinheiro nas suas instala\u00e7\u00f5es industriais O retorno de condensado ao tanque de alimenta\u00e7\u00e3o da caldeira \u00e9 reconhecido como a forma mais eficaz de melhorar a recupera\u00e7\u00e3o de condensado na caldeira, e a forma mais eficaz de ...<\/p>","protected":false},"author":1,"featured_media":0,"parent":0,"menu_order":0,"comment_status":"closed","ping_status":"closed","template":"","meta":{"_acf_changed":false,"_genesis_hide_title":false,"_genesis_hide_breadcrumbs":false,"_genesis_hide_singular_image":false,"_genesis_hide_footer_widgets":false,"_genesis_custom_body_class":"","_genesis_custom_post_class":"","_genesis_layout":"wide-content","footnotes":""},"class_list":{"1":"page","2":"type-page","5":"entry"},"yoast_head":"<!-- This site is optimized with the Yoast SEO plugin v27.3 - https:\/\/yoast.com\/product\/yoast-seo-wordpress\/ -->\n<title>Ebook Gratuito:Tecnolog\u00edas para la Recuperaci\u00f3n de Condensado en Sistemas Industriales de Vapor<\/title>\n<meta name=\"description\" content=\"Gu\u00eda pr\u00e1ctica de aplicaci\u00f3n de tecnolog\u00edas para la Recuperaci\u00f3n de Condensado que te ayudar\u00e1n a ahorrar mucho dinero en tus instalaciones industriales.\" \/>\n<meta name=\"robots\" content=\"index, follow, max-snippet:-1, max-image-preview:large, max-video-preview:-1\" \/>\n<link rel=\"canonical\" href=\"https:\/\/vaporparalaindustria.com\/pt\/ebook-gratuito-tecnologias-para-la-recuperacion-de-condensado\/\" \/>\n<meta property=\"og:locale\" content=\"pt_PT\" \/>\n<meta property=\"og:type\" content=\"article\" \/>\n<meta property=\"og:title\" content=\"Ebook Gratuito:Tecnolog\u00edas para la Recuperaci\u00f3n de Condensado en Sistemas Industriales de Vapor\" \/>\n<meta property=\"og:description\" content=\"Gu\u00eda pr\u00e1ctica de aplicaci\u00f3n de tecnolog\u00edas para la Recuperaci\u00f3n de Condensado que te ayudar\u00e1n a ahorrar mucho dinero en tus instalaciones industriales.\" \/>\n<meta property=\"og:url\" content=\"https:\/\/vaporparalaindustria.com\/pt\/ebook-gratuito-tecnologias-para-la-recuperacion-de-condensado\/\" \/>\n<meta property=\"og:site_name\" content=\"Vapor para la Industria\" \/>\n<meta property=\"article:modified_time\" content=\"2023-10-24T16:03:02+00:00\" \/>\n<meta property=\"og:image\" content=\"https:\/\/vaporparalaindustria.com\/wp-content\/uploads\/2021\/08\/VAPOR-PARA-LA-INDUSTRIA-LOGO-BLANCO.png\" \/>\n<meta name=\"twitter:card\" content=\"summary_large_image\" \/>\n<meta name=\"twitter:label1\" content=\"Tempo estimado de leitura\" \/>\n\t<meta name=\"twitter:data1\" content=\"1 minuto\" \/>\n<script type=\"application\/ld+json\" class=\"yoast-schema-graph\">{\"@context\":\"https:\\\/\\\/schema.org\",\"@graph\":[{\"@type\":\"WebPage\",\"@id\":\"https:\\\/\\\/vaporparalaindustria.com\\\/ebook-gratuito-tecnologias-para-la-recuperacion-de-condensado\\\/\",\"url\":\"https:\\\/\\\/vaporparalaindustria.com\\\/ebook-gratuito-tecnologias-para-la-recuperacion-de-condensado\\\/\",\"name\":\"Ebook Gratuito:Tecnolog\u00edas para la Recuperaci\u00f3n de Condensado en Sistemas Industriales de Vapor\",\"isPartOf\":{\"@id\":\"https:\\\/\\\/vaporparalaindustria.com\\\/#website\"},\"primaryImageOfPage\":{\"@id\":\"https:\\\/\\\/vaporparalaindustria.com\\\/ebook-gratuito-tecnologias-para-la-recuperacion-de-condensado\\\/#primaryimage\"},\"image\":{\"@id\":\"https:\\\/\\\/vaporparalaindustria.com\\\/ebook-gratuito-tecnologias-para-la-recuperacion-de-condensado\\\/#primaryimage\"},\"thumbnailUrl\":\"https:\\\/\\\/vaporparalaindustria.com\\\/wp-content\\\/uploads\\\/2021\\\/08\\\/VAPOR-PARA-LA-INDUSTRIA-LOGO-BLANCO.png\",\"datePublished\":\"2017-05-31T10:00:46+00:00\",\"dateModified\":\"2023-10-24T16:03:02+00:00\",\"description\":\"Gu\u00eda pr\u00e1ctica de aplicaci\u00f3n de tecnolog\u00edas para la Recuperaci\u00f3n de Condensado que te ayudar\u00e1n a ahorrar mucho dinero en tus instalaciones industriales.\",\"breadcrumb\":{\"@id\":\"https:\\\/\\\/vaporparalaindustria.com\\\/ebook-gratuito-tecnologias-para-la-recuperacion-de-condensado\\\/#breadcrumb\"},\"inLanguage\":\"pt-PT\",\"potentialAction\":[{\"@type\":\"ReadAction\",\"target\":[\"https:\\\/\\\/vaporparalaindustria.com\\\/ebook-gratuito-tecnologias-para-la-recuperacion-de-condensado\\\/\"]}]},{\"@type\":\"ImageObject\",\"inLanguage\":\"pt-PT\",\"@id\":\"https:\\\/\\\/vaporparalaindustria.com\\\/ebook-gratuito-tecnologias-para-la-recuperacion-de-condensado\\\/#primaryimage\",\"url\":\"https:\\\/\\\/vaporparalaindustria.com\\\/wp-content\\\/uploads\\\/2021\\\/08\\\/VAPOR-PARA-LA-INDUSTRIA-LOGO-BLANCO.png\",\"contentUrl\":\"https:\\\/\\\/vaporparalaindustria.com\\\/wp-content\\\/uploads\\\/2021\\\/08\\\/VAPOR-PARA-LA-INDUSTRIA-LOGO-BLANCO.png\"},{\"@type\":\"BreadcrumbList\",\"@id\":\"https:\\\/\\\/vaporparalaindustria.com\\\/ebook-gratuito-tecnologias-para-la-recuperacion-de-condensado\\\/#breadcrumb\",\"itemListElement\":[{\"@type\":\"ListItem\",\"position\":1,\"name\":\"Portada\",\"item\":\"https:\\\/\\\/vaporparalaindustria.com\\\/\"},{\"@type\":\"ListItem\",\"position\":2,\"name\":\"Ebook Gratuito: Tecnolog\u00edas para la Recuperaci\u00f3n de Condensado en Sistemas Industriales de Vapor\"}]},{\"@type\":\"WebSite\",\"@id\":\"https:\\\/\\\/vaporparalaindustria.com\\\/#website\",\"url\":\"https:\\\/\\\/vaporparalaindustria.com\\\/\",\"name\":\"Vapor para la Industria\",\"description\":\"Gesti\u00f3n Eficiente de los Sistemas de Vapor\",\"publisher\":{\"@id\":\"https:\\\/\\\/vaporparalaindustria.com\\\/#organization\"},\"potentialAction\":[{\"@type\":\"SearchAction\",\"target\":{\"@type\":\"EntryPoint\",\"urlTemplate\":\"https:\\\/\\\/vaporparalaindustria.com\\\/?s={search_term_string}\"},\"query-input\":{\"@type\":\"PropertyValueSpecification\",\"valueRequired\":true,\"valueName\":\"search_term_string\"}}],\"inLanguage\":\"pt-PT\"},{\"@type\":\"Organization\",\"@id\":\"https:\\\/\\\/vaporparalaindustria.com\\\/#organization\",\"name\":\"Vapor para la Industria\",\"url\":\"https:\\\/\\\/vaporparalaindustria.com\\\/\",\"logo\":{\"@type\":\"ImageObject\",\"inLanguage\":\"pt-PT\",\"@id\":\"https:\\\/\\\/vaporparalaindustria.com\\\/#\\\/schema\\\/logo\\\/image\\\/\",\"url\":\"https:\\\/\\\/vaporparalaindustria.com\\\/wp-content\\\/uploads\\\/2017\\\/10\\\/LogoBlogBLANCO-FINAL_VAPOR-PARA-LA-INDUSTRIA-e1499957507814.png\",\"contentUrl\":\"https:\\\/\\\/vaporparalaindustria.com\\\/wp-content\\\/uploads\\\/2017\\\/10\\\/LogoBlogBLANCO-FINAL_VAPOR-PARA-LA-INDUSTRIA-e1499957507814.png\",\"width\":300,\"height\":117,\"caption\":\"Vapor para la Industria\"},\"image\":{\"@id\":\"https:\\\/\\\/vaporparalaindustria.com\\\/#\\\/schema\\\/logo\\\/image\\\/\"}}]}<\/script>\n<!-- \/ Yoast SEO plugin. -->","yoast_head_json":{"title":"Ebook Gratuito:Tecnolog\u00edas para la Recuperaci\u00f3n de Condensado en Sistemas Industriales de Vapor","description":"Um guia pr\u00e1tico para a aplica\u00e7\u00e3o de tecnologias de Recupera\u00e7\u00e3o de Condensado que o ajudar\u00e1 a poupar muito dinheiro nas suas instala\u00e7\u00f5es industriais.","robots":{"index":"index","follow":"follow","max-snippet":"max-snippet:-1","max-image-preview":"max-image-preview:large","max-video-preview":"max-video-preview:-1"},"canonical":"https:\/\/vaporparalaindustria.com\/pt\/ebook-gratuito-tecnologias-para-la-recuperacion-de-condensado\/","og_locale":"pt_PT","og_type":"article","og_title":"Ebook Gratuito:Tecnolog\u00edas para la Recuperaci\u00f3n de Condensado en Sistemas Industriales de Vapor","og_description":"Gu\u00eda pr\u00e1ctica de aplicaci\u00f3n de tecnolog\u00edas para la Recuperaci\u00f3n de Condensado que te ayudar\u00e1n a ahorrar mucho dinero en tus instalaciones industriales.","og_url":"https:\/\/vaporparalaindustria.com\/pt\/ebook-gratuito-tecnologias-para-la-recuperacion-de-condensado\/","og_site_name":"Vapor para la Industria","article_modified_time":"2023-10-24T16:03:02+00:00","og_image":[{"url":"https:\/\/vaporparalaindustria.com\/wp-content\/uploads\/2021\/08\/VAPOR-PARA-LA-INDUSTRIA-LOGO-BLANCO.png","type":"","width":"","height":""}],"twitter_card":"summary_large_image","twitter_misc":{"Tempo estimado de leitura":"1 minuto"},"schema":{"@context":"https:\/\/schema.org","@graph":[{"@type":"WebPage","@id":"https:\/\/vaporparalaindustria.com\/ebook-gratuito-tecnologias-para-la-recuperacion-de-condensado\/","url":"https:\/\/vaporparalaindustria.com\/ebook-gratuito-tecnologias-para-la-recuperacion-de-condensado\/","name":"Ebook Gratuito:Tecnolog\u00edas para la Recuperaci\u00f3n de Condensado en Sistemas Industriales de Vapor","isPartOf":{"@id":"https:\/\/vaporparalaindustria.com\/#website"},"primaryImageOfPage":{"@id":"https:\/\/vaporparalaindustria.com\/ebook-gratuito-tecnologias-para-la-recuperacion-de-condensado\/#primaryimage"},"image":{"@id":"https:\/\/vaporparalaindustria.com\/ebook-gratuito-tecnologias-para-la-recuperacion-de-condensado\/#primaryimage"},"thumbnailUrl":"https:\/\/vaporparalaindustria.com\/wp-content\/uploads\/2021\/08\/VAPOR-PARA-LA-INDUSTRIA-LOGO-BLANCO.png","datePublished":"2017-05-31T10:00:46+00:00","dateModified":"2023-10-24T16:03:02+00:00","description":"Um guia pr\u00e1tico para a aplica\u00e7\u00e3o de tecnologias de Recupera\u00e7\u00e3o de Condensado que o ajudar\u00e1 a poupar muito dinheiro nas suas instala\u00e7\u00f5es industriais.","breadcrumb":{"@id":"https:\/\/vaporparalaindustria.com\/ebook-gratuito-tecnologias-para-la-recuperacion-de-condensado\/#breadcrumb"},"inLanguage":"pt-PT","potentialAction":[{"@type":"ReadAction","target":["https:\/\/vaporparalaindustria.com\/ebook-gratuito-tecnologias-para-la-recuperacion-de-condensado\/"]}]},{"@type":"ImageObject","inLanguage":"pt-PT","@id":"https:\/\/vaporparalaindustria.com\/ebook-gratuito-tecnologias-para-la-recuperacion-de-condensado\/#primaryimage","url":"https:\/\/vaporparalaindustria.com\/wp-content\/uploads\/2021\/08\/VAPOR-PARA-LA-INDUSTRIA-LOGO-BLANCO.png","contentUrl":"https:\/\/vaporparalaindustria.com\/wp-content\/uploads\/2021\/08\/VAPOR-PARA-LA-INDUSTRIA-LOGO-BLANCO.png"},{"@type":"BreadcrumbList","@id":"https:\/\/vaporparalaindustria.com\/ebook-gratuito-tecnologias-para-la-recuperacion-de-condensado\/#breadcrumb","itemListElement":[{"@type":"ListItem","position":1,"name":"Portada","item":"https:\/\/vaporparalaindustria.com\/"},{"@type":"ListItem","position":2,"name":"Ebook Gratuito: Tecnolog\u00edas para la Recuperaci\u00f3n de Condensado en Sistemas Industriales de Vapor"}]},{"@type":"WebSite","@id":"https:\/\/vaporparalaindustria.com\/#website","url":"https:\/\/vaporparalaindustria.com\/","name":"Vapor para a Ind\u00fastria","description":"Gest\u00e3o Eficiente de Sistemas a Vapor","publisher":{"@id":"https:\/\/vaporparalaindustria.com\/#organization"},"potentialAction":[{"@type":"SearchAction","target":{"@type":"EntryPoint","urlTemplate":"https:\/\/vaporparalaindustria.com\/?s={search_term_string}"},"query-input":{"@type":"PropertyValueSpecification","valueRequired":true,"valueName":"search_term_string"}}],"inLanguage":"pt-PT"},{"@type":"Organization","@id":"https:\/\/vaporparalaindustria.com\/#organization","name":"Vapor para a Ind\u00fastria","url":"https:\/\/vaporparalaindustria.com\/","logo":{"@type":"ImageObject","inLanguage":"pt-PT","@id":"https:\/\/vaporparalaindustria.com\/#\/schema\/logo\/image\/","url":"https:\/\/vaporparalaindustria.com\/wp-content\/uploads\/2017\/10\/LogoBlogBLANCO-FINAL_VAPOR-PARA-LA-INDUSTRIA-e1499957507814.png","contentUrl":"https:\/\/vaporparalaindustria.com\/wp-content\/uploads\/2017\/10\/LogoBlogBLANCO-FINAL_VAPOR-PARA-LA-INDUSTRIA-e1499957507814.png","width":300,"height":117,"caption":"Vapor para la Industria"},"image":{"@id":"https:\/\/vaporparalaindustria.com\/#\/schema\/logo\/image\/"}}]}},"acf":[],"_links":{"self":[{"href":"https:\/\/vaporparalaindustria.com\/pt\/wp-json\/wp\/v2\/pages\/6599","targetHints":{"allow":["GET"]}}],"collection":[{"href":"https:\/\/vaporparalaindustria.com\/pt\/wp-json\/wp\/v2\/pages"}],"about":[{"href":"https:\/\/vaporparalaindustria.com\/pt\/wp-json\/wp\/v2\/types\/page"}],"author":[{"embeddable":true,"href":"https:\/\/vaporparalaindustria.com\/pt\/wp-json\/wp\/v2\/users\/1"}],"replies":[{"embeddable":true,"href":"https:\/\/vaporparalaindustria.com\/pt\/wp-json\/wp\/v2\/comments?post=6599"}],"version-history":[{"count":0,"href":"https:\/\/vaporparalaindustria.com\/pt\/wp-json\/wp\/v2\/pages\/6599\/revisions"}],"wp:attachment":[{"href":"https:\/\/vaporparalaindustria.com\/pt\/wp-json\/wp\/v2\/media?parent=6599"}],"curies":[{"name":"wp","href":"https:\/\/api.w.org\/{rel}","templated":true}]}}