{"id":6516,"date":"2017-05-22T09:56:31","date_gmt":"2017-05-22T09:56:31","guid":{"rendered":"https:\/\/vaporparalaindustria.com\/?page_id=6516"},"modified":"2023-12-05T13:00:23","modified_gmt":"2023-12-05T12:00:23","slug":"ebook-optimizacion-sistemas-vapor-la-industria","status":"publish","type":"page","link":"https:\/\/vaporparalaindustria.com\/pt\/ebook-optimizacion-sistemas-vapor-la-industria\/","title":{"rendered":"Free Ebook: Otimiza\u00e7\u00e3o econ\u00f4mica e operacional de sistemas de vapor na ind\u00fastria"},"content":{"rendered":"<img loading=\"lazy\" decoding=\"async\" src=\"https:\/\/vaporparalaindustria.com\/wp-content\/uploads\/2021\/08\/VAPOR-PARA-LA-INDUSTRIA-LOGO-BLANCO.png\" alt=\"VAPOR PARA LA INDUSTRIA - LOGO BLANCO\" itemprop=\"image\" height=\"70\" width=\"179\" title=\"VAPOR PARA A IND\u00daSTRIA - LOG\u00d3TIPO BRANCO\" onerror=\"this.style.display='none'\"  \/>\n<h2>\n\t\tEBOOOK GR\u00c1TIS\n\t<\/h2>\n<h2>\n\t\tOPTIMIZA\u00c7\u00c3O ECON\u00d3MICA E OPERACIONAL DOS SISTEMAS DE VAPOR NA IND\u00daSTRIA\n\t<\/h2>\n\t\t\t\t<img loading=\"lazy\" decoding=\"async\" src=\"https:\/\/vaporparalaindustria.com\/wp-content\/uploads\/2017\/06\/Spirax-3-233x300.png\" alt=\"operativa de \ufeff\ufeff\ufeffsistemas de vapor en la industria\" itemprop=\"image\" height=\"300\" width=\"233\" title=\"opera\u00e7\u00e3o de sistemas de vapor na ind\u00fastria\" onerror=\"this.style.display='none'\"  \/>\n<h4>\n\t\tUm guia pr\u00e1tico para a gest\u00e3o econ\u00f3mica e operacional de sistemas de vapor industriais, permitindo aos engenheiros de instala\u00e7\u00f5es tomar as decis\u00f5es certas sobre as suas instala\u00e7\u00f5es.\n\t<\/h4>\n\t<p>O sector industrial tem um grande potencial de poupan\u00e7a no consumo de energia prim\u00e1ria. Pode-se dizer que quase tr\u00eas quartos desse potencial de economia podem ser encontrados em ind\u00fastrias que utilizam vapor em seus processos industriais, como plantas qu\u00edmicas, o setor de alimentos e bebidas, sa\u00fade, biotecnologia, petr\u00f3leo e g\u00e1s.<\/p>\n<p><strong>COM ESTE EBOOK VAIS APRENDER:<\/strong><\/p>\n\t\t\t<h3> Principais desafios para os gestores e pessoal t\u00e9cnico na gest\u00e3o econ\u00f3mica e operacional dos sistemas de vapor<\/h3>\t\t\n\t\t\t<h3> Fatores econ\u00f4micos que afetam a recupera\u00e7\u00e3o de condensado em sistemas de vapor<\/h3>\t\t\n\t\t\t<h3> Que tipo de investimento de capital est\u00e1 envolvido em um sistema a vapor e como ele afetar\u00e1 os custos gerais de opera\u00e7\u00e3o e manuten\u00e7\u00e3o?<\/h3>\t\t\n\t\t\t<h3> Entenda o verdadeiro custo da produ\u00e7\u00e3o de vapor, com exemplos reais de economia na recupera\u00e7\u00e3o de condensados.<\/h3>\t\t\n\t<p>Fa\u00e7a j\u00e1 o download deste Ebook e conhe\u00e7a a justifica\u00e7\u00e3o econ\u00f3mica e operacional das ac\u00e7\u00f5es para melhorar e renovar as instala\u00e7\u00f5es de vapor industrial.<\/p>\n<h3>\n\t\tPreencha o Formul\u00e1rio para ter acesso ao livro electr\u00f3nico\n\t<\/h3>\n\t <form id=\"mktoForm_2050\" action=\"\"><input type=\"hidden\" name=\"trp-form-language\" value=\"pt\"\/><\/form>","protected":false},"excerpt":{"rendered":"<p>EBOOK GR\u00c1TIS OTIMIZA\u00c7\u00c3O ECON\u00d3MICA E OPERACIONAL DOS SISTEMAS DE VAPOR NA IND\u00daSTRIA Um guia pr\u00e1tico para a gest\u00e3o econ\u00f3mica e operacional dos sistemas de vapor industriais, que permite aos engenheiros das f\u00e1bricas tomar as decis\u00f5es corretas sobre as suas instala\u00e7\u00f5es. O sector industrial tem um grande potencial de poupan\u00e7a na energia prim\u00e1ria consumida. ...<\/p>","protected":false},"author":1,"featured_media":6698,"parent":0,"menu_order":0,"comment_status":"closed","ping_status":"closed","template":"","meta":{"_acf_changed":false,"_genesis_hide_title":false,"_genesis_hide_breadcrumbs":false,"_genesis_hide_singular_image":false,"_genesis_hide_footer_widgets":false,"_genesis_custom_body_class":"","_genesis_custom_post_class":"","_genesis_layout":"","footnotes":""},"class_list":{"1":"page","2":"type-page","6":"entry"},"yoast_head":"<!-- This site is optimized with the Yoast SEO plugin v27.3 - https:\/\/yoast.com\/product\/yoast-seo-wordpress\/ -->\n<title>Ebook Gratuito Optimizaci\u00f3n econ\u00f3mica y operativa de \ufeff\ufeff\ufeffsistemas de vapor en la industria<\/title>\n<meta name=\"description\" content=\"Gu\u00eda pr\u00e1ctica para la gesti\u00f3n econ\u00f3mica y operativa de \ufeff\ufeff\ufeffsistemas de vapor en la industria, que permitan la toma de decisiones acertadas a los ingenieros.\" \/>\n<meta name=\"robots\" content=\"index, follow, max-snippet:-1, max-image-preview:large, max-video-preview:-1\" \/>\n<link rel=\"canonical\" href=\"https:\/\/vaporparalaindustria.com\/pt\/ebook-optimizacion-sistemas-vapor-la-industria\/\" \/>\n<meta property=\"og:locale\" content=\"pt_PT\" \/>\n<meta property=\"og:type\" content=\"article\" \/>\n<meta property=\"og:title\" content=\"Ebook Gratuito Optimizaci\u00f3n econ\u00f3mica y operativa de \ufeff\ufeff\ufeffsistemas de vapor en la industria\" \/>\n<meta property=\"og:description\" content=\"Gu\u00eda pr\u00e1ctica para la gesti\u00f3n econ\u00f3mica y operativa de \ufeff\ufeff\ufeffsistemas de vapor en la industria, que permitan la toma de decisiones acertadas a los ingenieros.\" \/>\n<meta property=\"og:url\" content=\"https:\/\/vaporparalaindustria.com\/pt\/ebook-optimizacion-sistemas-vapor-la-industria\/\" \/>\n<meta property=\"og:site_name\" content=\"Vapor para la Industria\" \/>\n<meta property=\"article:modified_time\" content=\"2023-12-05T12:00:23+00:00\" \/>\n<meta property=\"og:image\" content=\"https:\/\/vaporparalaindustria.com\/wp-content\/uploads\/2017\/06\/Spirax-3-233x300.png\" \/>\n\t<meta property=\"og:image:width\" content=\"233\" \/>\n\t<meta property=\"og:image:height\" content=\"300\" \/>\n\t<meta property=\"og:image:type\" content=\"image\/png\" \/>\n<meta name=\"twitter:card\" content=\"summary_large_image\" \/>\n<meta name=\"twitter:label1\" content=\"Tempo estimado de leitura\" \/>\n\t<meta name=\"twitter:data1\" content=\"2 minutos\" \/>\n<script type=\"application\/ld+json\" class=\"yoast-schema-graph\">{\"@context\":\"https:\\\/\\\/schema.org\",\"@graph\":[{\"@type\":\"WebPage\",\"@id\":\"https:\\\/\\\/vaporparalaindustria.com\\\/ebook-optimizacion-sistemas-vapor-la-industria\\\/\",\"url\":\"https:\\\/\\\/vaporparalaindustria.com\\\/ebook-optimizacion-sistemas-vapor-la-industria\\\/\",\"name\":\"Ebook Gratuito Optimizaci\u00f3n econ\u00f3mica y operativa de \ufeff\ufeff\ufeffsistemas de vapor en la industria\",\"isPartOf\":{\"@id\":\"https:\\\/\\\/vaporparalaindustria.com\\\/#website\"},\"primaryImageOfPage\":{\"@id\":\"https:\\\/\\\/vaporparalaindustria.com\\\/ebook-optimizacion-sistemas-vapor-la-industria\\\/#primaryimage\"},\"image\":{\"@id\":\"https:\\\/\\\/vaporparalaindustria.com\\\/ebook-optimizacion-sistemas-vapor-la-industria\\\/#primaryimage\"},\"thumbnailUrl\":\"https:\\\/\\\/vaporparalaindustria.com\\\/wp-content\\\/uploads\\\/2017\\\/06\\\/Spirax-3-233x300.png\",\"datePublished\":\"2017-05-22T09:56:31+00:00\",\"dateModified\":\"2023-12-05T12:00:23+00:00\",\"description\":\"Gu\u00eda pr\u00e1ctica para la gesti\u00f3n econ\u00f3mica y operativa de \ufeff\ufeff\ufeffsistemas de vapor en la industria, que permitan la toma de decisiones acertadas a los ingenieros.\",\"breadcrumb\":{\"@id\":\"https:\\\/\\\/vaporparalaindustria.com\\\/ebook-optimizacion-sistemas-vapor-la-industria\\\/#breadcrumb\"},\"inLanguage\":\"pt-PT\",\"potentialAction\":[{\"@type\":\"ReadAction\",\"target\":[\"https:\\\/\\\/vaporparalaindustria.com\\\/ebook-optimizacion-sistemas-vapor-la-industria\\\/\"]}]},{\"@type\":\"ImageObject\",\"inLanguage\":\"pt-PT\",\"@id\":\"https:\\\/\\\/vaporparalaindustria.com\\\/ebook-optimizacion-sistemas-vapor-la-industria\\\/#primaryimage\",\"url\":\"https:\\\/\\\/vaporparalaindustria.com\\\/wp-content\\\/uploads\\\/2017\\\/06\\\/Spirax-3-233x300.png\",\"contentUrl\":\"https:\\\/\\\/vaporparalaindustria.com\\\/wp-content\\\/uploads\\\/2017\\\/06\\\/Spirax-3-233x300.png\",\"width\":233,\"height\":300,\"caption\":\"\"},{\"@type\":\"BreadcrumbList\",\"@id\":\"https:\\\/\\\/vaporparalaindustria.com\\\/ebook-optimizacion-sistemas-vapor-la-industria\\\/#breadcrumb\",\"itemListElement\":[{\"@type\":\"ListItem\",\"position\":1,\"name\":\"Portada\",\"item\":\"https:\\\/\\\/vaporparalaindustria.com\\\/\"},{\"@type\":\"ListItem\",\"position\":2,\"name\":\"Ebook Gratuito: Optimizaci\u00f3n econ\u00f3mica y operativa de sistemas de vapor en la industria\"}]},{\"@type\":\"WebSite\",\"@id\":\"https:\\\/\\\/vaporparalaindustria.com\\\/#website\",\"url\":\"https:\\\/\\\/vaporparalaindustria.com\\\/\",\"name\":\"Vapor para la Industria\",\"description\":\"Gesti\u00f3n Eficiente de los Sistemas de Vapor\",\"publisher\":{\"@id\":\"https:\\\/\\\/vaporparalaindustria.com\\\/#organization\"},\"potentialAction\":[{\"@type\":\"SearchAction\",\"target\":{\"@type\":\"EntryPoint\",\"urlTemplate\":\"https:\\\/\\\/vaporparalaindustria.com\\\/?s={search_term_string}\"},\"query-input\":{\"@type\":\"PropertyValueSpecification\",\"valueRequired\":true,\"valueName\":\"search_term_string\"}}],\"inLanguage\":\"pt-PT\"},{\"@type\":\"Organization\",\"@id\":\"https:\\\/\\\/vaporparalaindustria.com\\\/#organization\",\"name\":\"Vapor para la Industria\",\"url\":\"https:\\\/\\\/vaporparalaindustria.com\\\/\",\"logo\":{\"@type\":\"ImageObject\",\"inLanguage\":\"pt-PT\",\"@id\":\"https:\\\/\\\/vaporparalaindustria.com\\\/#\\\/schema\\\/logo\\\/image\\\/\",\"url\":\"https:\\\/\\\/vaporparalaindustria.com\\\/wp-content\\\/uploads\\\/2017\\\/10\\\/LogoBlogBLANCO-FINAL_VAPOR-PARA-LA-INDUSTRIA-e1499957507814.png\",\"contentUrl\":\"https:\\\/\\\/vaporparalaindustria.com\\\/wp-content\\\/uploads\\\/2017\\\/10\\\/LogoBlogBLANCO-FINAL_VAPOR-PARA-LA-INDUSTRIA-e1499957507814.png\",\"width\":300,\"height\":117,\"caption\":\"Vapor para la Industria\"},\"image\":{\"@id\":\"https:\\\/\\\/vaporparalaindustria.com\\\/#\\\/schema\\\/logo\\\/image\\\/\"}}]}<\/script>\n<!-- \/ Yoast SEO plugin. -->","yoast_head_json":{"title":"Ebook Gratuito Optimizaci\u00f3n econ\u00f3mica y operativa de \ufeff\ufeff\ufeffsistemas de vapor en la industria","description":"Gu\u00eda pr\u00e1ctica para la gesti\u00f3n econ\u00f3mica y operativa de \ufeff\ufeff\ufeffsistemas de vapor en la industria, que permitan la toma de decisiones acertadas a los ingenieros.","robots":{"index":"index","follow":"follow","max-snippet":"max-snippet:-1","max-image-preview":"max-image-preview:large","max-video-preview":"max-video-preview:-1"},"canonical":"https:\/\/vaporparalaindustria.com\/pt\/ebook-optimizacion-sistemas-vapor-la-industria\/","og_locale":"pt_PT","og_type":"article","og_title":"Ebook Gratuito Optimizaci\u00f3n econ\u00f3mica y operativa de \ufeff\ufeff\ufeffsistemas de vapor en la industria","og_description":"Gu\u00eda pr\u00e1ctica para la gesti\u00f3n econ\u00f3mica y operativa de \ufeff\ufeff\ufeffsistemas de vapor en la industria, que permitan la toma de decisiones acertadas a los ingenieros.","og_url":"https:\/\/vaporparalaindustria.com\/pt\/ebook-optimizacion-sistemas-vapor-la-industria\/","og_site_name":"Vapor para la Industria","article_modified_time":"2023-12-05T12:00:23+00:00","og_image":[{"width":233,"height":300,"url":"https:\/\/vaporparalaindustria.com\/wp-content\/uploads\/2017\/06\/Spirax-3-233x300.png","type":"image\/png"}],"twitter_card":"summary_large_image","twitter_misc":{"Tempo estimado de leitura":"2 minutos"},"schema":{"@context":"https:\/\/schema.org","@graph":[{"@type":"WebPage","@id":"https:\/\/vaporparalaindustria.com\/ebook-optimizacion-sistemas-vapor-la-industria\/","url":"https:\/\/vaporparalaindustria.com\/ebook-optimizacion-sistemas-vapor-la-industria\/","name":"Ebook Gratuito Optimizaci\u00f3n econ\u00f3mica y operativa de \ufeff\ufeff\ufeffsistemas de vapor en la industria","isPartOf":{"@id":"https:\/\/vaporparalaindustria.com\/#website"},"primaryImageOfPage":{"@id":"https:\/\/vaporparalaindustria.com\/ebook-optimizacion-sistemas-vapor-la-industria\/#primaryimage"},"image":{"@id":"https:\/\/vaporparalaindustria.com\/ebook-optimizacion-sistemas-vapor-la-industria\/#primaryimage"},"thumbnailUrl":"https:\/\/vaporparalaindustria.com\/wp-content\/uploads\/2017\/06\/Spirax-3-233x300.png","datePublished":"2017-05-22T09:56:31+00:00","dateModified":"2023-12-05T12:00:23+00:00","description":"Gu\u00eda pr\u00e1ctica para la gesti\u00f3n econ\u00f3mica y operativa de \ufeff\ufeff\ufeffsistemas de vapor en la industria, que permitan la toma de decisiones acertadas a los ingenieros.","breadcrumb":{"@id":"https:\/\/vaporparalaindustria.com\/ebook-optimizacion-sistemas-vapor-la-industria\/#breadcrumb"},"inLanguage":"pt-PT","potentialAction":[{"@type":"ReadAction","target":["https:\/\/vaporparalaindustria.com\/ebook-optimizacion-sistemas-vapor-la-industria\/"]}]},{"@type":"ImageObject","inLanguage":"pt-PT","@id":"https:\/\/vaporparalaindustria.com\/ebook-optimizacion-sistemas-vapor-la-industria\/#primaryimage","url":"https:\/\/vaporparalaindustria.com\/wp-content\/uploads\/2017\/06\/Spirax-3-233x300.png","contentUrl":"https:\/\/vaporparalaindustria.com\/wp-content\/uploads\/2017\/06\/Spirax-3-233x300.png","width":233,"height":300,"caption":""},{"@type":"BreadcrumbList","@id":"https:\/\/vaporparalaindustria.com\/ebook-optimizacion-sistemas-vapor-la-industria\/#breadcrumb","itemListElement":[{"@type":"ListItem","position":1,"name":"Portada","item":"https:\/\/vaporparalaindustria.com\/"},{"@type":"ListItem","position":2,"name":"Ebook Gratuito: Optimizaci\u00f3n econ\u00f3mica y operativa de sistemas de vapor en la industria"}]},{"@type":"WebSite","@id":"https:\/\/vaporparalaindustria.com\/#website","url":"https:\/\/vaporparalaindustria.com\/","name":"Vapor para a Ind\u00fastria","description":"Gest\u00e3o Eficiente de Sistemas a Vapor","publisher":{"@id":"https:\/\/vaporparalaindustria.com\/#organization"},"potentialAction":[{"@type":"SearchAction","target":{"@type":"EntryPoint","urlTemplate":"https:\/\/vaporparalaindustria.com\/?s={search_term_string}"},"query-input":{"@type":"PropertyValueSpecification","valueRequired":true,"valueName":"search_term_string"}}],"inLanguage":"pt-PT"},{"@type":"Organization","@id":"https:\/\/vaporparalaindustria.com\/#organization","name":"Vapor para a Ind\u00fastria","url":"https:\/\/vaporparalaindustria.com\/","logo":{"@type":"ImageObject","inLanguage":"pt-PT","@id":"https:\/\/vaporparalaindustria.com\/#\/schema\/logo\/image\/","url":"https:\/\/vaporparalaindustria.com\/wp-content\/uploads\/2017\/10\/LogoBlogBLANCO-FINAL_VAPOR-PARA-LA-INDUSTRIA-e1499957507814.png","contentUrl":"https:\/\/vaporparalaindustria.com\/wp-content\/uploads\/2017\/10\/LogoBlogBLANCO-FINAL_VAPOR-PARA-LA-INDUSTRIA-e1499957507814.png","width":300,"height":117,"caption":"Vapor para la Industria"},"image":{"@id":"https:\/\/vaporparalaindustria.com\/#\/schema\/logo\/image\/"}}]}},"acf":[],"_links":{"self":[{"href":"https:\/\/vaporparalaindustria.com\/pt\/wp-json\/wp\/v2\/pages\/6516","targetHints":{"allow":["GET"]}}],"collection":[{"href":"https:\/\/vaporparalaindustria.com\/pt\/wp-json\/wp\/v2\/pages"}],"about":[{"href":"https:\/\/vaporparalaindustria.com\/pt\/wp-json\/wp\/v2\/types\/page"}],"author":[{"embeddable":true,"href":"https:\/\/vaporparalaindustria.com\/pt\/wp-json\/wp\/v2\/users\/1"}],"replies":[{"embeddable":true,"href":"https:\/\/vaporparalaindustria.com\/pt\/wp-json\/wp\/v2\/comments?post=6516"}],"version-history":[{"count":0,"href":"https:\/\/vaporparalaindustria.com\/pt\/wp-json\/wp\/v2\/pages\/6516\/revisions"}],"wp:featuredmedia":[{"embeddable":true,"href":"https:\/\/vaporparalaindustria.com\/pt\/wp-json\/wp\/v2\/media\/6698"}],"wp:attachment":[{"href":"https:\/\/vaporparalaindustria.com\/pt\/wp-json\/wp\/v2\/media?parent=6516"}],"curies":[{"name":"wp","href":"https:\/\/api.w.org\/{rel}","templated":true}]}}