{"id":6454,"date":"2017-05-18T08:43:11","date_gmt":"2017-05-18T07:43:11","guid":{"rendered":"https:\/\/vaporparalaindustria.com\/?page_id=6454"},"modified":"2021-08-23T15:57:11","modified_gmt":"2021-08-23T14:57:11","slug":"recursos-old","status":"publish","type":"page","link":"https:\/\/vaporparalaindustria.com\/pt\/recursos-old\/","title":{"rendered":"Recursos Antigos"},"content":{"rendered":"<p> &nbsp;<\/p>\n<p><a href=\"\/\/vaporparalaindustria.com\/pt\/\">&lt;&lt; Voltar<\/a><\/p>\n<p style=\"margin-bottom: 5px !important;\"><span style=\"font-size: 16px;\">Contato VAPOR PARA A IND\u00daSTRIA: soporte@vaporparalaindustria.com<\/span><\/p>\n<p> <span style=\"width: 100%;\"> <a href=\"\/\/vaporparalaindustria.com\/wp-content\/uploads\/2017\/10\/logo-vapor-para-la-industria-2x.png\" rel=\"\"><img loading=\"lazy\" decoding=\"async\" alt=\"logo vapor para la industria\" src=\"\/\/vaporparalaindustria.com\/wp-content\/uploads\/2017\/10\/logo-vapor-para-la-industria-2x.png\" style=\"width: 100%;\" width=\"398\" height=\"156\" data-attachment-id=\"6182\" title=\"vapor de log\u00f3tipo para a ind\u00fastria 2x\" data-id=\"7006\"><\/a> <\/span><\/p>\n<h1 style=\"color: #333; font-size: 60px;margin-top: 80px;margin-bottom: 0;\">Recursos e conte\u00fado informativo&nbsp;<\/h1>\n<p style=\"margin-top: 20px !important;\">Aqui encontrar\u00e1 conte\u00fados \u00fateis, informa\u00e7\u00f5es e recursos t\u00e9cnicos sobre Gest\u00e3o Eficiente de Sistemas de Vapor, Manuten\u00e7\u00e3o de Instala\u00e7\u00f5es de Vapor, Recupera\u00e7\u00e3o de Condensados, Aplica\u00e7\u00f5es Pr\u00e1ticas de Vapor na Ind\u00fastria, Efici\u00eancia Energ\u00e9tica, Redu\u00e7\u00e3o de Custos e muito mais...<\/p>\n<p style=\"margin-top: 20px !important;\">Voc\u00ea pode baixar os Ebooks e modelos gratuitos oferecidos por <strong><em>VAPOR PARA A IND\u00daSTRIA<\/em><\/strong> e obter o conte\u00fado que o ajudar\u00e1 a alcan\u00e7ar os seus objectivos.<\/p>\n<p><span style=\"width: 100%;\"><a href=\"\/\/vaporparalaindustria.com\/wp-content\/uploads\/2018\/10\/SPIRAX-EBOOK.-Sistemas-para-garantizar-vapor-limpio-en-empresas-de-alimentacio\u0301n-y-bebidas-.001.png\" rel=\"\"><img loading=\"lazy\" decoding=\"async\" alt=\"SPIRAX EBOOK. Sistemas para garantizar vapor limpio en empresas de alimentacio\u0301n y bebidas .001\" style=\"width: 100%;\" src=\"\/\/vaporparalaindustria.com\/wp-content\/uploads\/2018\/10\/SPIRAX-EBOOK.-Sistemas-para-garantizar-vapor-limpio-en-empresas-de-alimentacio\u0301n-y-bebidas-.001.png\" width=\"452\" height=\"532\" data-attachment-id=\"6550\" title=\"SPIRAX EBOOK. Sistemas para garantir vapor limpo em empresas de alimentos e bebidas .001\" data-id=\"7674\"><\/a><\/span><\/p>\n<h1 data-unit=\"px\" style=\"color: rgb(51, 51, 51); font-size: 40px; margin-top: 80px; margin-bottom: 0px; line-height: 45px;\"><span style=\"font-size: 40px;\">Ebook gr\u00e1tis:<\/span><span> <span style=\"font-size: 40px;\"><span style=\"font-size: 40px;\">\u200b<\/span>Sistemas para garantir vapor limpo em empresas de alimentos e bebidas<\/span><\/span><\/h1>\n<p style=\"margin-top: 20px !important;\">Um guia pr\u00e1tico para gestores de plantas para garantir a pureza e a qualidade do vapor na ind\u00fastria de alimentos e bebidas. Baixe agora este ebook e conhe\u00e7a os riscos de n\u00e3o ter sistemas capazes de garantir o uso de vapor limpo na ind\u00fastria de alimentos e bebidas, que representam uma das principais preocupa\u00e7\u00f5es dos engenheiros do setor.&nbsp;<\/p>\n<h1 data-unit=\"px\" style=\"color: rgb(51, 51, 51); font-size: 40px; margin-top: 80px; margin-bottom: 0px; line-height: 45px;\"><span style=\"font-family: Roboto, serif;\">Ebook gr\u00e1tis: <strong><span style=\"color: rgb(30, 65, 114);\">Problemas com a qualidade e pureza do vapor na ind\u00fastria de alimentos e bebidas<\/span><\/strong><\/span><\/h1>\n<p style=\"margin-top: 20px !important;\">Voc\u00ea aprender\u00e1 sobre as medidas que uma empresa de alimentos e bebidas precisa introduzir para minimizar ou eliminar contaminantes de seus alimentos nos processos de vapor.<\/p>\n<p><span style=\"width: 100%;\"><a href=\"\/\/vaporparalaindustria.com\/wp-content\/uploads\/2018\/07\/SPIRAX.-PROBLEMAS-CON-LA-CALIDAD-Y-PUREZA-DEL-VAPOR-EN-LA-INDUSTRIA-DE-ALIMENTACIO\u0301N-Y-BEBIDAS.png\" rel=\"\"><img loading=\"lazy\" decoding=\"async\" alt=\"la calidad y pureza del vapor en la industria de alimentaci\u00f3n y bebidas\" style=\"width: 100%;\" src=\"\/\/vaporparalaindustria.com\/wp-content\/uploads\/2018\/07\/SPIRAX.-PROBLEMAS-CON-LA-CALIDAD-Y-PUREZA-DEL-VAPOR-EN-LA-INDUSTRIA-DE-ALIMENTACIO\u0301N-Y-BEBIDAS.png\" width=\"589\" height=\"661\" data-attachment-id=\"6502\" title=\"qualidade e pureza do vapor na ind\u00fastria de alimentos e bebidas\" data-id=\"7464\"><\/a><\/span><span style=\"width: 100%;\"><a href=\"\/\/vaporparalaindustria.com\/wp-content\/uploads\/2019\/01\/CURSOS-SPIRAX-2019.png\" rel=\"noopener noreferrer\" target=\"_blank\"><img loading=\"lazy\" decoding=\"async\" alt=\"\" style=\"width: 100%;\" src=\"\/\/vaporparalaindustria.com\/wp-content\/uploads\/2020\/01\/Ca\u0301ta\u0301logo-cursos-de-vapor-2020-Spirax-Sarco-1_page-0001.jpg\" width=\"1241\" height=\"1754\" data-attachment-id=\"6550\" title=\"Cat\u00e1logo cursos de vapor de 2020 Spirax Sarco (1)_paga-0001\" data-id=\"9190\"><\/a><\/span><\/p>\n<h1 data-unit=\"px\" style=\"color: rgb(51, 51, 51); font-size: 40px; margin-top: 80px; margin-bottom: 0px; line-height: 45px;\"><span style=\"font-size: 40px;\"><strong>\u200b<\/strong>Cursos cara-a-cara:<\/span><span> <span style=\"font-size: 40px;\"><span style=\"font-size: 40px;\">Curso Especializado em Sistemas de Vapor para a Ind\u00fastria<\/span><\/span><\/span><\/h1>\n<p style=\"margin-top: 20px !important;\">Com estes cursos pretendemos transmitir os nossos conhecimentos e forma\u00e7\u00e3o na concep\u00e7\u00e3o, instala\u00e7\u00e3o, opera\u00e7\u00e3o, optimiza\u00e7\u00e3o e manuten\u00e7\u00e3o de sistemas de vapor, quer necessite de aprender novas compet\u00eancias ou aperfei\u00e7oar as suas capacidades existentes.<\/p>\n<h1 data-unit=\"px\" style=\"color: rgb(51, 51, 51); font-size: 40px; margin-top: 80px; margin-bottom: 0px; line-height: 45px;\"><span style=\"font-family: Roboto, serif;\">Curso de v\u00eddeo gratuito <strong><em>Tecnologia de Otimiza\u00e7\u00e3o de Retorno de Condensado<\/em><\/strong><\/span><\/h1>\n<p style=\"margin-top: 20px !important;\">Recurso pr\u00e1tico constitu\u00eddo por tr\u00eas v\u00eddeos que explicam em profundidade a aplica\u00e7\u00e3o das tecnologias de Recupera\u00e7\u00e3o de Condensado em instala\u00e7\u00f5es de vapor industrial.<\/p>\n<p><span><a href=\"\/\/vaporparalaindustria.com\/pt\/videocurso-tecnologias-optimizar-retorno-condensado\/\" rel=\"noopener noreferrer\" target=\"_blank\"><img loading=\"lazy\" decoding=\"async\" alt=\"Tecnologi\u0301a para Optimizar el Retorno de Condensado\" style=\"width: 1381px;\" src=\"\/\/vaporparalaindustria.com\/wp-content\/uploads\/2018\/02\/Tecnologi\u0301a-para-Optimizar-el-Retorno-de-Condensado.png\" width=\"566\" height=\"470\" data-attachment-id=\"6786\" title=\"Tecnologia de Otimiza\u00e7\u00e3o de Retorno de Condensado\" data-id=\"7223\"><\/a><\/span><span><img loading=\"lazy\" decoding=\"async\" alt=\"\" style=\"width: 345px;\" src=\"\/\/vaporparalaindustria.com\/wp-content\/uploads\/2017\/05\/Spirax-3-233x300.png\" width=\"345\" height=\"444\" data-attachment-id=\"6550\"><\/span><\/p>\n<h1 data-unit=\"px\" style=\"color: rgb(51, 51, 51); font-size: 40px; margin-top: 80px; margin-bottom: 0px; line-height: 45px;\"><span style=\"font-size: 40px;\">Ebook gr\u00e1tis:<\/span><span> <span style=\"font-size: 40px;\"><span style=\"font-size: 40px;\">O<\/span>Optimiza\u00e7\u00e3o dos Sistemas de Vapor Econ\u00f3mico e Operacional na Ind\u00fastria<\/span><\/span><\/h1>\n<p style=\"margin-top: 20px !important;\">Um guia pr\u00e1tico para a gest\u00e3o econ\u00f3mica e operacional de sistemas de vapor industrial, permitindo aos engenheiros de instala\u00e7\u00f5es tomar decis\u00f5es acertadas sobre as suas instala\u00e7\u00f5es.<\/p>\n<h1 data-unit=\"px\" style=\"color: rgb(51, 51, 51); font-size: 40px; margin-top: 80px; margin-bottom: 0px; line-height: 45px;\"><span style=\"font-family: Roboto, serif;\">Calculadora Excel para conhecer o&nbsp;<\/span><span style=\"font-family: Roboto, serif;\">Economia na Recupera\u00e7\u00e3o de Condensados<\/span><span><\/span><\/h1>\n<p style=\"margin-top: 20px !important;\">Recurso pr\u00e1tico para avaliar adequadamente a economia dos processos de utiliza\u00e7\u00e3o de vapor de sua planta e as melhorias que voc\u00ea pode fazer em sua infra-estrutura de gera\u00e7\u00e3o e distribui\u00e7\u00e3o.<\/p>\n<p><span><img loading=\"lazy\" decoding=\"async\" alt=\"Calculador Excel determinar el Ahorro que se obtiene de Recuperar el Condensado\" style=\"width: 1381px;\" src=\"\/\/vaporparalaindustria.com\/wp-content\/uploads\/2017\/07\/Calculador-Excel-determinar-el-Ahorro-que-se-obtiene-de-Recuperar-el-Condensado.png\" width=\"345\" height=\"196\" data-attachment-id=\"6786\"><\/span> <span style=\"color: rgb(255, 255, 255); font-size: 25px; padding: 10px; border-radius: 100px;\" data-tve-icon=\"phonic-icon-arrow\" data-tve-custom-colour=\"54889683\"><\/span><span><img loading=\"lazy\" decoding=\"async\" alt=\"Tecnolog\u00edas para la Recuperaci\u00f3n de Condensado en Sistemas Industriales de Vapor\" style=\"width: 257px;\" src=\"\/\/vaporparalaindustria.com\/wp-content\/uploads\/2017\/05\/Tecnologi\u0301as-para-la-Recuperacio\u0301n-de-Condensado-en-Sistemas-Industriales-de-Vapor-257x300.png\" width=\"325\" height=\"444\" data-attachment-id=\"6610\"><\/span><\/p>\n<h1 data-unit=\"px\" style=\"color: rgb(51, 51, 51); font-size: 40px; margin-top: 80px; margin-bottom: 0px; line-height: 45px;\"><span style=\"font-size: 40px;\">Ebook gr\u00e1tis:<\/span><span> <span style=\"font-size: 40px;\"><span style=\"font-size: 40px;\">Tecnologias para Recupera\u00e7\u00e3o de Condensados em Sistemas de Vapor Industrial<\/span><\/span><\/span><\/h1>\n<p style=\"margin-top: 20px !important;\">Um guia pr\u00e1tico para a aplica\u00e7\u00e3o de tecnologias de Recupera\u00e7\u00e3o de Condensado que o ajudar\u00e1 a poupar muito dinheiro nas suas instala\u00e7\u00f5es industriais.<\/p>\n<h1 data-unit=\"px\" style=\"color: rgb(51, 51, 51); font-size: 40px; margin-top: 80px; margin-bottom: 0px; line-height: 45px;\">P<span style=\"font-family: Roboto, serif;\">Modelo gratuito para <\/span><span style=\"font-family: Roboto, serif;\">C\u00e1lculo do custo de produ\u00e7\u00e3o de vapor<\/span><span><\/span><\/h1>\n<p style=\"margin-top: 20px !important;\">Descubra quanto custa um quilograma de vapor saturado e como calcular o custo de produ\u00e7\u00e3o dentro da sua f\u00e1brica.<\/p>\n<p><span><img loading=\"lazy\" decoding=\"async\" alt=\"coste de producir vapor\" style=\"width: 345px;\" src=\"\/\/vaporparalaindustria.com\/wp-content\/uploads\/2017\/05\/coste-de-producir-vapor-300x278.png\" width=\"345\" height=\"320\" data-attachment-id=\"6502\"><\/span><span><img loading=\"lazy\" decoding=\"async\" alt=\"Ingenier\u00eda de Vapor: sistemas de lazo de vapor y condensado\" style=\"width: 857px;\" src=\"\/\/vaporparalaindustria.com\/wp-content\/uploads\/2017\/07\/sistemas-de-lazo-de-vapor-y-condensado.png\" width=\"257\" height=\"300\" data-attachment-id=\"6830\"><\/span><\/p>\n<h1 data-unit=\"px\" style=\"color: rgb(51, 51, 51); font-size: 40px; margin-top: 80px; margin-bottom: 0px; line-height: 45px;\"><span style=\"font-size: 40px;\">M\u00f3dulos de Treinamento:<\/span><span> <span style=\"font-size: 40px;\"><span style=\"font-size: 40px;\">Engenharia de Vapor e Troca de Calor<\/span><\/span><\/span><\/h1>\n<p style=\"margin-top: 20px !important;\">Um guia abrangente das melhores pr\u00e1ticas para economizar energia e otimizar o desempenho da planta. Este livro cobre todos os aspectos dos sistemas de vapor e condensado.<\/p>\n<p style=\"color: #fff; font-size: 20px;margin-top: 70px;margin-bottom: 0;\">N\u00e3o se esque\u00e7a de subscrever a Newsletter mais completa sobre<\/p>\n<p style=\"color: rgb(255, 255, 255); font-size: 20px; margin-top: 0px !important; margin-bottom: 0px;\">GEST\u00c3O EFICIENTE DOS SISTEMAS DE VAPOR:<\/p>\n<p style=\"font-size: 16px;color: #666666;margin-top: 0;margin-bottom: 0;\">\u00a9 {tcb_current_year} Steam for Industry. Todos os direitos reservados. <a href=\"\/\/vaporparalaindustria.com\/pt\/aviso-legal\/\" target=\"_blank\" rel=\"noopener noreferrer\">Termos de Uso e Pol\u00edtica de Privacidade<\/a><\/p>","protected":false},"excerpt":{"rendered":"<p>&nbsp; &lt;&lt; Voltar Contato STEAM FOR INDUSTRY: soporte@vaporparalaindustria.com Recursos e conte\u00fado informativo Aqui voc\u00ea encontrar\u00e1 conte\u00fado \u00fatil, informa\u00e7\u00f5es e recursos t\u00e9cnicos sobre Gest\u00e3o Eficiente de Sistemas de Vapor, Manuten\u00e7\u00e3o de Plantas de Vapor, Recupera\u00e7\u00e3o de Condensados, Aplica\u00e7\u00f5es Pr\u00e1ticas de Vapor na Ind\u00fastria, Efici\u00eancia Energ\u00e9tica, Economia de Custos e muito mais... Voc\u00ea pode baixar o ...<\/p>","protected":false},"author":1,"featured_media":0,"parent":0,"menu_order":0,"comment_status":"closed","ping_status":"closed","template":"","meta":{"_acf_changed":false,"_genesis_hide_title":false,"_genesis_hide_breadcrumbs":false,"_genesis_hide_singular_image":false,"_genesis_hide_footer_widgets":false,"_genesis_custom_body_class":"","_genesis_custom_post_class":"","_genesis_layout":"","footnotes":""},"class_list":{"1":"page","2":"type-page","5":"entry"},"yoast_head":"<!-- This site is optimized with the Yoast SEO plugin v27.2 - https:\/\/yoast.com\/product\/yoast-seo-wordpress\/ -->\n<title>Recursos OLD - Vapor para la Industria<\/title>\n<meta name=\"robots\" content=\"index, follow, max-snippet:-1, max-image-preview:large, max-video-preview:-1\" \/>\n<link rel=\"canonical\" href=\"https:\/\/vaporparalaindustria.com\/pt\/recursos-old\/\" \/>\n<meta property=\"og:locale\" content=\"pt_PT\" \/>\n<meta property=\"og:type\" content=\"article\" \/>\n<meta property=\"og:title\" content=\"Recursos OLD - Vapor para la Industria\" \/>\n<meta property=\"og:description\" content=\"&nbsp; &lt;&lt; Volver Contactar con VAPOR PARA LA INDUSTRIA: &nbsp;&nbsp;soporte@vaporparalaindustria.com Recursos y contenido informativo&nbsp; Aqu\u00ed encontrar\u00e1s contenido, informaci\u00f3n y recursos t\u00e9cnicos de utilidad&nbsp;sobre la Gesti\u00f3n eficiente de sistemas de vapor, Mantenimiento de instalaciones de vapor, Recuperaci\u00f3n de condensado, Aplicaciones pr\u00e1cticas del vapor en la industria, eficiencia energ\u00e9tica, ahorro en costes y mucho m\u00e1s&#8230; Puedes descargar &hellip;\" \/>\n<meta property=\"og:url\" content=\"https:\/\/vaporparalaindustria.com\/pt\/recursos-old\/\" \/>\n<meta property=\"og:site_name\" content=\"Vapor para la Industria\" \/>\n<meta property=\"article:modified_time\" content=\"2021-08-23T14:57:11+00:00\" \/>\n<meta property=\"og:image\" content=\"\/\/vaporparalaindustria.com\/wp-content\/uploads\/2017\/10\/logo-vapor-para-la-industria-2x.png\" \/>\n<meta name=\"twitter:card\" content=\"summary_large_image\" \/>\n<meta name=\"twitter:label1\" content=\"Tempo estimado de leitura\" \/>\n\t<meta name=\"twitter:data1\" content=\"3 minutos\" \/>\n<script type=\"application\/ld+json\" class=\"yoast-schema-graph\">{\"@context\":\"https:\/\/schema.org\",\"@graph\":[{\"@type\":\"WebPage\",\"@id\":\"https:\/\/vaporparalaindustria.com\/recursos-old\/\",\"url\":\"https:\/\/vaporparalaindustria.com\/recursos-old\/\",\"name\":\"Recursos OLD - Vapor para la Industria\",\"isPartOf\":{\"@id\":\"https:\/\/vaporparalaindustria.com\/#website\"},\"datePublished\":\"2017-05-18T07:43:11+00:00\",\"dateModified\":\"2021-08-23T14:57:11+00:00\",\"breadcrumb\":{\"@id\":\"https:\/\/vaporparalaindustria.com\/recursos-old\/#breadcrumb\"},\"inLanguage\":\"pt-PT\",\"potentialAction\":[{\"@type\":\"ReadAction\",\"target\":[\"https:\/\/vaporparalaindustria.com\/recursos-old\/\"]}]},{\"@type\":\"BreadcrumbList\",\"@id\":\"https:\/\/vaporparalaindustria.com\/recursos-old\/#breadcrumb\",\"itemListElement\":[{\"@type\":\"ListItem\",\"position\":1,\"name\":\"Portada\",\"item\":\"https:\/\/vaporparalaindustria.com\/\"},{\"@type\":\"ListItem\",\"position\":2,\"name\":\"Recursos OLD\"}]},{\"@type\":\"WebSite\",\"@id\":\"https:\/\/vaporparalaindustria.com\/#website\",\"url\":\"https:\/\/vaporparalaindustria.com\/\",\"name\":\"Vapor para la Industria\",\"description\":\"Gesti\u00f3n Eficiente de los Sistemas de Vapor\",\"publisher\":{\"@id\":\"https:\/\/vaporparalaindustria.com\/#organization\"},\"potentialAction\":[{\"@type\":\"SearchAction\",\"target\":{\"@type\":\"EntryPoint\",\"urlTemplate\":\"https:\/\/vaporparalaindustria.com\/?s={search_term_string}\"},\"query-input\":{\"@type\":\"PropertyValueSpecification\",\"valueRequired\":true,\"valueName\":\"search_term_string\"}}],\"inLanguage\":\"pt-PT\"},{\"@type\":\"Organization\",\"@id\":\"https:\/\/vaporparalaindustria.com\/#organization\",\"name\":\"Vapor para la Industria\",\"url\":\"https:\/\/vaporparalaindustria.com\/\",\"logo\":{\"@type\":\"ImageObject\",\"inLanguage\":\"pt-PT\",\"@id\":\"https:\/\/vaporparalaindustria.com\/#\/schema\/logo\/image\/\",\"url\":\"https:\/\/vaporparalaindustria.com\/wp-content\/uploads\/2017\/10\/LogoBlogBLANCO-FINAL_VAPOR-PARA-LA-INDUSTRIA-e1499957507814.png\",\"contentUrl\":\"https:\/\/vaporparalaindustria.com\/wp-content\/uploads\/2017\/10\/LogoBlogBLANCO-FINAL_VAPOR-PARA-LA-INDUSTRIA-e1499957507814.png\",\"width\":300,\"height\":117,\"caption\":\"Vapor para la Industria\"},\"image\":{\"@id\":\"https:\/\/vaporparalaindustria.com\/#\/schema\/logo\/image\/\"}}]}<\/script>\n<!-- \/ Yoast SEO plugin. -->","yoast_head_json":{"title":"Recursos OLD - Vapor para la Industria","robots":{"index":"index","follow":"follow","max-snippet":"max-snippet:-1","max-image-preview":"max-image-preview:large","max-video-preview":"max-video-preview:-1"},"canonical":"https:\/\/vaporparalaindustria.com\/pt\/recursos-old\/","og_locale":"pt_PT","og_type":"article","og_title":"Recursos OLD - Vapor para la Industria","og_description":"&nbsp; &lt;&lt; Volver Contactar con VAPOR PARA LA INDUSTRIA: &nbsp;&nbsp;soporte@vaporparalaindustria.com Recursos y contenido informativo&nbsp; Aqu\u00ed encontrar\u00e1s contenido, informaci\u00f3n y recursos t\u00e9cnicos de utilidad&nbsp;sobre la Gesti\u00f3n eficiente de sistemas de vapor, Mantenimiento de instalaciones de vapor, Recuperaci\u00f3n de condensado, Aplicaciones pr\u00e1cticas del vapor en la industria, eficiencia energ\u00e9tica, ahorro en costes y mucho m\u00e1s&#8230; Puedes descargar &hellip;","og_url":"https:\/\/vaporparalaindustria.com\/pt\/recursos-old\/","og_site_name":"Vapor para la Industria","article_modified_time":"2021-08-23T14:57:11+00:00","og_image":[{"url":"\/\/vaporparalaindustria.com\/wp-content\/uploads\/2017\/10\/logo-vapor-para-la-industria-2x.png","type":"","width":"","height":""}],"twitter_card":"summary_large_image","twitter_misc":{"Tempo estimado de leitura":"3 minutos"},"schema":{"@context":"https:\/\/schema.org","@graph":[{"@type":"WebPage","@id":"https:\/\/vaporparalaindustria.com\/recursos-old\/","url":"https:\/\/vaporparalaindustria.com\/recursos-old\/","name":"Recursos OLD - Vapor para la Industria","isPartOf":{"@id":"https:\/\/vaporparalaindustria.com\/#website"},"datePublished":"2017-05-18T07:43:11+00:00","dateModified":"2021-08-23T14:57:11+00:00","breadcrumb":{"@id":"https:\/\/vaporparalaindustria.com\/recursos-old\/#breadcrumb"},"inLanguage":"pt-PT","potentialAction":[{"@type":"ReadAction","target":["https:\/\/vaporparalaindustria.com\/recursos-old\/"]}]},{"@type":"BreadcrumbList","@id":"https:\/\/vaporparalaindustria.com\/recursos-old\/#breadcrumb","itemListElement":[{"@type":"ListItem","position":1,"name":"Portada","item":"https:\/\/vaporparalaindustria.com\/"},{"@type":"ListItem","position":2,"name":"Recursos OLD"}]},{"@type":"WebSite","@id":"https:\/\/vaporparalaindustria.com\/#website","url":"https:\/\/vaporparalaindustria.com\/","name":"Vapor para a Ind\u00fastria","description":"Gest\u00e3o Eficiente de Sistemas a Vapor","publisher":{"@id":"https:\/\/vaporparalaindustria.com\/#organization"},"potentialAction":[{"@type":"SearchAction","target":{"@type":"EntryPoint","urlTemplate":"https:\/\/vaporparalaindustria.com\/?s={search_term_string}"},"query-input":{"@type":"PropertyValueSpecification","valueRequired":true,"valueName":"search_term_string"}}],"inLanguage":"pt-PT"},{"@type":"Organization","@id":"https:\/\/vaporparalaindustria.com\/#organization","name":"Vapor para a Ind\u00fastria","url":"https:\/\/vaporparalaindustria.com\/","logo":{"@type":"ImageObject","inLanguage":"pt-PT","@id":"https:\/\/vaporparalaindustria.com\/#\/schema\/logo\/image\/","url":"https:\/\/vaporparalaindustria.com\/wp-content\/uploads\/2017\/10\/LogoBlogBLANCO-FINAL_VAPOR-PARA-LA-INDUSTRIA-e1499957507814.png","contentUrl":"https:\/\/vaporparalaindustria.com\/wp-content\/uploads\/2017\/10\/LogoBlogBLANCO-FINAL_VAPOR-PARA-LA-INDUSTRIA-e1499957507814.png","width":300,"height":117,"caption":"Vapor para la Industria"},"image":{"@id":"https:\/\/vaporparalaindustria.com\/#\/schema\/logo\/image\/"}}]}},"acf":[],"_links":{"self":[{"href":"https:\/\/vaporparalaindustria.com\/pt\/wp-json\/wp\/v2\/pages\/6454","targetHints":{"allow":["GET"]}}],"collection":[{"href":"https:\/\/vaporparalaindustria.com\/pt\/wp-json\/wp\/v2\/pages"}],"about":[{"href":"https:\/\/vaporparalaindustria.com\/pt\/wp-json\/wp\/v2\/types\/page"}],"author":[{"embeddable":true,"href":"https:\/\/vaporparalaindustria.com\/pt\/wp-json\/wp\/v2\/users\/1"}],"replies":[{"embeddable":true,"href":"https:\/\/vaporparalaindustria.com\/pt\/wp-json\/wp\/v2\/comments?post=6454"}],"version-history":[{"count":0,"href":"https:\/\/vaporparalaindustria.com\/pt\/wp-json\/wp\/v2\/pages\/6454\/revisions"}],"wp:attachment":[{"href":"https:\/\/vaporparalaindustria.com\/pt\/wp-json\/wp\/v2\/media?parent=6454"}],"curies":[{"name":"wp","href":"https:\/\/api.w.org\/{rel}","templated":true}]}}