{"id":27406,"date":"2026-03-13T16:25:41","date_gmt":"2026-03-13T15:25:41","guid":{"rendered":"https:\/\/vaporparalaindustria.com\/?page_id=27406"},"modified":"2026-04-06T12:09:56","modified_gmt":"2026-04-06T11:09:56","slug":"monitor-de-funcionamiento-de-las-bombas-purgador","status":"publish","type":"page","link":"https:\/\/vaporparalaindustria.com\/pt\/monitor-de-funcionamiento-de-las-bombas-purgador\/","title":{"rendered":"Monitor de Funcionamiento de las Bombas-Purgador"},"content":{"rendered":"<h1>\n\t\t\tMonitor de Funcionamiento de las Bombas-Purgador\t<\/h1>\n\t<p>Monitorizaci\u00f3n con sensores en tiempo real que ofrece un resumen de los procesos previos e inmediatamente posteriores a un incidente.<\/p>\n\t<ul>\n\t\t\t<li>\n\t\t\t\tMonitorizaci\u00f3n no invasiva e inal\u00e1mbrica de la temperatura de las bombas-purgador\n\t\t\t<\/li>\n\t\t\t<li>\n\t\t\t\tInstalaci\u00f3n sin interrumpir la actividad\n\t\t\t<\/li>\n\t\t\t<li>\n\t\t\t\tAcceso continuo a los datos a trav\u00e9s de una plataforma en la nube\n\t\t\t<\/li>\n\t\t\t<li>\n\t\t\t\tAn\u00e1lisis y recomendaciones de un equipo experto en sistemas de vapor\n\t\t\t<\/li>\n\t\t<\/ul>\n\t\t\t<a href=\"#form\"  target=\"_self\">\n\t\t\t\t\t\t\tSolicitar asesor\u00eda t\u00e9cnica\n\t\t\t\t\t<\/a>\n\t\t\t<a href=\"#funciona\"  target=\"_self\">\n\t\t\t\t\t\t\tVer c\u00f3mo funciona\n\t\t\t\t\t<\/a>\n<figure itemscope itemtype=\"https:\/\/schema.org\/ImageObject\">\n\t\t\t\t<img decoding=\"async\" src=\"https:\/\/vaporparalaindustria.com\/wp-content\/uploads\/2026\/03\/Monitor-de-Funcionamiento-de-las-Bombas-Purgador.jpeg\" alt=\"Monitor de Funcionamiento de las Bombas-Purgador\" height=\"904\" width=\"1192\" title=\"Monitor de Funcionamiento de las Bombas-Purgador\" onerror=\"this.style.display='none'\" loading=\"lazy\" \/>\n\t<\/figure>\n\t\t\t\t\t\t<p>Liga\u00e7\u00e3o digital com objetivo<\/p>\t\t\t\t\t\n\t\t\t<p>Controle el estado de sus bombas-purgador con una soluci\u00f3n conectada que ayuda a detectar fallos antes de que afecten la productividad, la seguridad y la eficiencia del sistema de vapor.<\/p>\t\t\n<h2>\n\t\t\t\u00bfPor qu\u00e9 es cr\u00edtico monitorizar una bomba-purgador?\t<\/h2>\n\t<p>Las bombas-purgador defectuosas pueden generar problemas graves en el desempe\u00f1o de la planta de vapor. Un fallo en cierre puede provocar situaciones inseguras y una transferencia de calor ineficaz, mientras que un fallo en apertura puede permitir el acceso de vapor a presi\u00f3n en la l\u00ednea de condensados, ocasionando columnas de vapor, desperdicio de energ\u00eda y p\u00e9rdida de agua.<\/p>\n<h3>\n\t\t\tLo que suele pasar en planta\t<\/h3>\n\t<p>Cuando una bomba-purgador falla, el problema no siempre se detecta en el momento. Normalmente la planta empieza a sufrir s\u00edntomas operativos que degradan el rendimiento del sistema de vapor y aumentan el riesgo de incidencias en otros equipos.<\/p>\n\t<ul>\n\t\t\t<li>\n\t\t\t\tTransferencia de calor ineficaz\n\t\t\t<\/li>\n\t\t\t<li>\n\t\t\t\tSituaciones inseguras en el sistema\n\t\t\t<\/li>\n\t\t\t<li>\n\t\t\t\tColumnas de vapor en la l\u00ednea de condensados\n\t\t\t<\/li>\n\t\t\t<li>\n\t\t\t\tDesperdicio de energ\u00eda\n\t\t\t<\/li>\n\t\t\t<li>\n\t\t\t\tP\u00e9rdida de agua\n\t\t\t<\/li>\n\t\t\t<li>\n\t\t\t\tMayor dificultad para diagnosticar el origen del fallo\n\t\t\t<\/li>\n\t\t<\/ul>\n<figure itemscope itemtype=\"https:\/\/schema.org\/ImageObject\">\n\t\t\t\t<img decoding=\"async\" src=\"https:\/\/vaporparalaindustria.com\/wp-content\/uploads\/2026\/03\/Que-suele-pasar-con-las-bombas-purgador.jpeg\" alt=\"Que suele pasar con las bombas-purgador\" height=\"732\" width=\"1200\" title=\"Que suele pasar con las bombas-purgador\" onerror=\"this.style.display='none'\" loading=\"lazy\" \/>\n\t<\/figure>\n\t\t\t\t\t\t<p>El problema real<\/p>\t\t\t\t\t\n\t\t\t<p>No se trata solo de una bomba-purgador defectuosa. Se trata de p\u00e9rdida de productividad, desperdicio energ\u00e9tico, alteraciones en la red de condensados y falta de visibilidad sobre un fallo que puede escalar a otros equipos.<\/p>\t\t\n<h2>\n\t\t\tBeneficios del servicio\t<\/h2>\n\t<p>El servicio permite detectar fallos de bombas-purgador antes de que generen da\u00f1os mayores en la planta, mejorando productividad, seguridad y mantenimiento.<\/p>\n\t\t\t\t\t\t<p>Productividad de los procesos<\/p>\t\t\t\t\t\n\t\t\t<p>Maximice el tiempo de actividad de la planta de vapor y reduzca la probabilidad de sufrir da\u00f1os debidos a bloqueos y a la retenci\u00f3n de condensado.<\/p>\t\t\n\t\t\t\t\t\t<p>Seguridad y riesgos<\/p>\t\t\t\t\t\n\t\t\t<p>Reduzca el riesgo de golpes de ariete ocasionados por la presencia de condensado retenido en las tuber\u00edas de vapor.<\/p>\t\t\n\t\t\t\t\t\t<p>Mantenimiento y reparaci\u00f3n<\/p>\t\t\t\t\t\n\t\t\t<p>Identifique los purgadores de vapor defectuosos y analice los que fallan repetidamente para prevenir fallos futuros.<\/p>\t\t\n\t\t\t\t\t\t<p>M\u00e1s visibilidad operativa<\/p>\t\t\t\t\t\n\t\t\t<p>Acceda a informaci\u00f3n continua sobre el comportamiento t\u00e9rmico de las bombas-purgador para tomar mejores decisiones de mantenimiento.<\/p>\t\t\n<h2  id=\"funciona\">\n\t\t\tC\u00f3mo funciona el servicio\t<\/h2>\n\t<p>La soluci\u00f3n combina sensores no invasivos, red LoRaWAN independiente, acceso continuo al panel digital e informes peri\u00f3dicos con revisi\u00f3n especializada.<\/p>\n\t\t\t\t\t\t<p>1. Equipos<\/p>\t\t\t\t\t\n\t\t\t<p>Suministramos e instalamos sensores no invasivos y una red LoRaWAN independiente durante el tiempo que dure la instalaci\u00f3n.<\/p>\t\t\n\t\t\t\t\t\t<p>2. Panel de control<\/p>\t\t\t\t\t\n\t\t\t<p>Acceso 24\/7 a la herramienta digital de Spirax Sarco con res\u00famenes de tendencias y visualizaci\u00f3n del umbral de alarma durante 12 meses.<\/p>\t\t\n\t\t\t\t\t\t<p>3. Informes<\/p>\t\t\t\t\t\n\t\t\t<p>Creaci\u00f3n de informes a dos niveles: revisi\u00f3n del estado operativo e informe emitido en el plazo de 6 a 12 semanas, seguido por un segundo informe al terminar el periodo anual.<\/p>\t\t\n\t\t\t\t\t\t<p>4. Revisi\u00f3n<\/p>\t\t\t\t\t\n\t\t\t<p>Cada informe va acompa\u00f1ado de conversaci\u00f3n en persona o remota con un especialista en vapor, adem\u00e1s de inspecci\u00f3n anual del sistema y revisi\u00f3n de umbrales de alarma.<\/p>\t\t\n<h3>\n\t\t\tQu\u00e9 incluye la soluci\u00f3n\t<\/h3>\n\t<p>La soluci\u00f3n integra sensores, puerta de enlace y panel digital para facilitar la monitorizaci\u00f3n remota y el an\u00e1lisis t\u00e9cnico del estado de las bombas-purgador.<\/p>\n\t\t\t\tSensores\n\t\t\t\t<ul>\n<li>2 sensores de temperatura PT1000<\/li>\n<li>Rango de detecci\u00f3n de entre -180 \u00b0C y +250 \u00b0C, cada uno con cable de 2 m<\/li>\n<li>Bater\u00eda de litio 3.6 V recambiable con alarma de bajo nivel<\/li>\n<li>Clasificaci\u00f3n IP65<\/li>\n<li>Uso interior y exterior en entorno industrial<\/li>\n<\/ul>\n\t\t\t\tPuerta de enlace\n\t\t\t\t<ul>\n<li>\n<p>Gateway Plug &amp; Play<\/p>\n<\/li>\n<li>\n<p>Interfaz LoRaWAN y conectividad 4G<\/p>\n<\/li>\n<li>\n<p>Tarjeta SIM de roaming<\/p>\n<\/li>\n<li>\n<p>Cable de conexi\u00f3n a red principal y antena LoRa seg\u00fan modelo<\/p>\n<\/li>\n<li>\n<p>Clasificaci\u00f3n IP20<\/p>\n<\/li>\n<li>\n<p>Uso interior en entornos secos<\/p>\n<\/li>\n<\/ul>\n\t\t\t\tPanel de control\n\t\t\t\t<ul>\n<li>\n<p>Acceso desde cualquier parte, a cualquier hora y desde cualquier dispositivo con navegador<\/p>\n<\/li>\n<li>\n<p>An\u00e1lisis proporcionado por Strata<\/p>\n<\/li>\n<li>\n<p>Alojado en Microsoft Azure<\/p>\n<\/li>\n<li>\n<p>Historial de datos de tendencias, en tiempo real e hist\u00f3rico<\/p>\n<\/li>\n<\/ul>\n<h3>\n\t\t\tQu\u00e9 obtiene su equipo t\u00e9cnico\t<\/h3>\n\t<ul>\n\t\t\t<li>\n\t\t\t\tMonitorizaci\u00f3n continua del estado t\u00e9rmico de la bomba-purgador\n\t\t\t<\/li>\n\t\t\t<li>\n\t\t\t\tDetecci\u00f3n m\u00e1s r\u00e1pida de fallos\n\t\t\t<\/li>\n\t\t\t<li>\n\t\t\t\tMayor criterio para mantenimiento preventivo\n\t\t\t<\/li>\n\t\t\t<li>\n\t\t\t\tVisualizaci\u00f3n remota de tendencias\n\t\t\t<\/li>\n\t\t\t<li>\n\t\t\t\tSoporte t\u00e9cnico basado en datos\n\t\t\t<\/li>\n\t\t<\/ul>\n\t\t\t\t\t\t<p>Instalaci\u00f3n sin interrumpir la actividad<\/p>\t\t\t\t\t\n\t\t\t<p>La soluci\u00f3n utiliza sensores no invasivos y una red independiente, lo que facilita una implantaci\u00f3n r\u00e1pida sin afectar la operaci\u00f3n habitual de la planta.<\/p>\t\t\n<h2>\n\t\t\tD\u00f3nde aporta m\u00e1s valor\t<\/h2>\n\t<p>Especialmente \u00fatil en instalaciones donde las bombas-purgador son cr\u00edticas para la transferencia de calor, el drenaje de condensado y la estabilidad del sistema de vapor.<\/p>\n\t\t\t\t\t\t<p>Intercambiadores y equipos t\u00e9rmicos<\/p>\t\t\t\t\t\n\t\t\t<p>Para detectar fallos que afecten la evacuaci\u00f3n de condensado y el rendimiento de la transferencia de calor.<\/p>\t\t\n\t\t\t\t\t\t<p>Redes de condensado<\/p>\t\t\t\t\t\n\t\t\t<p>Ideal en sistemas donde el acceso de vapor a presi\u00f3n o la formaci\u00f3n de columnas de vapor puede comprometer la operaci\u00f3n.<\/p>\t\t\n\t\t\t\t\t\t<p>Plantas con foco en mantenimiento preventivo<\/p>\t\t\t\t\t\n\t\t\t<p>Ayuda a identificar equipos defectuosos y patrones de fallo repetitivo para priorizar acciones con m\u00e1s criterio t\u00e9cnico.<\/p>\t\t\n<figure itemscope itemtype=\"https:\/\/schema.org\/ImageObject\">\n\t\t\t\t<img decoding=\"async\" src=\"https:\/\/vaporparalaindustria.com\/wp-content\/uploads\/2026\/03\/Monitor-de-Funcionamiento-de-las-Bombas-Purgador.jpeg\" alt=\"Monitor de Funcionamiento de las Bombas-Purgador\" height=\"904\" width=\"1192\" title=\"Monitor de Funcionamiento de las Bombas-Purgador\" onerror=\"this.style.display='none'\" loading=\"lazy\" \/>\n\t<\/figure>\n<h3>\n\t\t\tM\u00e1s que una medici\u00f3n: revisi\u00f3n t\u00e9cnica con criterio de vapor\t<\/h3>\n\t<p>El servicio no termina con la instalaci\u00f3n. Incluye revisi\u00f3n del estado operativo, informes en dos fases, conversaci\u00f3n con especialista y validaci\u00f3n anual del sistema, con revisi\u00f3n de sensores y umbrales de alarma.<\/p>\n\t<ul>\n\t\t\t<li>\n\t\t\t\tRevisi\u00f3n del estado operativo\n\t\t\t<\/li>\n\t\t\t<li>\n\t\t\t\tInforme inicial\n\t\t\t<\/li>\n\t\t\t<li>\n\t\t\t\tInforme final\n\t\t\t<\/li>\n\t\t\t<li>\n\t\t\t\tConversaci\u00f3n con especialista\n\t\t\t<\/li>\n\t\t\t<li>\n\t\t\t\tInspecci\u00f3n anual del sistema\n\t\t\t<\/li>\n\t\t\t<li>\n\t\t\t\tValidaci\u00f3n de funcionamiento y ajustes\n\t\t\t<\/li>\n\t\t<\/ul>\n<h2>\n\t\t\tDetecte antes las bombas-purgador que est\u00e1n comprometiendo su sistema de vapor\t<\/h2>\n\t<p>Solicite una evaluaci\u00f3n t\u00e9cnica y descubra si su planta est\u00e1 sufriendo p\u00e9rdidas de energ\u00eda, problemas de condensado o fallos repetitivos asociados a bombas-purgador defectuosas.<\/p>\n\t\t\t<a href=\"\"  target=\"_self\">\n\t\t\t\t\t\t\tSolicitar asesor\u00eda t\u00e9cnica\n\t\t\t\t\t<\/a>\n<h2>\n\t\t\tPreguntas frecuentes\t<\/h2>\n\t\t\t\tFAQ 1: \u00bfHace falta parar la planta para instalar el sistema?\n\t\t\t\t<p>No. El sistema utiliza sensores no invasivos y una red independiente, planteado para instalarse sin interrumpir la actividad.\u00a0<\/p>\n\t\t\t\tFAQ 2: \u00bfQu\u00e9 se monitoriza exactamente?\n\t\t\t\t<p>La temperatura de las bombas-purgador y, si se requiere, la temperatura de puntos no cr\u00edticos de la planta para apoyar el diagn\u00f3stico de fallos.<\/p>\n\t\t\t\tFAQ 3: \u00bfDurante cu\u00e1nto tiempo se visualizan los datos?\n\t\t\t\t<p>El panel digital ofrece acceso continuo a tendencias y visualizaci\u00f3n del umbral de alarma durante un periodo de 12 meses.<\/p>\n\t\t\t\tFAQ 4: \u00bfQu\u00e9 tipo de seguimiento t\u00e9cnico incluye?\n\t\t\t\t<p>Incluye revisi\u00f3n del estado operativo, informes en dos fases, conversaci\u00f3n con especialista e inspecci\u00f3n anual del sistema con revisi\u00f3n de ajustes y alarmas.<\/p>\n\t\t\t\tFAQ 5: \u00bfD\u00f3nde se alojan los datos?\n\t\t\t\t<p>La plataforma est\u00e1 alojada en Microsoft Azure para disponibilidad, tiempo \u00fatil y seguridad de los datos.\u00a0<\/p>\n<h3>\n\t\t\tHable con un especialista en vapor\t<\/h3>\n\t<p>Si desea revisar el estado de sus bombas-purgador y detectar fallos antes de que afecten la transferencia de calor, el consumo energ\u00e9tico o la estabilidad del sistema, podemos ayudarle a evaluar su caso.<\/p>\n\t<ul>\n\t\t\t<li>\n\t\t\t\tRespuesta t\u00e9cnica\n\t\t\t<\/li>\n\t\t\t<li>\n\t\t\t\tEnfoque pr\u00e1ctico\n\t\t\t<\/li>\n\t\t\t<li>\n\t\t\t\tOrientaci\u00f3n sobre mantenimiento, condensado y eficiencia\n\t\t\t<\/li>\n\t\t\t<li>\n\t\t\t\tVisi\u00f3n conectada del sistema de vapor\n\t\t\t<\/li>\n\t\t<\/ul>\n\t <form id=\"mktoForm_4655\" action=\"\"><input type=\"hidden\" name=\"trp-form-language\" value=\"pt\"\/><\/form>","protected":false},"excerpt":{"rendered":"<p>Detecte purgadores de vapor bloqueados con monitorizaci\u00f3n no invasiva, panel digital e informes t\u00e9cnicos. Mejore productividad, seguridad y mantenimiento.<\/p>","protected":false},"author":5,"featured_media":0,"parent":0,"menu_order":0,"comment_status":"closed","ping_status":"closed","template":"","meta":{"_acf_changed":true,"_genesis_hide_title":false,"_genesis_hide_breadcrumbs":false,"_genesis_hide_singular_image":false,"_genesis_hide_footer_widgets":false,"_genesis_custom_body_class":"","_genesis_custom_post_class":"","_genesis_layout":"","footnotes":""},"class_list":{"1":"page","2":"type-page","5":"entry"},"yoast_head":"<!-- This site is optimized with the Yoast SEO plugin v27.3 - https:\/\/yoast.com\/product\/yoast-seo-wordpress\/ -->\n<title>Detector de Purgador de Vapor Bloqueado | Monitorizaci\u00f3n de Fallos<\/title>\n<meta name=\"description\" content=\"Detecte purgadores de vapor bloqueados con monitorizaci\u00f3n no invasiva, panel digital e informes t\u00e9cnicos. Mejore productividad, seguridad y mantenimiento.\" \/>\n<meta name=\"robots\" content=\"index, follow, max-snippet:-1, max-image-preview:large, max-video-preview:-1\" \/>\n<link rel=\"canonical\" href=\"https:\/\/vaporparalaindustria.com\/pt\/monitor-de-funcionamiento-de-las-bombas-purgador\/\" \/>\n<meta property=\"og:locale\" content=\"pt_PT\" \/>\n<meta property=\"og:type\" content=\"article\" \/>\n<meta property=\"og:title\" content=\"Detector de Purgador de Vapor Bloqueado | Monitorizaci\u00f3n de Fallos\" \/>\n<meta property=\"og:description\" content=\"Detecte purgadores de vapor bloqueados con monitorizaci\u00f3n no invasiva, panel digital e informes t\u00e9cnicos. Mejore productividad, seguridad y mantenimiento.\" \/>\n<meta property=\"og:url\" content=\"https:\/\/vaporparalaindustria.com\/pt\/monitor-de-funcionamiento-de-las-bombas-purgador\/\" \/>\n<meta property=\"og:site_name\" content=\"Vapor para la Industria\" \/>\n<meta property=\"article:modified_time\" content=\"2026-04-06T11:09:56+00:00\" \/>\n<meta property=\"og:image\" content=\"https:\/\/vaporparalaindustria.com\/wp-content\/uploads\/2026\/03\/Monitor-de-Funcionamiento-de-las-Bombas-Purgador.jpeg\" \/>\n<meta name=\"twitter:card\" content=\"summary_large_image\" \/>\n<meta name=\"twitter:label1\" content=\"Tempo estimado de leitura\" \/>\n\t<meta name=\"twitter:data1\" content=\"6 minutos\" \/>\n<script type=\"application\/ld+json\" class=\"yoast-schema-graph\">{\"@context\":\"https:\\\/\\\/schema.org\",\"@graph\":[{\"@type\":\"WebPage\",\"@id\":\"https:\\\/\\\/vaporparalaindustria.com\\\/monitor-de-funcionamiento-de-las-bombas-purgador\\\/\",\"url\":\"https:\\\/\\\/vaporparalaindustria.com\\\/monitor-de-funcionamiento-de-las-bombas-purgador\\\/\",\"name\":\"Detector de Purgador de Vapor Bloqueado | Monitorizaci\u00f3n de Fallos\",\"isPartOf\":{\"@id\":\"https:\\\/\\\/vaporparalaindustria.com\\\/#website\"},\"primaryImageOfPage\":{\"@id\":\"https:\\\/\\\/vaporparalaindustria.com\\\/monitor-de-funcionamiento-de-las-bombas-purgador\\\/#primaryimage\"},\"image\":{\"@id\":\"https:\\\/\\\/vaporparalaindustria.com\\\/monitor-de-funcionamiento-de-las-bombas-purgador\\\/#primaryimage\"},\"thumbnailUrl\":\"https:\\\/\\\/vaporparalaindustria.com\\\/wp-content\\\/uploads\\\/2026\\\/03\\\/Monitor-de-Funcionamiento-de-las-Bombas-Purgador.jpeg\",\"datePublished\":\"2026-03-13T15:25:41+00:00\",\"dateModified\":\"2026-04-06T11:09:56+00:00\",\"description\":\"Detecte purgadores de vapor bloqueados con monitorizaci\u00f3n no invasiva, panel digital e informes t\u00e9cnicos. Mejore productividad, seguridad y mantenimiento.\",\"breadcrumb\":{\"@id\":\"https:\\\/\\\/vaporparalaindustria.com\\\/monitor-de-funcionamiento-de-las-bombas-purgador\\\/#breadcrumb\"},\"inLanguage\":\"pt-PT\",\"potentialAction\":[{\"@type\":\"ReadAction\",\"target\":[\"https:\\\/\\\/vaporparalaindustria.com\\\/monitor-de-funcionamiento-de-las-bombas-purgador\\\/\"]}]},{\"@type\":\"ImageObject\",\"inLanguage\":\"pt-PT\",\"@id\":\"https:\\\/\\\/vaporparalaindustria.com\\\/monitor-de-funcionamiento-de-las-bombas-purgador\\\/#primaryimage\",\"url\":\"https:\\\/\\\/vaporparalaindustria.com\\\/wp-content\\\/uploads\\\/2026\\\/03\\\/Monitor-de-Funcionamiento-de-las-Bombas-Purgador.jpeg\",\"contentUrl\":\"https:\\\/\\\/vaporparalaindustria.com\\\/wp-content\\\/uploads\\\/2026\\\/03\\\/Monitor-de-Funcionamiento-de-las-Bombas-Purgador.jpeg\"},{\"@type\":\"BreadcrumbList\",\"@id\":\"https:\\\/\\\/vaporparalaindustria.com\\\/monitor-de-funcionamiento-de-las-bombas-purgador\\\/#breadcrumb\",\"itemListElement\":[{\"@type\":\"ListItem\",\"position\":1,\"name\":\"Portada\",\"item\":\"https:\\\/\\\/vaporparalaindustria.com\\\/\"},{\"@type\":\"ListItem\",\"position\":2,\"name\":\"Monitor de Funcionamiento de las Bombas-Purgador\"}]},{\"@type\":\"WebSite\",\"@id\":\"https:\\\/\\\/vaporparalaindustria.com\\\/#website\",\"url\":\"https:\\\/\\\/vaporparalaindustria.com\\\/\",\"name\":\"Vapor para la Industria\",\"description\":\"Gesti\u00f3n Eficiente de los Sistemas de Vapor\",\"publisher\":{\"@id\":\"https:\\\/\\\/vaporparalaindustria.com\\\/#organization\"},\"potentialAction\":[{\"@type\":\"SearchAction\",\"target\":{\"@type\":\"EntryPoint\",\"urlTemplate\":\"https:\\\/\\\/vaporparalaindustria.com\\\/?s={search_term_string}\"},\"query-input\":{\"@type\":\"PropertyValueSpecification\",\"valueRequired\":true,\"valueName\":\"search_term_string\"}}],\"inLanguage\":\"pt-PT\"},{\"@type\":\"Organization\",\"@id\":\"https:\\\/\\\/vaporparalaindustria.com\\\/#organization\",\"name\":\"Vapor para la Industria\",\"url\":\"https:\\\/\\\/vaporparalaindustria.com\\\/\",\"logo\":{\"@type\":\"ImageObject\",\"inLanguage\":\"pt-PT\",\"@id\":\"https:\\\/\\\/vaporparalaindustria.com\\\/#\\\/schema\\\/logo\\\/image\\\/\",\"url\":\"https:\\\/\\\/vaporparalaindustria.com\\\/wp-content\\\/uploads\\\/2017\\\/10\\\/LogoBlogBLANCO-FINAL_VAPOR-PARA-LA-INDUSTRIA-e1499957507814.png\",\"contentUrl\":\"https:\\\/\\\/vaporparalaindustria.com\\\/wp-content\\\/uploads\\\/2017\\\/10\\\/LogoBlogBLANCO-FINAL_VAPOR-PARA-LA-INDUSTRIA-e1499957507814.png\",\"width\":300,\"height\":117,\"caption\":\"Vapor para la Industria\"},\"image\":{\"@id\":\"https:\\\/\\\/vaporparalaindustria.com\\\/#\\\/schema\\\/logo\\\/image\\\/\"}}]}<\/script>\n<!-- \/ Yoast SEO plugin. -->","yoast_head_json":{"title":"Detector de Purgador de Vapor Bloqueado | Monitorizaci\u00f3n de Fallos","description":"Detecte purgadores de vapor bloqueados con monitorizaci\u00f3n no invasiva, panel digital e informes t\u00e9cnicos. Mejore productividad, seguridad y mantenimiento.","robots":{"index":"index","follow":"follow","max-snippet":"max-snippet:-1","max-image-preview":"max-image-preview:large","max-video-preview":"max-video-preview:-1"},"canonical":"https:\/\/vaporparalaindustria.com\/pt\/monitor-de-funcionamiento-de-las-bombas-purgador\/","og_locale":"pt_PT","og_type":"article","og_title":"Detector de Purgador de Vapor Bloqueado | Monitorizaci\u00f3n de Fallos","og_description":"Detecte purgadores de vapor bloqueados con monitorizaci\u00f3n no invasiva, panel digital e informes t\u00e9cnicos. Mejore productividad, seguridad y mantenimiento.","og_url":"https:\/\/vaporparalaindustria.com\/pt\/monitor-de-funcionamiento-de-las-bombas-purgador\/","og_site_name":"Vapor para la Industria","article_modified_time":"2026-04-06T11:09:56+00:00","og_image":[{"url":"https:\/\/vaporparalaindustria.com\/wp-content\/uploads\/2026\/03\/Monitor-de-Funcionamiento-de-las-Bombas-Purgador.jpeg","type":"","width":"","height":""}],"twitter_card":"summary_large_image","twitter_misc":{"Tempo estimado de leitura":"6 minutos"},"schema":{"@context":"https:\/\/schema.org","@graph":[{"@type":"WebPage","@id":"https:\/\/vaporparalaindustria.com\/monitor-de-funcionamiento-de-las-bombas-purgador\/","url":"https:\/\/vaporparalaindustria.com\/monitor-de-funcionamiento-de-las-bombas-purgador\/","name":"Detector de Purgador de Vapor Bloqueado | Monitorizaci\u00f3n de Fallos","isPartOf":{"@id":"https:\/\/vaporparalaindustria.com\/#website"},"primaryImageOfPage":{"@id":"https:\/\/vaporparalaindustria.com\/monitor-de-funcionamiento-de-las-bombas-purgador\/#primaryimage"},"image":{"@id":"https:\/\/vaporparalaindustria.com\/monitor-de-funcionamiento-de-las-bombas-purgador\/#primaryimage"},"thumbnailUrl":"https:\/\/vaporparalaindustria.com\/wp-content\/uploads\/2026\/03\/Monitor-de-Funcionamiento-de-las-Bombas-Purgador.jpeg","datePublished":"2026-03-13T15:25:41+00:00","dateModified":"2026-04-06T11:09:56+00:00","description":"Detecte purgadores de vapor bloqueados con monitorizaci\u00f3n no invasiva, panel digital e informes t\u00e9cnicos. Mejore productividad, seguridad y mantenimiento.","breadcrumb":{"@id":"https:\/\/vaporparalaindustria.com\/monitor-de-funcionamiento-de-las-bombas-purgador\/#breadcrumb"},"inLanguage":"pt-PT","potentialAction":[{"@type":"ReadAction","target":["https:\/\/vaporparalaindustria.com\/monitor-de-funcionamiento-de-las-bombas-purgador\/"]}]},{"@type":"ImageObject","inLanguage":"pt-PT","@id":"https:\/\/vaporparalaindustria.com\/monitor-de-funcionamiento-de-las-bombas-purgador\/#primaryimage","url":"https:\/\/vaporparalaindustria.com\/wp-content\/uploads\/2026\/03\/Monitor-de-Funcionamiento-de-las-Bombas-Purgador.jpeg","contentUrl":"https:\/\/vaporparalaindustria.com\/wp-content\/uploads\/2026\/03\/Monitor-de-Funcionamiento-de-las-Bombas-Purgador.jpeg"},{"@type":"BreadcrumbList","@id":"https:\/\/vaporparalaindustria.com\/monitor-de-funcionamiento-de-las-bombas-purgador\/#breadcrumb","itemListElement":[{"@type":"ListItem","position":1,"name":"Portada","item":"https:\/\/vaporparalaindustria.com\/"},{"@type":"ListItem","position":2,"name":"Monitor de Funcionamiento de las Bombas-Purgador"}]},{"@type":"WebSite","@id":"https:\/\/vaporparalaindustria.com\/#website","url":"https:\/\/vaporparalaindustria.com\/","name":"Vapor para a Ind\u00fastria","description":"Gest\u00e3o Eficiente de Sistemas a Vapor","publisher":{"@id":"https:\/\/vaporparalaindustria.com\/#organization"},"potentialAction":[{"@type":"SearchAction","target":{"@type":"EntryPoint","urlTemplate":"https:\/\/vaporparalaindustria.com\/?s={search_term_string}"},"query-input":{"@type":"PropertyValueSpecification","valueRequired":true,"valueName":"search_term_string"}}],"inLanguage":"pt-PT"},{"@type":"Organization","@id":"https:\/\/vaporparalaindustria.com\/#organization","name":"Vapor para a Ind\u00fastria","url":"https:\/\/vaporparalaindustria.com\/","logo":{"@type":"ImageObject","inLanguage":"pt-PT","@id":"https:\/\/vaporparalaindustria.com\/#\/schema\/logo\/image\/","url":"https:\/\/vaporparalaindustria.com\/wp-content\/uploads\/2017\/10\/LogoBlogBLANCO-FINAL_VAPOR-PARA-LA-INDUSTRIA-e1499957507814.png","contentUrl":"https:\/\/vaporparalaindustria.com\/wp-content\/uploads\/2017\/10\/LogoBlogBLANCO-FINAL_VAPOR-PARA-LA-INDUSTRIA-e1499957507814.png","width":300,"height":117,"caption":"Vapor para la Industria"},"image":{"@id":"https:\/\/vaporparalaindustria.com\/#\/schema\/logo\/image\/"}}]}},"acf":[],"_links":{"self":[{"href":"https:\/\/vaporparalaindustria.com\/pt\/wp-json\/wp\/v2\/pages\/27406","targetHints":{"allow":["GET"]}}],"collection":[{"href":"https:\/\/vaporparalaindustria.com\/pt\/wp-json\/wp\/v2\/pages"}],"about":[{"href":"https:\/\/vaporparalaindustria.com\/pt\/wp-json\/wp\/v2\/types\/page"}],"author":[{"embeddable":true,"href":"https:\/\/vaporparalaindustria.com\/pt\/wp-json\/wp\/v2\/users\/5"}],"replies":[{"embeddable":true,"href":"https:\/\/vaporparalaindustria.com\/pt\/wp-json\/wp\/v2\/comments?post=27406"}],"version-history":[{"count":0,"href":"https:\/\/vaporparalaindustria.com\/pt\/wp-json\/wp\/v2\/pages\/27406\/revisions"}],"wp:attachment":[{"href":"https:\/\/vaporparalaindustria.com\/pt\/wp-json\/wp\/v2\/media?parent=27406"}],"curies":[{"name":"wp","href":"https:\/\/api.w.org\/{rel}","templated":true}]}}