{"id":27402,"date":"2026-03-13T14:01:10","date_gmt":"2026-03-13T13:01:10","guid":{"rendered":"https:\/\/vaporparalaindustria.com\/?page_id=27402"},"modified":"2026-04-06T12:17:07","modified_gmt":"2026-04-06T11:17:07","slug":"indicador-de-fugas-de-valvulas-de-seguridad","status":"publish","type":"page","link":"https:\/\/vaporparalaindustria.com\/pt\/indicador-de-fugas-de-valvulas-de-seguridad\/","title":{"rendered":"Indicador de Fugas de V\u00e1lvulas de Seguridad"},"content":{"rendered":"<h1>\n\t\t\tIndicador de Fugas de V\u00e1lvulas de Seguridad\t<\/h1>\n\t<p>Monitorizaci\u00f3n en tiempo real y en la nube para maximizar la seguridad, eficiencia y fiabilidad de su planta de vapor.<\/p>\n\t<ul>\n\t\t\t<li>\n\t\t\t\tMonitorizaci\u00f3n continua no invasiva\n\t\t\t<\/li>\n\t\t\t<li>\n\t\t\t\tDetecci\u00f3n de v\u00e1lvulas que se disparan y fugan\n\t\t\t<\/li>\n\t\t\t<li>\n\t\t\t\tIdentificaci\u00f3n de oportunidades de mejora del sistema\n\t\t\t<\/li>\n\t\t\t<li>\n\t\t\t\tAcceso continuo a los datos en la nube\n\t\t\t<\/li>\n\t\t<\/ul>\n\t\t\t<a href=\"#form\"  target=\"_self\">\n\t\t\t\t\t\t\tSolicitar asesor\u00eda t\u00e9cnica\n\t\t\t\t\t<\/a>\n\t\t\t<a href=\"#funciona\"  target=\"_self\">\n\t\t\t\t\t\t\tVer c\u00f3mo funciona\n\t\t\t\t\t<\/a>\n<figure itemscope itemtype=\"https:\/\/schema.org\/ImageObject\">\n\t\t\t\t<img decoding=\"async\" src=\"https:\/\/vaporparalaindustria.com\/wp-content\/uploads\/2026\/03\/Indicador-de-Fugas-de-Valvulas-de-Seguridad.jpeg\" alt=\"Indicador de Fugas de V\u00e1lvulas de Seguridad\" height=\"767\" width=\"1200\" title=\"Indicador de Fugas de Va\u0301lvulas de Seguridad\" onerror=\"this.style.display='none'\" loading=\"lazy\" \/>\n\t<\/figure>\n\t\t\t\t\t\t<p>Liga\u00e7\u00e3o digital com objetivo<\/p>\t\t\t\t\t\n\t\t\t<p>Detecte fugas en v\u00e1lvulas de seguridad antes de que afecten la eficiencia, la seguridad y la fiabilidad de su sistema de vapor.<\/p>\t\t\n<h2>\n\t\t\t\u00bfPor qu\u00e9 es cr\u00edtico detectar una v\u00e1lvula de seguridad con fugas?\t<\/h2>\n\t<p>Una detecci\u00f3n temprana de las fugas y su r\u00e1pida correcci\u00f3n ayuda a minimizar p\u00e9rdidas de energ\u00eda del sistema de vapor, reducir el riesgo de aver\u00edas en componentes cr\u00edticos y salvaguardar la seguridad del sistema. Adem\u00e1s, muchas aseguradoras exigen renovar cada a\u00f1o las v\u00e1lvulas de seguridad de las calderas y cada dos a\u00f1os las de otros equipos a presi\u00f3n.<\/p>\n<h3>\n\t\t\tLo que suele pasar en planta\t<\/h3>\n\t<p>Las fugas en v\u00e1lvulas de seguridad no siempre se detectan cuando aparecen. Con el tiempo, terminan generando p\u00e9rdidas energ\u00e9ticas, condiciones no seguras y m\u00e1s carga de mantenimiento, afectando tanto a la eficiencia como a la fiabilidad del sistema.<\/p>\n\t<ul>\n\t\t\t<li>\n\t\t\t\tP\u00e9rdidas de energ\u00eda no detectadas\n\t\t\t<\/li>\n\t\t\t<li>\n\t\t\t\tRiesgos para personas, procesos y medio ambiente\n\t\t\t<\/li>\n\t\t\t<li>\n\t\t\t\tMayor tiempo dedicado a mantenimiento correctivo\n\t\t\t<\/li>\n\t\t\t<li>\n\t\t\t\tDificultad para identificar v\u00e1lvulas que fugan\n\t\t\t<\/li>\n\t\t\t<li>\n\t\t\t\tMenor control sobre el estado real del sistema\n\t\t\t<\/li>\n\t\t<\/ul>\n\t\t\t\t\t\t<p>El problema real<\/p>\t\t\t\t\t\n\t\t\t<p>No se trata solo de una v\u00e1lvula con fuga. Se trata de energ\u00eda desperdiciada, riesgo operativo y falta de visibilidad sobre un fallo que puede comprometer la seguridad y la fiabilidad de la planta.<\/p>\t\t\n<figure itemscope itemtype=\"https:\/\/schema.org\/ImageObject\">\n\t\t\t\t<img decoding=\"async\" src=\"https:\/\/vaporparalaindustria.com\/wp-content\/uploads\/2026\/03\/que-suele-pasar-en-fugas-de-valvulas-de-seguridad.jpeg\" alt=\"que suele pasar en fugas de valvulas de seguridad\" height=\"732\" width=\"1200\" title=\"que suele pasar en fugas de valvulas de seguridad\" onerror=\"this.style.display='none'\" loading=\"lazy\" \/>\n\t<\/figure>\n<h2>\n\t\t\tBeneficios del servicio\t<\/h2>\n\t<p>El servicio ayuda a detectar fugas, reducir p\u00e9rdidas energ\u00e9ticas, disminuir el tiempo invertido en mantenimiento y detectar condiciones no seguras del sistema de vapor.<\/p>\n\t\t\t\t\t\t<p>Mantenimiento y reparaci\u00f3n<\/p>\t\t\t\t\t\n\t\t\t<p>Aborda la causa de las fugas de las v\u00e1lvulas y reduce el tiempo invertido en realizar el mantenimiento de su planta de vapor.<\/p>\t\t\n\t\t\t\t\t\t<p>Sostenibilidad y energ\u00eda<\/p>\t\t\t\t\t\n\t\t\t<p>Identifica las p\u00e9rdidas de energ\u00eda de las v\u00e1lvulas que fugan.<\/p>\t\t\n\t\t\t\t\t\t<p>Seguridad y riesgos<\/p>\t\t\t\t\t\n\t\t\t<p>Detecta las condiciones no seguras del sistema de vapor que crean peligros para las personas, el medio ambiente y los procesos.<\/p>\t\t\n<h2>\n\t\t\tC\u00f3mo funciona el servicio\t<\/h2>\n\t<p>La soluci\u00f3n combina sensores no invasivos, conectividad LoRaWAN, acceso permanente al panel digital e informes peri\u00f3dicos con revisi\u00f3n especializada.<\/p>\n\t\t\t\t\t\t<p>1. Equipo<\/p>\t\t\t\t\t\n\t\t\t<p>Suministramos e instalamos sensores no invasivos y una red LoRaWAN independiente durante el tiempo que dure la instalaci\u00f3n, con tiempo de parada cero.<\/p>\t\t\n\t\t\t\t\t\t<p>2. Panel de control<\/p>\t\t\t\t\t\n\t\t\t<p>Acceso 24 horas, siete d\u00edas a la semana al panel de control digital de Spirax Sarco, con res\u00famenes de tendencias y visualizaci\u00f3n del umbral de alarma durante 12 meses.\u00a0<\/p>\t\t\n\t\t\t\t\t\t<p>3. Informes<\/p>\t\t\t\t\t\n\t\t\t<p>Creaci\u00f3n de informes a dos niveles: revisi\u00f3n del estado operativo e informe emitido en el plazo de 6 a 12 semanas, seguido por un segundo informe al terminar el periodo de 12 meses.\u00a0<\/p>\t\t\n\t\t\t\t\t\t<p>4. Revisi\u00f3n especializada<\/p>\t\t\t\t\t\n\t\t\t<p>Cada informe se acompa\u00f1a de conversaci\u00f3n en persona o remota con un especialista en vapor. Adem\u00e1s, se realiza inspecci\u00f3n anual del sistema y revisi\u00f3n de los umbrales de alarma.\u00a0<\/p>\t\t\n<h3>\n\t\t\tQu\u00e9 incluye la soluci\u00f3n\t<\/h3>\n\t<p>La soluci\u00f3n integra sensores, puerta de enlace y panel digital para facilitar la monitorizaci\u00f3n remota y el an\u00e1lisis del estado de las v\u00e1lvulas de seguridad.<\/p>\n\t\t\t\tSensores\n\t\t\t\t<ul>\n<li>2 sensores de temperatura PT1000<\/li>\n<li>Rango de detecci\u00f3n entre -180 \u00b0C y +250 \u00b0C<\/li>\n<li>Cable de 2 m<\/li>\n<li>Bater\u00eda de litio 3.6 V recambiable con alarma de bajo nivel<\/li>\n<li>IP65<\/li>\n<li>Uso interior y exterior en entorno industrial<\/li>\n<\/ul>\n\t\t\t\tPuerta de enlace\n\t\t\t\t<ul>\n<li>\n<p>Gateway Plug &amp; Play<\/p>\n<\/li>\n<li>\n<p>Interfaz LoRaWAN<\/p>\n<\/li>\n<li>\n<p>Conectividad 4G<\/p>\n<\/li>\n<li>\n<p>SIM con roaming<\/p>\n<\/li>\n<li>\n<p>Cable de alimentaci\u00f3n y antena seg\u00fan modelo<\/p>\n<\/li>\n<li>\n<p>IP20<\/p>\n<\/li>\n<li>\n<p>Uso interior y en entorno seco<\/p>\n<\/li>\n<\/ul>\n\t\t\t\tPanel digital\n\t\t\t\t<ul>\n<li>\n<p>Acceso desde cualquier dispositivo con navegador<\/p>\n<\/li>\n<li>\n<p>Datos en tiempo real e hist\u00f3ricos<\/p>\n<\/li>\n<li>\n<p>Alojado en Microsoft Azure<\/p>\n<\/li>\n<li>\n<p>An\u00e1lisis proporcionado por Strata<\/p>\n<\/li>\n<\/ul>\n<h3>\n\t\t\tQu\u00e9 obtiene su equipo t\u00e9cnico\t<\/h3>\n\t<ul>\n\t\t\t<li>\n\t\t\t\tDetecci\u00f3n continua de v\u00e1lvulas que se disparan y fugan\n\t\t\t<\/li>\n\t\t\t<li>\n\t\t\t\tVisualizaci\u00f3n remota del comportamiento t\u00e9rmico\n\t\t\t<\/li>\n\t\t\t<li>\n\t\t\t\tUmbrales de alarma visibles y revisables\n\t\t\t<\/li>\n\t\t\t<li>\n\t\t\t\tM\u00e1s criterio para priorizar mantenimiento\n\t\t\t<\/li>\n\t\t\t<li>\n\t\t\t\tSoporte t\u00e9cnico basado en datos\n\t\t\t<\/li>\n\t\t<\/ul>\n\t\t\t\t\t\t<p>Instalaci\u00f3n sin parar la planta<\/p>\t\t\t\t\t\n\t\t\t<p>La soluci\u00f3n utiliza sensores no invasivos y una red independiente, lo que permite una implantaci\u00f3n r\u00e1pida sin interrumpir la actividad.<\/p>\t\t\n<h2>\n\t\t\tD\u00f3nde aporta m\u00e1s valor\t<\/h2>\n\t<p>Especialmente \u00fatil en plantas con sistemas de vapor donde una fuga en v\u00e1lvulas de seguridad puede afectar consumo energ\u00e9tico, seguridad y carga de mantenimiento.<\/p>\n\t\t\t\t\t\t<p>Calderas y equipos a presi\u00f3n<\/p>\t\t\t\t\t\n\t\t\t<p>Especialmente relevante en sistemas donde las aseguradoras exigen renovaci\u00f3n peri\u00f3dica de v\u00e1lvulas de seguridad y es clave vigilar su estado.<\/p>\t\t\n\t\t\t\t\t\t<p>Instalaciones con objetivos de eficiencia<\/p>\t\t\t\t\t\n\t\t\t<p>Permite identificar p\u00e9rdidas de energ\u00eda asociadas a v\u00e1lvulas que fugan y actuar antes de que el impacto econ\u00f3mico aumente.<\/p>\t\t\n\t\t\t\t\t\t<p>Plantas con foco en seguridad y fiabilidad<\/p>\t\t\t\t\t\n\t\t\t<p>Ayuda a detectar condiciones no seguras del sistema de vapor y a proteger personas, procesos y activos cr\u00edticos.<\/p>\t\t\n<figure itemscope itemtype=\"https:\/\/schema.org\/ImageObject\">\n\t\t\t\t<img decoding=\"async\" src=\"https:\/\/vaporparalaindustria.com\/wp-content\/uploads\/2026\/03\/Indicador-de-Fugas-de-Valvulas-de-Seguridad.jpeg\" alt=\"Indicador de Fugas de V\u00e1lvulas de Seguridad\" height=\"767\" width=\"1200\" title=\"Indicador de Fugas de Va\u0301lvulas de Seguridad\" onerror=\"this.style.display='none'\" loading=\"lazy\" \/>\n\t<\/figure>\n<h3>\n\t\t\tM\u00e1s que una medici\u00f3n: revisi\u00f3n t\u00e9cnica con criterio de vapor\t<\/h3>\n\t<p>El servicio no termina con la instalaci\u00f3n. Incluye revisi\u00f3n del estado operativo, informes en dos fases, inspecci\u00f3n anual del sistema de diagn\u00f3stico y revisi\u00f3n de los umbrales de alarma para validar sensores y panel digital.<\/p>\n\t<ul>\n\t\t\t<li>\n\t\t\t\tInforme inicial\n\t\t\t<\/li>\n\t\t\t<li>\n\t\t\t\tInforme final\n\t\t\t<\/li>\n\t\t\t<li>\n\t\t\t\tRevisi\u00f3n con especialista\n\t\t\t<\/li>\n\t\t\t<li>\n\t\t\t\tInspecci\u00f3n anual del sistema\n\t\t\t<\/li>\n\t\t\t<li>\n\t\t\t\tValidaci\u00f3n de ajustes y alarmas\n\t\t\t<\/li>\n\t\t<\/ul>\n<h2>\n\t\t\tIdentifique antes las v\u00e1lvulas de seguridad que est\u00e1n comprometiendo su planta\t<\/h2>\n\t<p>Solicite una evaluaci\u00f3n t\u00e9cnica y descubra si su sistema de vapor est\u00e1 perdiendo energ\u00eda o generando riesgos por fugas no detectadas en v\u00e1lvulas de seguridad.<\/p>\n\t\t\t<a href=\"#form\"  target=\"_self\">\n\t\t\t\t\t\t\tSolicitar asesor\u00eda t\u00e9cnica\n\t\t\t\t\t<\/a>\n<h2>\n\t\t\tPreguntas frecuentes\t<\/h2>\n\t\t\t\tFAQ 1: \u00bfHace falta parar la planta para instalar el sistema?\n\t\t\t\t<p>No. El sistema usa sensores no invasivos y se plantea con tiempo de parada cero.<\/p>\n\t\t\t\tFAQ 2: \u00bfQu\u00e9 monitoriza exactamente esta soluci\u00f3n?\n\t\t\t\t<p>Monitoriza la temperatura de la v\u00e1lvula de seguridad para detectar v\u00e1lvulas que se disparan y fugan y generar alarmas y an\u00e1lisis asociados.<\/p>\n\t\t\t\tFAQ 3: \u00bfDurante cu\u00e1nto tiempo se visualizan los datos?\n\t\t\t\t<p>El panel digital permite acceso 24\/7 y visualizaci\u00f3n del umbral de alarma durante un periodo de 12 meses.<\/p>\n\t\t\t\tFAQ 4: \u00bfQu\u00e9 tipo de seguimiento t\u00e9cnico incluye?\n\t\t\t\t<p>Incluye informes a dos niveles, conversaci\u00f3n con especialista e inspecci\u00f3n anual con revisi\u00f3n de umbrales de alarma.<\/p>\n\t\t\t\tFAQ 5: \u00bfD\u00f3nde se alojan los datos?\n\t\t\t\t<p>El panel est\u00e1 alojado en Microsoft Azure para maximizar disponibilidad, tiempo \u00fatil y seguridad de los datos.<\/p>\n<h3>\n\t\t\tHable con un especialista en vapor\t<\/h3>\n\t<p>Si desea revisar el estado de sus v\u00e1lvulas de seguridad y detectar fugas antes de que afecten la eficiencia o la seguridad del sistema, podemos ayudarle a evaluar su caso.<\/p>\n\t<ul>\n\t\t\t<li>\n\t\t\t\tRespuesta t\u00e9cnica\n\t\t\t<\/li>\n\t\t\t<li>\n\t\t\t\tEnfoque pr\u00e1ctico\n\t\t\t<\/li>\n\t\t\t<li>\n\t\t\t\tOrientaci\u00f3n sobre mantenimiento y energ\u00eda\n\t\t\t<\/li>\n\t\t\t<li>\n\t\t\t\tVisi\u00f3n conectada del sistema de vapor\n\t\t\t<\/li>\n\t\t<\/ul>\n\t <form id=\"mktoForm_4655\" action=\"\"><input type=\"hidden\" name=\"trp-form-language\" value=\"pt\"\/><\/form>","protected":false},"excerpt":{"rendered":"<p>Detecte fugas en v\u00e1lvulas de seguridad con monitorizaci\u00f3n continua no invasiva, panel digital e informes t\u00e9cnicos para mejorar seguridad, eficiencia y mantenimiento.<\/p>","protected":false},"author":5,"featured_media":0,"parent":0,"menu_order":0,"comment_status":"closed","ping_status":"closed","template":"","meta":{"_acf_changed":true,"_genesis_hide_title":false,"_genesis_hide_breadcrumbs":false,"_genesis_hide_singular_image":false,"_genesis_hide_footer_widgets":false,"_genesis_custom_body_class":"","_genesis_custom_post_class":"","_genesis_layout":"","footnotes":""},"class_list":{"1":"page","2":"type-page","5":"entry"},"yoast_head":"<!-- This site is optimized with the Yoast SEO plugin v27.3 - https:\/\/yoast.com\/product\/yoast-seo-wordpress\/ -->\n<title>Indicador de Fugas de V\u00e1lvulas de Seguridad para Vapor<\/title>\n<meta name=\"description\" content=\"Detecte fugas en v\u00e1lvulas de seguridad con monitorizaci\u00f3n continua no invasiva, panel digital e informes t\u00e9cnicos para mejorar seguridad, eficiencia y mantenimiento.\" \/>\n<meta name=\"robots\" content=\"index, follow, max-snippet:-1, max-image-preview:large, max-video-preview:-1\" \/>\n<link rel=\"canonical\" href=\"https:\/\/vaporparalaindustria.com\/pt\/indicador-de-fugas-de-valvulas-de-seguridad\/\" \/>\n<meta property=\"og:locale\" content=\"pt_PT\" \/>\n<meta property=\"og:type\" content=\"article\" \/>\n<meta property=\"og:title\" content=\"Indicador de Fugas de V\u00e1lvulas de Seguridad para Vapor\" \/>\n<meta property=\"og:description\" content=\"Detecte fugas en v\u00e1lvulas de seguridad con monitorizaci\u00f3n continua no invasiva, panel digital e informes t\u00e9cnicos para mejorar seguridad, eficiencia y mantenimiento.\" \/>\n<meta property=\"og:url\" content=\"https:\/\/vaporparalaindustria.com\/pt\/indicador-de-fugas-de-valvulas-de-seguridad\/\" \/>\n<meta property=\"og:site_name\" content=\"Vapor para la Industria\" \/>\n<meta property=\"article:modified_time\" content=\"2026-04-06T11:17:07+00:00\" \/>\n<meta property=\"og:image\" content=\"https:\/\/vaporparalaindustria.com\/wp-content\/uploads\/2026\/03\/Indicador-de-Fugas-de-Valvulas-de-Seguridad.jpeg\" \/>\n<meta name=\"twitter:card\" content=\"summary_large_image\" \/>\n<meta name=\"twitter:label1\" content=\"Tempo estimado de leitura\" \/>\n\t<meta name=\"twitter:data1\" content=\"6 minutos\" \/>\n<script type=\"application\/ld+json\" class=\"yoast-schema-graph\">{\"@context\":\"https:\\\/\\\/schema.org\",\"@graph\":[{\"@type\":\"WebPage\",\"@id\":\"https:\\\/\\\/vaporparalaindustria.com\\\/indicador-de-fugas-de-valvulas-de-seguridad\\\/\",\"url\":\"https:\\\/\\\/vaporparalaindustria.com\\\/indicador-de-fugas-de-valvulas-de-seguridad\\\/\",\"name\":\"Indicador de Fugas de V\u00e1lvulas de Seguridad para Vapor\",\"isPartOf\":{\"@id\":\"https:\\\/\\\/vaporparalaindustria.com\\\/#website\"},\"primaryImageOfPage\":{\"@id\":\"https:\\\/\\\/vaporparalaindustria.com\\\/indicador-de-fugas-de-valvulas-de-seguridad\\\/#primaryimage\"},\"image\":{\"@id\":\"https:\\\/\\\/vaporparalaindustria.com\\\/indicador-de-fugas-de-valvulas-de-seguridad\\\/#primaryimage\"},\"thumbnailUrl\":\"https:\\\/\\\/vaporparalaindustria.com\\\/wp-content\\\/uploads\\\/2026\\\/03\\\/Indicador-de-Fugas-de-Valvulas-de-Seguridad.jpeg\",\"datePublished\":\"2026-03-13T13:01:10+00:00\",\"dateModified\":\"2026-04-06T11:17:07+00:00\",\"description\":\"Detecte fugas en v\u00e1lvulas de seguridad con monitorizaci\u00f3n continua no invasiva, panel digital e informes t\u00e9cnicos para mejorar seguridad, eficiencia y mantenimiento.\",\"breadcrumb\":{\"@id\":\"https:\\\/\\\/vaporparalaindustria.com\\\/indicador-de-fugas-de-valvulas-de-seguridad\\\/#breadcrumb\"},\"inLanguage\":\"pt-PT\",\"potentialAction\":[{\"@type\":\"ReadAction\",\"target\":[\"https:\\\/\\\/vaporparalaindustria.com\\\/indicador-de-fugas-de-valvulas-de-seguridad\\\/\"]}]},{\"@type\":\"ImageObject\",\"inLanguage\":\"pt-PT\",\"@id\":\"https:\\\/\\\/vaporparalaindustria.com\\\/indicador-de-fugas-de-valvulas-de-seguridad\\\/#primaryimage\",\"url\":\"https:\\\/\\\/vaporparalaindustria.com\\\/wp-content\\\/uploads\\\/2026\\\/03\\\/Indicador-de-Fugas-de-Valvulas-de-Seguridad.jpeg\",\"contentUrl\":\"https:\\\/\\\/vaporparalaindustria.com\\\/wp-content\\\/uploads\\\/2026\\\/03\\\/Indicador-de-Fugas-de-Valvulas-de-Seguridad.jpeg\"},{\"@type\":\"BreadcrumbList\",\"@id\":\"https:\\\/\\\/vaporparalaindustria.com\\\/indicador-de-fugas-de-valvulas-de-seguridad\\\/#breadcrumb\",\"itemListElement\":[{\"@type\":\"ListItem\",\"position\":1,\"name\":\"Portada\",\"item\":\"https:\\\/\\\/vaporparalaindustria.com\\\/\"},{\"@type\":\"ListItem\",\"position\":2,\"name\":\"Indicador de Fugas de V\u00e1lvulas de Seguridad\"}]},{\"@type\":\"WebSite\",\"@id\":\"https:\\\/\\\/vaporparalaindustria.com\\\/#website\",\"url\":\"https:\\\/\\\/vaporparalaindustria.com\\\/\",\"name\":\"Vapor para la Industria\",\"description\":\"Gesti\u00f3n Eficiente de los Sistemas de Vapor\",\"publisher\":{\"@id\":\"https:\\\/\\\/vaporparalaindustria.com\\\/#organization\"},\"potentialAction\":[{\"@type\":\"SearchAction\",\"target\":{\"@type\":\"EntryPoint\",\"urlTemplate\":\"https:\\\/\\\/vaporparalaindustria.com\\\/?s={search_term_string}\"},\"query-input\":{\"@type\":\"PropertyValueSpecification\",\"valueRequired\":true,\"valueName\":\"search_term_string\"}}],\"inLanguage\":\"pt-PT\"},{\"@type\":\"Organization\",\"@id\":\"https:\\\/\\\/vaporparalaindustria.com\\\/#organization\",\"name\":\"Vapor para la Industria\",\"url\":\"https:\\\/\\\/vaporparalaindustria.com\\\/\",\"logo\":{\"@type\":\"ImageObject\",\"inLanguage\":\"pt-PT\",\"@id\":\"https:\\\/\\\/vaporparalaindustria.com\\\/#\\\/schema\\\/logo\\\/image\\\/\",\"url\":\"https:\\\/\\\/vaporparalaindustria.com\\\/wp-content\\\/uploads\\\/2017\\\/10\\\/LogoBlogBLANCO-FINAL_VAPOR-PARA-LA-INDUSTRIA-e1499957507814.png\",\"contentUrl\":\"https:\\\/\\\/vaporparalaindustria.com\\\/wp-content\\\/uploads\\\/2017\\\/10\\\/LogoBlogBLANCO-FINAL_VAPOR-PARA-LA-INDUSTRIA-e1499957507814.png\",\"width\":300,\"height\":117,\"caption\":\"Vapor para la Industria\"},\"image\":{\"@id\":\"https:\\\/\\\/vaporparalaindustria.com\\\/#\\\/schema\\\/logo\\\/image\\\/\"}}]}<\/script>\n<!-- \/ Yoast SEO plugin. -->","yoast_head_json":{"title":"Indicador de Fugas de V\u00e1lvulas de Seguridad para Vapor","description":"Detecte fugas en v\u00e1lvulas de seguridad con monitorizaci\u00f3n continua no invasiva, panel digital e informes t\u00e9cnicos para mejorar seguridad, eficiencia y mantenimiento.","robots":{"index":"index","follow":"follow","max-snippet":"max-snippet:-1","max-image-preview":"max-image-preview:large","max-video-preview":"max-video-preview:-1"},"canonical":"https:\/\/vaporparalaindustria.com\/pt\/indicador-de-fugas-de-valvulas-de-seguridad\/","og_locale":"pt_PT","og_type":"article","og_title":"Indicador de Fugas de V\u00e1lvulas de Seguridad para Vapor","og_description":"Detecte fugas en v\u00e1lvulas de seguridad con monitorizaci\u00f3n continua no invasiva, panel digital e informes t\u00e9cnicos para mejorar seguridad, eficiencia y mantenimiento.","og_url":"https:\/\/vaporparalaindustria.com\/pt\/indicador-de-fugas-de-valvulas-de-seguridad\/","og_site_name":"Vapor para la Industria","article_modified_time":"2026-04-06T11:17:07+00:00","og_image":[{"url":"https:\/\/vaporparalaindustria.com\/wp-content\/uploads\/2026\/03\/Indicador-de-Fugas-de-Valvulas-de-Seguridad.jpeg","type":"","width":"","height":""}],"twitter_card":"summary_large_image","twitter_misc":{"Tempo estimado de leitura":"6 minutos"},"schema":{"@context":"https:\/\/schema.org","@graph":[{"@type":"WebPage","@id":"https:\/\/vaporparalaindustria.com\/indicador-de-fugas-de-valvulas-de-seguridad\/","url":"https:\/\/vaporparalaindustria.com\/indicador-de-fugas-de-valvulas-de-seguridad\/","name":"Indicador de Fugas de V\u00e1lvulas de Seguridad para Vapor","isPartOf":{"@id":"https:\/\/vaporparalaindustria.com\/#website"},"primaryImageOfPage":{"@id":"https:\/\/vaporparalaindustria.com\/indicador-de-fugas-de-valvulas-de-seguridad\/#primaryimage"},"image":{"@id":"https:\/\/vaporparalaindustria.com\/indicador-de-fugas-de-valvulas-de-seguridad\/#primaryimage"},"thumbnailUrl":"https:\/\/vaporparalaindustria.com\/wp-content\/uploads\/2026\/03\/Indicador-de-Fugas-de-Valvulas-de-Seguridad.jpeg","datePublished":"2026-03-13T13:01:10+00:00","dateModified":"2026-04-06T11:17:07+00:00","description":"Detecte fugas en v\u00e1lvulas de seguridad con monitorizaci\u00f3n continua no invasiva, panel digital e informes t\u00e9cnicos para mejorar seguridad, eficiencia y mantenimiento.","breadcrumb":{"@id":"https:\/\/vaporparalaindustria.com\/indicador-de-fugas-de-valvulas-de-seguridad\/#breadcrumb"},"inLanguage":"pt-PT","potentialAction":[{"@type":"ReadAction","target":["https:\/\/vaporparalaindustria.com\/indicador-de-fugas-de-valvulas-de-seguridad\/"]}]},{"@type":"ImageObject","inLanguage":"pt-PT","@id":"https:\/\/vaporparalaindustria.com\/indicador-de-fugas-de-valvulas-de-seguridad\/#primaryimage","url":"https:\/\/vaporparalaindustria.com\/wp-content\/uploads\/2026\/03\/Indicador-de-Fugas-de-Valvulas-de-Seguridad.jpeg","contentUrl":"https:\/\/vaporparalaindustria.com\/wp-content\/uploads\/2026\/03\/Indicador-de-Fugas-de-Valvulas-de-Seguridad.jpeg"},{"@type":"BreadcrumbList","@id":"https:\/\/vaporparalaindustria.com\/indicador-de-fugas-de-valvulas-de-seguridad\/#breadcrumb","itemListElement":[{"@type":"ListItem","position":1,"name":"Portada","item":"https:\/\/vaporparalaindustria.com\/"},{"@type":"ListItem","position":2,"name":"Indicador de Fugas de V\u00e1lvulas de Seguridad"}]},{"@type":"WebSite","@id":"https:\/\/vaporparalaindustria.com\/#website","url":"https:\/\/vaporparalaindustria.com\/","name":"Vapor para a Ind\u00fastria","description":"Gest\u00e3o Eficiente de Sistemas a Vapor","publisher":{"@id":"https:\/\/vaporparalaindustria.com\/#organization"},"potentialAction":[{"@type":"SearchAction","target":{"@type":"EntryPoint","urlTemplate":"https:\/\/vaporparalaindustria.com\/?s={search_term_string}"},"query-input":{"@type":"PropertyValueSpecification","valueRequired":true,"valueName":"search_term_string"}}],"inLanguage":"pt-PT"},{"@type":"Organization","@id":"https:\/\/vaporparalaindustria.com\/#organization","name":"Vapor para a Ind\u00fastria","url":"https:\/\/vaporparalaindustria.com\/","logo":{"@type":"ImageObject","inLanguage":"pt-PT","@id":"https:\/\/vaporparalaindustria.com\/#\/schema\/logo\/image\/","url":"https:\/\/vaporparalaindustria.com\/wp-content\/uploads\/2017\/10\/LogoBlogBLANCO-FINAL_VAPOR-PARA-LA-INDUSTRIA-e1499957507814.png","contentUrl":"https:\/\/vaporparalaindustria.com\/wp-content\/uploads\/2017\/10\/LogoBlogBLANCO-FINAL_VAPOR-PARA-LA-INDUSTRIA-e1499957507814.png","width":300,"height":117,"caption":"Vapor para la Industria"},"image":{"@id":"https:\/\/vaporparalaindustria.com\/#\/schema\/logo\/image\/"}}]}},"acf":[],"_links":{"self":[{"href":"https:\/\/vaporparalaindustria.com\/pt\/wp-json\/wp\/v2\/pages\/27402","targetHints":{"allow":["GET"]}}],"collection":[{"href":"https:\/\/vaporparalaindustria.com\/pt\/wp-json\/wp\/v2\/pages"}],"about":[{"href":"https:\/\/vaporparalaindustria.com\/pt\/wp-json\/wp\/v2\/types\/page"}],"author":[{"embeddable":true,"href":"https:\/\/vaporparalaindustria.com\/pt\/wp-json\/wp\/v2\/users\/5"}],"replies":[{"embeddable":true,"href":"https:\/\/vaporparalaindustria.com\/pt\/wp-json\/wp\/v2\/comments?post=27402"}],"version-history":[{"count":0,"href":"https:\/\/vaporparalaindustria.com\/pt\/wp-json\/wp\/v2\/pages\/27402\/revisions"}],"wp:attachment":[{"href":"https:\/\/vaporparalaindustria.com\/pt\/wp-json\/wp\/v2\/media?parent=27402"}],"curies":[{"name":"wp","href":"https:\/\/api.w.org\/{rel}","templated":true}]}}