{"id":27398,"date":"2026-03-13T12:56:29","date_gmt":"2026-03-13T11:56:29","guid":{"rendered":"https:\/\/vaporparalaindustria.com\/?page_id=27398"},"modified":"2026-04-06T12:17:25","modified_gmt":"2026-04-06T11:17:25","slug":"detector-de-purgador-de-vapor-bloqueado","status":"publish","type":"page","link":"https:\/\/vaporparalaindustria.com\/pt\/detector-de-purgador-de-vapor-bloqueado\/","title":{"rendered":"Detector de Purgador de Vapor Bloqueado"},"content":{"rendered":"<h1>\n\t\t\tDetector de Purgador de Vapor Bloqueado\t<\/h1>\n\t<p>Monitorizaci\u00f3n con sensores en tiempo real para detectar fallos cr\u00edticos en purgadores de vapor bloqueados, priorizar el mantenimiento y proteger el rendimiento del sistema de vapor.<\/p>\n\t<ul>\n\t\t\t<li>\n\t\t\t\tMonitorizaci\u00f3n no invasiva e inal\u00e1mbrica\n\t\t\t<\/li>\n\t\t\t<li>\n\t\t\t\tInstalaci\u00f3n sin interrumpir la actividad\n\t\t\t<\/li>\n\t\t\t<li>\n\t\t\t\tInformes y recomendaciones de especialistas en vapor\n\t\t\t<\/li>\n\t\t\t<li>\n\t\t\t\tAcceso continuo a los datos en la nube\n\t\t\t<\/li>\n\t\t<\/ul>\n\t\t\t<a href=\"#form\"  target=\"_self\">\n\t\t\t\t\t\t\tSolicitar asesor\u00eda t\u00e9cnica\n\t\t\t\t\t<\/a>\n\t\t\t<a href=\"#funciona\"  target=\"_self\">\n\t\t\t\t\t\t\tVer c\u00f3mo funciona\n\t\t\t\t\t<\/a>\n<figure itemscope itemtype=\"https:\/\/schema.org\/ImageObject\">\n\t\t\t\t<img decoding=\"async\" src=\"https:\/\/vaporparalaindustria.com\/wp-content\/uploads\/2026\/03\/Detector-de-Purgador-de-Vapor-Bloqueado.jpeg\" alt=\"Detector de Purgador de Vapor Bloqueado\" height=\"804\" width=\"1192\" title=\"Detector de Purgador de Vapor Bloqueado\" onerror=\"this.style.display='none'\" loading=\"lazy\" \/>\n\t<\/figure>\n\t\t\t\t\t\t<p>Monitorizaci\u00f3n digital con prop\u00f3sito<\/p>\t\t\t\t\t\n\t\t\t<p>Controle el estado de sus purgadores de vapor con una soluci\u00f3n conectada que ayuda a identificar fallos cr\u00edticos antes de que afecten la productividad, la seguridad y la integridad del sistema.<\/p>\t\t\n<h2>\n\t\t\t\u00bfPor qu\u00e9 es cr\u00edtico detectar un purgador de vapor bloqueado?\t<\/h2>\n\t<p>Los sistemas de calentamiento son esenciales para la operaci\u00f3n, pero pueden sufrir fallos prematuros cuando los purgadores de vapor se bloquean o no eliminan correctamente el condensado. Este problema no siempre se detecta a tiempo y suele manifestarse despu\u00e9s en forma de bajo rendimiento t\u00e9rmico, fugas en intercambiadores o degradaci\u00f3n de la planta.<\/p>\n<h3>\n\t\t\tLo que suele pasar en planta\t<\/h3>\n\t<p>Los purgadores de vapor bloqueados pueden ser dif\u00edciles de identificar en el momento en que se produce el fallo. Sin embargo, terminan generando s\u00edntomas operativos que afectan el rendimiento del sistema y elevan el riesgo de aver\u00edas en otros equipos.<\/p>\n\t<ul>\n\t\t\t<li>\n\t\t\t\tBajo rendimiento en procesos de transferencia de calor\n\t\t\t<\/li>\n\t\t\t<li>\n\t\t\t\tFugas en intercambiadores de calor\n\t\t\t<\/li>\n\t\t\t<li>\n\t\t\t\tRetenci\u00f3n de condensado en la red\n\t\t\t<\/li>\n\t\t\t<li>\n\t\t\t\tDa\u00f1os por bloqueo en el sistema de vapor\n\t\t\t<\/li>\n\t\t\t<li>\n\t\t\t\tDificultad para priorizar mantenimiento\n\t\t\t<\/li>\n\t\t<\/ul>\n\t\t\t\t\t\t<p>El problema real<\/p>\t\t\t\t\t\n\t\t\t<p>No se trata solo de un purgador defectuoso. Se trata de la p\u00e9rdida de visibilidad sobre un fallo que puede afectar la productividad del proceso, incrementar riesgos operativos y generar mantenimiento correctivo evitable.<\/p>\t\t\n<figure itemscope itemtype=\"https:\/\/schema.org\/ImageObject\">\n\t\t\t\t<img decoding=\"async\" src=\"https:\/\/vaporparalaindustria.com\/wp-content\/uploads\/2026\/03\/Lo-que-suele-pasar-en-planta-1.jpeg\" alt=\"Lo que suele pasar en planta\" height=\"732\" width=\"1200\" title=\"Lo que suele pasar en planta\" onerror=\"this.style.display='none'\" loading=\"lazy\" \/>\n\t<\/figure>\n<h2>\n\t\t\tBeneficios del servicio\t<\/h2>\n\t<p>El servicio permite detectar fallos cr\u00edticos en el sistema de vapor, priorizar actuaciones de mantenimiento y mejorar la fiabilidad de la planta, con impacto directo en productividad, seguridad y reparaci\u00f3n.<\/p>\n\t\t\t\t\t\t<p>Productividad del proceso<\/p>\t\t\t\t\t\n\t\t\t<p>Maximice el tiempo de actividad de la planta de vapor y reduzca la probabilidad de da\u00f1os debidos a bloqueos y a la retenci\u00f3n de condensado.<\/p>\t\t\n\t\t\t\t\t\t<p>Seguridad y riesgos<\/p>\t\t\t\t\t\n\t\t\t<p>Reduzca el riesgo de golpes de ariete ocasionados por la presencia de condensado retenido en las tuber\u00edas de vapor.<\/p>\t\t\n\t\t\t\t\t\t<p>Mantenimiento y reparaci\u00f3n<\/p>\t\t\t\t\t\n\t\t\t<p>Identifique los purgadores defectuosos y analice los que fallan repetidamente para prevenir incidencias futuras.<\/p>\t\t\n<h2>\n\t\t\tC\u00f3mo funciona el servicio\t<\/h2>\n\t<p>La soluci\u00f3n combina sensores no invasivos, conectividad LoRaWAN, acceso permanente al panel digital e informes peri\u00f3dicos con revisi\u00f3n especializada.<\/p>\n\t\t\t\t\t\t<p>1. Equipos<\/p>\t\t\t\t\t\n\t\t\t<p>Suministramos e instalamos sensores no invasivos y una red LoRaWAN independiente durante el tiempo que dure la instalaci\u00f3n, sin interrumpir la operaci\u00f3n.<\/p>\t\t\n\t\t\t\t\t\t<p>2. Panel de control<\/p>\t\t\t\t\t\n\t\t\t<p>Acceso 24\/7 a un panel digital con res\u00famenes de tendencias y visualizaci\u00f3n de umbrales de alarma durante 12 meses.\u00a0<\/p>\t\t\n\t\t\t\t\t\t<p>3. Informes<\/p>\t\t\t\t\t\n\t\t\t<p>Se emite un informe operativo en las primeras 6 a 12 semanas y un segundo informe al finalizar el periodo de 12 meses.\u00a0<\/p>\t\t\n\t\t\t\t\t\t<p>4. Revisi\u00f3n especializada<\/p>\t\t\t\t\t\n\t\t\t<p>Cada informe va acompa\u00f1ado de conversaci\u00f3n en persona o remota con un especialista en vapor, adem\u00e1s de revisi\u00f3n anual del sistema y de los umbrales de alarma.\u00a0<\/p>\t\t\n<h3>\n\t\t\tQu\u00e9 incluye la soluci\u00f3n\t<\/h3>\n\t<p>El sistema combina instrumentaci\u00f3n, conectividad y plataforma digital para facilitar el diagn\u00f3stico del estado de los purgadores y el seguimiento de eventos t\u00e9rmicos en la red de vapor.<\/p>\n\t\t\t\tSensores\n\t\t\t\t<ul>\n<li>2 sensores de temperatura PT1000<\/li>\n<li>Rango de detecci\u00f3n entre -180 \u00b0C y +250 \u00b0C<\/li>\n<li>Cable de 2 m<\/li>\n<li>Bater\u00eda de litio de 3.6 V recambiable<\/li>\n<li>Alarma de bater\u00eda baja<\/li>\n<li>Clasificaci\u00f3n IP65<\/li>\n<li>Uso interior y exterior en entorno industrial<\/li>\n<\/ul>\n\t\t\t\tPuerta de enlace\n\t\t\t\t<ul>\n<li>\n<p>Gateway Plug &amp; Play<\/p>\n<\/li>\n<li>\n<p>Interfaz LoRaWAN<\/p>\n<\/li>\n<li>\n<p>Conectividad 4G<\/p>\n<\/li>\n<li>\n<p>Tarjeta SIM con roaming<\/p>\n<\/li>\n<li>\n<p>Cable de alimentaci\u00f3n y antena seg\u00fan modelo<\/p>\n<\/li>\n<li>\n<p>Clasificaci\u00f3n IP20<\/p>\n<\/li>\n<li>\n<p>Uso interior en entorno seco<\/p>\n<\/li>\n<\/ul>\n\t\t\t\tPanel digital\n\t\t\t\t<ul>\n<li>\n<p>Acceso desde cualquier navegador<\/p>\n<\/li>\n<li>\n<p>Datos en tiempo real e hist\u00f3ricos<\/p>\n<\/li>\n<li>\n<p>Alojado en Microsoft Azure<\/p>\n<\/li>\n<li>\n<p>An\u00e1lisis proporcionado por Strata<\/p>\n<\/li>\n<\/ul>\n<h3>\n\t\t\tQu\u00e9 obtiene su equipo t\u00e9cnico\t<\/h3>\n\t<ul>\n\t\t\t<li>\n\t\t\t\tVisibilidad continua sobre el estado t\u00e9rmico de los purgadores\n\t\t\t<\/li>\n\t\t\t<li>\n\t\t\t\tDetecci\u00f3n m\u00e1s r\u00e1pida de fallos cr\u00edticos\n\t\t\t<\/li>\n\t\t\t<li>\n\t\t\t\tMejor priorizaci\u00f3n del mantenimiento\n\t\t\t<\/li>\n\t\t\t<li>\n\t\t\t\tRevisi\u00f3n t\u00e9cnica basada en datos reales\n\t\t\t<\/li>\n\t\t<\/ul>\n\t\t\t\t\t\t<p>Instalaci\u00f3n sin interrumpir la actividad<\/p>\t\t\t\t\t\n\t\t\t<p>La monitorizaci\u00f3n se realiza con sensores no invasivos, lo que facilita una implantaci\u00f3n r\u00e1pida con impacto m\u00ednimo sobre la operaci\u00f3n.<\/p>\t\t\n<h2>\n\t\t\tD\u00f3nde aporta m\u00e1s valor\t<\/h2>\n\t<p>Especialmente \u00fatil en instalaciones donde la bomba de alimentaci\u00f3n de caldera es cr\u00edtica para la continuidad del sistema de vapor.<\/p>\n\t\t\t\t\t\t<p>Permutadores de calor<\/p>\t\t\t\t\t\n\t\t\t<p>Para detectar s\u00edntomas asociados a fugas, p\u00e9rdida de rendimiento o retenci\u00f3n de condensado.<\/p>\t\t\n\t\t\t\t\t\t<p>Redes de vapor con criticidad operativa<\/p>\t\t\t\t\t\n\t\t\t<p>Ideal cuando un fallo no detectado puede afectar disponibilidad, eficiencia y planificaci\u00f3n de mantenimiento.<\/p>\t\t\n\t\t\t\t\t\t<p>Plantas con foco en fiabilidad y seguridad<\/p>\t\t\t\t\t\n\t\t\t<p>Ayuda a reducir riesgo de golpes de ariete, mejorar el criterio t\u00e9cnico y actuar antes de que el da\u00f1o escale.\u00a0<\/p>\t\t\n<figure itemscope itemtype=\"https:\/\/schema.org\/ImageObject\">\n\t\t\t\t<img decoding=\"async\" src=\"https:\/\/vaporparalaindustria.com\/wp-content\/uploads\/2026\/03\/Detector-de-Purgador-de-Vapor-Bloqueado.jpeg\" alt=\"Detector de Purgador de Vapor Bloqueado\" height=\"804\" width=\"1192\" title=\"Detector de Purgador de Vapor Bloqueado\" onerror=\"this.style.display='none'\" loading=\"lazy\" \/>\n\t<\/figure>\n<h3>\n\t\t\tM\u00e1s que sensores: revisi\u00f3n t\u00e9cnica con criterio de vapor\t<\/h3>\n\t<p>El servicio no termina con la instalaci\u00f3n. Incluye seguimiento t\u00e9cnico, revisi\u00f3n del estado operativo y validaci\u00f3n anual del sistema, con ajuste de sensores y revisi\u00f3n de umbrales de alarma por parte de especialistas de vapor.<\/p>\n\t<ul>\n\t\t\t<li>\n\t\t\t\tInforme inicial\n\t\t\t<\/li>\n\t\t\t<li>\n\t\t\t\tInforme final\n\t\t\t<\/li>\n\t\t\t<li>\n\t\t\t\tRevisi\u00f3n con especialista\n\t\t\t<\/li>\n\t\t\t<li>\n\t\t\t\tInspecci\u00f3n anual del sistema\n\t\t\t<\/li>\n\t\t\t<li>\n\t\t\t\tValidaci\u00f3n de ajustes y alarmas\n\t\t\t<\/li>\n\t\t<\/ul>\n<h2>\n\t\t\tIdentifique antes los purgadores de vapor que est\u00e1n comprometiendo su planta\t<\/h2>\n\t<p>Solicite una evaluaci\u00f3n t\u00e9cnica y descubra si su bomba de alimentaci\u00f3n est\u00e1 operando en condiciones que comprometen su vida \u00fatil y el rendimiento del sistema.<\/p>\n\t\t\t<a href=\"#form\"  target=\"_self\">\n\t\t\t\t\t\t\tSolicitar asesor\u00eda t\u00e9cnica\n\t\t\t\t\t<\/a>\n<h2>\n\t\t\tPreguntas frecuentes\t<\/h2>\n\t\t\t\tFAQ 1: \u00bfHace falta parar la planta para instalar el sistema?\n\t\t\t\t<p>No. El servicio utiliza sensores no invasivos y se plantea para instalarse sin interrumpir la actividad.<\/p>\n\t\t\t\tFAQ 2: \u00bfQu\u00e9 se monitoriza exactamente?\n\t\t\t\t<p>La temperatura de los purgadores de vapor y, si se desea, la temperatura de zonas no cr\u00edticas de la planta para facilitar el diagn\u00f3stico de s\u00edntomas asociados al fallo.<\/p>\n\t\t\t\tFAQ 3: \u00bfDurante cu\u00e1nto tiempo se visualizan los datos?\n\t\t\t\t<p>El panel digital ofrece acceso continuo a tendencias y umbrales de alarma durante un periodo de 12 meses.<\/p>\n\t\t\t\tFAQ 4: \u00bfQu\u00e9 tipo de seguimiento t\u00e9cnico incluye?\n\t\t\t\t<p>Incluye informes a dos niveles, conversaci\u00f3n con especialista en vapor y revisi\u00f3n anual del sistema y de los umbrales de alarma.<\/p>\n\t\t\t\tFAQ 5: \u00bfD\u00f3nde se alojan los datos?\n\t\t\t\t<p>La plataforma est\u00e1 alojada en Microsoft Azure para m\u00e1xima disponibilidad, tiempo \u00fatil y seguridad de los datos.<\/p>\n<h3>\n\t\t\tHable con un especialista en vapor\t<\/h3>\n\t<p>Si desea identificar purgadores de vapor bloqueados o revisar el estado t\u00e9rmico de su sistema, podemos ayudarle a evaluar su caso y definir el enfoque m\u00e1s adecuado.<\/p>\n\t<ul>\n\t\t\t<li>\n\t\t\t\tRespuesta t\u00e9cnica\n\t\t\t<\/li>\n\t\t\t<li>\n\t\t\t\tEnfoque pr\u00e1ctico\n\t\t\t<\/li>\n\t\t\t<li>\n\t\t\t\tOrientaci\u00f3n sobre mantenimiento y fiabilidad\n\t\t\t<\/li>\n\t\t\t<li>\n\t\t\t\tVisi\u00f3n conectada del sistema de vapor\n\t\t\t<\/li>\n\t\t<\/ul>\n\t <form id=\"mktoForm_4655\" action=\"\"><input type=\"hidden\" name=\"trp-form-language\" value=\"pt\"\/><\/form>","protected":false},"excerpt":{"rendered":"<p>Detecte purgadores de vapor bloqueados con monitorizaci\u00f3n no invasiva, panel digital e informes t\u00e9cnicos. Mejore productividad, seguridad y mantenimiento.<\/p>","protected":false},"author":5,"featured_media":0,"parent":0,"menu_order":0,"comment_status":"closed","ping_status":"closed","template":"","meta":{"_acf_changed":true,"_genesis_hide_title":false,"_genesis_hide_breadcrumbs":false,"_genesis_hide_singular_image":false,"_genesis_hide_footer_widgets":false,"_genesis_custom_body_class":"","_genesis_custom_post_class":"","_genesis_layout":"","footnotes":""},"class_list":{"1":"page","2":"type-page","5":"entry"},"yoast_head":"<!-- This site is optimized with the Yoast SEO plugin v27.3 - https:\/\/yoast.com\/product\/yoast-seo-wordpress\/ -->\n<title>Detector de Purgador de Vapor Bloqueado | Monitorizaci\u00f3n de Fallos<\/title>\n<meta name=\"description\" content=\"Detecte purgadores de vapor bloqueados con monitorizaci\u00f3n no invasiva, panel digital e informes t\u00e9cnicos. Mejore productividad, seguridad y mantenimiento.\" \/>\n<meta name=\"robots\" content=\"index, follow, max-snippet:-1, max-image-preview:large, max-video-preview:-1\" \/>\n<link rel=\"canonical\" href=\"https:\/\/vaporparalaindustria.com\/pt\/detector-de-purgador-de-vapor-bloqueado\/\" \/>\n<meta property=\"og:locale\" content=\"pt_PT\" \/>\n<meta property=\"og:type\" content=\"article\" \/>\n<meta property=\"og:title\" content=\"Detector de Purgador de Vapor Bloqueado | Monitorizaci\u00f3n de Fallos\" \/>\n<meta property=\"og:description\" content=\"Detecte purgadores de vapor bloqueados con monitorizaci\u00f3n no invasiva, panel digital e informes t\u00e9cnicos. Mejore productividad, seguridad y mantenimiento.\" \/>\n<meta property=\"og:url\" content=\"https:\/\/vaporparalaindustria.com\/pt\/detector-de-purgador-de-vapor-bloqueado\/\" \/>\n<meta property=\"og:site_name\" content=\"Vapor para la Industria\" \/>\n<meta property=\"article:modified_time\" content=\"2026-04-06T11:17:25+00:00\" \/>\n<meta property=\"og:image\" content=\"https:\/\/vaporparalaindustria.com\/wp-content\/uploads\/2026\/03\/Detector-de-Purgador-de-Vapor-Bloqueado.jpeg\" \/>\n<meta name=\"twitter:card\" content=\"summary_large_image\" \/>\n<meta name=\"twitter:label1\" content=\"Tempo estimado de leitura\" \/>\n\t<meta name=\"twitter:data1\" content=\"6 minutos\" \/>\n<script type=\"application\/ld+json\" class=\"yoast-schema-graph\">{\"@context\":\"https:\\\/\\\/schema.org\",\"@graph\":[{\"@type\":\"WebPage\",\"@id\":\"https:\\\/\\\/vaporparalaindustria.com\\\/detector-de-purgador-de-vapor-bloqueado\\\/\",\"url\":\"https:\\\/\\\/vaporparalaindustria.com\\\/detector-de-purgador-de-vapor-bloqueado\\\/\",\"name\":\"Detector de Purgador de Vapor Bloqueado | Monitorizaci\u00f3n de Fallos\",\"isPartOf\":{\"@id\":\"https:\\\/\\\/vaporparalaindustria.com\\\/#website\"},\"primaryImageOfPage\":{\"@id\":\"https:\\\/\\\/vaporparalaindustria.com\\\/detector-de-purgador-de-vapor-bloqueado\\\/#primaryimage\"},\"image\":{\"@id\":\"https:\\\/\\\/vaporparalaindustria.com\\\/detector-de-purgador-de-vapor-bloqueado\\\/#primaryimage\"},\"thumbnailUrl\":\"https:\\\/\\\/vaporparalaindustria.com\\\/wp-content\\\/uploads\\\/2026\\\/03\\\/Detector-de-Purgador-de-Vapor-Bloqueado.jpeg\",\"datePublished\":\"2026-03-13T11:56:29+00:00\",\"dateModified\":\"2026-04-06T11:17:25+00:00\",\"description\":\"Detecte purgadores de vapor bloqueados con monitorizaci\u00f3n no invasiva, panel digital e informes t\u00e9cnicos. Mejore productividad, seguridad y mantenimiento.\",\"breadcrumb\":{\"@id\":\"https:\\\/\\\/vaporparalaindustria.com\\\/detector-de-purgador-de-vapor-bloqueado\\\/#breadcrumb\"},\"inLanguage\":\"pt-PT\",\"potentialAction\":[{\"@type\":\"ReadAction\",\"target\":[\"https:\\\/\\\/vaporparalaindustria.com\\\/detector-de-purgador-de-vapor-bloqueado\\\/\"]}]},{\"@type\":\"ImageObject\",\"inLanguage\":\"pt-PT\",\"@id\":\"https:\\\/\\\/vaporparalaindustria.com\\\/detector-de-purgador-de-vapor-bloqueado\\\/#primaryimage\",\"url\":\"https:\\\/\\\/vaporparalaindustria.com\\\/wp-content\\\/uploads\\\/2026\\\/03\\\/Detector-de-Purgador-de-Vapor-Bloqueado.jpeg\",\"contentUrl\":\"https:\\\/\\\/vaporparalaindustria.com\\\/wp-content\\\/uploads\\\/2026\\\/03\\\/Detector-de-Purgador-de-Vapor-Bloqueado.jpeg\"},{\"@type\":\"BreadcrumbList\",\"@id\":\"https:\\\/\\\/vaporparalaindustria.com\\\/detector-de-purgador-de-vapor-bloqueado\\\/#breadcrumb\",\"itemListElement\":[{\"@type\":\"ListItem\",\"position\":1,\"name\":\"Portada\",\"item\":\"https:\\\/\\\/vaporparalaindustria.com\\\/\"},{\"@type\":\"ListItem\",\"position\":2,\"name\":\"Detector de Purgador de Vapor Bloqueado\"}]},{\"@type\":\"WebSite\",\"@id\":\"https:\\\/\\\/vaporparalaindustria.com\\\/#website\",\"url\":\"https:\\\/\\\/vaporparalaindustria.com\\\/\",\"name\":\"Vapor para la Industria\",\"description\":\"Gesti\u00f3n Eficiente de los Sistemas de Vapor\",\"publisher\":{\"@id\":\"https:\\\/\\\/vaporparalaindustria.com\\\/#organization\"},\"potentialAction\":[{\"@type\":\"SearchAction\",\"target\":{\"@type\":\"EntryPoint\",\"urlTemplate\":\"https:\\\/\\\/vaporparalaindustria.com\\\/?s={search_term_string}\"},\"query-input\":{\"@type\":\"PropertyValueSpecification\",\"valueRequired\":true,\"valueName\":\"search_term_string\"}}],\"inLanguage\":\"pt-PT\"},{\"@type\":\"Organization\",\"@id\":\"https:\\\/\\\/vaporparalaindustria.com\\\/#organization\",\"name\":\"Vapor para la Industria\",\"url\":\"https:\\\/\\\/vaporparalaindustria.com\\\/\",\"logo\":{\"@type\":\"ImageObject\",\"inLanguage\":\"pt-PT\",\"@id\":\"https:\\\/\\\/vaporparalaindustria.com\\\/#\\\/schema\\\/logo\\\/image\\\/\",\"url\":\"https:\\\/\\\/vaporparalaindustria.com\\\/wp-content\\\/uploads\\\/2017\\\/10\\\/LogoBlogBLANCO-FINAL_VAPOR-PARA-LA-INDUSTRIA-e1499957507814.png\",\"contentUrl\":\"https:\\\/\\\/vaporparalaindustria.com\\\/wp-content\\\/uploads\\\/2017\\\/10\\\/LogoBlogBLANCO-FINAL_VAPOR-PARA-LA-INDUSTRIA-e1499957507814.png\",\"width\":300,\"height\":117,\"caption\":\"Vapor para la Industria\"},\"image\":{\"@id\":\"https:\\\/\\\/vaporparalaindustria.com\\\/#\\\/schema\\\/logo\\\/image\\\/\"}}]}<\/script>\n<!-- \/ Yoast SEO plugin. -->","yoast_head_json":{"title":"Detector de Purgador de Vapor Bloqueado | Monitorizaci\u00f3n de Fallos","description":"Detecte purgadores de vapor bloqueados con monitorizaci\u00f3n no invasiva, panel digital e informes t\u00e9cnicos. Mejore productividad, seguridad y mantenimiento.","robots":{"index":"index","follow":"follow","max-snippet":"max-snippet:-1","max-image-preview":"max-image-preview:large","max-video-preview":"max-video-preview:-1"},"canonical":"https:\/\/vaporparalaindustria.com\/pt\/detector-de-purgador-de-vapor-bloqueado\/","og_locale":"pt_PT","og_type":"article","og_title":"Detector de Purgador de Vapor Bloqueado | Monitorizaci\u00f3n de Fallos","og_description":"Detecte purgadores de vapor bloqueados con monitorizaci\u00f3n no invasiva, panel digital e informes t\u00e9cnicos. Mejore productividad, seguridad y mantenimiento.","og_url":"https:\/\/vaporparalaindustria.com\/pt\/detector-de-purgador-de-vapor-bloqueado\/","og_site_name":"Vapor para la Industria","article_modified_time":"2026-04-06T11:17:25+00:00","og_image":[{"url":"https:\/\/vaporparalaindustria.com\/wp-content\/uploads\/2026\/03\/Detector-de-Purgador-de-Vapor-Bloqueado.jpeg","type":"","width":"","height":""}],"twitter_card":"summary_large_image","twitter_misc":{"Tempo estimado de leitura":"6 minutos"},"schema":{"@context":"https:\/\/schema.org","@graph":[{"@type":"WebPage","@id":"https:\/\/vaporparalaindustria.com\/detector-de-purgador-de-vapor-bloqueado\/","url":"https:\/\/vaporparalaindustria.com\/detector-de-purgador-de-vapor-bloqueado\/","name":"Detector de Purgador de Vapor Bloqueado | Monitorizaci\u00f3n de Fallos","isPartOf":{"@id":"https:\/\/vaporparalaindustria.com\/#website"},"primaryImageOfPage":{"@id":"https:\/\/vaporparalaindustria.com\/detector-de-purgador-de-vapor-bloqueado\/#primaryimage"},"image":{"@id":"https:\/\/vaporparalaindustria.com\/detector-de-purgador-de-vapor-bloqueado\/#primaryimage"},"thumbnailUrl":"https:\/\/vaporparalaindustria.com\/wp-content\/uploads\/2026\/03\/Detector-de-Purgador-de-Vapor-Bloqueado.jpeg","datePublished":"2026-03-13T11:56:29+00:00","dateModified":"2026-04-06T11:17:25+00:00","description":"Detecte purgadores de vapor bloqueados con monitorizaci\u00f3n no invasiva, panel digital e informes t\u00e9cnicos. Mejore productividad, seguridad y mantenimiento.","breadcrumb":{"@id":"https:\/\/vaporparalaindustria.com\/detector-de-purgador-de-vapor-bloqueado\/#breadcrumb"},"inLanguage":"pt-PT","potentialAction":[{"@type":"ReadAction","target":["https:\/\/vaporparalaindustria.com\/detector-de-purgador-de-vapor-bloqueado\/"]}]},{"@type":"ImageObject","inLanguage":"pt-PT","@id":"https:\/\/vaporparalaindustria.com\/detector-de-purgador-de-vapor-bloqueado\/#primaryimage","url":"https:\/\/vaporparalaindustria.com\/wp-content\/uploads\/2026\/03\/Detector-de-Purgador-de-Vapor-Bloqueado.jpeg","contentUrl":"https:\/\/vaporparalaindustria.com\/wp-content\/uploads\/2026\/03\/Detector-de-Purgador-de-Vapor-Bloqueado.jpeg"},{"@type":"BreadcrumbList","@id":"https:\/\/vaporparalaindustria.com\/detector-de-purgador-de-vapor-bloqueado\/#breadcrumb","itemListElement":[{"@type":"ListItem","position":1,"name":"Portada","item":"https:\/\/vaporparalaindustria.com\/"},{"@type":"ListItem","position":2,"name":"Detector de Purgador de Vapor Bloqueado"}]},{"@type":"WebSite","@id":"https:\/\/vaporparalaindustria.com\/#website","url":"https:\/\/vaporparalaindustria.com\/","name":"Vapor para a Ind\u00fastria","description":"Gest\u00e3o Eficiente de Sistemas a Vapor","publisher":{"@id":"https:\/\/vaporparalaindustria.com\/#organization"},"potentialAction":[{"@type":"SearchAction","target":{"@type":"EntryPoint","urlTemplate":"https:\/\/vaporparalaindustria.com\/?s={search_term_string}"},"query-input":{"@type":"PropertyValueSpecification","valueRequired":true,"valueName":"search_term_string"}}],"inLanguage":"pt-PT"},{"@type":"Organization","@id":"https:\/\/vaporparalaindustria.com\/#organization","name":"Vapor para a Ind\u00fastria","url":"https:\/\/vaporparalaindustria.com\/","logo":{"@type":"ImageObject","inLanguage":"pt-PT","@id":"https:\/\/vaporparalaindustria.com\/#\/schema\/logo\/image\/","url":"https:\/\/vaporparalaindustria.com\/wp-content\/uploads\/2017\/10\/LogoBlogBLANCO-FINAL_VAPOR-PARA-LA-INDUSTRIA-e1499957507814.png","contentUrl":"https:\/\/vaporparalaindustria.com\/wp-content\/uploads\/2017\/10\/LogoBlogBLANCO-FINAL_VAPOR-PARA-LA-INDUSTRIA-e1499957507814.png","width":300,"height":117,"caption":"Vapor para la Industria"},"image":{"@id":"https:\/\/vaporparalaindustria.com\/#\/schema\/logo\/image\/"}}]}},"acf":[],"_links":{"self":[{"href":"https:\/\/vaporparalaindustria.com\/pt\/wp-json\/wp\/v2\/pages\/27398","targetHints":{"allow":["GET"]}}],"collection":[{"href":"https:\/\/vaporparalaindustria.com\/pt\/wp-json\/wp\/v2\/pages"}],"about":[{"href":"https:\/\/vaporparalaindustria.com\/pt\/wp-json\/wp\/v2\/types\/page"}],"author":[{"embeddable":true,"href":"https:\/\/vaporparalaindustria.com\/pt\/wp-json\/wp\/v2\/users\/5"}],"replies":[{"embeddable":true,"href":"https:\/\/vaporparalaindustria.com\/pt\/wp-json\/wp\/v2\/comments?post=27398"}],"version-history":[{"count":0,"href":"https:\/\/vaporparalaindustria.com\/pt\/wp-json\/wp\/v2\/pages\/27398\/revisions"}],"wp:attachment":[{"href":"https:\/\/vaporparalaindustria.com\/pt\/wp-json\/wp\/v2\/media?parent=27398"}],"curies":[{"name":"wp","href":"https:\/\/api.w.org\/{rel}","templated":true}]}}