{"id":27304,"date":"2025-07-23T14:28:50","date_gmt":"2025-07-23T13:28:50","guid":{"rendered":"https:\/\/vaporparalaindustria.com\/?page_id=27304"},"modified":"2026-04-06T12:09:08","modified_gmt":"2026-04-06T11:09:08","slug":"servicio-de-optimizacion-de-venteos-de-vapor-en-la-industria-farmaceutica","status":"publish","type":"page","link":"https:\/\/vaporparalaindustria.com\/pt\/servicio-de-optimizacion-de-venteos-de-vapor-en-la-industria-farmaceutica\/","title":{"rendered":"Servi\u00e7o de otimiza\u00e7\u00e3o da ventila\u00e7\u00e3o de vapor para a ind\u00fastria farmac\u00eautica"},"content":{"rendered":"<h1>\n\t\t\tOptimizaci\u00f3n de venteos de vapor en la industria farmac\u00e9utica: calidad, eficiencia y cumplimiento normativo\t<\/h1>\n\t<p>Evite perdas econ\u00f3micas, reduza as emiss\u00f5es com o nosso servi\u00e7o t\u00e9cnico especializado para a ind\u00fastria farmac\u00eautica.<\/p>\n\t\t\t<a href=\"#form\"  target=\"_self\">\n\t\t\t\t\t\t\tSOLICITAR INFORMA\u00c7\u00d5ES\n\t\t\t<\/a>\n\t\n\t\n<h2>\n\t\t\tUma solu\u00e7\u00e3o para a ind\u00fastria mais exigente\t<\/h2>\n<h3>\n\t\t\tLos venteos generan p\u00e9rdidas econ\u00f3micas y emisiones de CO2\t<\/h3>\n\t<p>En el sector farmac\u00e9utico, cada detalle importa. Los venteos de vapor generan p\u00e9rdidas econ\u00f3micas, incumplimientos normativos y riesgos de contaminaci\u00f3n.<\/p>\n<p><strong>A Spirax Sarco oferece um servi\u00e7o especializado de otimiza\u00e7\u00e3o da ventila\u00e7\u00e3o do sistema de vapor<\/strong>A miss\u00e3o da empresa \u00e9 satisfazer os mais elevados padr\u00f5es de seguran\u00e7a, efici\u00eancia e valida\u00e7\u00e3o.<\/p>\n<p>&nbsp;<\/p>\n<ul>\n<li>Tem as sa\u00eddas de vapor activas durante longos per\u00edodos sem saber quanta energia est\u00e1 a perder?<\/li>\n<li>Est\u00e3o a ser gerados custos ocultos devido a perdas t\u00e9rmicas no seu sistema de vapor?<\/li>\n<li>Detectou fugas ou aberturas de ventila\u00e7\u00e3o mas n\u00e3o sabe como as quantificar?<\/li>\n<li>Foi-lhe pedido um plano de redu\u00e7\u00e3o de emiss\u00f5es ou de melhoria da efici\u00eancia energ\u00e9tica e n\u00e3o sabe por onde come\u00e7ar?<\/li>\n<li>Disp\u00f5e de indicadores precisos da utiliza\u00e7\u00e3o real de vapor nas suas linhas cr\u00edticas?<\/li>\n<li>A equipa de manuten\u00e7\u00e3o recebe alertas apenas quando \u00e9 demasiado tarde para evitar o desperd\u00edcio de energia?<\/li>\n<\/ul>\n<h2>\n\t\t\tO que \u00e9 que o nosso servi\u00e7o inclui?\t<\/h2>\n\t\t\t\t\t\t\t<img loading=\"lazy\" decoding=\"async\" src=\"https:\/\/vaporparalaindustria.com\/wp-content\/uploads\/2025\/09\/Diagnostico-in-situ-de-los-venteos-de-vapor.jpg\" alt=\"Diagn\u00f3stico in situ de los venteos de vapor\" width=\"1200\" height=\"800\" \/>\n\t\t\t\t\t\t<h3>Diagn\u00f3stico no local de aberturas de vapor em tanques, destiladores e geradores de vapor<\/h3>\t\t\t\t\t\n\t\t\t<p>Permite identificar pontos cr\u00edticos, avaliar as condi\u00e7\u00f5es reais de funcionamento e detetar problemas ocultos que afectam a qualidade ou a efici\u00eancia do sistema.<\/p>\t\t\n\t\t\t\t\t\t\t<img loading=\"lazy\" decoding=\"async\" src=\"https:\/\/vaporparalaindustria.com\/wp-content\/uploads\/2025\/09\/Reduccion-de-condensacion-y-fugas-no-controladas.jpg\" alt=\"Reducci\u00f3n de condensaci\u00f3n y fugas no controladas\" width=\"1200\" height=\"800\" \/>\n\t\t\t\t\t\t<h3>Redu\u00e7\u00e3o de fugas n\u00e3o controladas<\/h3>\t\t\t\t\t\n\t\t\t<p>Minimiza as fugas indesejadas de condensado, o que reduzir\u00e1 as perdas de energia, as emiss\u00f5es de CO2 e os danos na instala\u00e7\u00e3o (por exemplo, telhados).<\/p>\t\t\n\t\t\t\t\t\t\t<img loading=\"lazy\" decoding=\"async\" src=\"https:\/\/vaporparalaindustria.com\/wp-content\/uploads\/2025\/09\/Optimizacion-de-Venteos-de-Vapor.jpg\" alt=\"Optimizaci\u00f3n de Venteos de Vapor\" width=\"1200\" height=\"800\" \/>\n\t\t\t\t\t\t<h3>Quantifica\u00e7\u00e3o das perdas e justifica\u00e7\u00e3o t\u00e9cnica do ROI<\/h3>\t\t\t\t\t\n\t\t\tPermite estimar, com dados reais, o impacto econ\u00f3mico de uma ventila\u00e7\u00e3o mal gerida. O relat\u00f3rio t\u00e9cnico inclui c\u00e1lculos de potenciais poupan\u00e7as e de retorno do investimento (ROI), facilitando a tomada de decis\u00f5es e a aprova\u00e7\u00e3o de projectos de efici\u00eancia energ\u00e9tica por parte da administra\u00e7\u00e3o ou de grupos empresariais.\t\t\n\t\t\t\t\t\t\t<img loading=\"lazy\" decoding=\"async\" src=\"https:\/\/vaporparalaindustria.com\/wp-content\/uploads\/2025\/09\/Recomendaciones-personalizadas-e-implementacion.jpg\" alt=\"Recomendaciones personalizadas e implementacio\u0301n\" width=\"1200\" height=\"800\" \/>\n\t\t\t\t\t\t<h3>Recomenda\u00e7\u00f5es e implementa\u00e7\u00e3o personalizadas<\/h3>\t\t\t\t\t\n\t\t\t<p>Oferece um plano de melhoria adaptado a cada instala\u00e7\u00e3o, com ac\u00e7\u00f5es concretas, sele\u00e7\u00e3o de componentes adequados e apoio t\u00e9cnico durante a implementa\u00e7\u00e3o para garantir resultados sustent\u00e1veis.<\/p>\t\t\n<h2>\n\t\t\tVantagens concretas para a sua f\u00e1brica\t<\/h2>\n\t\t\t\t\t\t\t<img loading=\"lazy\" decoding=\"async\" src=\"https:\/\/vaporparalaindustria.com\/wp-content\/uploads\/2025\/07\/Aumento-de-la-eficiencia-energetica-y-operativa-icon.png\" alt=\"Aumento de la eficiencia energe\u0301tica y operativa icon\" width=\"128\" height=\"128\" \/>\n\t\t\t\t\t\t<p>Poupan\u00e7a de energia e de custos<\/p>\t\t\t\t\t\n\t\t\t<p>Redu\u00e7\u00e3o do consumo de energia entre 5 % e 20 % e retorno do investimento em menos de 12 meses gra\u00e7as \u00e0 recupera\u00e7\u00e3o total da ventila\u00e7\u00e3o pelos permutadores EVC.<\/p>\t\t\n\t\t\t\t\t\t\t<img loading=\"lazy\" decoding=\"async\" src=\"https:\/\/vaporparalaindustria.com\/wp-content\/uploads\/2025\/07\/Menor-impacto-ambiental-por-venteos-de-vapor-innecesarios-icon.png\" alt=\"Menor impacto ambiental por venteos de vapor innecesarios icon\" width=\"128\" height=\"128\" \/>\n\t\t\t\t\t\t<p>Redu\u00e7\u00e3o das emiss\u00f5es e do consumo de combust\u00edvel<\/p>\t\t\t\t\t\n\t\t\t<p>Redu\u00e7\u00e3o significativa das emiss\u00f5es de CO\u2082 e da utiliza\u00e7\u00e3o de combust\u00edvel nas caldeiras, evitando a ventila\u00e7\u00e3o desnecess\u00e1ria.<\/p>\t\t\n\t\t\t\t\t\t\t<img loading=\"lazy\" decoding=\"async\" src=\"https:\/\/vaporparalaindustria.com\/wp-content\/uploads\/2025\/07\/Aseguramiento-de-esterilidad-en-lineas-CIPSIP-icon.png\" alt=\"Aseguramiento de esterilidad en li\u0301neas CIP:SIP icon\" width=\"128\" height=\"128\" \/>\n\t\t\t\t\t\t<p>Melhor controlo do sistema de vapor<\/p>\t\t\t\t\t\n\t\t\t<p>Maior conhecimento do estado real do sistema, incluindo aberturas ocultas ou desvios n\u00e3o documentados.<\/p>\t\t\n\t\t\t\t\t\t\t<img loading=\"lazy\" decoding=\"async\" src=\"https:\/\/vaporparalaindustria.com\/wp-content\/uploads\/2025\/07\/Conformidad-con-normativas-FDA-EMA-y-GMP-icon.png\" alt=\"Conformidad con normativas FDA, EMA y GMP icon\" width=\"128\" height=\"128\" \/>\n\t\t\t\t\t\t<p>Apoio \u00e0 decis\u00e3o estrat\u00e9gica<\/p>\t\t\t\t\t\n\t\t\t<p>Facilita a justifica\u00e7\u00e3o de novos investimentos em efici\u00eancia \u00e0 dire\u00e7\u00e3o ou ao grupo empresarial.<\/p>\t\t\n\t\t\t\t\t\t\t<img loading=\"lazy\" decoding=\"async\" src=\"https:\/\/vaporparalaindustria.com\/wp-content\/uploads\/2025\/07\/Responsables-de-mantenimiento-en-plantas-industriales-icon.png\" alt=\"Responsables de mantenimiento en plantas industriales icon\" width=\"128\" height=\"128\" \/>\n\t\t\t\t\t\t<p>Refor\u00e7ar a imagem da empresa<\/p>\t\t\t\t\t\n\t\t\t<p>A elimina\u00e7\u00e3o de aberturas vis\u00edveis melhora a perce\u00e7\u00e3o externa, especialmente em ind\u00fastrias exigentes como a farmac\u00eautica.<\/p>\t\t\n<figure itemscope itemtype=\"https:\/\/schema.org\/ImageObject\">\n\t\t\t\t<img decoding=\"async\" src=\"https:\/\/vaporparalaindustria.com\/wp-content\/uploads\/2025\/09\/Experiencia-tecnica-personalizada.jpg\" alt=\"Experiencia te\u0301cnica personalizada\" height=\"800\" width=\"1200\" title=\"Experiencia te\u0301cnica personalizada\" onerror=\"this.style.display='none'\" loading=\"lazy\" \/>\n\t<\/figure>\n<h2>\n\t\t\tConhecimentos t\u00e9cnicos especializados\t<\/h2>\n\t<p>A nossa equipa tem anos de experi\u00eancia em instala\u00e7\u00f5es farmac\u00eauticas, aplicando solu\u00e7\u00f5es de purga de vapor personalizadas e documentadas, adaptadas a ambientes validados.<\/p>\n\t\t\t<a href=\"#form\"  target=\"_self\">\n\t\t\t\t\t\t\tSOLICITAR INFORMA\u00c7\u00d5ES\n\t\t\t<\/a>\n<h2>\n\t\t\tComo posso candidatar-me?\t<\/h2>\n\t\t\t\t\t\t<p>Solicitar uma consulta t\u00e9cnica inicial gratuita<\/p>\t\t\t\t\t\n\t\t\t<p>Contacte-nos atrav\u00e9s do <a href=\"#form\">formul\u00e1rio web<\/a>por correio ou telefone. Um dos nossos especialistas explicar\u00e1 como o servi\u00e7o pode ser adaptado \u00e0 sua unidade farmac\u00eautica.<\/p>\t\t\n\t\t\t\t\t\t<p>Agendar a visita t\u00e9cnica na f\u00e1brica<\/p>\t\t\t\t\t\n\t\t\t<p>Marcaremos uma data para realizar o estudo diretamente nas suas instala\u00e7\u00f5es, sem interferir com a produ\u00e7\u00e3o.<\/p>\t\t\n\t\t\t\t\t\t<p>Receber um relat\u00f3rio t\u00e9cnico pormenorizado em menos de 2 semanas<\/p>\t\t\t\t\t\n\t\t\t<p>Fornecemos-lhe uma an\u00e1lise clara com pontos cr\u00edticos, quantifica\u00e7\u00e3o de perdas e propostas de melhoria personalizadas.<\/p>\t\t\n\t\t\t\t\t\t<p>Aplicar as solu\u00e7\u00f5es recomendadas de acordo com as suas prioridades<\/p>\t\t\t\t\t\n\t\t\t<p>Ajudamo-lo a selecionar e a implementar o equipamento adequado: permutadores de calor de ventila\u00e7\u00e3o EVC, medidores de caudal ou sistemas de monitoriza\u00e7\u00e3o de sif\u00f5es Ecobolt.<\/p>\t\t\n<h2>\n\t\t\tPerguntas frequentes FAQ\t<\/h2>\n\t\t\t\tQue tipo de equipamento \u00e9 analisado durante o diagn\u00f3stico?\n\t\t\t\t\t<p>Qualquer ventila\u00e7\u00e3o de geradores de vapor limpo, destiladores, v\u00e1lvulas de seguran\u00e7a, sistemas de bombagem de condensados, etc.<\/p>\n\t\t\t\tA visita interfere com a produ\u00e7\u00e3o?\n\t\t\t\t\t<p>\u00c9 necess\u00e1rio ver a instala\u00e7\u00e3o em pleno funcionamento e a visita n\u00e3o interfere de forma alguma.<\/p>\n\t\t\t\tQue perfil t\u00e9cnico deve acompanhar o especialista da Spirax Sarco?\n\t\t\t\t\t<p>Pessoal com conhecimentos sobre a instala\u00e7\u00e3o de vapor.<\/p>\n\t\t\t\tQue equipamento de medi\u00e7\u00e3o \u00e9 utilizado?\n\t\t\t\t\t<p>Do nosso lado, c\u00e2mara termogr\u00e1fica, equipamento de ultra-sons e anem\u00f3metro.<\/p>\n<p>Se dispon\u00edveis, os dados devem ser extra\u00eddos do registo de medi\u00e7\u00e3o do fluxo de vapor para an\u00e1lise.<\/p>\n\t\t\t\tExistem custos associados se o equipamento n\u00e3o for adquirido ap\u00f3s o relat\u00f3rio?\n\t\t\t\t\t<p>O servi\u00e7o tem um custo fixo (consultar), mas n\u00e3o existe qualquer compromisso de compra de produtos numa data posterior.<\/p>\n\t\t\t\t\t\t<h2>Pedir uma avalia\u00e7\u00e3o agora<\/h2>\t\t\t\t\t\n\t\t\t<p>Marque uma auditoria sem compromisso e receba um relat\u00f3rio detalhado sobre o estado dos seus respiradouros de vapor e poss\u00edveis melhorias.<br \/><\/p><form id=\"mktoForm_4228\" action=\"\"><input type=\"hidden\" name=\"trp-form-language\" value=\"pt\"\/><\/form>","protected":false},"excerpt":{"rendered":"<p>Reduzca p\u00e9rdidas de vapor y mejore el cumplimiento GMP con una evaluaci\u00f3n t\u00e9cnica en planta. Informe completo, ahorro real y soluciones concretas.<\/p>","protected":false},"author":5,"featured_media":27334,"parent":0,"menu_order":0,"comment_status":"closed","ping_status":"closed","template":"","meta":{"_acf_changed":true,"_genesis_hide_title":false,"_genesis_hide_breadcrumbs":false,"_genesis_hide_singular_image":false,"_genesis_hide_footer_widgets":false,"_genesis_custom_body_class":"","_genesis_custom_post_class":"","_genesis_layout":"","footnotes":""},"class_list":{"1":"page","2":"type-page","6":"entry"},"yoast_head":"<!-- This site is optimized with the Yoast SEO plugin v27.3 - https:\/\/yoast.com\/product\/yoast-seo-wordpress\/ -->\n<title>Servicio de Optimizaci\u00f3n de venteos de vapor en la industria farmac\u00e9utica | Spirax Sarco<\/title>\n<meta name=\"description\" content=\"Reduzca p\u00e9rdidas de vapor y mejore el cumplimiento GMP con una evaluaci\u00f3n t\u00e9cnica en planta. Informe completo, ahorro real y soluciones concretas.\" \/>\n<meta name=\"robots\" content=\"index, follow, max-snippet:-1, max-image-preview:large, max-video-preview:-1\" \/>\n<link rel=\"canonical\" href=\"https:\/\/vaporparalaindustria.com\/pt\/servicio-de-optimizacion-de-venteos-de-vapor-en-la-industria-farmaceutica\/\" \/>\n<meta property=\"og:locale\" content=\"pt_PT\" \/>\n<meta property=\"og:type\" content=\"article\" \/>\n<meta property=\"og:title\" content=\"Servicio de Optimizaci\u00f3n de venteos de vapor en la industria farmac\u00e9utica | Spirax Sarco\" \/>\n<meta property=\"og:description\" content=\"Reduzca p\u00e9rdidas de vapor y mejore el cumplimiento GMP con una evaluaci\u00f3n t\u00e9cnica en planta. Informe completo, ahorro real y soluciones concretas.\" \/>\n<meta property=\"og:url\" content=\"https:\/\/vaporparalaindustria.com\/pt\/servicio-de-optimizacion-de-venteos-de-vapor-en-la-industria-farmaceutica\/\" \/>\n<meta property=\"og:site_name\" content=\"Vapor para la Industria\" \/>\n<meta property=\"article:modified_time\" content=\"2026-04-06T11:09:08+00:00\" \/>\n<meta property=\"og:image\" content=\"https:\/\/vaporparalaindustria.com\/wp-content\/uploads\/2025\/09\/Experiencia-tecnica-personalizada.jpg\" \/>\n\t<meta property=\"og:image:width\" content=\"1200\" \/>\n\t<meta property=\"og:image:height\" content=\"800\" \/>\n\t<meta property=\"og:image:type\" content=\"image\/jpeg\" \/>\n<meta name=\"twitter:card\" content=\"summary_large_image\" \/>\n<meta name=\"twitter:label1\" content=\"Tempo estimado de leitura\" \/>\n\t<meta name=\"twitter:data1\" content=\"6 minutos\" \/>\n<script type=\"application\/ld+json\" class=\"yoast-schema-graph\">{\"@context\":\"https:\\\/\\\/schema.org\",\"@graph\":[{\"@type\":\"WebPage\",\"@id\":\"https:\\\/\\\/vaporparalaindustria.com\\\/servicio-de-optimizacion-de-venteos-de-vapor-en-la-industria-farmaceutica\\\/\",\"url\":\"https:\\\/\\\/vaporparalaindustria.com\\\/servicio-de-optimizacion-de-venteos-de-vapor-en-la-industria-farmaceutica\\\/\",\"name\":\"Servicio de Optimizaci\u00f3n de venteos de vapor en la industria farmac\u00e9utica | Spirax Sarco\",\"isPartOf\":{\"@id\":\"https:\\\/\\\/vaporparalaindustria.com\\\/#website\"},\"primaryImageOfPage\":{\"@id\":\"https:\\\/\\\/vaporparalaindustria.com\\\/servicio-de-optimizacion-de-venteos-de-vapor-en-la-industria-farmaceutica\\\/#primaryimage\"},\"image\":{\"@id\":\"https:\\\/\\\/vaporparalaindustria.com\\\/servicio-de-optimizacion-de-venteos-de-vapor-en-la-industria-farmaceutica\\\/#primaryimage\"},\"thumbnailUrl\":\"https:\\\/\\\/vaporparalaindustria.com\\\/wp-content\\\/uploads\\\/2025\\\/09\\\/Experiencia-tecnica-personalizada.jpg\",\"datePublished\":\"2025-07-23T13:28:50+00:00\",\"dateModified\":\"2026-04-06T11:09:08+00:00\",\"description\":\"Reduzca p\u00e9rdidas de vapor y mejore el cumplimiento GMP con una evaluaci\u00f3n t\u00e9cnica en planta. Informe completo, ahorro real y soluciones concretas.\",\"breadcrumb\":{\"@id\":\"https:\\\/\\\/vaporparalaindustria.com\\\/servicio-de-optimizacion-de-venteos-de-vapor-en-la-industria-farmaceutica\\\/#breadcrumb\"},\"inLanguage\":\"pt-PT\",\"potentialAction\":[{\"@type\":\"ReadAction\",\"target\":[\"https:\\\/\\\/vaporparalaindustria.com\\\/servicio-de-optimizacion-de-venteos-de-vapor-en-la-industria-farmaceutica\\\/\"]}]},{\"@type\":\"ImageObject\",\"inLanguage\":\"pt-PT\",\"@id\":\"https:\\\/\\\/vaporparalaindustria.com\\\/servicio-de-optimizacion-de-venteos-de-vapor-en-la-industria-farmaceutica\\\/#primaryimage\",\"url\":\"https:\\\/\\\/vaporparalaindustria.com\\\/wp-content\\\/uploads\\\/2025\\\/09\\\/Experiencia-tecnica-personalizada.jpg\",\"contentUrl\":\"https:\\\/\\\/vaporparalaindustria.com\\\/wp-content\\\/uploads\\\/2025\\\/09\\\/Experiencia-tecnica-personalizada.jpg\",\"width\":1200,\"height\":800,\"caption\":\"Experiencia te\u0301cnica personalizada\"},{\"@type\":\"BreadcrumbList\",\"@id\":\"https:\\\/\\\/vaporparalaindustria.com\\\/servicio-de-optimizacion-de-venteos-de-vapor-en-la-industria-farmaceutica\\\/#breadcrumb\",\"itemListElement\":[{\"@type\":\"ListItem\",\"position\":1,\"name\":\"Portada\",\"item\":\"https:\\\/\\\/vaporparalaindustria.com\\\/\"},{\"@type\":\"ListItem\",\"position\":2,\"name\":\"Servicio de Optimizaci\u00f3n de Venteos de Vapor en la Industria Farmac\u00e9utica\"}]},{\"@type\":\"WebSite\",\"@id\":\"https:\\\/\\\/vaporparalaindustria.com\\\/#website\",\"url\":\"https:\\\/\\\/vaporparalaindustria.com\\\/\",\"name\":\"Vapor para la Industria\",\"description\":\"Gesti\u00f3n Eficiente de los Sistemas de Vapor\",\"publisher\":{\"@id\":\"https:\\\/\\\/vaporparalaindustria.com\\\/#organization\"},\"potentialAction\":[{\"@type\":\"SearchAction\",\"target\":{\"@type\":\"EntryPoint\",\"urlTemplate\":\"https:\\\/\\\/vaporparalaindustria.com\\\/?s={search_term_string}\"},\"query-input\":{\"@type\":\"PropertyValueSpecification\",\"valueRequired\":true,\"valueName\":\"search_term_string\"}}],\"inLanguage\":\"pt-PT\"},{\"@type\":\"Organization\",\"@id\":\"https:\\\/\\\/vaporparalaindustria.com\\\/#organization\",\"name\":\"Vapor para la Industria\",\"url\":\"https:\\\/\\\/vaporparalaindustria.com\\\/\",\"logo\":{\"@type\":\"ImageObject\",\"inLanguage\":\"pt-PT\",\"@id\":\"https:\\\/\\\/vaporparalaindustria.com\\\/#\\\/schema\\\/logo\\\/image\\\/\",\"url\":\"https:\\\/\\\/vaporparalaindustria.com\\\/wp-content\\\/uploads\\\/2017\\\/10\\\/LogoBlogBLANCO-FINAL_VAPOR-PARA-LA-INDUSTRIA-e1499957507814.png\",\"contentUrl\":\"https:\\\/\\\/vaporparalaindustria.com\\\/wp-content\\\/uploads\\\/2017\\\/10\\\/LogoBlogBLANCO-FINAL_VAPOR-PARA-LA-INDUSTRIA-e1499957507814.png\",\"width\":300,\"height\":117,\"caption\":\"Vapor para la Industria\"},\"image\":{\"@id\":\"https:\\\/\\\/vaporparalaindustria.com\\\/#\\\/schema\\\/logo\\\/image\\\/\"}}]}<\/script>\n<!-- \/ Yoast SEO plugin. -->","yoast_head_json":{"title":"Servicio de Optimizaci\u00f3n de venteos de vapor en la industria farmac\u00e9utica | Spirax Sarco","description":"Reduzca p\u00e9rdidas de vapor y mejore el cumplimiento GMP con una evaluaci\u00f3n t\u00e9cnica en planta. Informe completo, ahorro real y soluciones concretas.","robots":{"index":"index","follow":"follow","max-snippet":"max-snippet:-1","max-image-preview":"max-image-preview:large","max-video-preview":"max-video-preview:-1"},"canonical":"https:\/\/vaporparalaindustria.com\/pt\/servicio-de-optimizacion-de-venteos-de-vapor-en-la-industria-farmaceutica\/","og_locale":"pt_PT","og_type":"article","og_title":"Servicio de Optimizaci\u00f3n de venteos de vapor en la industria farmac\u00e9utica | Spirax Sarco","og_description":"Reduzca p\u00e9rdidas de vapor y mejore el cumplimiento GMP con una evaluaci\u00f3n t\u00e9cnica en planta. Informe completo, ahorro real y soluciones concretas.","og_url":"https:\/\/vaporparalaindustria.com\/pt\/servicio-de-optimizacion-de-venteos-de-vapor-en-la-industria-farmaceutica\/","og_site_name":"Vapor para la Industria","article_modified_time":"2026-04-06T11:09:08+00:00","og_image":[{"width":1200,"height":800,"url":"https:\/\/vaporparalaindustria.com\/wp-content\/uploads\/2025\/09\/Experiencia-tecnica-personalizada.jpg","type":"image\/jpeg"}],"twitter_card":"summary_large_image","twitter_misc":{"Tempo estimado de leitura":"6 minutos"},"schema":{"@context":"https:\/\/schema.org","@graph":[{"@type":"WebPage","@id":"https:\/\/vaporparalaindustria.com\/servicio-de-optimizacion-de-venteos-de-vapor-en-la-industria-farmaceutica\/","url":"https:\/\/vaporparalaindustria.com\/servicio-de-optimizacion-de-venteos-de-vapor-en-la-industria-farmaceutica\/","name":"Servicio de Optimizaci\u00f3n de venteos de vapor en la industria farmac\u00e9utica | Spirax Sarco","isPartOf":{"@id":"https:\/\/vaporparalaindustria.com\/#website"},"primaryImageOfPage":{"@id":"https:\/\/vaporparalaindustria.com\/servicio-de-optimizacion-de-venteos-de-vapor-en-la-industria-farmaceutica\/#primaryimage"},"image":{"@id":"https:\/\/vaporparalaindustria.com\/servicio-de-optimizacion-de-venteos-de-vapor-en-la-industria-farmaceutica\/#primaryimage"},"thumbnailUrl":"https:\/\/vaporparalaindustria.com\/wp-content\/uploads\/2025\/09\/Experiencia-tecnica-personalizada.jpg","datePublished":"2025-07-23T13:28:50+00:00","dateModified":"2026-04-06T11:09:08+00:00","description":"Reduzca p\u00e9rdidas de vapor y mejore el cumplimiento GMP con una evaluaci\u00f3n t\u00e9cnica en planta. Informe completo, ahorro real y soluciones concretas.","breadcrumb":{"@id":"https:\/\/vaporparalaindustria.com\/servicio-de-optimizacion-de-venteos-de-vapor-en-la-industria-farmaceutica\/#breadcrumb"},"inLanguage":"pt-PT","potentialAction":[{"@type":"ReadAction","target":["https:\/\/vaporparalaindustria.com\/servicio-de-optimizacion-de-venteos-de-vapor-en-la-industria-farmaceutica\/"]}]},{"@type":"ImageObject","inLanguage":"pt-PT","@id":"https:\/\/vaporparalaindustria.com\/servicio-de-optimizacion-de-venteos-de-vapor-en-la-industria-farmaceutica\/#primaryimage","url":"https:\/\/vaporparalaindustria.com\/wp-content\/uploads\/2025\/09\/Experiencia-tecnica-personalizada.jpg","contentUrl":"https:\/\/vaporparalaindustria.com\/wp-content\/uploads\/2025\/09\/Experiencia-tecnica-personalizada.jpg","width":1200,"height":800,"caption":"Experiencia te\u0301cnica personalizada"},{"@type":"BreadcrumbList","@id":"https:\/\/vaporparalaindustria.com\/servicio-de-optimizacion-de-venteos-de-vapor-en-la-industria-farmaceutica\/#breadcrumb","itemListElement":[{"@type":"ListItem","position":1,"name":"Portada","item":"https:\/\/vaporparalaindustria.com\/"},{"@type":"ListItem","position":2,"name":"Servicio de Optimizaci\u00f3n de Venteos de Vapor en la Industria Farmac\u00e9utica"}]},{"@type":"WebSite","@id":"https:\/\/vaporparalaindustria.com\/#website","url":"https:\/\/vaporparalaindustria.com\/","name":"Vapor para a Ind\u00fastria","description":"Gest\u00e3o Eficiente de Sistemas a Vapor","publisher":{"@id":"https:\/\/vaporparalaindustria.com\/#organization"},"potentialAction":[{"@type":"SearchAction","target":{"@type":"EntryPoint","urlTemplate":"https:\/\/vaporparalaindustria.com\/?s={search_term_string}"},"query-input":{"@type":"PropertyValueSpecification","valueRequired":true,"valueName":"search_term_string"}}],"inLanguage":"pt-PT"},{"@type":"Organization","@id":"https:\/\/vaporparalaindustria.com\/#organization","name":"Vapor para a Ind\u00fastria","url":"https:\/\/vaporparalaindustria.com\/","logo":{"@type":"ImageObject","inLanguage":"pt-PT","@id":"https:\/\/vaporparalaindustria.com\/#\/schema\/logo\/image\/","url":"https:\/\/vaporparalaindustria.com\/wp-content\/uploads\/2017\/10\/LogoBlogBLANCO-FINAL_VAPOR-PARA-LA-INDUSTRIA-e1499957507814.png","contentUrl":"https:\/\/vaporparalaindustria.com\/wp-content\/uploads\/2017\/10\/LogoBlogBLANCO-FINAL_VAPOR-PARA-LA-INDUSTRIA-e1499957507814.png","width":300,"height":117,"caption":"Vapor para la Industria"},"image":{"@id":"https:\/\/vaporparalaindustria.com\/#\/schema\/logo\/image\/"}}]}},"acf":[],"_links":{"self":[{"href":"https:\/\/vaporparalaindustria.com\/pt\/wp-json\/wp\/v2\/pages\/27304","targetHints":{"allow":["GET"]}}],"collection":[{"href":"https:\/\/vaporparalaindustria.com\/pt\/wp-json\/wp\/v2\/pages"}],"about":[{"href":"https:\/\/vaporparalaindustria.com\/pt\/wp-json\/wp\/v2\/types\/page"}],"author":[{"embeddable":true,"href":"https:\/\/vaporparalaindustria.com\/pt\/wp-json\/wp\/v2\/users\/5"}],"replies":[{"embeddable":true,"href":"https:\/\/vaporparalaindustria.com\/pt\/wp-json\/wp\/v2\/comments?post=27304"}],"version-history":[{"count":0,"href":"https:\/\/vaporparalaindustria.com\/pt\/wp-json\/wp\/v2\/pages\/27304\/revisions"}],"wp:featuredmedia":[{"embeddable":true,"href":"https:\/\/vaporparalaindustria.com\/pt\/wp-json\/wp\/v2\/media\/27334"}],"wp:attachment":[{"href":"https:\/\/vaporparalaindustria.com\/pt\/wp-json\/wp\/v2\/media?parent=27304"}],"curies":[{"name":"wp","href":"https:\/\/api.w.org\/{rel}","templated":true}]}}