{"id":27279,"date":"2025-07-09T13:18:51","date_gmt":"2025-07-09T12:18:51","guid":{"rendered":"https:\/\/vaporparalaindustria.com\/?page_id=27279"},"modified":"2026-04-06T11:54:38","modified_gmt":"2026-04-06T10:54:38","slug":"servicio-de-reparacion-de-equipos-industriales","status":"publish","type":"page","link":"https:\/\/vaporparalaindustria.com\/pt\/servicio-de-reparacion-de-equipos-industriales\/","title":{"rendered":"Servi\u00e7o de repara\u00e7\u00e3o de equipamento industrial"},"content":{"rendered":"<figure itemscope itemtype=\"https:\/\/schema.org\/ImageObject\">\n\t\t\t\t<img decoding=\"async\" src=\"https:\/\/vaporparalaindustria.com\/wp-content\/uploads\/2018\/10\/logo-SPIRAX.png\" alt=\"\t\t\t\t\t\t\" height=\"45\" width=\"206\" title=\"log\u00f3tipo SPIRAX\" onerror=\"this.style.display='none'\" loading=\"lazy\" \/>\n\t<\/figure>\n<h1>\n\t\t\tServi\u00e7o de repara\u00e7\u00e3o de equipamento industrial\t<\/h1>\n<h2>\n\t\t\tA alternativa eficiente, segura e sustent\u00e1vel \u00e0 substitui\u00e7\u00e3o de equipamento\t<\/h2>\n\t\t\t<a href=\"#form\"  target=\"_self\">\n\t\t\t\t\t\t\tSOLICITAR INFORMA\u00c7\u00d5ES\n\t\t\t\t\t<\/a>\n<h2>\n\t\t\tA quem se destina este servi\u00e7o?\t<\/h2>\n\t\t\t\t\t\t\t<img loading=\"lazy\" decoding=\"async\" src=\"https:\/\/vaporparalaindustria.com\/wp-content\/uploads\/2025\/07\/Responsables-de-mantenimiento-en-plantas-industriales-icon.png\" alt=\"Responsables de mantenimiento en plantas industriales icon\" width=\"128\" height=\"128\" \/>\n\t\t\t\t\t\t<p>Gestores de manuten\u00e7\u00e3o em instala\u00e7\u00f5es industriais<\/p>\t\t\t\t\t\n\t\t\t\t\t\t\t<img loading=\"lazy\" decoding=\"async\" src=\"https:\/\/vaporparalaindustria.com\/wp-content\/uploads\/2025\/07\/Instaladores-y-contratistas-encargados-de-obra-nueva-o-reformas-icon.png\" alt=\"Instaladores y contratistas encargados de obra nueva o reformas icon\" width=\"128\" height=\"128\" \/>\n\t\t\t\t\t\t<p>Instaladores e empreiteiros respons\u00e1veis por novas constru\u00e7\u00f5es ou renova\u00e7\u00f5es<\/p>\t\t\t\t\t\n\t\t\t\t\t\t\t<img loading=\"lazy\" decoding=\"async\" src=\"https:\/\/vaporparalaindustria.com\/wp-content\/uploads\/2025\/07\/Clientes-actuales-que-gestionan-equipos-Spirax-Sarco-en-funcionamiento-icon.png\" alt=\"Clientes actuales que gestionan equipos Spirax Sarco en funcionamiento icon\" width=\"128\" height=\"128\" \/>\n\t\t\t\t\t\t<p>Clientes actuais que gerem o equipamento Spirax Sarco em funcionamento<\/p>\t\t\t\t\t\n<h2>\n\t\t\tQue desafios resolve?\t<\/h2>\n\t<p>No ambiente industrial atual, as avarias, o desgaste do equipamento e a press\u00e3o para reduzir o tempo de inatividade s\u00e3o um desafio constante. O nosso servi\u00e7o de repara\u00e7\u00e3o responde a tr\u00eas necessidades cr\u00edticas:<\/p>\n\t<ul>\n\t\t\t<li>\n\t\t\t\t<b>Delegar em especialistas<\/b> para garantir uma interven\u00e7\u00e3o profissional e segura\n\t\t\t<\/li>\n\t\t\t<li>\n\t\t\t\t<b>Reduzir os custos,<\/b> evitar a aquisi\u00e7\u00e3o desnecess\u00e1ria de novos equipamentos\n\t\t\t<\/li>\n\t\t\t<li>\n\t\t\t\t<b>Minimizar o tempo de inatividade,<\/b> encurtar o processo de diagn\u00f3stico e repara\u00e7\u00e3o\n\t\t\t<\/li>\n\t\t<\/ul>\n\t\t\t<a href=\"#form\"  target=\"_self\">\n\t\t\t\t\t\t\tSOLICITAR INFORMA\u00c7\u00d5ES\n\t\t\t\t\t<\/a>\n<figure itemscope itemtype=\"https:\/\/schema.org\/ImageObject\">\n\t\t\t\t<img decoding=\"async\" src=\"https:\/\/vaporparalaindustria.com\/wp-content\/uploads\/2025\/07\/Retos-Servicio-de-Reparacion-de-Equipos-Industriales.png\" alt=\"Servicio de Reparaci\u00f3n de Equipos Industriales\" height=\"800\" width=\"1200\" title=\"Desafios Servi\u00e7o de repara\u00e7\u00e3o de equipamento industrial\" onerror=\"this.style.display='none'\" loading=\"lazy\" \/>\n\t<\/figure>\n<h2>\n\t\t\tPorqu\u00ea reparar com a Spirax Sarco?\t<\/h2>\n\t<p>Como fabricante l\u00edder de solu\u00e7\u00f5es de vapor, oferecemos:<\/p>\n\t\t\t\t\t\t\t<img loading=\"lazy\" decoding=\"async\" src=\"https:\/\/vaporparalaindustria.com\/wp-content\/uploads\/2025\/07\/ahorro-estimado-icon.png\" alt=\"ahorro estimado icon\" width=\"128\" height=\"128\" \/>\n\t\t\t\t\t\t<p>At\u00e9 45 % de poupan\u00e7a estimada em rela\u00e7\u00e3o ao custo de substitui\u00e7\u00e3o<\/p>\t\t\t\t\t\n\t\t\t\t\t\t\t<img loading=\"lazy\" decoding=\"async\" src=\"https:\/\/vaporparalaindustria.com\/wp-content\/uploads\/2025\/07\/reparaciones-realizadas-icon.png\" alt=\"reparaciones realizadas icon\" width=\"128\" height=\"128\" \/>\n\t\t\t\t\t\t<p>Repara\u00e7\u00f5es efectuadas por t\u00e9cnicos especializados na nossa pr\u00f3pria oficina<\/p>\t\t\t\t\t\n\t\t\t\t\t\t\t<img loading=\"lazy\" decoding=\"async\" src=\"https:\/\/vaporparalaindustria.com\/wp-content\/uploads\/2025\/07\/recambios-originales-icon.png\" alt=\"recambios originales icon\" width=\"128\" height=\"128\" \/>\n\t\t\t\t\t\t<p>Pe\u00e7as sobresselentes originais e testes funcionais p\u00f3s-repara\u00e7\u00e3o<\/p>\t\t\t\t\t\n\t\t\t\t\t\t\t<img loading=\"lazy\" decoding=\"async\" src=\"https:\/\/vaporparalaindustria.com\/wp-content\/uploads\/2025\/07\/analisis-tecnico-icon.png\" alt=\"analisis tecnico icon\" width=\"128\" height=\"128\" \/>\n\t\t\t\t\t\t<p>An\u00e1lise t\u00e9cnica completa para identificar causas ocultas e evitar problemas futuros<\/p>\t\t\t\t\t\n<h2>\n\t\t\tBenef\u00edcios para a sua planta\t<\/h2>\n\t<ul>\n\t\t\t<li>\n\t\t\t\t<b>Prolongamento da vida<\/b> dos seus equipamentos industriais\n\t\t\t<\/li>\n\t\t\t<li>\n\t\t\t\t<b>Redu\u00e7\u00e3o de res\u00edduos<\/b> e alinhamento com as pol\u00edticas de sustentabilidade\n\t\t\t<\/li>\n\t\t\t<li>\n\t\t\t\t<b>Conselhos de especialistas<\/b> identificar oportunidades de melhoria\n\t\t\t<\/li>\n\t\t\t<li>\n\t\t\t\t<b>Paz de esp\u00edrito:<\/b> servi\u00e7o apoiado pelo fabricante e mais de 30 anos de experi\u00eancia\n\t\t\t<\/li>\n\t\t<\/ul>\n\t\t\t<a href=\"#form\"  target=\"_self\">\n\t\t\t\t\t\t\tSOLICITAR INFORMA\u00c7\u00d5ES\n\t\t\t\t\t<\/a>\n<figure itemscope itemtype=\"https:\/\/schema.org\/ImageObject\">\n\t\t\t\t<img decoding=\"async\" src=\"https:\/\/vaporparalaindustria.com\/wp-content\/uploads\/2025\/07\/1000162699.jpg\" alt=\"1000162699\" height=\"1201\" width=\"1600\" title=\"1000162699\" onerror=\"this.style.display='none'\" loading=\"lazy\" \/>\n\t<\/figure>\n<figure itemscope itemtype=\"https:\/\/schema.org\/ImageObject\">\n\t\t\t\t<img decoding=\"async\" src=\"https:\/\/vaporparalaindustria.com\/wp-content\/uploads\/2025\/07\/1000162691.jpg\" alt=\"1000162691\" height=\"1599\" width=\"1201\" title=\"1000162691\" onerror=\"this.style.display='none'\" loading=\"lazy\" \/>\n\t<\/figure>\n<h2>\n\t\t\tComo \u00e9 que o servi\u00e7o funciona?\t<\/h2>\n\t<p>A nossa abordagem vai para al\u00e9m da repara\u00e7\u00e3o pontual. Avaliamos o equipamento no contexto atual de funcionamento da sua f\u00e1brica:<\/p>\n\t<ul>\n\t\t\t<li>\n\t\t\t\t1\n\t\t\t\tRecepci\u00f3n del equipo en taller\n\t\t\t<\/li>\n\t\t\t<li>\n\t\t\t\t2\n\t\t\t\tAn\u00e1lisis t\u00e9cnico y diagn\u00f3stico por expertos en vapor\n\t\t\t<\/li>\n\t\t\t<li>\n\t\t\t\t3\n\t\t\t\tPropuesta de actuaci\u00f3n (reparaci\u00f3n o sustituci\u00f3n)\n\t\t\t<\/li>\n\t\t\t<li>\n\t\t\t\t4\n\t\t\t\tPresupuesto detallado y atenci\u00f3n personalizada\n\t\t\t<\/li>\n\t\t\t<li>\n\t\t\t\t5\n\t\t\t\tReparaci\u00f3n con componentes originales\n\t\t\t<\/li>\n\t\t\t<li>\n\t\t\t\t6\n\t\t\t\tPruebas funcionales y env\u00edo al cliente\n\t\t\t<\/li>\n\t\t<\/ul>\n\t\t\t<p>Ao longo de todo o processo, mantemos uma comunica\u00e7\u00e3o fluida para garantir transpar\u00eancia e efici\u00eancia.<\/p>\n<h2>\n\t\t\tO que aconteceria se eu n\u00e3o utilizasse este servi\u00e7o?\t<\/h2>\n\t<p>Realizar uma repara\u00e7\u00e3o internamente implica assumir tarefas complexas: diagn\u00f3stico preciso, desmontagem, gest\u00e3o de pe\u00e7as sobresselentes, montagem correta e controlo de qualidade. Isto implica tempo, risco e responsabilidade direta para a sua equipa.<\/p>\n<p>Com o nosso servi\u00e7o, pode delegar em profissionais e concentrar-se na sua atividade principal.<\/p>\n\t\t\t<a href=\"#form\"  target=\"_self\">\n\t\t\t\t\t\t\tSOLICITAR INFORMA\u00c7\u00d5ES\n\t\t\t\t\t<\/a>\n<figure itemscope itemtype=\"https:\/\/schema.org\/ImageObject\">\n\t\t\t\t<img decoding=\"async\" src=\"https:\/\/vaporparalaindustria.com\/wp-content\/uploads\/2024\/08\/Eficiencia-de-los-Purgadores-de-Vapor.webp\" alt=\"Eficiencia de los Purgadores de Vapor\" height=\"628\" width=\"1200\" title=\"Efici\u00eancia do coletor de vapor\" onerror=\"this.style.display='none'\" loading=\"lazy\" \/>\n\t<\/figure>\n\t\t\t<h3>Quer saber se o seu equipamento pode ser reparado?<\/h3>\n\t\t\t\t\t\t<p>Preencha o formul\u00e1rio abaixo e um dos nossos especialistas entrar\u00e1 em contacto consigo para avaliar o seu caso, sem qualquer compromisso. Se desejar, podemos fornecer-lhe um or\u00e7amento estimado com apenas alguns detalhes b\u00e1sicos do equipamento.<\/p>\t\t\t\t\t\n\t\t\t<form id=\"mktoForm_4168\" action=\"\"><input type=\"hidden\" name=\"trp-form-language\" value=\"pt\"\/><\/form>","protected":false},"excerpt":{"rendered":"<p>Alargue la vida \u00fatil de sus equipos industriales con el servicio de reparaci\u00f3n de Spirax Sarco Espa\u00f1a. Reduzca costes, residuos y tiempos de parada con soluciones t\u00e9cnicas sostenibles.<\/p>","protected":false},"author":1,"featured_media":27288,"parent":0,"menu_order":0,"comment_status":"closed","ping_status":"closed","template":"","meta":{"_acf_changed":true,"_genesis_hide_title":false,"_genesis_hide_breadcrumbs":false,"_genesis_hide_singular_image":false,"_genesis_hide_footer_widgets":false,"_genesis_custom_body_class":"","_genesis_custom_post_class":"","_genesis_layout":"","footnotes":""},"class_list":{"1":"page","2":"type-page","6":"entry"},"yoast_head":"<!-- This site is optimized with the Yoast SEO plugin v27.3 - https:\/\/yoast.com\/product\/yoast-seo-wordpress\/ -->\n<title>Servicio de reparaci\u00f3n de equipos industriales | Spirax Sarco<\/title>\n<meta name=\"description\" content=\"Alargue la vida \u00fatil de sus equipos industriales con el servicio de reparaci\u00f3n de Spirax Sarco Espa\u00f1a. Reduzca costes, residuos y tiempos de parada con soluciones t\u00e9cnicas sostenibles.\" \/>\n<meta name=\"robots\" content=\"index, follow, max-snippet:-1, max-image-preview:large, max-video-preview:-1\" \/>\n<link rel=\"canonical\" href=\"https:\/\/vaporparalaindustria.com\/pt\/servicio-de-reparacion-de-equipos-industriales\/\" \/>\n<meta property=\"og:locale\" content=\"pt_PT\" \/>\n<meta property=\"og:type\" content=\"article\" \/>\n<meta property=\"og:title\" content=\"Servicio de reparaci\u00f3n de equipos industriales | Spirax Sarco\" \/>\n<meta property=\"og:description\" content=\"Alargue la vida \u00fatil de sus equipos industriales con el servicio de reparaci\u00f3n de Spirax Sarco Espa\u00f1a. Reduzca costes, residuos y tiempos de parada con soluciones t\u00e9cnicas sostenibles.\" \/>\n<meta property=\"og:url\" content=\"https:\/\/vaporparalaindustria.com\/pt\/servicio-de-reparacion-de-equipos-industriales\/\" \/>\n<meta property=\"og:site_name\" content=\"Vapor para la Industria\" \/>\n<meta property=\"article:modified_time\" content=\"2026-04-06T10:54:38+00:00\" \/>\n<meta property=\"og:image\" content=\"https:\/\/vaporparalaindustria.com\/wp-content\/uploads\/2025\/07\/Retos-Servicio-de-Reparacion-de-Equipos-Industriales.png\" \/>\n\t<meta property=\"og:image:width\" content=\"1200\" \/>\n\t<meta property=\"og:image:height\" content=\"800\" \/>\n\t<meta property=\"og:image:type\" content=\"image\/png\" \/>\n<meta name=\"twitter:card\" content=\"summary_large_image\" \/>\n<meta name=\"twitter:label1\" content=\"Tempo estimado de leitura\" \/>\n\t<meta name=\"twitter:data1\" content=\"5 minutos\" \/>\n<script type=\"application\/ld+json\" class=\"yoast-schema-graph\">{\"@context\":\"https:\\\/\\\/schema.org\",\"@graph\":[{\"@type\":\"WebPage\",\"@id\":\"https:\\\/\\\/vaporparalaindustria.com\\\/servicio-de-reparacion-de-equipos-industriales\\\/\",\"url\":\"https:\\\/\\\/vaporparalaindustria.com\\\/servicio-de-reparacion-de-equipos-industriales\\\/\",\"name\":\"Servicio de reparaci\u00f3n de equipos industriales | Spirax Sarco\",\"isPartOf\":{\"@id\":\"https:\\\/\\\/vaporparalaindustria.com\\\/#website\"},\"primaryImageOfPage\":{\"@id\":\"https:\\\/\\\/vaporparalaindustria.com\\\/servicio-de-reparacion-de-equipos-industriales\\\/#primaryimage\"},\"image\":{\"@id\":\"https:\\\/\\\/vaporparalaindustria.com\\\/servicio-de-reparacion-de-equipos-industriales\\\/#primaryimage\"},\"thumbnailUrl\":\"https:\\\/\\\/vaporparalaindustria.com\\\/wp-content\\\/uploads\\\/2025\\\/07\\\/Retos-Servicio-de-Reparacion-de-Equipos-Industriales.png\",\"datePublished\":\"2025-07-09T12:18:51+00:00\",\"dateModified\":\"2026-04-06T10:54:38+00:00\",\"description\":\"Alargue la vida \u00fatil de sus equipos industriales con el servicio de reparaci\u00f3n de Spirax Sarco Espa\u00f1a. Reduzca costes, residuos y tiempos de parada con soluciones t\u00e9cnicas sostenibles.\",\"breadcrumb\":{\"@id\":\"https:\\\/\\\/vaporparalaindustria.com\\\/servicio-de-reparacion-de-equipos-industriales\\\/#breadcrumb\"},\"inLanguage\":\"pt-PT\",\"potentialAction\":[{\"@type\":\"ReadAction\",\"target\":[\"https:\\\/\\\/vaporparalaindustria.com\\\/servicio-de-reparacion-de-equipos-industriales\\\/\"]}]},{\"@type\":\"ImageObject\",\"inLanguage\":\"pt-PT\",\"@id\":\"https:\\\/\\\/vaporparalaindustria.com\\\/servicio-de-reparacion-de-equipos-industriales\\\/#primaryimage\",\"url\":\"https:\\\/\\\/vaporparalaindustria.com\\\/wp-content\\\/uploads\\\/2025\\\/07\\\/Retos-Servicio-de-Reparacion-de-Equipos-Industriales.png\",\"contentUrl\":\"https:\\\/\\\/vaporparalaindustria.com\\\/wp-content\\\/uploads\\\/2025\\\/07\\\/Retos-Servicio-de-Reparacion-de-Equipos-Industriales.png\",\"width\":1200,\"height\":800,\"caption\":\"Servicio de Reparaci\u00f3n de Equipos Industriales\"},{\"@type\":\"BreadcrumbList\",\"@id\":\"https:\\\/\\\/vaporparalaindustria.com\\\/servicio-de-reparacion-de-equipos-industriales\\\/#breadcrumb\",\"itemListElement\":[{\"@type\":\"ListItem\",\"position\":1,\"name\":\"Portada\",\"item\":\"https:\\\/\\\/vaporparalaindustria.com\\\/\"},{\"@type\":\"ListItem\",\"position\":2,\"name\":\"Servicio de Reparaci\u00f3n de Equipos Industriales\"}]},{\"@type\":\"WebSite\",\"@id\":\"https:\\\/\\\/vaporparalaindustria.com\\\/#website\",\"url\":\"https:\\\/\\\/vaporparalaindustria.com\\\/\",\"name\":\"Vapor para la Industria\",\"description\":\"Gesti\u00f3n Eficiente de los Sistemas de Vapor\",\"publisher\":{\"@id\":\"https:\\\/\\\/vaporparalaindustria.com\\\/#organization\"},\"potentialAction\":[{\"@type\":\"SearchAction\",\"target\":{\"@type\":\"EntryPoint\",\"urlTemplate\":\"https:\\\/\\\/vaporparalaindustria.com\\\/?s={search_term_string}\"},\"query-input\":{\"@type\":\"PropertyValueSpecification\",\"valueRequired\":true,\"valueName\":\"search_term_string\"}}],\"inLanguage\":\"pt-PT\"},{\"@type\":\"Organization\",\"@id\":\"https:\\\/\\\/vaporparalaindustria.com\\\/#organization\",\"name\":\"Vapor para la Industria\",\"url\":\"https:\\\/\\\/vaporparalaindustria.com\\\/\",\"logo\":{\"@type\":\"ImageObject\",\"inLanguage\":\"pt-PT\",\"@id\":\"https:\\\/\\\/vaporparalaindustria.com\\\/#\\\/schema\\\/logo\\\/image\\\/\",\"url\":\"https:\\\/\\\/vaporparalaindustria.com\\\/wp-content\\\/uploads\\\/2017\\\/10\\\/LogoBlogBLANCO-FINAL_VAPOR-PARA-LA-INDUSTRIA-e1499957507814.png\",\"contentUrl\":\"https:\\\/\\\/vaporparalaindustria.com\\\/wp-content\\\/uploads\\\/2017\\\/10\\\/LogoBlogBLANCO-FINAL_VAPOR-PARA-LA-INDUSTRIA-e1499957507814.png\",\"width\":300,\"height\":117,\"caption\":\"Vapor para la Industria\"},\"image\":{\"@id\":\"https:\\\/\\\/vaporparalaindustria.com\\\/#\\\/schema\\\/logo\\\/image\\\/\"}}]}<\/script>\n<!-- \/ Yoast SEO plugin. -->","yoast_head_json":{"title":"Servicio de reparaci\u00f3n de equipos industriales | Spirax Sarco","description":"Alargue la vida \u00fatil de sus equipos industriales con el servicio de reparaci\u00f3n de Spirax Sarco Espa\u00f1a. Reduzca costes, residuos y tiempos de parada con soluciones t\u00e9cnicas sostenibles.","robots":{"index":"index","follow":"follow","max-snippet":"max-snippet:-1","max-image-preview":"max-image-preview:large","max-video-preview":"max-video-preview:-1"},"canonical":"https:\/\/vaporparalaindustria.com\/pt\/servicio-de-reparacion-de-equipos-industriales\/","og_locale":"pt_PT","og_type":"article","og_title":"Servicio de reparaci\u00f3n de equipos industriales | Spirax Sarco","og_description":"Alargue la vida \u00fatil de sus equipos industriales con el servicio de reparaci\u00f3n de Spirax Sarco Espa\u00f1a. Reduzca costes, residuos y tiempos de parada con soluciones t\u00e9cnicas sostenibles.","og_url":"https:\/\/vaporparalaindustria.com\/pt\/servicio-de-reparacion-de-equipos-industriales\/","og_site_name":"Vapor para la Industria","article_modified_time":"2026-04-06T10:54:38+00:00","og_image":[{"width":1200,"height":800,"url":"https:\/\/vaporparalaindustria.com\/wp-content\/uploads\/2025\/07\/Retos-Servicio-de-Reparacion-de-Equipos-Industriales.png","type":"image\/png"}],"twitter_card":"summary_large_image","twitter_misc":{"Tempo estimado de leitura":"5 minutos"},"schema":{"@context":"https:\/\/schema.org","@graph":[{"@type":"WebPage","@id":"https:\/\/vaporparalaindustria.com\/servicio-de-reparacion-de-equipos-industriales\/","url":"https:\/\/vaporparalaindustria.com\/servicio-de-reparacion-de-equipos-industriales\/","name":"Servicio de reparaci\u00f3n de equipos industriales | Spirax Sarco","isPartOf":{"@id":"https:\/\/vaporparalaindustria.com\/#website"},"primaryImageOfPage":{"@id":"https:\/\/vaporparalaindustria.com\/servicio-de-reparacion-de-equipos-industriales\/#primaryimage"},"image":{"@id":"https:\/\/vaporparalaindustria.com\/servicio-de-reparacion-de-equipos-industriales\/#primaryimage"},"thumbnailUrl":"https:\/\/vaporparalaindustria.com\/wp-content\/uploads\/2025\/07\/Retos-Servicio-de-Reparacion-de-Equipos-Industriales.png","datePublished":"2025-07-09T12:18:51+00:00","dateModified":"2026-04-06T10:54:38+00:00","description":"Alargue la vida \u00fatil de sus equipos industriales con el servicio de reparaci\u00f3n de Spirax Sarco Espa\u00f1a. Reduzca costes, residuos y tiempos de parada con soluciones t\u00e9cnicas sostenibles.","breadcrumb":{"@id":"https:\/\/vaporparalaindustria.com\/servicio-de-reparacion-de-equipos-industriales\/#breadcrumb"},"inLanguage":"pt-PT","potentialAction":[{"@type":"ReadAction","target":["https:\/\/vaporparalaindustria.com\/servicio-de-reparacion-de-equipos-industriales\/"]}]},{"@type":"ImageObject","inLanguage":"pt-PT","@id":"https:\/\/vaporparalaindustria.com\/servicio-de-reparacion-de-equipos-industriales\/#primaryimage","url":"https:\/\/vaporparalaindustria.com\/wp-content\/uploads\/2025\/07\/Retos-Servicio-de-Reparacion-de-Equipos-Industriales.png","contentUrl":"https:\/\/vaporparalaindustria.com\/wp-content\/uploads\/2025\/07\/Retos-Servicio-de-Reparacion-de-Equipos-Industriales.png","width":1200,"height":800,"caption":"Servicio de Reparaci\u00f3n de Equipos Industriales"},{"@type":"BreadcrumbList","@id":"https:\/\/vaporparalaindustria.com\/servicio-de-reparacion-de-equipos-industriales\/#breadcrumb","itemListElement":[{"@type":"ListItem","position":1,"name":"Portada","item":"https:\/\/vaporparalaindustria.com\/"},{"@type":"ListItem","position":2,"name":"Servicio de Reparaci\u00f3n de Equipos Industriales"}]},{"@type":"WebSite","@id":"https:\/\/vaporparalaindustria.com\/#website","url":"https:\/\/vaporparalaindustria.com\/","name":"Vapor para a Ind\u00fastria","description":"Gest\u00e3o Eficiente de Sistemas a Vapor","publisher":{"@id":"https:\/\/vaporparalaindustria.com\/#organization"},"potentialAction":[{"@type":"SearchAction","target":{"@type":"EntryPoint","urlTemplate":"https:\/\/vaporparalaindustria.com\/?s={search_term_string}"},"query-input":{"@type":"PropertyValueSpecification","valueRequired":true,"valueName":"search_term_string"}}],"inLanguage":"pt-PT"},{"@type":"Organization","@id":"https:\/\/vaporparalaindustria.com\/#organization","name":"Vapor para a Ind\u00fastria","url":"https:\/\/vaporparalaindustria.com\/","logo":{"@type":"ImageObject","inLanguage":"pt-PT","@id":"https:\/\/vaporparalaindustria.com\/#\/schema\/logo\/image\/","url":"https:\/\/vaporparalaindustria.com\/wp-content\/uploads\/2017\/10\/LogoBlogBLANCO-FINAL_VAPOR-PARA-LA-INDUSTRIA-e1499957507814.png","contentUrl":"https:\/\/vaporparalaindustria.com\/wp-content\/uploads\/2017\/10\/LogoBlogBLANCO-FINAL_VAPOR-PARA-LA-INDUSTRIA-e1499957507814.png","width":300,"height":117,"caption":"Vapor para la Industria"},"image":{"@id":"https:\/\/vaporparalaindustria.com\/#\/schema\/logo\/image\/"}}]}},"acf":[],"_links":{"self":[{"href":"https:\/\/vaporparalaindustria.com\/pt\/wp-json\/wp\/v2\/pages\/27279","targetHints":{"allow":["GET"]}}],"collection":[{"href":"https:\/\/vaporparalaindustria.com\/pt\/wp-json\/wp\/v2\/pages"}],"about":[{"href":"https:\/\/vaporparalaindustria.com\/pt\/wp-json\/wp\/v2\/types\/page"}],"author":[{"embeddable":true,"href":"https:\/\/vaporparalaindustria.com\/pt\/wp-json\/wp\/v2\/users\/1"}],"replies":[{"embeddable":true,"href":"https:\/\/vaporparalaindustria.com\/pt\/wp-json\/wp\/v2\/comments?post=27279"}],"version-history":[{"count":0,"href":"https:\/\/vaporparalaindustria.com\/pt\/wp-json\/wp\/v2\/pages\/27279\/revisions"}],"wp:featuredmedia":[{"embeddable":true,"href":"https:\/\/vaporparalaindustria.com\/pt\/wp-json\/wp\/v2\/media\/27288"}],"wp:attachment":[{"href":"https:\/\/vaporparalaindustria.com\/pt\/wp-json\/wp\/v2\/media?parent=27279"}],"curies":[{"name":"wp","href":"https:\/\/api.w.org\/{rel}","templated":true}]}}