{"id":26601,"date":"2022-08-09T12:04:42","date_gmt":"2022-08-09T11:04:42","guid":{"rendered":"https:\/\/vaporparalaindustria.com\/?page_id=26601"},"modified":"2023-10-24T17:06:58","modified_gmt":"2023-10-24T16:06:58","slug":"guia-para-la-descarbonizacion-de-sistemas-de-vapor","status":"publish","type":"page","link":"https:\/\/vaporparalaindustria.com\/pt\/guia-para-la-descarbonizacion-de-sistemas-de-vapor\/","title":{"rendered":"Orienta\u00e7\u00e3o para a descarboniza\u00e7\u00e3o de sistemas de vapor"},"content":{"rendered":"<h2>\n\t\tPREPARA\u00c7\u00c3O PARA A HERAN\u00c7A DO FUTURO\n\t<\/h2>\n<h2>\n\t\tDESCARBONIZA\u00c7\u00c3O DA GERA\u00c7\u00c3O E DISTRIBUI\u00c7\u00c3O DE VAPOR PARA UTILIZADORES CR\u00cdTICOS DE VAPOR\n\t<\/h2>\n\t\t\t<a href=\"#form\" target=\"_self\" rel=\"noopener\">\n\t\t\t\t\t\t\tDESCARREGAR O GUIA\n\t\t\t\t\t<\/a>\n<h2>\n\t\tEFICIENTE, MAIS SEGURO E SUSTENT\u00c1VEL\n\t<\/h2>\n\t<p>Esta foi a mensagem na capa do Relat\u00f3rio Anual de Engenharia da Spirax Sarco 2020. Tr\u00eas palavras que realmente personificam os resultados que a Spirax Sarco tem ajudado os utilizadores de vapor a alcan\u00e7ar durante d\u00e9cadas. Naturalmente, uma destas palavras est\u00e1 a tornar-se especialmente proeminente em todos os nossos pensamentos e em muitas das nossas ac\u00e7\u00f5es: \"sustentabilidade\". \u00c9 um t\u00f3pico multifacetado, que agora toca quase todos os aspectos das nossas vidas e apresenta oportunidades e desafios que todos n\u00f3s devemos trabalhar juntos para abra\u00e7ar. Ent\u00e3o, onde e como \u00e9 que a engenharia do vapor se enquadra nisto, e como \u00e9 que a Spirax Sarco o pode ajudar?<\/p>\n\t<p>O ESPECIALISTA EM CONSULTORIA STEPHEN BISHOP FORNECE INFORMA\u00c7\u00d5ES SOBRE O QUE PODE FAZER HOJE PARA OPTIMIZAR O SEU SISTEMA DE VAPOR E O QUE O FUTURO RESERVA PARA AS CONDI\u00c7\u00d5ES DE SA\u00daDE.<\/p>\n\t\t\t\t<img loading=\"lazy\" decoding=\"async\" src=\"https:\/\/vaporparalaindustria.com\/wp-content\/uploads\/2022\/08\/Steve_Bishop.jpeg\" alt=\"Steve_Bishop\" itemprop=\"image\" height=\"683\" width=\"600\" title=\"Steve_Bishop\" onerror=\"this.style.display='none'\"  \/>\n\t<p>A gera\u00e7\u00e3o de vapor sustent\u00e1vel tem um papel vital a desempenhar na satisfa\u00e7\u00e3o das necessidades de energia t\u00e9rmica do futuro nos cuidados de sa\u00fade e na ind\u00fastria. Estou realmente entusiasmado com as tecnologias que est\u00e3o dispon\u00edveis para ajudar a conseguir isto e com o papel que estamos a desempenhar na Spirax Sarco no seu desenvolvimento. No entanto, h\u00e1 muitas coisas que todos podemos fazer hoje para dar alguns passos significativos nessa viagem em direc\u00e7\u00e3o aos nossos pr\u00f3prios objectivos da Rede Zero. Espero que este guia forne\u00e7a alguma informa\u00e7\u00e3o \u00fatil, promova alguns pensamentos e ideias e ilustre como Spirax Sarco est\u00e1 bem posicionada para embarcar nessa viagem em parceria consigo.<\/p>\n\t<p><em>Steve Bishop \u00e9 consultor especializado da Spirax Sarco UK &amp; Ireland, com muitos anos de experi\u00eancia numa variedade de processos industriais e de utiliza\u00e7\u00e3o de vapor em geral, incluindo experi\u00eancia de fabrico numa variedade de ind\u00fastrias.<\/em><\/p>\n<h2>\n\t\tINTRODUZA OS SEUS DADOS PARA RECEBER UMA C\u00d3PIA DO GUIA DIRECTAMENTE NA SUA CAIXA DE CORREIO\n\t<\/h2>\n\t <form id=\"mktoForm_2052\" action=\"\"><input type=\"hidden\" name=\"trp-form-language\" value=\"pt\"\/><\/form>","protected":false},"excerpt":{"rendered":"<p>PREPARANDO-SE PARA A HERAN\u00c7A DO FUTURO A DESCARBONIZA\u00c7\u00c3O DA GERA\u00c7\u00c3O E DISTRIBUI\u00c7\u00c3O DE VAPOR PARA USU\u00c1RIOS CR\u00cdTICOS DE VAPOR BAIXE O GUIA EFICIENTE, SEGURO E SUSTENT\u00c1VEL Esta foi a mensagem na capa do Relat\u00f3rio Anual de Engenharia da Spirax Sarco 2020. Tr\u00eas palavras que realmente personificam os resultados que a Spirax Sarco tem ...<\/p>","protected":false},"author":1,"featured_media":0,"parent":0,"menu_order":0,"comment_status":"closed","ping_status":"closed","template":"","meta":{"_acf_changed":false,"_genesis_hide_title":false,"_genesis_hide_breadcrumbs":false,"_genesis_hide_singular_image":false,"_genesis_hide_footer_widgets":false,"_genesis_custom_body_class":"","_genesis_custom_post_class":"","_genesis_layout":"","footnotes":""},"class_list":{"1":"page","2":"type-page","5":"entry"},"yoast_head":"<!-- This site is optimized with the Yoast SEO plugin v27.3 - https:\/\/yoast.com\/product\/yoast-seo-wordpress\/ -->\n<title>Gu\u00eda para la descarbonizaci\u00f3n de sistemas de vapor - Vapor para la Industria<\/title>\n<meta name=\"robots\" content=\"index, follow, max-snippet:-1, max-image-preview:large, max-video-preview:-1\" \/>\n<link rel=\"canonical\" href=\"https:\/\/vaporparalaindustria.com\/pt\/guia-para-la-descarbonizacion-de-sistemas-de-vapor\/\" \/>\n<meta property=\"og:locale\" content=\"pt_PT\" \/>\n<meta property=\"og:type\" content=\"article\" \/>\n<meta property=\"og:title\" content=\"Gu\u00eda para la descarbonizaci\u00f3n de sistemas de vapor - Vapor para la Industria\" \/>\n<meta property=\"og:description\" content=\"PREPAR\u00c1NDONOS PARA LA HERENCIA DEL FUTURO LA DESCARBONIZACI\u00d3N DE LA GENERACI\u00d3N Y DISTRIBUCI\u00d3N DE VAPOR PARA USUARIOS CR\u00cdTICOS DE VAPOR DESCARGA LA GU\u00cdA EFICIENTE, M\u00c1S SEGURO Y SOSTENIBLE Este fue el mensaje de la portada del Informe Anual de Ingenier\u00eda de Spirax Sarco 2020. Tres palabras que realmente encarnan los resultados que Spirax Sarco ha &hellip;\" \/>\n<meta property=\"og:url\" content=\"https:\/\/vaporparalaindustria.com\/pt\/guia-para-la-descarbonizacion-de-sistemas-de-vapor\/\" \/>\n<meta property=\"og:site_name\" content=\"Vapor para la Industria\" \/>\n<meta property=\"article:modified_time\" content=\"2023-10-24T16:06:58+00:00\" \/>\n<meta property=\"og:image\" content=\"https:\/\/vaporparalaindustria.com\/wp-content\/uploads\/2022\/08\/Steve_Bishop.jpeg\" \/>\n<meta name=\"twitter:card\" content=\"summary_large_image\" \/>\n<meta name=\"twitter:label1\" content=\"Tempo estimado de leitura\" \/>\n\t<meta name=\"twitter:data1\" content=\"2 minutos\" \/>\n<script type=\"application\/ld+json\" class=\"yoast-schema-graph\">{\"@context\":\"https:\\\/\\\/schema.org\",\"@graph\":[{\"@type\":\"WebPage\",\"@id\":\"https:\\\/\\\/vaporparalaindustria.com\\\/guia-para-la-descarbonizacion-de-sistemas-de-vapor\\\/\",\"url\":\"https:\\\/\\\/vaporparalaindustria.com\\\/guia-para-la-descarbonizacion-de-sistemas-de-vapor\\\/\",\"name\":\"Gu\u00eda para la descarbonizaci\u00f3n de sistemas de vapor - Vapor para la Industria\",\"isPartOf\":{\"@id\":\"https:\\\/\\\/vaporparalaindustria.com\\\/#website\"},\"primaryImageOfPage\":{\"@id\":\"https:\\\/\\\/vaporparalaindustria.com\\\/guia-para-la-descarbonizacion-de-sistemas-de-vapor\\\/#primaryimage\"},\"image\":{\"@id\":\"https:\\\/\\\/vaporparalaindustria.com\\\/guia-para-la-descarbonizacion-de-sistemas-de-vapor\\\/#primaryimage\"},\"thumbnailUrl\":\"https:\\\/\\\/vaporparalaindustria.com\\\/wp-content\\\/uploads\\\/2022\\\/08\\\/Steve_Bishop.jpeg\",\"datePublished\":\"2022-08-09T11:04:42+00:00\",\"dateModified\":\"2023-10-24T16:06:58+00:00\",\"breadcrumb\":{\"@id\":\"https:\\\/\\\/vaporparalaindustria.com\\\/guia-para-la-descarbonizacion-de-sistemas-de-vapor\\\/#breadcrumb\"},\"inLanguage\":\"pt-PT\",\"potentialAction\":[{\"@type\":\"ReadAction\",\"target\":[\"https:\\\/\\\/vaporparalaindustria.com\\\/guia-para-la-descarbonizacion-de-sistemas-de-vapor\\\/\"]}]},{\"@type\":\"ImageObject\",\"inLanguage\":\"pt-PT\",\"@id\":\"https:\\\/\\\/vaporparalaindustria.com\\\/guia-para-la-descarbonizacion-de-sistemas-de-vapor\\\/#primaryimage\",\"url\":\"https:\\\/\\\/vaporparalaindustria.com\\\/wp-content\\\/uploads\\\/2022\\\/08\\\/Steve_Bishop.jpeg\",\"contentUrl\":\"https:\\\/\\\/vaporparalaindustria.com\\\/wp-content\\\/uploads\\\/2022\\\/08\\\/Steve_Bishop.jpeg\"},{\"@type\":\"BreadcrumbList\",\"@id\":\"https:\\\/\\\/vaporparalaindustria.com\\\/guia-para-la-descarbonizacion-de-sistemas-de-vapor\\\/#breadcrumb\",\"itemListElement\":[{\"@type\":\"ListItem\",\"position\":1,\"name\":\"Portada\",\"item\":\"https:\\\/\\\/vaporparalaindustria.com\\\/\"},{\"@type\":\"ListItem\",\"position\":2,\"name\":\"Gu\u00eda para la descarbonizaci\u00f3n de sistemas de vapor\"}]},{\"@type\":\"WebSite\",\"@id\":\"https:\\\/\\\/vaporparalaindustria.com\\\/#website\",\"url\":\"https:\\\/\\\/vaporparalaindustria.com\\\/\",\"name\":\"Vapor para la Industria\",\"description\":\"Gesti\u00f3n Eficiente de los Sistemas de Vapor\",\"publisher\":{\"@id\":\"https:\\\/\\\/vaporparalaindustria.com\\\/#organization\"},\"potentialAction\":[{\"@type\":\"SearchAction\",\"target\":{\"@type\":\"EntryPoint\",\"urlTemplate\":\"https:\\\/\\\/vaporparalaindustria.com\\\/?s={search_term_string}\"},\"query-input\":{\"@type\":\"PropertyValueSpecification\",\"valueRequired\":true,\"valueName\":\"search_term_string\"}}],\"inLanguage\":\"pt-PT\"},{\"@type\":\"Organization\",\"@id\":\"https:\\\/\\\/vaporparalaindustria.com\\\/#organization\",\"name\":\"Vapor para la Industria\",\"url\":\"https:\\\/\\\/vaporparalaindustria.com\\\/\",\"logo\":{\"@type\":\"ImageObject\",\"inLanguage\":\"pt-PT\",\"@id\":\"https:\\\/\\\/vaporparalaindustria.com\\\/#\\\/schema\\\/logo\\\/image\\\/\",\"url\":\"https:\\\/\\\/vaporparalaindustria.com\\\/wp-content\\\/uploads\\\/2017\\\/10\\\/LogoBlogBLANCO-FINAL_VAPOR-PARA-LA-INDUSTRIA-e1499957507814.png\",\"contentUrl\":\"https:\\\/\\\/vaporparalaindustria.com\\\/wp-content\\\/uploads\\\/2017\\\/10\\\/LogoBlogBLANCO-FINAL_VAPOR-PARA-LA-INDUSTRIA-e1499957507814.png\",\"width\":300,\"height\":117,\"caption\":\"Vapor para la Industria\"},\"image\":{\"@id\":\"https:\\\/\\\/vaporparalaindustria.com\\\/#\\\/schema\\\/logo\\\/image\\\/\"}}]}<\/script>\n<!-- \/ Yoast SEO plugin. -->","yoast_head_json":{"title":"Orienta\u00e7\u00f5es para a descarboniza\u00e7\u00e3o de sistemas de vapor - Steam for Industry","robots":{"index":"index","follow":"follow","max-snippet":"max-snippet:-1","max-image-preview":"max-image-preview:large","max-video-preview":"max-video-preview:-1"},"canonical":"https:\/\/vaporparalaindustria.com\/pt\/guia-para-la-descarbonizacion-de-sistemas-de-vapor\/","og_locale":"pt_PT","og_type":"article","og_title":"Gu\u00eda para la descarbonizaci\u00f3n de sistemas de vapor - Vapor para la Industria","og_description":"PREPAR\u00c1NDONOS PARA LA HERENCIA DEL FUTURO LA DESCARBONIZACI\u00d3N DE LA GENERACI\u00d3N Y DISTRIBUCI\u00d3N DE VAPOR PARA USUARIOS CR\u00cdTICOS DE VAPOR DESCARGA LA GU\u00cdA EFICIENTE, M\u00c1S SEGURO Y SOSTENIBLE Este fue el mensaje de la portada del Informe Anual de Ingenier\u00eda de Spirax Sarco 2020. Tres palabras que realmente encarnan los resultados que Spirax Sarco ha &hellip;","og_url":"https:\/\/vaporparalaindustria.com\/pt\/guia-para-la-descarbonizacion-de-sistemas-de-vapor\/","og_site_name":"Vapor para la Industria","article_modified_time":"2023-10-24T16:06:58+00:00","og_image":[{"url":"https:\/\/vaporparalaindustria.com\/wp-content\/uploads\/2022\/08\/Steve_Bishop.jpeg","type":"","width":"","height":""}],"twitter_card":"summary_large_image","twitter_misc":{"Tempo estimado de leitura":"2 minutos"},"schema":{"@context":"https:\/\/schema.org","@graph":[{"@type":"WebPage","@id":"https:\/\/vaporparalaindustria.com\/guia-para-la-descarbonizacion-de-sistemas-de-vapor\/","url":"https:\/\/vaporparalaindustria.com\/guia-para-la-descarbonizacion-de-sistemas-de-vapor\/","name":"Orienta\u00e7\u00f5es para a descarboniza\u00e7\u00e3o de sistemas de vapor - Steam for Industry","isPartOf":{"@id":"https:\/\/vaporparalaindustria.com\/#website"},"primaryImageOfPage":{"@id":"https:\/\/vaporparalaindustria.com\/guia-para-la-descarbonizacion-de-sistemas-de-vapor\/#primaryimage"},"image":{"@id":"https:\/\/vaporparalaindustria.com\/guia-para-la-descarbonizacion-de-sistemas-de-vapor\/#primaryimage"},"thumbnailUrl":"https:\/\/vaporparalaindustria.com\/wp-content\/uploads\/2022\/08\/Steve_Bishop.jpeg","datePublished":"2022-08-09T11:04:42+00:00","dateModified":"2023-10-24T16:06:58+00:00","breadcrumb":{"@id":"https:\/\/vaporparalaindustria.com\/guia-para-la-descarbonizacion-de-sistemas-de-vapor\/#breadcrumb"},"inLanguage":"pt-PT","potentialAction":[{"@type":"ReadAction","target":["https:\/\/vaporparalaindustria.com\/guia-para-la-descarbonizacion-de-sistemas-de-vapor\/"]}]},{"@type":"ImageObject","inLanguage":"pt-PT","@id":"https:\/\/vaporparalaindustria.com\/guia-para-la-descarbonizacion-de-sistemas-de-vapor\/#primaryimage","url":"https:\/\/vaporparalaindustria.com\/wp-content\/uploads\/2022\/08\/Steve_Bishop.jpeg","contentUrl":"https:\/\/vaporparalaindustria.com\/wp-content\/uploads\/2022\/08\/Steve_Bishop.jpeg"},{"@type":"BreadcrumbList","@id":"https:\/\/vaporparalaindustria.com\/guia-para-la-descarbonizacion-de-sistemas-de-vapor\/#breadcrumb","itemListElement":[{"@type":"ListItem","position":1,"name":"Portada","item":"https:\/\/vaporparalaindustria.com\/"},{"@type":"ListItem","position":2,"name":"Gu\u00eda para la descarbonizaci\u00f3n de sistemas de vapor"}]},{"@type":"WebSite","@id":"https:\/\/vaporparalaindustria.com\/#website","url":"https:\/\/vaporparalaindustria.com\/","name":"Vapor para a Ind\u00fastria","description":"Gest\u00e3o Eficiente de Sistemas a Vapor","publisher":{"@id":"https:\/\/vaporparalaindustria.com\/#organization"},"potentialAction":[{"@type":"SearchAction","target":{"@type":"EntryPoint","urlTemplate":"https:\/\/vaporparalaindustria.com\/?s={search_term_string}"},"query-input":{"@type":"PropertyValueSpecification","valueRequired":true,"valueName":"search_term_string"}}],"inLanguage":"pt-PT"},{"@type":"Organization","@id":"https:\/\/vaporparalaindustria.com\/#organization","name":"Vapor para a Ind\u00fastria","url":"https:\/\/vaporparalaindustria.com\/","logo":{"@type":"ImageObject","inLanguage":"pt-PT","@id":"https:\/\/vaporparalaindustria.com\/#\/schema\/logo\/image\/","url":"https:\/\/vaporparalaindustria.com\/wp-content\/uploads\/2017\/10\/LogoBlogBLANCO-FINAL_VAPOR-PARA-LA-INDUSTRIA-e1499957507814.png","contentUrl":"https:\/\/vaporparalaindustria.com\/wp-content\/uploads\/2017\/10\/LogoBlogBLANCO-FINAL_VAPOR-PARA-LA-INDUSTRIA-e1499957507814.png","width":300,"height":117,"caption":"Vapor para la Industria"},"image":{"@id":"https:\/\/vaporparalaindustria.com\/#\/schema\/logo\/image\/"}}]}},"acf":[],"_links":{"self":[{"href":"https:\/\/vaporparalaindustria.com\/pt\/wp-json\/wp\/v2\/pages\/26601","targetHints":{"allow":["GET"]}}],"collection":[{"href":"https:\/\/vaporparalaindustria.com\/pt\/wp-json\/wp\/v2\/pages"}],"about":[{"href":"https:\/\/vaporparalaindustria.com\/pt\/wp-json\/wp\/v2\/types\/page"}],"author":[{"embeddable":true,"href":"https:\/\/vaporparalaindustria.com\/pt\/wp-json\/wp\/v2\/users\/1"}],"replies":[{"embeddable":true,"href":"https:\/\/vaporparalaindustria.com\/pt\/wp-json\/wp\/v2\/comments?post=26601"}],"version-history":[{"count":0,"href":"https:\/\/vaporparalaindustria.com\/pt\/wp-json\/wp\/v2\/pages\/26601\/revisions"}],"wp:attachment":[{"href":"https:\/\/vaporparalaindustria.com\/pt\/wp-json\/wp\/v2\/media?parent=26601"}],"curies":[{"name":"wp","href":"https:\/\/api.w.org\/{rel}","templated":true}]}}