{"id":26466,"date":"2022-01-05T12:57:08","date_gmt":"2022-01-05T11:57:08","guid":{"rendered":"https:\/\/vaporparalaindustria.com\/?page_id=26466"},"modified":"2022-01-05T13:08:34","modified_gmt":"2022-01-05T12:08:34","slug":"treinamento","status":"publish","type":"page","link":"https:\/\/vaporparalaindustria.com\/pt\/treinamento\/","title":{"rendered":"Treinamento"},"content":{"rendered":"<h2>EVENTOS<\/h2>\r\n<p>Todos<\/p>\r\n<ul>\r\n<li tabindex=\"0\" data-filter=\"*\">Todos<\/li>\r\n<li tabindex=\"0\" data-filter=\".product_cat-formacao-online\" data-term=\"formacao-online\" data-item-count=\"0\" aria-label=\"Forma\u00e7\u00e3o online\">Forma\u00e7\u00e3o online<\/li>\r\n<li tabindex=\"0\" data-filter=\".product_cat-webinars\" data-term=\"webinars\" data-item-count=\"8\" aria-label=\"Webinars\">Webinars<\/li>\r\n<\/ul>\r\n<ul>\r\n<li id=\"woopack-product-26218\" data-product-id=\"26218\"><a title=\"Webinar sobre Sistemas de Recupera\u00e7\u00e3o de Energia de Condensados Replay\" href=\"https:\/\/vaporparalaindustria.com\/pt\/produto\/webinar-replay-sistemas-de-recuperacion-de-energia-del-condensado\/\" rel=\"bookmark\"> <img loading=\"lazy\" decoding=\"async\" src=\"https:\/\/vaporparalaindustria.com\/wp-content\/uploads\/2021\/09\/Webinar-Replay-Sistemas-de-recuperacio\u0301n-de-energi\u0301a-del-condensado-300x225.png\" sizes=\"auto, (max-width: 300px) 100vw, 300px\" srcset=\"https:\/\/4eofsg2qmq5l3hizye11zutw-wpengine.netdna-ssl.com\/wp-content\/uploads\/2021\/09\/Webinar-Replay-Sistemas-de-recuperacio\u0301n-de-energi\u0301a-del-condensado-300x225.png 300w, https:\/\/4eofsg2qmq5l3hizye11zutw-wpengine.netdna-ssl.com\/wp-content\/uploads\/2021\/09\/Webinar-Replay-Sistemas-de-recuperacio\u0301n-de-energi\u0301a-del-condensado-150x112.png 150w, https:\/\/4eofsg2qmq5l3hizye11zutw-wpengine.netdna-ssl.com\/wp-content\/uploads\/2021\/09\/Webinar-Replay-Sistemas-de-recuperacio\u0301n-de-energi\u0301a-del-condensado.png 1924w\" alt=\"Webinar Replay Sistemas de recuperaci\u00f3n de energ\u00eda del condensado\" width=\"300\" height=\"225\" data-no-lazy=\"1\" \/> <\/a>\r\n<h6><a title=\"Webinar sobre Sistemas de Recupera\u00e7\u00e3o de Energia de Condensados Replay\" href=\"https:\/\/vaporparalaindustria.com\/pt\/produto\/webinar-replay-sistemas-de-recuperacion-de-energia-del-condensado\/\" rel=\"bookmark\"> Webinar sobre Sistemas de Recupera\u00e7\u00e3o de Energia de Condensados Replay <\/a><\/h6>\r\n<a href=\"https:\/\/attendee.gotowebinar.com\/recording\/838297758357353473\" target=\"_blank\" rel=\"nofollow noopener\" data-quantity=\"1\" data-product_id=\"26218\" data-product_sku=\"\" data-woopack=\"true\" aria-label=\"JOGUE AGORA\">JOGUE AGORA<\/a> Categoria: <a href=\"https:\/\/vaporparalaindustria.com\/pt\/produto-etiqueta\/calentamientodevapor\/\">#CSteamHeating<\/a>, <a href=\"https:\/\/vaporparalaindustria.com\/pt\/produto-etiqueta\/eficienciaenergetica\/\">#EnergyEfficiency<\/a><\/li>\r\n<li id=\"woopack-product-26221\" data-product-id=\"26221\"><a title=\"Webinar Replay Recupera\u00e7\u00e3o de Vapor Flash\" href=\"https:\/\/vaporparalaindustria.com\/pt\/produto\/webinar-replay-recuperacion-de-vapor-flash\/\" rel=\"bookmark\"> <img loading=\"lazy\" decoding=\"async\" src=\"https:\/\/vaporparalaindustria.com\/wp-content\/uploads\/2021\/09\/Webinar-Replay-Recuperacio\u0301n-de-Vapor-Flash-300x169.png\" sizes=\"auto, (max-width: 300px) 100vw, 300px\" srcset=\"https:\/\/4eofsg2qmq5l3hizye11zutw-wpengine.netdna-ssl.com\/wp-content\/uploads\/2021\/09\/Webinar-Replay-Recuperacio\u0301n-de-Vapor-Flash-300x169.png 300w, https:\/\/4eofsg2qmq5l3hizye11zutw-wpengine.netdna-ssl.com\/wp-content\/uploads\/2021\/09\/Webinar-Replay-Recuperacio\u0301n-de-Vapor-Flash-150x84.png 150w, https:\/\/4eofsg2qmq5l3hizye11zutw-wpengine.netdna-ssl.com\/wp-content\/uploads\/2021\/09\/Webinar-Replay-Recuperacio\u0301n-de-Vapor-Flash.png 1270w\" alt=\"Webinar Replay Recuperaci\u00f3n de Vapor Flash\" width=\"300\" height=\"169\" data-no-lazy=\"1\" \/> <\/a>\r\n<h6><a title=\"Webinar Replay Recupera\u00e7\u00e3o de Vapor Flash\" href=\"https:\/\/vaporparalaindustria.com\/pt\/produto\/webinar-replay-recuperacion-de-vapor-flash\/\" rel=\"bookmark\"> Webinar Replay Recupera\u00e7\u00e3o de Vapor Flash <\/a><\/h6>\r\n<a href=\"https:\/\/attendee.gotowebinar.com\/recording\/4095898932053307151\" target=\"_blank\" rel=\"nofollow noopener\" data-quantity=\"1\" data-product_id=\"26221\" data-product_sku=\"\" data-woopack=\"true\" aria-label=\"JOGUE AGORA\">JOGUE AGORA<\/a> Categoria: <a href=\"https:\/\/vaporparalaindustria.com\/pt\/produto-etiqueta\/calentamientodevapor\/\">#CSteamHeating<\/a>, <a href=\"https:\/\/vaporparalaindustria.com\/pt\/produto-etiqueta\/eficienciaenergetica\/\">#EnergyEfficiency<\/a><\/li>\r\n<li id=\"woopack-product-26223\" data-product-id=\"26223\"><a title=\"Webinar Replay Sistema de aquecimento de \u00e1gua para circuitos fechados de aquecimento\" href=\"https:\/\/vaporparalaindustria.com\/pt\/produto\/webinar-replay-sistema-de-calentamiento-de-agua-para-circuitos-cerrados-de-calefaccion\/\" rel=\"bookmark\"> <img loading=\"lazy\" decoding=\"async\" src=\"https:\/\/vaporparalaindustria.com\/wp-content\/uploads\/2021\/09\/Webinar-Sistema-de-calentamiento-de-agua-para-circuitos-cerrados-de-calefaccio\u0301n-300x188.png\" sizes=\"auto, (max-width: 300px) 100vw, 300px\" srcset=\"https:\/\/4eofsg2qmq5l3hizye11zutw-wpengine.netdna-ssl.com\/wp-content\/uploads\/2021\/09\/Webinar-Sistema-de-calentamiento-de-agua-para-circuitos-cerrados-de-calefaccio\u0301n-300x188.png 300w, https:\/\/4eofsg2qmq5l3hizye11zutw-wpengine.netdna-ssl.com\/wp-content\/uploads\/2021\/09\/Webinar-Sistema-de-calentamiento-de-agua-para-circuitos-cerrados-de-calefaccio\u0301n-150x94.png 150w, https:\/\/4eofsg2qmq5l3hizye11zutw-wpengine.netdna-ssl.com\/wp-content\/uploads\/2021\/09\/Webinar-Sistema-de-calentamiento-de-agua-para-circuitos-cerrados-de-calefaccio\u0301n.png 1918w\" alt=\"Webinar Sistema de calentamiento de agua para circuitos cerrados de calefaccio\u0301n\" width=\"300\" height=\"188\" data-no-lazy=\"1\" \/> <\/a>\r\n<h6><a title=\"Webinar Replay Sistema de aquecimento de \u00e1gua para circuitos fechados de aquecimento\" href=\"https:\/\/vaporparalaindustria.com\/pt\/produto\/webinar-replay-sistema-de-calentamiento-de-agua-para-circuitos-cerrados-de-calefaccion\/\" rel=\"bookmark\"> Webinar Replay Sistema de aquecimento de \u00e1gua para circuitos fechados de aquecimento <\/a><\/h6>\r\n<a href=\"https:\/\/attendee.gotowebinar.com\/recording\/8591025714526221836\" target=\"_blank\" rel=\"nofollow noopener\" data-quantity=\"1\" data-product_id=\"26223\" data-product_sku=\"\" data-woopack=\"true\" aria-label=\"JOGUE AGORA\">JOGUE AGORA<\/a> Categoria: <a href=\"https:\/\/vaporparalaindustria.com\/pt\/produto-etiqueta\/calentamientodevapor\/\">#CSteamHeating<\/a>, <a href=\"https:\/\/vaporparalaindustria.com\/pt\/produto-etiqueta\/eficienciaenergetica\/\">#EnergyEfficiency<\/a><\/li>\r\n<li id=\"woopack-product-26226\" data-product-id=\"26226\"><a title=\"Repeti\u00e7\u00e3o Webinar C\u00e1lculo do consumo de vapor durante o aquecimento\" href=\"https:\/\/vaporparalaindustria.com\/pt\/produto\/webinar-replay-calculo-del-consumo-de-vapor-en-calentamiento\/\" rel=\"bookmark\"> <img loading=\"lazy\" decoding=\"async\" src=\"https:\/\/vaporparalaindustria.com\/wp-content\/uploads\/2021\/09\/Webinar-Replay-Ca\u0301lculo-del-consumo-de-vapor-en-calentamiento-300x168.png\" sizes=\"auto, (max-width: 300px) 100vw, 300px\" srcset=\"https:\/\/4eofsg2qmq5l3hizye11zutw-wpengine.netdna-ssl.com\/wp-content\/uploads\/2021\/09\/Webinar-Replay-Ca\u0301lculo-del-consumo-de-vapor-en-calentamiento-300x168.png 300w, https:\/\/4eofsg2qmq5l3hizye11zutw-wpengine.netdna-ssl.com\/wp-content\/uploads\/2021\/09\/Webinar-Replay-Ca\u0301lculo-del-consumo-de-vapor-en-calentamiento-150x84.png 150w, https:\/\/4eofsg2qmq5l3hizye11zutw-wpengine.netdna-ssl.com\/wp-content\/uploads\/2021\/09\/Webinar-Replay-Ca\u0301lculo-del-consumo-de-vapor-en-calentamiento.png 1272w\" alt=\"Webinar Replay C\u00e1lculo del consumo de vapor en calentamiento\" width=\"300\" height=\"168\" data-no-lazy=\"1\" \/> <\/a>\r\n<h6><a title=\"Repeti\u00e7\u00e3o Webinar C\u00e1lculo do consumo de vapor durante o aquecimento\" href=\"https:\/\/vaporparalaindustria.com\/pt\/produto\/webinar-replay-calculo-del-consumo-de-vapor-en-calentamiento\/\" rel=\"bookmark\"> Repeti\u00e7\u00e3o Webinar C\u00e1lculo do consumo de vapor durante o aquecimento <\/a><\/h6>\r\n<a href=\"https:\/\/attendee.gotowebinar.com\/recording\/3153241425225679106\" target=\"_blank\" rel=\"nofollow noopener\" data-quantity=\"1\" data-product_id=\"26226\" data-product_sku=\"\" data-woopack=\"true\" aria-label=\"JOGUE AGORA\">JOGUE AGORA<\/a> Categoria: <a href=\"https:\/\/vaporparalaindustria.com\/pt\/produto-etiqueta\/calentamientodevapor\/\">#CSteamHeating<\/a>, <a href=\"https:\/\/vaporparalaindustria.com\/pt\/produto-etiqueta\/eficienciaenergetica\/\">#EnergyEfficiency<\/a><\/li>\r\n<li id=\"woopack-product-26228\" data-product-id=\"26228\"><a title=\"Replay Webinar Qualidade do Vapor: Gerenciando Riscos de Contamina\u00e7\u00e3o por Vapor\" href=\"https:\/\/vaporparalaindustria.com\/pt\/produto\/webinar-replay-calidad-del-vapor-gestion-de-riesgos-de-contaminacion-por-vapor\/\" rel=\"bookmark\"> <img loading=\"lazy\" decoding=\"async\" src=\"https:\/\/vaporparalaindustria.com\/wp-content\/uploads\/2021\/09\/Webinar-Calidad-del-Vapor-Gestion-de-Riesgos-de-contaminacio\u0301n-por-Vapor-300x168.png\" sizes=\"auto, (max-width: 300px) 100vw, 300px\" srcset=\"https:\/\/4eofsg2qmq5l3hizye11zutw-wpengine.netdna-ssl.com\/wp-content\/uploads\/2021\/09\/Webinar-Calidad-del-Vapor-Gestion-de-Riesgos-de-contaminacio\u0301n-por-Vapor-300x168.png 300w, https:\/\/4eofsg2qmq5l3hizye11zutw-wpengine.netdna-ssl.com\/wp-content\/uploads\/2021\/09\/Webinar-Calidad-del-Vapor-Gestion-de-Riesgos-de-contaminacio\u0301n-por-Vapor-150x84.png 150w, https:\/\/4eofsg2qmq5l3hizye11zutw-wpengine.netdna-ssl.com\/wp-content\/uploads\/2021\/09\/Webinar-Calidad-del-Vapor-Gestion-de-Riesgos-de-contaminacio\u0301n-por-Vapor.png 1272w\" alt=\"Webinar Calidad del Vapor Gestion de Riesgos de contaminacio\u0301n por Vapor\" width=\"300\" height=\"168\" data-no-lazy=\"1\" \/> <\/a>\r\n<h6><a title=\"Replay Webinar Qualidade do Vapor: Gerenciando Riscos de Contamina\u00e7\u00e3o por Vapor\" href=\"https:\/\/vaporparalaindustria.com\/pt\/produto\/webinar-replay-calidad-del-vapor-gestion-de-riesgos-de-contaminacion-por-vapor\/\" rel=\"bookmark\"> Replay Webinar Qualidade do Vapor: Gerenciando Riscos de Contamina\u00e7\u00e3o por Vapor <\/a><\/h6>\r\n<a href=\"https:\/\/attendee.gotowebinar.com\/recording\/2574991776195936012\" target=\"_blank\" rel=\"nofollow noopener\" data-quantity=\"1\" data-product_id=\"26228\" data-product_sku=\"\" data-woopack=\"true\" aria-label=\"JOGUE AGORA\">JOGUE AGORA<\/a> Categoria: <a href=\"https:\/\/vaporparalaindustria.com\/pt\/produto-etiqueta\/calidad-del-vapor\/\">#C Qualidade da Vela<\/a><\/li>\r\n<li id=\"woopack-product-26230\" data-product-id=\"26230\"><a title=\"Webinar Replay Seguran\u00e7a do Sistema de Vapor\" href=\"https:\/\/vaporparalaindustria.com\/pt\/produto\/webinar-replay-seguridad-en-sistemas-de-vapor\/\" rel=\"bookmark\"> <img loading=\"lazy\" decoding=\"async\" src=\"https:\/\/vaporparalaindustria.com\/wp-content\/uploads\/2021\/09\/Webinar-Replay-Seguridad-en-Sistemas-de-Vapor-300x169.png\" sizes=\"auto, (max-width: 300px) 100vw, 300px\" srcset=\"https:\/\/4eofsg2qmq5l3hizye11zutw-wpengine.netdna-ssl.com\/wp-content\/uploads\/2021\/09\/Webinar-Replay-Seguridad-en-Sistemas-de-Vapor-300x169.png 300w, https:\/\/4eofsg2qmq5l3hizye11zutw-wpengine.netdna-ssl.com\/wp-content\/uploads\/2021\/09\/Webinar-Replay-Seguridad-en-Sistemas-de-Vapor-150x85.png 150w\" alt=\"Webinar Replay Seguridad en Sistemas de Vapor\" width=\"300\" height=\"169\" data-no-lazy=\"1\" \/> <\/a>\r\n<h6><a title=\"Webinar Replay Seguran\u00e7a do Sistema de Vapor\" href=\"https:\/\/vaporparalaindustria.com\/pt\/produto\/webinar-replay-seguridad-en-sistemas-de-vapor\/\" rel=\"bookmark\"> Webinar Replay Seguran\u00e7a do Sistema de Vapor <\/a><\/h6>\r\n<a href=\"https:\/\/attendee.gotowebinar.com\/recording\/1538492059057514241\" target=\"_blank\" rel=\"nofollow noopener\" data-quantity=\"1\" data-product_id=\"26230\" data-product_sku=\"\" data-woopack=\"true\" aria-label=\"JOGUE AGORA\">JOGUE AGORA<\/a> Categoria: <a href=\"https:\/\/vaporparalaindustria.com\/pt\/produto-etiqueta\/seguridad\/\">#Sseguran\u00e7a<\/a><\/li>\r\n<li id=\"woopack-product-26232\" data-product-id=\"26232\"><a title=\"Webinar Replay V\u00e1lvulas de Seguran\u00e7a\" href=\"https:\/\/vaporparalaindustria.com\/pt\/produto\/webinar-replay-valvulas-de-seguridad\/\" rel=\"bookmark\"> <img loading=\"lazy\" decoding=\"async\" src=\"https:\/\/vaporparalaindustria.com\/wp-content\/uploads\/2021\/09\/Webinar-Replay-Va\u0301lvulas-de-Seguridad-300x225.png\" sizes=\"auto, (max-width: 300px) 100vw, 300px\" srcset=\"https:\/\/4eofsg2qmq5l3hizye11zutw-wpengine.netdna-ssl.com\/wp-content\/uploads\/2021\/09\/Webinar-Replay-Va\u0301lvulas-de-Seguridad-300x225.png 300w, https:\/\/4eofsg2qmq5l3hizye11zutw-wpengine.netdna-ssl.com\/wp-content\/uploads\/2021\/09\/Webinar-Replay-Va\u0301lvulas-de-Seguridad-150x112.png 150w, https:\/\/4eofsg2qmq5l3hizye11zutw-wpengine.netdna-ssl.com\/wp-content\/uploads\/2021\/09\/Webinar-Replay-Va\u0301lvulas-de-Seguridad.png 1918w\" alt=\"Webinar Replay V\u00e1lvulas de Seguridad\" width=\"300\" height=\"225\" data-no-lazy=\"1\" \/> <\/a>\r\n<h6><a title=\"Webinar Replay V\u00e1lvulas de Seguran\u00e7a\" href=\"https:\/\/vaporparalaindustria.com\/pt\/produto\/webinar-replay-valvulas-de-seguridad\/\" rel=\"bookmark\"> Webinar Replay V\u00e1lvulas de Seguran\u00e7a <\/a><\/h6>\r\n<a href=\"https:\/\/attendee.gotowebinar.com\/recording\/5958400161559704834\" target=\"_blank\" rel=\"nofollow noopener\" data-quantity=\"1\" data-product_id=\"26232\" data-product_sku=\"\" data-woopack=\"true\" aria-label=\"JOGUE AGORA\">JOGUE AGORA<\/a> Categoria: <a href=\"https:\/\/vaporparalaindustria.com\/pt\/produto-etiqueta\/seguridad\/\">#Sseguran\u00e7a<\/a><\/li>\r\n<li id=\"woopack-product-26263\" data-product-id=\"26263\"><a title=\"Replay Webinar V\u00e1lvulas de controle Spira-Trol com assento revers\u00edvel a vapor\" href=\"https:\/\/vaporparalaindustria.com\/pt\/produto\/webinar-replay-valvulas-de-control-spira-trol\/\" rel=\"bookmark\"> <img loading=\"lazy\" decoding=\"async\" src=\"https:\/\/vaporparalaindustria.com\/wp-content\/uploads\/2021\/10\/WEBINAR-REPLAY-VALVULA-DE-CONTROL-SPIRATROL-CON-ASIENTO-REVERSIBLE-STEAM-TIGHT-300x158.png\" sizes=\"auto, (max-width: 300px) 100vw, 300px\" srcset=\"https:\/\/4eofsg2qmq5l3hizye11zutw-wpengine.netdna-ssl.com\/wp-content\/uploads\/2021\/10\/WEBINAR-REPLAY-VALVULA-DE-CONTROL-SPIRATROL-CON-ASIENTO-REVERSIBLE-STEAM-TIGHT-300x158.png 300w, https:\/\/4eofsg2qmq5l3hizye11zutw-wpengine.netdna-ssl.com\/wp-content\/uploads\/2021\/10\/WEBINAR-REPLAY-VALVULA-DE-CONTROL-SPIRATROL-CON-ASIENTO-REVERSIBLE-STEAM-TIGHT-150x79.png 150w\" alt=\"WEBINAR REPLAY V\u00c1LVULA DE CONTROL SPIRA-TROL CON ASIENTO REVERSIBLE &quot;STEAM TIGHT&quot;\" width=\"300\" height=\"158\" data-no-lazy=\"1\" \/> <\/a>\r\n<h6><a title=\"Replay Webinar V\u00e1lvulas de controle Spira-Trol com assento revers\u00edvel a vapor\" href=\"https:\/\/vaporparalaindustria.com\/pt\/produto\/webinar-replay-valvulas-de-control-spira-trol\/\" rel=\"bookmark\"> Replay Webinar V\u00e1lvulas de controle Spira-Trol com assento revers\u00edvel a vapor <\/a><\/h6>\r\n<a href=\"https:\/\/koi-3QNKZ0D2AO.marketingautomation.services\/net\/m?md=sW3m5aPYKiEyKi47m5M3TPz3IP7h3ZaX\" target=\"_blank\" rel=\"nofollow noopener\" data-quantity=\"1\" data-product_id=\"26263\" data-product_sku=\"\" data-woopack=\"true\" aria-label=\"JOGUE AGORA\">JOGUE AGORA<\/a> Categoria: <a href=\"https:\/\/vaporparalaindustria.com\/pt\/produto-etiqueta\/seguridad\/\">#Sseguran\u00e7a<\/a><\/li>\r\n<\/ul>","protected":false},"excerpt":{"rendered":"<p>EVENTOS Todos Todos Forma\u00e7\u00e3o Webinars em linha Webinars Repeti\u00e7\u00e3o de Sistemas de Recupera\u00e7\u00e3o de Energia de Condensados REPRODUCIR AHORA Categoria: #CalentamientodeVapor, #EficienciaEnergetica Webinars Repeti\u00e7\u00e3o de Recupera\u00e7\u00e3o de Vapor Flash REPRODUCIR AHORA Categoria #CsteamHeating, #EfficiencyEnergetics Webinar Replay Sistema de aquecimento de \u00e1gua para circuitos fechados de aquecimento REPRODU\u00c7\u00c3O AGORA Categoria: #CsteamHeating, #EfficiencyEnergetics Webinar Replay C\u00e1lculo do consumo de vapor ...<\/p>","protected":false},"author":1,"featured_media":26194,"parent":0,"menu_order":0,"comment_status":"closed","ping_status":"closed","template":"","meta":{"_acf_changed":false,"_genesis_hide_title":false,"_genesis_hide_breadcrumbs":false,"_genesis_hide_singular_image":false,"_genesis_hide_footer_widgets":false,"_genesis_custom_body_class":"","_genesis_custom_post_class":"","_genesis_layout":"wide-content","footnotes":""},"class_list":{"1":"page","2":"type-page","6":"entry"},"yoast_head":"<!-- This site is optimized with the Yoast SEO plugin v27.3 - https:\/\/yoast.com\/product\/yoast-seo-wordpress\/ -->\n<title>Treinamento - Vapor para la Industria<\/title>\n<meta name=\"robots\" content=\"index, follow, max-snippet:-1, max-image-preview:large, max-video-preview:-1\" \/>\n<link rel=\"canonical\" href=\"https:\/\/vaporparalaindustria.com\/pt\/treinamento\/\" \/>\n<meta property=\"og:locale\" content=\"pt_PT\" \/>\n<meta property=\"og:type\" content=\"article\" \/>\n<meta property=\"og:title\" content=\"Treinamento - Vapor para la Industria\" \/>\n<meta property=\"og:description\" content=\"EVENTOS Todos Todos Forma\u00e7\u00e3o online Webinars Webinar Replay Sistemas de Recuperaci\u00f3n de Energ\u00eda del Condensado REPRODUCIR AHORA Category: #CalentamientodeVapor, #EficienciaEnergetica Webinar Replay Recuperaci\u00f3n de Vapor Flash REPRODUCIR AHORA Category: #CalentamientodeVapor, #EficienciaEnergetica Webinar Replay Sistema de calentamiento de agua para circuitos cerrados de calefacci\u00f3n REPRODUCIR AHORA Category: #CalentamientodeVapor, #EficienciaEnergetica Webinar Replay C\u00e1lculo del consumo de vapor &hellip;\" \/>\n<meta property=\"og:url\" content=\"https:\/\/vaporparalaindustria.com\/pt\/treinamento\/\" \/>\n<meta property=\"og:site_name\" content=\"Vapor para la Industria\" \/>\n<meta property=\"article:modified_time\" content=\"2022-01-05T12:08:34+00:00\" \/>\n<meta property=\"og:image\" content=\"https:\/\/vaporparalaindustria.com\/wp-content\/uploads\/2021\/09\/SPIRAX-SARCO-CURSOS-21-22.jpg\" \/>\n\t<meta property=\"og:image:width\" content=\"1800\" \/>\n\t<meta property=\"og:image:height\" content=\"347\" \/>\n\t<meta property=\"og:image:type\" content=\"image\/jpeg\" \/>\n<meta name=\"twitter:card\" content=\"summary_large_image\" \/>\n<meta name=\"twitter:label1\" content=\"Tempo estimado de leitura\" \/>\n\t<meta name=\"twitter:data1\" content=\"1 minuto\" \/>\n<script type=\"application\/ld+json\" class=\"yoast-schema-graph\">{\"@context\":\"https:\\\/\\\/schema.org\",\"@graph\":[{\"@type\":\"WebPage\",\"@id\":\"https:\\\/\\\/vaporparalaindustria.com\\\/treinamento\\\/\",\"url\":\"https:\\\/\\\/vaporparalaindustria.com\\\/treinamento\\\/\",\"name\":\"Treinamento - Vapor para la Industria\",\"isPartOf\":{\"@id\":\"https:\\\/\\\/vaporparalaindustria.com\\\/#website\"},\"primaryImageOfPage\":{\"@id\":\"https:\\\/\\\/vaporparalaindustria.com\\\/treinamento\\\/#primaryimage\"},\"image\":{\"@id\":\"https:\\\/\\\/vaporparalaindustria.com\\\/treinamento\\\/#primaryimage\"},\"thumbnailUrl\":\"https:\\\/\\\/vaporparalaindustria.com\\\/wp-content\\\/uploads\\\/2021\\\/09\\\/SPIRAX-SARCO-CURSOS-21-22.jpg\",\"datePublished\":\"2022-01-05T11:57:08+00:00\",\"dateModified\":\"2022-01-05T12:08:34+00:00\",\"breadcrumb\":{\"@id\":\"https:\\\/\\\/vaporparalaindustria.com\\\/treinamento\\\/#breadcrumb\"},\"inLanguage\":\"pt-PT\",\"potentialAction\":[{\"@type\":\"ReadAction\",\"target\":[\"https:\\\/\\\/vaporparalaindustria.com\\\/treinamento\\\/\"]}]},{\"@type\":\"ImageObject\",\"inLanguage\":\"pt-PT\",\"@id\":\"https:\\\/\\\/vaporparalaindustria.com\\\/treinamento\\\/#primaryimage\",\"url\":\"https:\\\/\\\/vaporparalaindustria.com\\\/wp-content\\\/uploads\\\/2021\\\/09\\\/SPIRAX-SARCO-CURSOS-21-22.jpg\",\"contentUrl\":\"https:\\\/\\\/vaporparalaindustria.com\\\/wp-content\\\/uploads\\\/2021\\\/09\\\/SPIRAX-SARCO-CURSOS-21-22.jpg\",\"width\":1800,\"height\":347,\"caption\":\"SPIRAX-SARCO-CURSOS-21-22\"},{\"@type\":\"BreadcrumbList\",\"@id\":\"https:\\\/\\\/vaporparalaindustria.com\\\/treinamento\\\/#breadcrumb\",\"itemListElement\":[{\"@type\":\"ListItem\",\"position\":1,\"name\":\"Portada\",\"item\":\"https:\\\/\\\/vaporparalaindustria.com\\\/\"},{\"@type\":\"ListItem\",\"position\":2,\"name\":\"Treinamento\"}]},{\"@type\":\"WebSite\",\"@id\":\"https:\\\/\\\/vaporparalaindustria.com\\\/#website\",\"url\":\"https:\\\/\\\/vaporparalaindustria.com\\\/\",\"name\":\"Vapor para la Industria\",\"description\":\"Gesti\u00f3n Eficiente de los Sistemas de Vapor\",\"publisher\":{\"@id\":\"https:\\\/\\\/vaporparalaindustria.com\\\/#organization\"},\"potentialAction\":[{\"@type\":\"SearchAction\",\"target\":{\"@type\":\"EntryPoint\",\"urlTemplate\":\"https:\\\/\\\/vaporparalaindustria.com\\\/?s={search_term_string}\"},\"query-input\":{\"@type\":\"PropertyValueSpecification\",\"valueRequired\":true,\"valueName\":\"search_term_string\"}}],\"inLanguage\":\"pt-PT\"},{\"@type\":\"Organization\",\"@id\":\"https:\\\/\\\/vaporparalaindustria.com\\\/#organization\",\"name\":\"Vapor para la Industria\",\"url\":\"https:\\\/\\\/vaporparalaindustria.com\\\/\",\"logo\":{\"@type\":\"ImageObject\",\"inLanguage\":\"pt-PT\",\"@id\":\"https:\\\/\\\/vaporparalaindustria.com\\\/#\\\/schema\\\/logo\\\/image\\\/\",\"url\":\"https:\\\/\\\/vaporparalaindustria.com\\\/wp-content\\\/uploads\\\/2017\\\/10\\\/LogoBlogBLANCO-FINAL_VAPOR-PARA-LA-INDUSTRIA-e1499957507814.png\",\"contentUrl\":\"https:\\\/\\\/vaporparalaindustria.com\\\/wp-content\\\/uploads\\\/2017\\\/10\\\/LogoBlogBLANCO-FINAL_VAPOR-PARA-LA-INDUSTRIA-e1499957507814.png\",\"width\":300,\"height\":117,\"caption\":\"Vapor para la Industria\"},\"image\":{\"@id\":\"https:\\\/\\\/vaporparalaindustria.com\\\/#\\\/schema\\\/logo\\\/image\\\/\"}}]}<\/script>\n<!-- \/ Yoast SEO plugin. -->","yoast_head_json":{"title":"Treinamento - Vapor para la Industria","robots":{"index":"index","follow":"follow","max-snippet":"max-snippet:-1","max-image-preview":"max-image-preview:large","max-video-preview":"max-video-preview:-1"},"canonical":"https:\/\/vaporparalaindustria.com\/pt\/treinamento\/","og_locale":"pt_PT","og_type":"article","og_title":"Treinamento - Vapor para la Industria","og_description":"EVENTOS Todos Todos Forma\u00e7\u00e3o online Webinars Webinar Replay Sistemas de Recuperaci\u00f3n de Energ\u00eda del Condensado REPRODUCIR AHORA Category: #CalentamientodeVapor, #EficienciaEnergetica Webinar Replay Recuperaci\u00f3n de Vapor Flash REPRODUCIR AHORA Category: #CalentamientodeVapor, #EficienciaEnergetica Webinar Replay Sistema de calentamiento de agua para circuitos cerrados de calefacci\u00f3n REPRODUCIR AHORA Category: #CalentamientodeVapor, #EficienciaEnergetica Webinar Replay C\u00e1lculo del consumo de vapor &hellip;","og_url":"https:\/\/vaporparalaindustria.com\/pt\/treinamento\/","og_site_name":"Vapor para la Industria","article_modified_time":"2022-01-05T12:08:34+00:00","og_image":[{"width":1800,"height":347,"url":"https:\/\/vaporparalaindustria.com\/wp-content\/uploads\/2021\/09\/SPIRAX-SARCO-CURSOS-21-22.jpg","type":"image\/jpeg"}],"twitter_card":"summary_large_image","twitter_misc":{"Tempo estimado de leitura":"1 minuto"},"schema":{"@context":"https:\/\/schema.org","@graph":[{"@type":"WebPage","@id":"https:\/\/vaporparalaindustria.com\/treinamento\/","url":"https:\/\/vaporparalaindustria.com\/treinamento\/","name":"Treinamento - Vapor para la Industria","isPartOf":{"@id":"https:\/\/vaporparalaindustria.com\/#website"},"primaryImageOfPage":{"@id":"https:\/\/vaporparalaindustria.com\/treinamento\/#primaryimage"},"image":{"@id":"https:\/\/vaporparalaindustria.com\/treinamento\/#primaryimage"},"thumbnailUrl":"https:\/\/vaporparalaindustria.com\/wp-content\/uploads\/2021\/09\/SPIRAX-SARCO-CURSOS-21-22.jpg","datePublished":"2022-01-05T11:57:08+00:00","dateModified":"2022-01-05T12:08:34+00:00","breadcrumb":{"@id":"https:\/\/vaporparalaindustria.com\/treinamento\/#breadcrumb"},"inLanguage":"pt-PT","potentialAction":[{"@type":"ReadAction","target":["https:\/\/vaporparalaindustria.com\/treinamento\/"]}]},{"@type":"ImageObject","inLanguage":"pt-PT","@id":"https:\/\/vaporparalaindustria.com\/treinamento\/#primaryimage","url":"https:\/\/vaporparalaindustria.com\/wp-content\/uploads\/2021\/09\/SPIRAX-SARCO-CURSOS-21-22.jpg","contentUrl":"https:\/\/vaporparalaindustria.com\/wp-content\/uploads\/2021\/09\/SPIRAX-SARCO-CURSOS-21-22.jpg","width":1800,"height":347,"caption":"SPIRAX-SARCO-CURSOS-21-22"},{"@type":"BreadcrumbList","@id":"https:\/\/vaporparalaindustria.com\/treinamento\/#breadcrumb","itemListElement":[{"@type":"ListItem","position":1,"name":"Portada","item":"https:\/\/vaporparalaindustria.com\/"},{"@type":"ListItem","position":2,"name":"Treinamento"}]},{"@type":"WebSite","@id":"https:\/\/vaporparalaindustria.com\/#website","url":"https:\/\/vaporparalaindustria.com\/","name":"Vapor para a Ind\u00fastria","description":"Gest\u00e3o Eficiente de Sistemas a Vapor","publisher":{"@id":"https:\/\/vaporparalaindustria.com\/#organization"},"potentialAction":[{"@type":"SearchAction","target":{"@type":"EntryPoint","urlTemplate":"https:\/\/vaporparalaindustria.com\/?s={search_term_string}"},"query-input":{"@type":"PropertyValueSpecification","valueRequired":true,"valueName":"search_term_string"}}],"inLanguage":"pt-PT"},{"@type":"Organization","@id":"https:\/\/vaporparalaindustria.com\/#organization","name":"Vapor para a Ind\u00fastria","url":"https:\/\/vaporparalaindustria.com\/","logo":{"@type":"ImageObject","inLanguage":"pt-PT","@id":"https:\/\/vaporparalaindustria.com\/#\/schema\/logo\/image\/","url":"https:\/\/vaporparalaindustria.com\/wp-content\/uploads\/2017\/10\/LogoBlogBLANCO-FINAL_VAPOR-PARA-LA-INDUSTRIA-e1499957507814.png","contentUrl":"https:\/\/vaporparalaindustria.com\/wp-content\/uploads\/2017\/10\/LogoBlogBLANCO-FINAL_VAPOR-PARA-LA-INDUSTRIA-e1499957507814.png","width":300,"height":117,"caption":"Vapor para la Industria"},"image":{"@id":"https:\/\/vaporparalaindustria.com\/#\/schema\/logo\/image\/"}}]}},"acf":[],"_links":{"self":[{"href":"https:\/\/vaporparalaindustria.com\/pt\/wp-json\/wp\/v2\/pages\/26466","targetHints":{"allow":["GET"]}}],"collection":[{"href":"https:\/\/vaporparalaindustria.com\/pt\/wp-json\/wp\/v2\/pages"}],"about":[{"href":"https:\/\/vaporparalaindustria.com\/pt\/wp-json\/wp\/v2\/types\/page"}],"author":[{"embeddable":true,"href":"https:\/\/vaporparalaindustria.com\/pt\/wp-json\/wp\/v2\/users\/1"}],"replies":[{"embeddable":true,"href":"https:\/\/vaporparalaindustria.com\/pt\/wp-json\/wp\/v2\/comments?post=26466"}],"version-history":[{"count":0,"href":"https:\/\/vaporparalaindustria.com\/pt\/wp-json\/wp\/v2\/pages\/26466\/revisions"}],"wp:featuredmedia":[{"embeddable":true,"href":"https:\/\/vaporparalaindustria.com\/pt\/wp-json\/wp\/v2\/media\/26194"}],"wp:attachment":[{"href":"https:\/\/vaporparalaindustria.com\/pt\/wp-json\/wp\/v2\/media?parent=26466"}],"curies":[{"name":"wp","href":"https:\/\/api.w.org\/{rel}","templated":true}]}}